     {"id":94596,"date":"2025-03-06T08:49:25","date_gmt":"2025-03-06T07:49:25","guid":{"rendered":"https:\/\/www.jobcloud.ch\/c\/one-se-lme\/"},"modified":"2026-01-09T12:10:13","modified_gmt":"2026-01-09T11:10:13","slug":"one-se-lme","status":"publish","type":"page","link":"https:\/\/www.jobcloud.ch\/c\/fr-ch\/one-se-lme-2\/","title":{"rendered":"JobCloud ONE, une plateforme pour tous vos besoins en recrutement"},"content":{"rendered":"<div class=\"wpb-content-wrapper\"><p>[vc_row gap=&#8221;35&#8243; equal_height=&#8221;yes&#8221; content_placement=&#8221;middle&#8221; el_id=&#8221;reverse-row&#8221; el_class=&#8221;jc_one_se_top_row&#8221;][vc_column width=&#8221;1\/2&#8243; el_id=&#8221;reverse-row-order-first&#8221;][vc_single_image image=&#8221;93624&#8243; img_size=&#8221;full&#8221;][vc_custom_heading text=&#8221;Une plateforme pour tous vos besoins en recrutement.&#8221; font_container=&#8221;tag:h1|font_size:40px|text_align:left&#8221; use_theme_fonts=&#8221;yes&#8221; el_class=&#8221;home_h1&#8243; css=&#8221;.vc_custom_1741604961934{margin-top: 20px !important;margin-bottom: 20px !important;}&#8221;][vc_column_text el_class=&#8221;home_h2_h4&#8243;]Plus de 20 ans \u00e0 connecter les talents suisses avec les recruteurs.<\/p>\n<p>D\u00e9couvrez JobCloud ONE : un point d&#8217;acc\u00e8s unique pour simplifier vos processus et fa\u00e7onner l&#8217;avenir du recrutement.<\/p>\n<p><a href=\"#jobcloud_one_se_faq\">D\u00e9couvrez notre FAQs \u2192<\/a>[\/vc_column_text][\/vc_column][vc_column css_animation=&#8221;none&#8221; width=&#8221;1\/2&#8243; css=&#8221;.vc_custom_1582904969818{margin-right: -50px !important;margin-left: -50px !important;background-position: center !important;background-repeat: no-repeat !important;background-size: contain !important;}&#8221; el_id=&#8221;reverse-row-order-second&#8221;][vc_video link=&#8221;https:\/\/vimeo.com\/1086017032\/ebd8f1c07a?share=copy&#8221; align=&#8221;right&#8221; css=&#8221;.vc_custom_1749546543926{margin-left: 20px !important;}&#8221;][\/vc_column][\/vc_row][vc_row css=&#8221;.vc_custom_1740206811324{margin-bottom: 0px !important;padding-bottom: 0px !important;}&#8221;][vc_column][vc_column_text el_class=&#8221;text_uppercase fontsizeeighteen&#8221;]<\/p>\n<h3 style=\"text-align: center; margin-bottom: 10px;\">Plus de 49 000 entreprises suisses, des startups aux grandes entreprises, nous font confiance.<\/h3>\n<p>[\/vc_column_text][\/vc_column][\/vc_row][vc_row content_placement=&#8221;middle&#8221; el_class=&#8221;home_clients&#8221;][vc_column width=&#8221;1\/6&#8243;][vc_single_image image=&#8221;3590&#8243; img_size=&#8221;full&#8221; alignment=&#8221;center&#8221; el_class=&#8221;logo-darker-row&#8221;][\/vc_column][vc_column width=&#8221;1\/6&#8243;][vc_single_image image=&#8221;3584&#8243; img_size=&#8221;full&#8221; alignment=&#8221;center&#8221; el_class=&#8221;logo-darker-row&#8221;][\/vc_column][vc_column width=&#8221;1\/6&#8243;][vc_single_image image=&#8221;3586&#8243; img_size=&#8221;full&#8221; alignment=&#8221;center&#8221; el_class=&#8221;logo-darker-row&#8221;][\/vc_column][vc_column width=&#8221;1\/6&#8243;][vc_single_image image=&#8221;3560&#8243; img_size=&#8221;full&#8221; alignment=&#8221;center&#8221; el_class=&#8221;logo-darker-row&#8221;][\/vc_column][vc_column width=&#8221;1\/6&#8243;][vc_single_image image=&#8221;3574&#8243; img_size=&#8221;full&#8221; alignment=&#8221;center&#8221; el_class=&#8221;logo-darker-row&#8221;][\/vc_column][vc_column width=&#8221;1\/6&#8243;][vc_single_image image=&#8221;3588&#8243; img_size=&#8221;full&#8221; alignment=&#8221;center&#8221; el_class=&#8221;logo-darker-row&#8221;][\/vc_column][\/vc_row][vc_row gap=&#8221;35&#8243; equal_height=&#8221;yes&#8221; content_placement=&#8221;middle&#8221; el_class=&#8221;row_reach&#8221; el_id=&#8221;reverse-row&#8221;][vc_column width=&#8221;1\/2&#8243; el_id=&#8221;reverse-row-order-first&#8221;][vc_column_text el_class=&#8221;home_h2_h4&#8243;]<\/p>\n<h3>Publiez vos offres d\u2019emploi en quelques secondes.<\/h3>\n<p class=\"opcity-cls-row\">Gagnez du temps et attirez les meilleurs talents gr\u00e2ce \u00e0 une description de poste aliment\u00e9e par l&#8217;IA.<\/p>\n<p class=\"opcity-cls-row\">JobCloud ONE vous permet de cr\u00e9er des offres d&#8217;emploi professionnelles et attrayantes en quelques minutes, pour toucher les bons candidats.<\/p>\n<p>[\/vc_column_text][\/vc_column][vc_column width=&#8221;1\/2&#8243; el_id=&#8221;reverse-row-order-second&#8221;][vc_single_image image=&#8221;96928&#8243; img_size=&#8221;full&#8221;][\/vc_column][\/vc_row][vc_row gap=&#8221;35&#8243; equal_height=&#8221;yes&#8221; content_placement=&#8221;middle&#8221; el_class=&#8221;row_target&#8221;][vc_column width=&#8221;1\/2&#8243;][vc_video link=&#8221;https:\/\/youtu.be\/QkWjj0RuFzo&#8221;][\/vc_column][vc_column width=&#8221;1\/2&#8243;][vc_column_text el_class=&#8221;home_h2_h4&#8243;]<\/p>\n<h3><span>Gestion simplifi\u00e9e des candidatures<\/span>.<\/h3>\n<p class=\"opcity-cls-row\">Simplifiez votre processus de recrutement gr\u00e2ce \u00e0 notre outil d&#8217;aide \u00e0 la gestion des candidatures.<\/p>\n<p class=\"opcity-cls-row\"><span>JobCloud ONE vous offre une interface rapide et intuitive pour g\u00e9rer les candidatures, organiser les profils et d\u00e9cider en toute simplicit\u00e9.<\/span><\/p>\n<p>[\/vc_column_text][\/vc_column][\/vc_row][vc_row gap=&#8221;35&#8243; equal_height=&#8221;yes&#8221; content_placement=&#8221;middle&#8221; el_class=&#8221;row_attract&#8221; el_id=&#8221;reverse-row&#8221;][vc_column width=&#8221;1\/2&#8243; el_id=&#8221;reverse-row-order-first&#8221;][vc_column_text el_class=&#8221;home_h2_h4&#8243;]<\/p>\n<h3>Recrutez en toute libert\u00e9, o\u00f9 que vous soyez.<\/h3>\n<p class=\"opcity-cls-row\">JobCloud ONE vous permet de rester connect\u00e9, que ce soit pour publier des offres ou g\u00e9rer des candidatures.<\/p>\n<p class=\"opcity-cls-row\">Optimis\u00e9 pour les mobiles, JobCloud ONE vous permet de recruter en toute simplicit\u00e9, o\u00f9 et quand vous le souhaitez.<\/p>\n<p>[\/vc_column_text][\/vc_column][vc_column width=&#8221;1\/2&#8243; el_id=&#8221;reverse-row-order-second&#8221;][vc_single_image image=&#8221;96935&#8243; img_size=&#8221;full&#8221;][\/vc_column][\/vc_row][vc_row gap=&#8221;35&#8243; equal_height=&#8221;yes&#8221; content_placement=&#8221;middle&#8221; el_class=&#8221;row_target&#8221;][vc_column width=&#8221;1\/2&#8243;][vc_single_image image=&#8221;93657&#8243; img_size=&#8221;full&#8221;][\/vc_column][vc_column width=&#8221;1\/2&#8243;][vc_column_text el_class=&#8221;home_h2_h4&#8243;]<\/p>\n<h3>Int\u00e9grations ATS<\/h3>\n<p class=\"opcity-cls-row\">Connectez votre syst\u00e8me de suivi des candidatures (ATS) pr\u00e9f\u00e9r\u00e9 \u00e0 JobCloud ONE.<\/p>\n<p class=\"opcity-cls-row\">Cette int\u00e9gration permet un \u00e9change fluide des offres d&#8217;emploi et des donn\u00e9es des candidats entre les syst\u00e8mes.<\/p>\n<p>[\/vc_column_text][\/vc_column][\/vc_row][vc_row el_id=&#8221;show_more&#8221;][vc_column][vc_btn title=&#8221;En savoir plus&#8221; style=&#8221;custom&#8221; custom_background=&#8221;#93559e&#8221; custom_text=&#8221;#ffffff&#8221; size=&#8221;lg&#8221; align=&#8221;center&#8221; link=&#8221;url:%23lme_section&#8221; el_class=&#8221;button-cls-row toggle-lme-button&#8221;][\/vc_column][\/vc_row][vc_section el_id=&#8221;lme_section&#8221;][vc_row gap=&#8221;35&#8243; content_placement=&#8221;middle&#8221; el_id=&#8221;reverse-row&#8221; el_class=&#8221;row_reach&#8221;][vc_column width=&#8221;1\/2&#8243;][vc_column_text]<\/p>\n<h3>Organisez chaque aspect de votre recrutement<\/h3>\n<p class=\"opcity-cls-row\">Cr\u00e9ez des espaces de travail pour structurer vos \u00e9quipes et vos offres d\u2019emploi par d\u00e9partement, localisation, marque ou unit\u00e9 commerciale.<\/p>\n<p class=\"opcity-cls-row\">Les espaces de travail garantissent un contr\u00f4le strict des acc\u00e8s aux donn\u00e9es et de la confidentialit\u00e9.<\/p>\n<p>[\/vc_column_text][\/vc_column][vc_column width=&#8221;1\/2&#8243;][vc_single_image image=&#8221;96971&#8243; img_size=&#8221;full&#8221;][\/vc_column][\/vc_row][vc_row gap=&#8221;35&#8243; content_placement=&#8221;middle&#8221; el_class=&#8221;row_reach&#8221;][vc_column width=&#8221;1\/2&#8243;][vc_single_image image=&#8221;96975&#8243; img_size=&#8221;full&#8221;][\/vc_column][vc_column width=&#8221;1\/2&#8243;][vc_column_text]<\/p>\n<h3>Gestion flexible des acc\u00e8s<\/h3>\n<p class=\"opcity-cls-row\">Attribuez des permissions aux utilisateurs sur plusieurs espaces de travail, m\u00eame pour diff\u00e9rentes entreprises, gr\u00e2ce \u00e0 un s\u00e9lecteur intuitif qui facilite la navigation.<\/p>\n<p>[\/vc_column_text][\/vc_column][\/vc_row][vc_row gap=&#8221;35&#8243; content_placement=&#8221;middle&#8221; el_id=&#8221;reverse-row&#8221; el_class=&#8221;row_reach&#8221;][vc_column width=&#8221;1\/2&#8243;][vc_column_text]<\/p>\n<h3>Ma\u00eetrisez votre budget de recrutement<\/h3>\n<p class=\"opcity-cls-row\">G\u00e9rez vos budgets et cr\u00e9dits efficacement en les associant \u00e0 des espaces de travail sp\u00e9cifiques, assurant ainsi un contr\u00f4le total et une parfaite coordination avec votre \u00e9quipe de recrutement.<\/p>\n<p>[\/vc_column_text][\/vc_column][vc_column width=&#8221;1\/2&#8243;][vc_single_image image=&#8221;96978&#8243; img_size=&#8221;full&#8221;][\/vc_column][\/vc_row][\/vc_section][vc_row el_id=&#8221;show_less&#8221;][vc_column][vc_btn title=&#8221;Afficher moins&#8221; style=&#8221;custom&#8221; custom_background=&#8221;#93559e&#8221; custom_text=&#8221;#ffffff&#8221; size=&#8221;lg&#8221; align=&#8221;center&#8221; link=&#8221;url:%23show_more&#8221; el_class=&#8221;button-cls-row toggle-lme-button&#8221; el_id=&#8221;btn_show_less&#8221;][\/vc_column][\/vc_row][vc_row el_class=&#8221;jc_one_se_top_row&#8221;][vc_column width=&#8221;1\/6&#8243;][\/vc_column][vc_column width=&#8221;2\/3&#8243; el_id=&#8221;jobcloud_one_se_faq&#8221;][vc_custom_heading text=&#8221;FAQ&#8221; font_container=&#8221;tag:h2|text_align:center&#8221; use_theme_fonts=&#8221;yes&#8221;][vc_toggle title=&#8221;Qu&#8217;est-ce que JobCloud ONE et en quoi est-ce diff\u00e9rent des anciens backoffices (jobup, jobcloud ou jobscout24) ?&#8221; style=&#8221;arrow&#8221;]JobCloud ONE offre les m\u00eames fonctionnalit\u00e9s que l\u2019ancienne plateforme, telles que la publication d\u2019offres d\u2019emploi et la gestion des candidatures. Cependant, JobCloud ONE introduit un design moderne et de nouvelles fonctionnalit\u00e9s, comme la cr\u00e9ation d\u2019offres d\u2019emploi assist\u00e9e par IA. Ce n\u2019est que le d\u00e9but, car nous continuons \u00e0 la faire \u00e9voluer pour en faire la plateforme de r\u00e9f\u00e9rence pour l\u2019avenir.[\/vc_toggle][vc_toggle title=&#8221;Pourquoi passer \u00e0 JobCloud ONE ?&#8221; style=&#8221;arrow&#8221;]Nous modernisons notre plateforme pour offrir une exp\u00e9rience de recrutement plus efficace et unifi\u00e9e, pr\u00eate pour l\u2019avenir.[\/vc_toggle][vc_toggle title=&#8221;Dois-je cr\u00e9er un nouveau compte ?&#8221; style=&#8221;arrow&#8221;]Aucun besoin de cr\u00e9er un nouveau compte ! Vous recevrez un e-mail avec un acc\u00e8s \u00e0 notre nouvelle plateforme. Il vous suffira d\u2019entrer votre adresse e-mail dans le champ pr\u00e9vu \u00e0 cet effet pour recevoir un lien de connexion s\u00e9curis\u00e9 \u00e0 usage unique (valide 10 minutes), garantissant la s\u00e9curit\u00e9 et la confidentialit\u00e9 de votre compte.<\/p>\n<p>Vous pr\u00e9f\u00e9rez un mot de passe ? Vous pourrez en configurer un apr\u00e8s connexion en demandant un lien de \u00ab changement de mot de passe \u00bb sous votre profil.[\/vc_toggle][vc_column_text el_class=&#8221;home_h2_h4&#8243;]<\/p>\n<p style=\"text-align: center;\"><a href=\"https:\/\/www.jobcloud.ch\/c\/fr-ch\/jobcloud-one-faq\/\">D\u00e9couvrez notre FAQs \u2192<\/a><\/p>\n<p>[\/vc_column_text][\/vc_column][vc_column width=&#8221;1\/6&#8243;][\/vc_column][\/vc_row][vc_row full_width=&#8221;stretch_row&#8221; el_class=&#8221;home_get_started&#8221; el_id=&#8221;home_get_started1&#8243;][vc_column][vc_custom_heading text=&#8221;Une plateforme pour tous vos besoins en recrutement.&#8221; font_container=&#8221;tag:h2|text_align:center&#8221; use_theme_fonts=&#8221;yes&#8221;][vc_column_text]<\/p>\n<p style=\"text-align: center;\">Plus de 20 ans \u00e0 connecter les talents suisses avec les recruteurs.<\/p>\n<p>[\/vc_column_text][\/vc_column][\/vc_row][vc_row full_width=&#8221;stretch_row&#8221; el_class=&#8221;row_img_placeholder&#8221;][vc_column][\/vc_column][\/vc_row]<\/p>\n<\/div>","protected":false},"excerpt":{"rendered":"<p>[vc_row gap=&#8221;35&#8243; equal_height=&#8221;yes&#8221; content_placement=&#8221;middle&#8221; el_id=&#8221;reverse-row&#8221; el_class=&#8221;jc_one_se_top_row&#8221;][vc_column width=&#8221;1\/2&#8243; el_id=&#8221;reverse-row-order-first&#8221;][vc_single_image image=&#8221;93624&#8243; img_size=&#8221;full&#8221;][vc_custom_heading text=&#8221;Une plateforme pour tous vos besoins en recrutement.&#8221; font_container=&#8221;tag:h1|font_size:40px|text_align:left&#8221; use_theme_fonts=&#8221;yes&#8221; el_class=&#8221;home_h1&#8243; css=&#8221;.vc_custom_1741604961934{margin-top:&#8230;<\/p>\n","protected":false},"author":56,"featured_media":0,"parent":0,"menu_order":0,"comment_status":"closed","ping_status":"closed","template":"","meta":{"_acf_changed":false,"inline_featured_image":false,"footnotes":""},"class_list":["post-94596","page","type-page","status-publish","hentry"],"acf":[],"yoast_head":"<!-- This site is optimized with the Yoast SEO plugin v27.2 - https:\/\/yoast.com\/product\/yoast-seo-wordpress\/ -->\n<title>JobCloud ONE, une plateforme pour tous vos besoins en recrutement | JobCloud<\/title>\n<meta name=\"robots\" content=\"index, follow, max-snippet:-1, max-image-preview:large, max-video-preview:-1\" \/>\n<link rel=\"canonical\" href=\"https:\/\/www.jobcloud.ch\/c\/fr-ch\/one-se-lme-2\/\" \/>\n<meta property=\"og:locale\" content=\"fr_FR\" \/>\n<meta property=\"og:type\" content=\"article\" \/>\n<meta property=\"og:title\" content=\"JobCloud ONE, une plateforme pour tous vos besoins en recrutement | JobCloud\" \/>\n<meta property=\"og:description\" content=\"[vc_row gap=&#8221;35&#8243; equal_height=&#8221;yes&#8221; content_placement=&#8221;middle&#8221; el_id=&#8221;reverse-row&#8221; el_class=&#8221;jc_one_se_top_row&#8221;][vc_column width=&#8221;1\/2&#8243; el_id=&#8221;reverse-row-order-first&#8221;][vc_single_image image=&#8221;93624&#8243; img_size=&#8221;full&#8221;][vc_custom_heading text=&#8221;Une plateforme pour tous vos besoins en recrutement.&#8221; font_container=&#8221;tag:h1|font_size:40px|text_align:left&#8221; use_theme_fonts=&#8221;yes&#8221; el_class=&#8221;home_h1&#8243; css=&#8221;.vc_custom_1741604961934{margin-top:...\" \/>\n<meta property=\"og:url\" content=\"https:\/\/www.jobcloud.ch\/c\/fr-ch\/one-se-lme-2\/\" \/>\n<meta property=\"og:site_name\" content=\"JobCloud\" \/>\n<meta property=\"article:modified_time\" content=\"2026-01-09T11:10:13+00:00\" \/>\n<meta name=\"twitter:card\" content=\"summary_large_image\" \/>\n<meta name=\"twitter:label1\" content=\"Est. reading time\" \/>\n\t<meta name=\"twitter:data1\" content=\"6 minutes\" \/>\n<script type=\"application\/ld+json\" class=\"yoast-schema-graph\">{\"@context\":\"https:\/\/schema.org\",\"@graph\":[{\"@type\":\"WebPage\",\"@id\":\"https:\/\/www.jobcloud.ch\/c\/fr-ch\/one-se-lme-2\/\",\"url\":\"https:\/\/www.jobcloud.ch\/c\/fr-ch\/one-se-lme-2\/\",\"name\":\"JobCloud ONE, une plateforme pour tous vos besoins en recrutement | JobCloud\",\"isPartOf\":{\"@id\":\"https:\/\/www.jobcloud.ch\/c\/fr-ch\/#website\"},\"datePublished\":\"2025-03-06T07:49:25+00:00\",\"dateModified\":\"2026-01-09T11:10:13+00:00\",\"inLanguage\":\"fr-CH\",\"potentialAction\":[{\"@type\":\"ReadAction\",\"target\":[\"https:\/\/www.jobcloud.ch\/c\/fr-ch\/one-se-lme-2\/\"]}]},{\"@type\":\"WebSite\",\"@id\":\"https:\/\/www.jobcloud.ch\/c\/fr-ch\/#website\",\"url\":\"https:\/\/www.jobcloud.ch\/c\/fr-ch\/\",\"name\":\"JobCloud\",\"description\":\"JobCloud is the leading job portal for jobseekers in Switzerland\",\"publisher\":{\"@id\":\"https:\/\/www.jobcloud.ch\/c\/fr-ch\/#organization\"},\"potentialAction\":[{\"@type\":\"SearchAction\",\"target\":{\"@type\":\"EntryPoint\",\"urlTemplate\":\"https:\/\/www.jobcloud.ch\/c\/fr-ch\/?s={search_term_string}\"},\"query-input\":{\"@type\":\"PropertyValueSpecification\",\"valueRequired\":true,\"valueName\":\"search_term_string\"}}],\"inLanguage\":\"fr-CH\"},{\"@type\":\"Organization\",\"@id\":\"https:\/\/www.jobcloud.ch\/c\/fr-ch\/#organization\",\"name\":\"JobCloud\",\"url\":\"https:\/\/www.jobcloud.ch\/c\/fr-ch\/\",\"logo\":{\"@type\":\"ImageObject\",\"inLanguage\":\"fr-CH\",\"@id\":\"https:\/\/www.jobcloud.ch\/c\/fr-ch\/#\/schema\/logo\/image\/\",\"url\":\"https:\/\/www.jobcloud.ch\/wp-content\/uploads\/2020\/02\/jobcloude-logo.svg\",\"contentUrl\":\"https:\/\/www.jobcloud.ch\/wp-content\/uploads\/2020\/02\/jobcloude-logo.svg\",\"width\":160,\"height\":37,\"caption\":\"JobCloud\"},\"image\":{\"@id\":\"https:\/\/www.jobcloud.ch\/c\/fr-ch\/#\/schema\/logo\/image\/\"}}]}<\/script>\n<!-- \/ Yoast SEO plugin. -->","yoast_head_json":{"title":"JobCloud ONE, une plateforme pour tous vos besoins en recrutement | JobCloud","robots":{"index":"index","follow":"follow","max-snippet":"max-snippet:-1","max-image-preview":"max-image-preview:large","max-video-preview":"max-video-preview:-1"},"canonical":"https:\/\/www.jobcloud.ch\/c\/fr-ch\/one-se-lme-2\/","og_locale":"fr_FR","og_type":"article","og_title":"JobCloud ONE, une plateforme pour tous vos besoins en recrutement | JobCloud","og_description":"[vc_row gap=&#8221;35&#8243; equal_height=&#8221;yes&#8221; content_placement=&#8221;middle&#8221; el_id=&#8221;reverse-row&#8221; el_class=&#8221;jc_one_se_top_row&#8221;][vc_column width=&#8221;1\/2&#8243; el_id=&#8221;reverse-row-order-first&#8221;][vc_single_image image=&#8221;93624&#8243; img_size=&#8221;full&#8221;][vc_custom_heading text=&#8221;Une plateforme pour tous vos besoins en recrutement.&#8221; font_container=&#8221;tag:h1|font_size:40px|text_align:left&#8221; use_theme_fonts=&#8221;yes&#8221; el_class=&#8221;home_h1&#8243; css=&#8221;.vc_custom_1741604961934{margin-top:...","og_url":"https:\/\/www.jobcloud.ch\/c\/fr-ch\/one-se-lme-2\/","og_site_name":"JobCloud","article_modified_time":"2026-01-09T11:10:13+00:00","twitter_card":"summary_large_image","twitter_misc":{"Est. reading time":"6 minutes"},"schema":{"@context":"https:\/\/schema.org","@graph":[{"@type":"WebPage","@id":"https:\/\/www.jobcloud.ch\/c\/fr-ch\/one-se-lme-2\/","url":"https:\/\/www.jobcloud.ch\/c\/fr-ch\/one-se-lme-2\/","name":"JobCloud ONE, une plateforme pour tous vos besoins en recrutement | JobCloud","isPartOf":{"@id":"https:\/\/www.jobcloud.ch\/c\/fr-ch\/#website"},"datePublished":"2025-03-06T07:49:25+00:00","dateModified":"2026-01-09T11:10:13+00:00","inLanguage":"fr-CH","potentialAction":[{"@type":"ReadAction","target":["https:\/\/www.jobcloud.ch\/c\/fr-ch\/one-se-lme-2\/"]}]},{"@type":"WebSite","@id":"https:\/\/www.jobcloud.ch\/c\/fr-ch\/#website","url":"https:\/\/www.jobcloud.ch\/c\/fr-ch\/","name":"JobCloud","description":"JobCloud is the leading job portal for jobseekers in Switzerland","publisher":{"@id":"https:\/\/www.jobcloud.ch\/c\/fr-ch\/#organization"},"potentialAction":[{"@type":"SearchAction","target":{"@type":"EntryPoint","urlTemplate":"https:\/\/www.jobcloud.ch\/c\/fr-ch\/?s={search_term_string}"},"query-input":{"@type":"PropertyValueSpecification","valueRequired":true,"valueName":"search_term_string"}}],"inLanguage":"fr-CH"},{"@type":"Organization","@id":"https:\/\/www.jobcloud.ch\/c\/fr-ch\/#organization","name":"JobCloud","url":"https:\/\/www.jobcloud.ch\/c\/fr-ch\/","logo":{"@type":"ImageObject","inLanguage":"fr-CH","@id":"https:\/\/www.jobcloud.ch\/c\/fr-ch\/#\/schema\/logo\/image\/","url":"https:\/\/www.jobcloud.ch\/wp-content\/uploads\/2020\/02\/jobcloude-logo.svg","contentUrl":"https:\/\/www.jobcloud.ch\/wp-content\/uploads\/2020\/02\/jobcloude-logo.svg","width":160,"height":37,"caption":"JobCloud"},"image":{"@id":"https:\/\/www.jobcloud.ch\/c\/fr-ch\/#\/schema\/logo\/image\/"}}]}},"_links":{"self":[{"href":"https:\/\/www.jobcloud.ch\/c\/fr-ch\/wp-json\/wp\/v2\/pages\/94596","targetHints":{"allow":["GET"]}}],"collection":[{"href":"https:\/\/www.jobcloud.ch\/c\/fr-ch\/wp-json\/wp\/v2\/pages"}],"about":[{"href":"https:\/\/www.jobcloud.ch\/c\/fr-ch\/wp-json\/wp\/v2\/types\/page"}],"author":[{"embeddable":true,"href":"https:\/\/www.jobcloud.ch\/c\/fr-ch\/wp-json\/wp\/v2\/users\/56"}],"replies":[{"embeddable":true,"href":"https:\/\/www.jobcloud.ch\/c\/fr-ch\/wp-json\/wp\/v2\/comments?post=94596"}],"version-history":[{"count":0,"href":"https:\/\/www.jobcloud.ch\/c\/fr-ch\/wp-json\/wp\/v2\/pages\/94596\/revisions"}],"wp:attachment":[{"href":"https:\/\/www.jobcloud.ch\/c\/fr-ch\/wp-json\/wp\/v2\/media?parent=94596"}],"curies":[{"name":"wp","href":"https:\/\/api.w.org\/{rel}","templated":true}]}}