     {"id":90332,"date":"2024-05-24T11:54:43","date_gmt":"2024-05-24T09:54:43","guid":{"rendered":"https:\/\/www.jobcloud.ch\/c\/produits\/internationale-rekrutierung-new\/"},"modified":"2025-06-24T13:38:45","modified_gmt":"2025-06-24T11:38:45","slug":"internationale-rekrutierung-new","status":"publish","type":"page","link":"https:\/\/www.jobcloud.ch\/c\/fr-ch\/produits\/recrutement-international\/","title":{"rendered":"Internationale Rekrutierung"},"content":{"rendered":"<div class=\"wpb-content-wrapper\"><p>[vc_row gap=&#8221;35&#8243; equal_height=&#8221;yes&#8221; content_placement=&#8221;middle&#8221; css=&#8221;.vc_custom_1727955802312{margin-top: 0px !important;margin-bottom: 0px !important;}&#8221;][vc_column el_id=&#8221;reverse-row-order-first&#8221;][vc_custom_heading text=&#8221;Nous vous aidons \u00e0 recruter \u00e0 l\u2019international&#8221; font_container=&#8221;tag:h1|text_align:center&#8221; use_theme_fonts=&#8221;yes&#8221; el_class=&#8221;home_h1 home_h1_ir40&#8243;][vc_column_text el_class=&#8221;opcity-cls-row&#8221;]<\/p>\n<p style=\"text-align: center;\">Etes-vous affect\u00e9(e) par la p\u00e9nurie de talents?<br \/>\nRecherchez-vous des profils bas\u00e9s \u00e0 l\u2019\u00e9tranger en t\u00e9l\u00e9travail?<br \/>\nVotre entreprise poss\u00e8de-t-elle des filiales \u00e0 l\u2019\u00e9tranger?<\/p>\n<p>[\/vc_column_text][\/vc_column][\/vc_row][vc_row equal_height=&#8221;yes&#8221; el_id=&#8221;reverse-row&#8221; el_class=&#8221;row_reach&#8221;][vc_column width=&#8221;1\/2&#8243;][vc_column_text el_class=&#8221;home_h2_h4&#8243;]<\/p>\n<h3>JobCloud, votre partenaire pour recruter les meilleurs talents internationaux<\/h3>\n<p class=\"opcity-cls-row\">Gr\u00e2ce \u00e0 nos 20 ans d\u2019exp\u00e9rience et \u00e0 nos partenariats dans plus de 140 pays via nos 60 partenaires, nous sommes ravis de vous soutenir et de vous accompagner dans l\u2019\u00e9laboration de votre strat\u00e9gie de recrutement international.<\/p>\n<p>[\/vc_column_text][\/vc_column][vc_column width=&#8221;1\/2&#8243;][vc_single_image image=&#8221;89533&#8243; img_size=&#8221;full&#8221; alignment=&#8221;center&#8221;][\/vc_column][\/vc_row][vc_row gap=&#8221;35&#8243; equal_height=&#8221;yes&#8221; content_placement=&#8221;middle&#8221; css=&#8221;.vc_custom_1727955802312{margin-top: 0px !important;margin-bottom: 0px !important;}&#8221;][vc_column][vc_custom_heading text=&#8221;Besoin croissant de talents<br \/>\ninternationaux en Suisse&#8221; font_container=&#8221;tag:h1|text_align:center&#8221; use_theme_fonts=&#8221;yes&#8221; el_class=&#8221;home_h1&#8243;][\/vc_column][\/vc_row][vc_row equal_height=&#8221;yes&#8221; el_class=&#8221;row_reach&#8221;][vc_column width=&#8221;1\/2&#8243;][vc_column_text el_class=&#8221;home_h2_h4&#8243;]<\/p>\n<h4 style=\"text-align: center;\"><strong>Part de la main d&#8217;oeuvre \u00e9trang\u00e8re en Suisse<\/strong><\/h4>\n<p>[\/vc_column_text][vc_single_image image=&#8221;89957&#8243; img_size=&#8221;medium&#8221; alignment=&#8221;center&#8221;][vc_column_text el_class=&#8221;grayed-text&#8221;]<\/p>\n<p style=\"text-align: center;\">Source : BFS \u2013 Statistiques sur la population active, 2024<\/p>\n<p>[\/vc_column_text][\/vc_column][vc_column width=&#8221;1\/2&#8243;][vc_column_text el_class=&#8221;grayed-text&#8221;]L\u2019importante comp\u00e9titivit\u00e9 du march\u00e9 du travail suisse, combin\u00e9e au vieillissement de la main d\u2019oeuvre, entra\u00eene une importante p\u00e9nurie de talents. En parall\u00e8le, la pr\u00e9sence croissante de professionnels internationaux continue de transformer le monde du travail.<\/p>\n<p>Obtenez un aper\u00e7u des derni\u00e8res tendances de mobilit\u00e9 avec notre e-book \u00ab Enqu\u00eate Mondiale sur les Talents 2024 \u00bb[\/vc_column_text][vc_btn title=&#8221;Obtenez votre e-book gratuit&#8221; style=&#8221;custom&#8221; custom_background=&#8221;#93559e&#8221; custom_text=&#8221;#ffffff&#8221; size=&#8221;sm&#8221; link=&#8221;url:https%3A%2F%2Fwww.jobcloud.ch%2Fc%2Ffr-ch%2Ftoutes-les-ressources%2Febook-strategies-internationales-recrutement%3Futm_source%3Dnewsletter%26utm_medium%3Demail%26utm_campaign%3Dwb%3Ajobcloud.ch%257Ctg%3Ab2b%257Ccn%3Ach%257Clg%3Afr|title:Obtenez%20votre%20e-book%20gratuit|target:_blank&#8221; el_class=&#8221;button-cls-row&#8221;][\/vc_column][\/vc_row][vc_row equal_height=&#8221;yes&#8221; el_id=&#8221;reverse-row&#8221; el_class=&#8221;row_reach&#8221;][vc_column width=&#8221;1\/2&#8243;][vc_column_text el_class=&#8221;grayed-text&#8221;]<\/p>\n<h3>Acc\u00e9dez aux meilleurs sites d\u2019emploi gr\u00e2ce au service de recrutement international de JobCloud<\/h3>\n<p class=\"opcity-cls-row\">JobCloud fait partie d&#8217;une alliance rassemblant les principaux sites d&#8217;emploi. Parmi les partenaires cl\u00e9s figurent Cadremploi \/ Figaro Emploi en France, Stepstone en Allemagne et en Autriche et Totaljobs au Royaume-Uni.<\/p>\n<p>[\/vc_column_text][\/vc_column][vc_column width=&#8221;1\/2&#8243;][vc_single_image image=&#8221;46561&#8243; img_size=&#8221;full&#8221; alignment=&#8221;center&#8221;][\/vc_column][\/vc_row][vc_row content_placement=&#8221;middle&#8221;][vc_column width=&#8221;1\/4&#8243;][vc_single_image image=&#8221;89061&#8243; img_size=&#8221;full&#8221;][\/vc_column][vc_column width=&#8221;1\/4&#8243;][vc_single_image image=&#8221;89459&#8243; img_size=&#8221;full&#8221;][\/vc_column][vc_column width=&#8221;1\/4&#8243;][vc_single_image image=&#8221;89064&#8243; img_size=&#8221;full&#8221;][\/vc_column][vc_column width=&#8221;1\/4&#8243;][vc_single_image image=&#8221;89433&#8243; img_size=&#8221;full&#8221;][\/vc_column][\/vc_row][vc_row equal_height=&#8221;yes&#8221; el_class=&#8221;row_reach&#8221;][vc_column][vc_btn title=&#8221;Prenez rendez-vous avec notre expert&#8221; style=&#8221;custom&#8221; custom_background=&#8221;#93559e&#8221; custom_text=&#8221;#ffffff&#8221; size=&#8221;sm&#8221; align=&#8221;center&#8221; link=&#8221;url:mailto%3Ainternational%40jobcloud.ch|title:Prenez%20rendez-vous%20avec%20notre%20expert|target:_blank&#8221; el_class=&#8221;button-cls-row&#8221;][\/vc_column][\/vc_row][vc_row gap=&#8221;35&#8243; equal_height=&#8221;yes&#8221; content_placement=&#8221;middle&#8221; el_class=&#8221;row_target&#8221;][vc_column width=&#8221;1\/2&#8243;][vc_single_image image=&#8221;46560&#8243; img_size=&#8221;full&#8221;][\/vc_column][vc_column width=&#8221;1\/2&#8243;][vc_column_text el_class=&#8221;home_h2_h4&#8243;]<\/p>\n<h3>B\u00e9n\u00e9ficiez de nos services<\/h3>\n<p class=\"opcity-cls-row\">D\u00e9couvrez une multitude de services adapt\u00e9s \u00e0 vos besoins ! Choisissez parmi des offres d&#8217;emploi, des solutions de marque employeur et des bases de CV. Optez pour le Global Flex Pack pour cibler plusieurs pays, ou pour le Mix &amp; Match, afin de publier la m\u00eame offre d\u2019emploi dans au moins trois pays diff\u00e9rents.<\/p>\n<p>[\/vc_column_text][\/vc_column][\/vc_row][vc_row gap=&#8221;35&#8243; equal_height=&#8221;yes&#8221; content_placement=&#8221;middle&#8221; el_class=&#8221;row_attract&#8221; el_id=&#8221;reverse-row&#8221;][vc_column width=&#8221;1\/2&#8243; el_id=&#8221;reverse-row-order-first&#8221;][vc_column_text el_class=&#8221;home_h2_h4&#8243;]<\/p>\n<h3>Un interlocuteur unique pour tous vos recrutements internationaux<\/h3>\n<p class=\"opcity-cls-row\">Avec notre service, vous b\u00e9n\u00e9ficiez d\u2019un seul et unique contact local centralisant tous vos besoins \u00e0 l\u2019international, qui parle votre langue et travaille dans votre fuseau horaire. Vous recevez une offre et une facture en CHF. Vous disposez \u00e9galement d\u2019un outil de publication optimal pour tous vos besoins en recrutement international.<\/p>\n<p>[\/vc_column_text][\/vc_column][vc_column width=&#8221;1\/2&#8243; el_id=&#8221;reverse-row-order-second&#8221;][vc_single_image image=&#8221;46559&#8243; img_size=&#8221;full&#8221; alignment=&#8221;center&#8221;][\/vc_column][\/vc_row][vc_row gap=&#8221;35&#8243; equal_height=&#8221;yes&#8221; content_placement=&#8221;middle&#8221; css=&#8221;.vc_custom_1727958903335{margin-top: 50px !important;margin-right: 0px !important;margin-bottom: 0px !important;margin-left: 0px !important;padding-top: 0px !important;padding-right: 0px !important;padding-bottom: 0px !important;padding-left: 0px !important;background-color: #00829a !important;border-radius: 25px !important;}&#8221; el_class=&#8221;zero_padding&#8221;][vc_column width=&#8221;1\/3&#8243; el_class=&#8221;zero_padding p-0 background_top_center&#8221; css=&#8221;.vc_custom_1727959007255{margin-top: 0px !important;margin-right: 0px !important;margin-bottom: 0px !important;margin-left: 0px !important;padding-top: 0px !important;padding-right: 0px !important;padding-bottom: 0px !important;padding-left: 0px !important;background-image: url(https:\/\/www.jobcloud.ch\/wp-content\/uploads\/2024\/06\/lisagervais.jpg?id=89455) !important;border-radius: 25px !important;}&#8221;][vc_empty_space height=&#8221;250px&#8221;][\/vc_column][vc_column width=&#8221;2\/3&#8243;][vc_column_text]<\/p>\n<p class=\"color--white\" style=\"text-align: center;\"><em>\u00abLe service de recrutement international de JobCloud nous aide \u00e0 recruter avec succ\u00e8s nos profils d&#8217;enseignant(e)s et de directeur(rice)s d&#8217;\u00e9cole. En tant qu&#8217;\u00e9tablissement d\u2019envergure internationale, nous recherchons des talents du monde entier et nous avons besoin de la meilleure visibilit\u00e9 pour nos offres d&#8217;emploi \u00e0 l\u2019\u00e9chelle internationale. Nous recommandons vivement ce service de JobCloud car il est rapide, facile \u00e0 utiliser et nous permet de recevoir des candidatures pertinentes des diff\u00e9rents pays dans lesquels nous publions nos annonces\u00bb<\/em><\/p>\n<p class=\"color--white\" style=\"text-align: center;\"><em>Lisa Gervais, Partenaire People &amp; Culture &#8211; Coordinatrice recrutement \u00e0 l\u2019Ecole Internationale de Gen\u00e8ve<\/em><\/p>\n<p>[\/vc_column_text][\/vc_column][\/vc_row][vc_row el_class=&#8221;home_get_started&#8221; el_id=&#8221;home_get_started1&#8243;][vc_column][vc_custom_heading text=&#8221;C\u2019est parti !&#8221; font_container=&#8221;tag:h2|text_align:center&#8221; use_theme_fonts=&#8221;yes&#8221;]<div class=\" process-2\"><div class=\"col-sm-3\"><div class=\" process__item\"><p><img decoding=\"async\" class=\"aligncenter wp-image-71 size-full\" src=\"https:\/\/www.jobcloud.ch\/wp-content\/uploads\/\/2020\/02\/profile.svg\" alt=\"\" width=\"149\" height=\"135\" \/><\/p>\n<h4 style=\"text-align: center;\">Contactez-nous<\/h4>\n<p>\n<\/div><\/div><div class=\"col-sm-3\"><div class=\" process__item\"><p><img decoding=\"async\" class=\"aligncenter wp-image-72 size-full\" src=\"https:\/\/www.jobcloud.ch\/wp-content\/uploads\/\/2020\/02\/post-ads.svg\" alt=\"\" width=\"211\" height=\"158\" \/><\/p>\n<h4 style=\"text-align: center;\">Recevez notre offre<\/h4>\n<p>\n<\/div><\/div><div class=\"col-sm-3\"><div class=\" process__item\"><p><img decoding=\"async\" class=\"aligncenter wp-image-74 size-full\" src=\"https:\/\/www.jobcloud.ch\/wp-content\/uploads\/\/2020\/02\/candidates.svg\" alt=\"\" width=\"155\" height=\"134\" \/><\/p>\n<h4 style=\"text-align: center;\">Commencez votre<br \/>\nrecrutement international<\/h4>\n<p>\n<\/div><\/div><\/div>[vc_row_inner][vc_column_inner el_class=&#8221;button-center-cls&#8221;][vc_btn title=&#8221;Prenez rendez-vous avec notre expert&#8221; style=&#8221;custom&#8221; custom_background=&#8221;#93559e&#8221; custom_text=&#8221;#ffffff&#8221; align=&#8221;center&#8221; el_class=&#8221;button-cls-row&#8221; link=&#8221;url:mailto%3Ainternational%40jobcloud.ch|title:Prenez%20rendez-vous%20avec%20notre%20expert|target:_blank&#8221; vc_btn_link=&#8221;ir_de_getstarted&#8221;][vc_column_text el_class=&#8221;contact_us_links&#8221;]<a href=\"tel:+41442546906\">+41 44 254 69 06<\/a><br \/>\n<a href=\"mailto:international@jobcloud.ch\">international@jobcloud.ch<\/a>[\/vc_column_text][\/vc_column_inner][\/vc_row_inner][\/vc_column][\/vc_row][vc_row full_width=&#8221;stretch_row&#8221; el_class=&#8221;row_img_placeholder&#8221;][vc_column el_class=&#8221;button-center-cls&#8221;][\/vc_column][\/vc_row]<\/p>\n<\/div>","protected":false},"excerpt":{"rendered":"<p>[vc_row gap=&#8221;35&#8243; equal_height=&#8221;yes&#8221; content_placement=&#8221;middle&#8221; css=&#8221;.vc_custom_1727955802312{margin-top: 0px !important;margin-bottom: 0px !important;}&#8221;][vc_column el_id=&#8221;reverse-row-order-first&#8221;][vc_custom_heading text=&#8221;Nous vous aidons \u00e0 recruter \u00e0 l\u2019international&#8221; font_container=&#8221;tag:h1|text_align:center&#8221; use_theme_fonts=&#8221;yes&#8221; el_class=&#8221;home_h1 home_h1_ir40&#8243;][vc_column_text el_class=&#8221;opcity-cls-row&#8221;]&#8230;<\/p>\n","protected":false},"author":56,"featured_media":0,"parent":2545,"menu_order":0,"comment_status":"closed","ping_status":"closed","template":"","meta":{"_acf_changed":false,"inline_featured_image":false,"footnotes":""},"class_list":["post-90332","page","type-page","status-publish","hentry"],"acf":[],"yoast_head":"<!-- This site is optimized with the Yoast SEO plugin v27.2 - https:\/\/yoast.com\/product\/yoast-seo-wordpress\/ -->\n<title>Nous vous aidons \u00e0 recruter \u00e0 l\u2019international<\/title>\n<meta name=\"description\" content=\"JobCloud, votre partenaire pour recruter les meilleurs talents internationaux\" \/>\n<meta name=\"robots\" content=\"index, follow, max-snippet:-1, max-image-preview:large, max-video-preview:-1\" \/>\n<link rel=\"canonical\" href=\"https:\/\/www.jobcloud.ch\/c\/fr-ch\/produits\/recrutement-international\/\" \/>\n<meta property=\"og:locale\" content=\"fr_FR\" \/>\n<meta property=\"og:type\" content=\"article\" \/>\n<meta property=\"og:title\" content=\"Nous vous aidons \u00e0 recruter \u00e0 l\u2019international\" \/>\n<meta property=\"og:description\" content=\"JobCloud, votre partenaire pour recruter les meilleurs talents internationaux\" \/>\n<meta property=\"og:url\" content=\"https:\/\/www.jobcloud.ch\/c\/fr-ch\/produits\/recrutement-international\/\" \/>\n<meta property=\"og:site_name\" content=\"JobCloud\" \/>\n<meta property=\"article:modified_time\" content=\"2025-06-24T11:38:45+00:00\" \/>\n<meta property=\"og:image\" content=\"https:\/\/www.jobcloud.ch\/wp-content\/uploads\/\/2020\/02\/profile.svg\" \/>\n<meta name=\"twitter:card\" content=\"summary_large_image\" \/>\n<meta name=\"twitter:label1\" content=\"Est. reading time\" \/>\n\t<meta name=\"twitter:data1\" content=\"4 minutes\" \/>\n<script type=\"application\/ld+json\" class=\"yoast-schema-graph\">{\"@context\":\"https:\/\/schema.org\",\"@graph\":[{\"@type\":\"WebPage\",\"@id\":\"https:\/\/www.jobcloud.ch\/c\/fr-ch\/produits\/recrutement-international\/\",\"url\":\"https:\/\/www.jobcloud.ch\/c\/fr-ch\/produits\/recrutement-international\/\",\"name\":\"Nous vous aidons \u00e0 recruter \u00e0 l\u2019international\",\"isPartOf\":{\"@id\":\"https:\/\/www.jobcloud.ch\/c\/fr-ch\/#website\"},\"primaryImageOfPage\":{\"@id\":\"https:\/\/www.jobcloud.ch\/c\/fr-ch\/produits\/recrutement-international\/#primaryimage\"},\"image\":{\"@id\":\"https:\/\/www.jobcloud.ch\/c\/fr-ch\/produits\/recrutement-international\/#primaryimage\"},\"thumbnailUrl\":\"https:\/\/www.jobcloud.ch\/wp-content\/uploads\/\/2020\/02\/profile.svg\",\"datePublished\":\"2024-05-24T09:54:43+00:00\",\"dateModified\":\"2025-06-24T11:38:45+00:00\",\"description\":\"JobCloud, votre partenaire pour recruter les meilleurs talents internationaux\",\"breadcrumb\":{\"@id\":\"https:\/\/www.jobcloud.ch\/c\/fr-ch\/produits\/recrutement-international\/#breadcrumb\"},\"inLanguage\":\"fr-CH\",\"potentialAction\":[{\"@type\":\"ReadAction\",\"target\":[\"https:\/\/www.jobcloud.ch\/c\/fr-ch\/produits\/recrutement-international\/\"]}]},{\"@type\":\"ImageObject\",\"inLanguage\":\"fr-CH\",\"@id\":\"https:\/\/www.jobcloud.ch\/c\/fr-ch\/produits\/recrutement-international\/#primaryimage\",\"url\":\"https:\/\/www.jobcloud.ch\/wp-content\/uploads\/\/2020\/02\/profile.svg\",\"contentUrl\":\"https:\/\/www.jobcloud.ch\/wp-content\/uploads\/\/2020\/02\/profile.svg\"},{\"@type\":\"BreadcrumbList\",\"@id\":\"https:\/\/www.jobcloud.ch\/c\/fr-ch\/produits\/recrutement-international\/#breadcrumb\",\"itemListElement\":[{\"@type\":\"ListItem\",\"position\":1,\"name\":\"Protected: Produits\",\"item\":\"https:\/\/www.jobcloud.ch\/c\/fr-ch\/produits\/\"},{\"@type\":\"ListItem\",\"position\":2,\"name\":\"Internationale Rekrutierung\"}]},{\"@type\":\"WebSite\",\"@id\":\"https:\/\/www.jobcloud.ch\/c\/fr-ch\/#website\",\"url\":\"https:\/\/www.jobcloud.ch\/c\/fr-ch\/\",\"name\":\"JobCloud\",\"description\":\"JobCloud is the leading job portal for jobseekers in Switzerland\",\"publisher\":{\"@id\":\"https:\/\/www.jobcloud.ch\/c\/fr-ch\/#organization\"},\"potentialAction\":[{\"@type\":\"SearchAction\",\"target\":{\"@type\":\"EntryPoint\",\"urlTemplate\":\"https:\/\/www.jobcloud.ch\/c\/fr-ch\/?s={search_term_string}\"},\"query-input\":{\"@type\":\"PropertyValueSpecification\",\"valueRequired\":true,\"valueName\":\"search_term_string\"}}],\"inLanguage\":\"fr-CH\"},{\"@type\":\"Organization\",\"@id\":\"https:\/\/www.jobcloud.ch\/c\/fr-ch\/#organization\",\"name\":\"JobCloud\",\"url\":\"https:\/\/www.jobcloud.ch\/c\/fr-ch\/\",\"logo\":{\"@type\":\"ImageObject\",\"inLanguage\":\"fr-CH\",\"@id\":\"https:\/\/www.jobcloud.ch\/c\/fr-ch\/#\/schema\/logo\/image\/\",\"url\":\"https:\/\/www.jobcloud.ch\/wp-content\/uploads\/2020\/02\/jobcloude-logo.svg\",\"contentUrl\":\"https:\/\/www.jobcloud.ch\/wp-content\/uploads\/2020\/02\/jobcloude-logo.svg\",\"width\":160,\"height\":37,\"caption\":\"JobCloud\"},\"image\":{\"@id\":\"https:\/\/www.jobcloud.ch\/c\/fr-ch\/#\/schema\/logo\/image\/\"}}]}<\/script>\n<!-- \/ Yoast SEO plugin. -->","yoast_head_json":{"title":"Nous vous aidons \u00e0 recruter \u00e0 l\u2019international","description":"JobCloud, votre partenaire pour recruter les meilleurs talents internationaux","robots":{"index":"index","follow":"follow","max-snippet":"max-snippet:-1","max-image-preview":"max-image-preview:large","max-video-preview":"max-video-preview:-1"},"canonical":"https:\/\/www.jobcloud.ch\/c\/fr-ch\/produits\/recrutement-international\/","og_locale":"fr_FR","og_type":"article","og_title":"Nous vous aidons \u00e0 recruter \u00e0 l\u2019international","og_description":"JobCloud, votre partenaire pour recruter les meilleurs talents internationaux","og_url":"https:\/\/www.jobcloud.ch\/c\/fr-ch\/produits\/recrutement-international\/","og_site_name":"JobCloud","article_modified_time":"2025-06-24T11:38:45+00:00","og_image":[{"url":"https:\/\/www.jobcloud.ch\/wp-content\/uploads\/\/2020\/02\/profile.svg","type":"","width":"","height":""}],"twitter_card":"summary_large_image","twitter_misc":{"Est. reading time":"4 minutes"},"schema":{"@context":"https:\/\/schema.org","@graph":[{"@type":"WebPage","@id":"https:\/\/www.jobcloud.ch\/c\/fr-ch\/produits\/recrutement-international\/","url":"https:\/\/www.jobcloud.ch\/c\/fr-ch\/produits\/recrutement-international\/","name":"Nous vous aidons \u00e0 recruter \u00e0 l\u2019international","isPartOf":{"@id":"https:\/\/www.jobcloud.ch\/c\/fr-ch\/#website"},"primaryImageOfPage":{"@id":"https:\/\/www.jobcloud.ch\/c\/fr-ch\/produits\/recrutement-international\/#primaryimage"},"image":{"@id":"https:\/\/www.jobcloud.ch\/c\/fr-ch\/produits\/recrutement-international\/#primaryimage"},"thumbnailUrl":"https:\/\/www.jobcloud.ch\/wp-content\/uploads\/\/2020\/02\/profile.svg","datePublished":"2024-05-24T09:54:43+00:00","dateModified":"2025-06-24T11:38:45+00:00","description":"JobCloud, votre partenaire pour recruter les meilleurs talents internationaux","breadcrumb":{"@id":"https:\/\/www.jobcloud.ch\/c\/fr-ch\/produits\/recrutement-international\/#breadcrumb"},"inLanguage":"fr-CH","potentialAction":[{"@type":"ReadAction","target":["https:\/\/www.jobcloud.ch\/c\/fr-ch\/produits\/recrutement-international\/"]}]},{"@type":"ImageObject","inLanguage":"fr-CH","@id":"https:\/\/www.jobcloud.ch\/c\/fr-ch\/produits\/recrutement-international\/#primaryimage","url":"https:\/\/www.jobcloud.ch\/wp-content\/uploads\/\/2020\/02\/profile.svg","contentUrl":"https:\/\/www.jobcloud.ch\/wp-content\/uploads\/\/2020\/02\/profile.svg"},{"@type":"BreadcrumbList","@id":"https:\/\/www.jobcloud.ch\/c\/fr-ch\/produits\/recrutement-international\/#breadcrumb","itemListElement":[{"@type":"ListItem","position":1,"name":"Protected: Produits","item":"https:\/\/www.jobcloud.ch\/c\/fr-ch\/produits\/"},{"@type":"ListItem","position":2,"name":"Internationale Rekrutierung"}]},{"@type":"WebSite","@id":"https:\/\/www.jobcloud.ch\/c\/fr-ch\/#website","url":"https:\/\/www.jobcloud.ch\/c\/fr-ch\/","name":"JobCloud","description":"JobCloud is the leading job portal for jobseekers in Switzerland","publisher":{"@id":"https:\/\/www.jobcloud.ch\/c\/fr-ch\/#organization"},"potentialAction":[{"@type":"SearchAction","target":{"@type":"EntryPoint","urlTemplate":"https:\/\/www.jobcloud.ch\/c\/fr-ch\/?s={search_term_string}"},"query-input":{"@type":"PropertyValueSpecification","valueRequired":true,"valueName":"search_term_string"}}],"inLanguage":"fr-CH"},{"@type":"Organization","@id":"https:\/\/www.jobcloud.ch\/c\/fr-ch\/#organization","name":"JobCloud","url":"https:\/\/www.jobcloud.ch\/c\/fr-ch\/","logo":{"@type":"ImageObject","inLanguage":"fr-CH","@id":"https:\/\/www.jobcloud.ch\/c\/fr-ch\/#\/schema\/logo\/image\/","url":"https:\/\/www.jobcloud.ch\/wp-content\/uploads\/2020\/02\/jobcloude-logo.svg","contentUrl":"https:\/\/www.jobcloud.ch\/wp-content\/uploads\/2020\/02\/jobcloude-logo.svg","width":160,"height":37,"caption":"JobCloud"},"image":{"@id":"https:\/\/www.jobcloud.ch\/c\/fr-ch\/#\/schema\/logo\/image\/"}}]}},"_links":{"self":[{"href":"https:\/\/www.jobcloud.ch\/c\/fr-ch\/wp-json\/wp\/v2\/pages\/90332","targetHints":{"allow":["GET"]}}],"collection":[{"href":"https:\/\/www.jobcloud.ch\/c\/fr-ch\/wp-json\/wp\/v2\/pages"}],"about":[{"href":"https:\/\/www.jobcloud.ch\/c\/fr-ch\/wp-json\/wp\/v2\/types\/page"}],"author":[{"embeddable":true,"href":"https:\/\/www.jobcloud.ch\/c\/fr-ch\/wp-json\/wp\/v2\/users\/56"}],"replies":[{"embeddable":true,"href":"https:\/\/www.jobcloud.ch\/c\/fr-ch\/wp-json\/wp\/v2\/comments?post=90332"}],"version-history":[{"count":0,"href":"https:\/\/www.jobcloud.ch\/c\/fr-ch\/wp-json\/wp\/v2\/pages\/90332\/revisions"}],"up":[{"embeddable":true,"href":"https:\/\/www.jobcloud.ch\/c\/fr-ch\/wp-json\/wp\/v2\/pages\/2545"}],"wp:attachment":[{"href":"https:\/\/www.jobcloud.ch\/c\/fr-ch\/wp-json\/wp\/v2\/media?parent=90332"}],"curies":[{"name":"wp","href":"https:\/\/api.w.org\/{rel}","templated":true}]}}