     {"id":54154,"date":"2023-08-23T14:58:15","date_gmt":"2023-08-23T12:58:15","guid":{"rendered":"https:\/\/www.jobcloud.ch\/c\/?page_id=54154"},"modified":"2024-05-31T11:13:24","modified_gmt":"2024-05-31T09:13:24","slug":"conditions-generales-spotted-cg","status":"publish","type":"page","link":"https:\/\/www.jobcloud.ch\/c\/fr-ch\/conditions-d-utilisation-spotted\/","title":{"rendered":"Conditions d&#8217;utilisation de la solution de recrutement num\u00e9rique JobCloud (\u00ab Spotted \u00bb) pour les demandeur\u00b7se\u00b7s d&#8217;emploi"},"content":{"rendered":"<p><strong>1. Champ d&#8217;application<\/strong><\/p>\n<p><span>1.1 Les pr\u00e9sentes Conditions d&#8217;utilisation (ci-apr\u00e8s \u00ab Conditions d&#8217;utilisation \u00bb) r\u00e9gissent la relation entre vous (ci-apr\u00e8s \u00ab <\/span><span>utilisateur\u00b7rice\u00bb ou \u00ab vous \u00bb) et JobCloud SA (Albisriederstrasse 253, 8052 Zurich, Suisse ; ci-apr\u00e8s \u00ab JobCloud \u00bb ou \u00ab nous \u00bb) dans le cadre de la solution de recrutement bas\u00e9e sur JobCloud Spotted (ci-apr\u00e8s \u00ab Spotted \u00bb) et des services connexes, tels que d\u00e9crits au paragraphe 2 des pr\u00e9sentes Conditions d&#8217;utilisation (ci-apr\u00e8s \u00ab services \u00bb).<\/span><\/p>\n<p><span><strong>2. Services<\/strong><\/span><\/p>\n<p><span>2.1 Les\u00a0<\/span><span>utilisateur\u00b7rice\u00b7s ont la possibilit\u00e9 de soumettre leur CV avec leur candidature sur les plateformes d&#8217;emploi de JobCloud. Ils peuvent postuler \u00e0 des offres d&#8217;emploi publi\u00e9es par JobCloud pour le compte d&#8217;employeurs potentiels sur les plateformes JobCloud, les portails d&#8217;emploi externes et les plateformes de r\u00e9seaux sociaux, soumettre leur CV \u00e0 Spotted par e-mail ou via la plateforme de r\u00e9seaux sociaux (p. ex. LinkedIn) ou t\u00e9l\u00e9charger leur CV sur le site web de Spotted. Dans le profil d&#8217;utilisateur, l&#8217;utilisateur<\/span>\u00b7rice<span> peut donner son consentement \u00e0 l&#8217;utilisation des services Spotted. Par \u00ab\u00a0employeurs potentiels\u00a0\u00bb, on entend les personnes\/entreprises dont JobCloud suppose qu&#8217;elles recherchent quelqu&#8217;un avec le profil de l&#8217;utilisateur<\/span>\u00b7rice<span>. Selon le cas, JobCloud est mandat\u00e9 par ces derniers ou non pour rechercher un<\/span>\u00b7e candidat\u00b7e <span>avec le profil de l&#8217;utilisateur<\/span>\u00b7rice<span>. JobCloud peut \u00e9galement recevoir des candidatures de tiers, tels que les offices r\u00e9gionaux de placement, si ces tiers ont obtenu le consentement des utilisateur<\/span>\u00b7rice\u00b7<span>s en cons\u00e9quence. Une fois les candidatures et CV soumis, ces documents sont stock\u00e9s dans les bases de donn\u00e9es de JobCloud.<\/span><\/p>\n<p><span>2.2 Les <\/span><span>utilisateur\u00b7rice<\/span>\u00b7<span>s peuvent \u00e9galement partager leurs donn\u00e9es de profil et leur CV directement via les plateformes de JobCloud pour un recrutement avec Spotted.<\/span><\/p>\n<p><span>2.3 Nous facilitons le contact entre l&#8217;<\/span><span>utilisateur\u00b7rice<\/span><span> et l&#8217;employeur potentiel (y compris la transmission des candidatures et des pi\u00e8ces jointes \u00e0 l&#8217;employeur potentiel, avec ou sans la mission de l&#8217;employeur potentiel de le faire) et pouvons fournir une assistance dans le cadre du processus de recrutement.<\/span><\/p>\n<p><span>2.4 JobCloud utilise la technologie de matching d\u00e9velopp\u00e9e par JobCloud pour comparer les donn\u00e9es personnelles des <\/span><span>utilisateur\u00b7rice<\/span>\u00b7<span>s. Nous extrayonsles donn\u00e9es du dossier de candidature des utilisateur<\/span>\u00b7rice\u00b7<span>s et\/ou, si l&#8217;acc\u00e8s a \u00e9t\u00e9 autoris\u00e9, les donn\u00e9es du profil et du CV. Ces donn\u00e9es sont compar\u00e9es sous forme pseudonymis\u00e9e selon les exigences d&#8217;un employeur potentiel, \u00e0 l\u2019aide de l\u2019intelligence artificielle (IA) afin de permettre une premi\u00e8re d\u00e9claration sur la concordance potentielle. En outre, l&#8217;\u00e9quipe de recrutement de JobCloud v\u00e9rifie soigneusement la correspondance.<\/span><\/p>\n<p><span>2.5 Si une correspondance a \u00e9t\u00e9 constat\u00e9e et confirm\u00e9e, nous pouvons d&#8217;abord contacter l&#8217;<\/span><span>utilisateur\u00b7rice<\/span><span> ou l&#8217;employeur potentiel (par e-mail, t\u00e9l\u00e9phone, etc.) pour v\u00e9rifier s&#8217;il ou elle est int\u00e9ress\u00e9<\/span>\u00b7e<span> par l&#8217;utilisateur<\/span>\u00b7rice<span> ou l&#8217;employeur potentiel. Lorsque nous nous adressons d&#8217;abord \u00e0 l&#8217;utilisateur<\/span>\u00b7rice<span>, nous lui demandons de confirmer son int\u00e9r\u00eat pour l&#8217;employeur potentiel et communiquons \u00e0 l&#8217;employeur potentiel, avec le consentement de l&#8217;utilisateur<\/span>\u00b7rice<span>, toutes ses donn\u00e9es, y compris les informations qui l&#8217;identifient clairement. Si l&#8217;employeur potentiel est int\u00e9ress\u00e9, nous \u00e9tablissons le contact entre les parties.<\/span><\/p>\n<p><span>2.6 Si l&#8217;employeur potentiel est contact\u00e9 en premier, nous ne transmettons \u00e0 l&#8217;employeur potentiel que les donn\u00e9es de l&#8217;<\/span><span>utilisateur\u00b7rice<\/span><span> ne permettant pas d\u2019identifier clairement l&#8217;utilisateur<\/span>\u00b7rice<span>. Si l&#8217;employeur potentiel confirme son int\u00e9r\u00eat pour l&#8217;utilisateur<\/span>\u00b7rice<span>, JobCloud contacte l&#8217;utilisateur<\/span>\u00b7rice<span>, g\u00e9n\u00e9ralement \u00e9galement sans identifier l&#8217;employeur potentiel, et lui demande son consentement pour partager avec l&#8217;employeur potentiel toutes ses donn\u00e9es, y compris les informations qui l&#8217;identifient clairement. Si l&#8217;employeur potentiel est int\u00e9ress\u00e9, nous \u00e9tablissons le contact entre les parties.<\/span><\/p>\n<p><span>2.7 L&#8217;<\/span><span>utilisateur\u00b7rice<\/span><span> accepte et s&#8217;engage \u00e0 ne pas contacter lui\/elle-m\u00eame l&#8217;employeur potentiel communiqu\u00e9 par JobCloud et accepte que seul JobCloud permette le contact avec les employeurs potentiels identifi\u00e9s par JobCloud.<\/span><\/p>\n<p><span>2.8 Dans certains cas, les employeurs potentiels font appel \u00e0 JobCloud pour les assister dans le processus de recrutement. Dans ces cas, JobCloud les assiste jusqu&#8217;\u00e0 la conclusion d&#8217;un contrat.<\/span><\/p>\n<p><span>2.9 L&#8217;<\/span><span>utilisateur\u00b7rice<\/span><span> est seul<\/span>\u00b7e<span> responsable de toutes les informations qu&#8217;il ou elle partage avec Spotted dans le cadre du service.<\/span><\/p>\n<p><span>2.10 La netiquette s&#8217;applique lors de l&#8217;utilisation du service.<\/span><\/p>\n<p><span>2.11 Le service ne doit pas \u00eatre utilis\u00e9 de mani\u00e8re abusive. En particulier, il est interdit de t\u00e9l\u00e9charger\/partager du mat\u00e9riel qui n&#8217;est pas li\u00e9 \u00e0 la candidature de l&#8217;<\/span><span>utilisateur\u00b7rice<\/span><span>, tel que du mat\u00e9riel pornographique, du mat\u00e9riel publicitaire, des virus ou des logiciels malveillants de toute nature.<\/span><\/p>\n<p><strong>3. Marketing<\/strong><\/p>\n<p><span>3.1 Nous pouvons utiliser les coordonn\u00e9es de l&#8217;<\/span><span>utilisateur\u00b7rice<\/span><span> pour lui envoyer des informations sur les services ou les offres d&#8217;emploi de JobCloud via notre newsletter ou par d&#8217;autres moyens, par exemple par e-mail, courrier, t\u00e9l\u00e9phone ou SMS. Vous pouvez vous d\u00e9sabonner \u00e0 tout moment, par exemple dans le cas d&#8217;e-mails, en cliquant sur le lien \u00ab\u00a0Se d\u00e9sabonner\u00a0\u00bb figurant dans chaque e-mail marketing.<\/span><\/p>\n<p><span>3.2 JobCloud demande occasionnellement aux <\/span><span>utilisateur\u00b7rice<\/span>\u00b7<span>s de participer \u00e0 une \u00e9tude de march\u00e9. La base juridique pour le traitement des donn\u00e9es dans le cadre de l&#8217;\u00e9tude de march\u00e9 est votre consentement. Les donn\u00e9es personnelles suppl\u00e9mentaires fournies dans le cadre de cette \u00e9tude de march\u00e9 ne seront \u00e9galement utilis\u00e9es qu&#8217;avec le consentement suppl\u00e9mentaire des utilisateur<\/span>\u00b7rice\u00b7<span>s.<\/span><\/p>\n<p><span>3.3 L&#8217;<\/span><span>utilisateur\u00b7rice<\/span><span> peut \u00e0 tout moment s&#8217;opposer, en tout ou en partie, au traitement conform\u00e9ment au paragraphe 3.1. par \u00e9crit, par t\u00e9l\u00e9phone, par e-mail ou de toute autre mani\u00e8re. Vous pouvez \u00e0 tout moment r\u00e9voquer votre consentement \u00e0 l&#8217;\u00e9tude de march\u00e9 et\/ou \u00e0 l&#8217;utilisation ult\u00e9rieure de vos donn\u00e9es conform\u00e9ment au paragraphe 3.2 par tous les moyens indiqu\u00e9s.<\/span><\/p>\n<p><strong>4. Confidentialit\u00e9<\/strong><\/p>\n<p><span>4.1 L&#8217;<\/span><span>utilisateur\u00b7rice<\/span><span> accepte et s&#8217;engage \u00e0 traiter de mani\u00e8re strictement confidentielle toutes les informations qu&#8217;il ou elle re\u00e7oit de et sur l&#8217;employeur potentiel dans le cadre du processus de recrutement\/candidature. Cela inclut l&#8217;obligation pour le\/la candidat<\/span>\u00b7e<span> de ne communiquer \u00e0 personne l&#8217;identit\u00e9 de l&#8217;employeur potentiel tant qu&#8217;aucun contrat de travail n&#8217;a \u00e9t\u00e9 conclu.<\/span><\/p>\n<p><span><strong>5. Disponibilit\u00e9<\/strong><\/span><\/p>\n<p><span>5.1 JobCloud d\u00e9cline toute responsabilit\u00e9 quant \u00e0 la fourniture d&#8217;un service ininterrompu, d&#8217;un service \u00e0 un moment donn\u00e9, d&#8217;un service de tiers ou \u00e0 l&#8217;exhaustivit\u00e9, l&#8217;authenticit\u00e9 et l&#8217;int\u00e9grit\u00e9 des donn\u00e9es stock\u00e9es ou transmises dans le cadre du service, en particulier via les syst\u00e8mes ou Internet.<\/span><\/p>\n<p><strong>6. Communication<\/strong><\/p>\n<p><span>6.1 JobCloud est autoris\u00e9 \u00e0 communiquer par courrier, t\u00e9l\u00e9phone ainsi que par des canaux \u00e9lectroniques (p. ex. e-mail, SMS, applications mobiles et autres canaux \u00e9lectroniques) aux adresses utilis\u00e9es ou express\u00e9ment indiqu\u00e9es par l&#8217;<\/span><span>utilisateur\u00b7rice<\/span><span> (p. ex. adresse e-mail ou num\u00e9ro de t\u00e9l\u00e9phone portable).<\/span><\/p>\n<p><strong>7. Propri\u00e9t\u00e9 et droits de propri\u00e9t\u00e9 intellectuelle<\/strong><\/p>\n<p><span>7.1 Tous les droits de propri\u00e9t\u00e9 et de propri\u00e9t\u00e9 intellectuelle sur le site web Spotted, la base de donn\u00e9es et le logiciel, en particulier les droits d&#8217;auteur et les droits sur les marques, les designs et le savoir-faire, restent la propri\u00e9t\u00e9 exclusive de JobCloud.<\/span><\/p>\n<p><strong><span>8. Garantie et limitation de responsabilit\u00e9<\/span><\/strong><\/p>\n<p><span>8.1 JobCloud ne donne aucune garantie concernant Spotted ou le service. JobCloud ne garantit notamment pas :<\/span><\/p>\n<ul>\n<li><span>l&#8217;actualit\u00e9, l&#8217;exactitude, la fiabilit\u00e9, l&#8217;exhaustivit\u00e9 ou l&#8217;ad\u00e9quation du contenu ou du service \u00e0 un usage particulier\u00a0;<\/span><\/li>\n<li><span>que l&#8217;utilisation du service, y compris le t\u00e9l\u00e9chargement d&#8217;un CV ou toute assistance de l&#8217;\u00e9quipe Spotted, conduira \u00e0 une correspondance ou \u00e0 un recrutement r\u00e9ussi\u00a0; et<\/span><\/li>\n<li><span>la disponibilit\u00e9 ininterrompue ou sans probl\u00e8me du service.<\/span><\/li>\n<\/ul>\n<p><span>8.2 La responsabilit\u00e9 de JobCloud, de ses actionnaires au sens de l&#8217;art. 101 CO et des tiers engag\u00e9s par JobCloud (y compris les sous-traitants) en relation avec le service est exclue dans la mesure permise par la loi. En particulier, les dommages directs et indirects, les dommages cons\u00e9cutifs ainsi que la perte de profits ou de donn\u00e9es sont express\u00e9ment exclus, dans la mesure du possible.<\/span><\/p>\n<p><span>8.3 JobCloud n&#8217;est pas non plus responsable des dommages r\u00e9sultant de l&#8217;utilisation ill\u00e9gale ou contraire au contrat de son service ou de services de tiers, ainsi que des perturbations techniques caus\u00e9es notamment par l&#8217;absence de connexion Internet, les interventions ill\u00e9gales dans les \u00e9quipements et r\u00e9seaux de t\u00e9l\u00e9communication, la congestion du r\u00e9seau, le blocage volontaire de l&#8217;acc\u00e8s \u00e9lectronique par des tiers ou d&#8217;autres interruptions.<\/span><\/p>\n<p><strong>9. Dur\u00e9e de validit\u00e9 et r\u00e9siliation<\/strong><\/p>\n<p><span>9.1 Si les <\/span><span>utilisateur\u00b7rice<\/span>\u00b7<span>s soumettent leur CV avec leur candidature sur les plateformes d&#8217;emploi de JobCloud ou postulent \u00e0 des offres d&#8217;emploi publi\u00e9es par Spotted pour le compte d&#8217;employeurs potentiels sur les plateformes JobCloud, les portails d&#8217;emploi externes et les plateformes de r\u00e9seaux sociaux, ou soumettre leur CV \u00e0 Spotted par e-mail ou via la plateforme de r\u00e9seaux sociaux (p. ex. LinkedIn), ou t\u00e9l\u00e9charger leur CV sur le site web de Spotted, le contrat entre l&#8217;utilisateur<\/span>\u00b7rice<span> et JobCloud est valable six (6) mois \u00e0 compter de l&#8217;acceptation des pr\u00e9sentes Conditions d&#8217;utilisation par l&#8217;utilisateur<\/span>\u00b7rice<span> et expire automatiquement \u00e0 l&#8217;expiration du d\u00e9lai de six (6) mois.<\/span><\/p>\n<p><span>9.2 Si les <\/span><span>utilisateur\u00b7rice<\/span>\u00b7<span>s ont partag\u00e9 leurs donn\u00e9es de profil et leur CV pour un recrutement avec Spotted directement via les plateformes de JobCloud, le contrat entre l&#8217;utilisateur<\/span>\u00b7rice<span> et JobCloud s&#8217;applique jusqu&#8217;\u00e0 ce que le consentement \u00e0 l&#8217;utilisation des donn\u00e9es soit r\u00e9voqu\u00e9 (sous r\u00e9serve d&#8217;un processus de candidature en cours).<\/span><\/p>\n<p><span>9.3 Pendant la dur\u00e9e du pr\u00e9sent contrat, l&#8217;<\/span><span>utilisateur\u00b7rice<\/span><span> et JobCloud ont le droit de r\u00e9silier le contrat avec effet imm\u00e9diat, y compris par e-mail. L&#8217;utilisateur<\/span>\u00b7rice<span> peut envoyer l&#8217;e-mail \u00e0 info@jobcloud.ch.<\/span><\/p>\n<p><span>9.4 L&#8217;<\/span><span>utilisateur\u00b7rice<\/span><span> accepte que JobCloud ne supprime ses donn\u00e9es qu&#8217;apr\u00e8s l&#8217;expiration du d\u00e9lai de 6 mois si le contrat est r\u00e9sili\u00e9 par l\u2019utilisateur<\/span>\u00b7rice<span> (voir paragraphe 9.2). L&#8217;utilisateur<\/span>\u00b7rice<span> peut exercer un droit d&#8217;effacement, comme indiqu\u00e9 dans la Politique de confidentialit\u00e9 de Spotted.<\/span><\/p>\n<p><span>9.5 Toutes les clauses qui, par leur nature, sont destin\u00e9es \u00e0 s&#8217;appliquer au-del\u00e0 de la fin des pr\u00e9sentes Conditions d&#8217;utilisation subsisteront apr\u00e8s la fin des pr\u00e9sentes Conditions d&#8217;utilisation (p. ex. confidentialit\u00e9).<\/span><\/p>\n<p><strong>10. Protection des donn\u00e9es<\/strong><\/p>\n<p><span>10.1 JobCloud et l&#8217;<\/span><span>utilisateur\u00b7rice<\/span><span> respectent les dispositions l\u00e9gales en vigueur, en particulier la loi sur la protection des donn\u00e9es, lors de la collecte et du traitement des donn\u00e9es personnelles. Vous trouverez de plus amples informations dans la Politique de confidentialit\u00e9 de Spotted.<\/span><\/p>\n<p><strong>11. Modifications des conditions d&#8217;utilisation ou du service<\/strong><\/p>\n<p><span>11.1 JobCloud se r\u00e9serve le droit de modifier les Conditions d&#8217;utilisation et d&#8217;apporter des modifications au service ou d&#8217;interrompre le service \u00e0 tout moment \u00e0 sa seule discr\u00e9tion.<\/span><\/p>\n<p><strong>12. Droit applicable et juridiction comp\u00e9tente<\/strong><\/p>\n<p><span>12.1 Les pr\u00e9sentes Conditions d&#8217;utilisation sont exclusivement r\u00e9gies par le droit suisse, \u00e0 l&#8217;exclusion des dispositions de la loi f\u00e9d\u00e9rale sur le droit international priv\u00e9 (LDIP).<\/span><\/p>\n<p><span>12.2 Les tribunaux de la ville de Zurich sont seuls comp\u00e9tents.<\/span><\/p>\n<p><span>\u00a0<\/span><\/p>\n<p><span>Zurich, mai 2024<\/span><\/p>\n","protected":false},"excerpt":{"rendered":"<p>1. Champ d&#8217;application 1.1 Les pr\u00e9sentes Conditions d&#8217;utilisation (ci-apr\u00e8s \u00ab Conditions d&#8217;utilisation \u00bb) r\u00e9gissent la relation entre vous (ci-apr\u00e8s \u00ab utilisateur\u00b7rice\u00bb ou&#8230;<\/p>\n","protected":false},"author":71,"featured_media":0,"parent":0,"menu_order":0,"comment_status":"closed","ping_status":"closed","template":"","meta":{"_acf_changed":false,"inline_featured_image":false,"footnotes":""},"class_list":["post-54154","page","type-page","status-publish","hentry"],"acf":[],"yoast_head":"<!-- This site is optimized with the Yoast SEO plugin v27.2 - https:\/\/yoast.com\/product\/yoast-seo-wordpress\/ -->\n<title>Conditions d&#039;utilisation de la solution de recrutement num\u00e9rique JobCloud (\u00ab Spotted \u00bb) pour les demandeur\u00b7se\u00b7s d&#039;emploi | JobCloud<\/title>\n<meta name=\"robots\" content=\"index, follow, max-snippet:-1, max-image-preview:large, max-video-preview:-1\" \/>\n<link rel=\"canonical\" href=\"https:\/\/www.jobcloud.ch\/c\/fr-ch\/conditions-d-utilisation-spotted\/\" \/>\n<meta property=\"og:locale\" content=\"fr_FR\" \/>\n<meta property=\"og:type\" content=\"article\" \/>\n<meta property=\"og:title\" content=\"Conditions d&#039;utilisation de la solution de recrutement num\u00e9rique JobCloud (\u00ab Spotted \u00bb) pour les demandeur\u00b7se\u00b7s d&#039;emploi | JobCloud\" \/>\n<meta property=\"og:description\" content=\"1. Champ d&#8217;application 1.1 Les pr\u00e9sentes Conditions d&#8217;utilisation (ci-apr\u00e8s \u00ab Conditions d&#8217;utilisation \u00bb) r\u00e9gissent la relation entre vous (ci-apr\u00e8s \u00ab utilisateur\u00b7rice\u00bb ou...\" \/>\n<meta property=\"og:url\" content=\"https:\/\/www.jobcloud.ch\/c\/fr-ch\/conditions-d-utilisation-spotted\/\" \/>\n<meta property=\"og:site_name\" content=\"JobCloud\" \/>\n<meta property=\"article:modified_time\" content=\"2024-05-31T09:13:24+00:00\" \/>\n<meta name=\"twitter:card\" content=\"summary_large_image\" \/>\n<meta name=\"twitter:label1\" content=\"Est. reading time\" \/>\n\t<meta name=\"twitter:data1\" content=\"10 minutes\" \/>\n<script type=\"application\/ld+json\" class=\"yoast-schema-graph\">{\"@context\":\"https:\/\/schema.org\",\"@graph\":[{\"@type\":\"WebPage\",\"@id\":\"https:\/\/www.jobcloud.ch\/c\/fr-ch\/conditions-d-utilisation-spotted\/\",\"url\":\"https:\/\/www.jobcloud.ch\/c\/fr-ch\/conditions-d-utilisation-spotted\/\",\"name\":\"Conditions d'utilisation de la solution de recrutement num\u00e9rique JobCloud (\u00ab Spotted \u00bb) pour les demandeur\u00b7se\u00b7s d'emploi | JobCloud\",\"isPartOf\":{\"@id\":\"https:\/\/www.jobcloud.ch\/c\/fr-ch\/#website\"},\"datePublished\":\"2023-08-23T12:58:15+00:00\",\"dateModified\":\"2024-05-31T09:13:24+00:00\",\"inLanguage\":\"fr-CH\",\"potentialAction\":[{\"@type\":\"ReadAction\",\"target\":[\"https:\/\/www.jobcloud.ch\/c\/fr-ch\/conditions-d-utilisation-spotted\/\"]}]},{\"@type\":\"WebSite\",\"@id\":\"https:\/\/www.jobcloud.ch\/c\/fr-ch\/#website\",\"url\":\"https:\/\/www.jobcloud.ch\/c\/fr-ch\/\",\"name\":\"JobCloud\",\"description\":\"JobCloud is the leading job portal for jobseekers in Switzerland\",\"publisher\":{\"@id\":\"https:\/\/www.jobcloud.ch\/c\/fr-ch\/#organization\"},\"potentialAction\":[{\"@type\":\"SearchAction\",\"target\":{\"@type\":\"EntryPoint\",\"urlTemplate\":\"https:\/\/www.jobcloud.ch\/c\/fr-ch\/?s={search_term_string}\"},\"query-input\":{\"@type\":\"PropertyValueSpecification\",\"valueRequired\":true,\"valueName\":\"search_term_string\"}}],\"inLanguage\":\"fr-CH\"},{\"@type\":\"Organization\",\"@id\":\"https:\/\/www.jobcloud.ch\/c\/fr-ch\/#organization\",\"name\":\"JobCloud\",\"url\":\"https:\/\/www.jobcloud.ch\/c\/fr-ch\/\",\"logo\":{\"@type\":\"ImageObject\",\"inLanguage\":\"fr-CH\",\"@id\":\"https:\/\/www.jobcloud.ch\/c\/fr-ch\/#\/schema\/logo\/image\/\",\"url\":\"https:\/\/www.jobcloud.ch\/wp-content\/uploads\/2020\/02\/jobcloude-logo.svg\",\"contentUrl\":\"https:\/\/www.jobcloud.ch\/wp-content\/uploads\/2020\/02\/jobcloude-logo.svg\",\"width\":160,\"height\":37,\"caption\":\"JobCloud\"},\"image\":{\"@id\":\"https:\/\/www.jobcloud.ch\/c\/fr-ch\/#\/schema\/logo\/image\/\"}}]}<\/script>\n<!-- \/ Yoast SEO plugin. -->","yoast_head_json":{"title":"Conditions d'utilisation de la solution de recrutement num\u00e9rique JobCloud (\u00ab Spotted \u00bb) pour les demandeur\u00b7se\u00b7s d'emploi | JobCloud","robots":{"index":"index","follow":"follow","max-snippet":"max-snippet:-1","max-image-preview":"max-image-preview:large","max-video-preview":"max-video-preview:-1"},"canonical":"https:\/\/www.jobcloud.ch\/c\/fr-ch\/conditions-d-utilisation-spotted\/","og_locale":"fr_FR","og_type":"article","og_title":"Conditions d'utilisation de la solution de recrutement num\u00e9rique JobCloud (\u00ab Spotted \u00bb) pour les demandeur\u00b7se\u00b7s d'emploi | JobCloud","og_description":"1. Champ d&#8217;application 1.1 Les pr\u00e9sentes Conditions d&#8217;utilisation (ci-apr\u00e8s \u00ab Conditions d&#8217;utilisation \u00bb) r\u00e9gissent la relation entre vous (ci-apr\u00e8s \u00ab utilisateur\u00b7rice\u00bb ou...","og_url":"https:\/\/www.jobcloud.ch\/c\/fr-ch\/conditions-d-utilisation-spotted\/","og_site_name":"JobCloud","article_modified_time":"2024-05-31T09:13:24+00:00","twitter_card":"summary_large_image","twitter_misc":{"Est. reading time":"10 minutes"},"schema":{"@context":"https:\/\/schema.org","@graph":[{"@type":"WebPage","@id":"https:\/\/www.jobcloud.ch\/c\/fr-ch\/conditions-d-utilisation-spotted\/","url":"https:\/\/www.jobcloud.ch\/c\/fr-ch\/conditions-d-utilisation-spotted\/","name":"Conditions d'utilisation de la solution de recrutement num\u00e9rique JobCloud (\u00ab Spotted \u00bb) pour les demandeur\u00b7se\u00b7s d'emploi | JobCloud","isPartOf":{"@id":"https:\/\/www.jobcloud.ch\/c\/fr-ch\/#website"},"datePublished":"2023-08-23T12:58:15+00:00","dateModified":"2024-05-31T09:13:24+00:00","inLanguage":"fr-CH","potentialAction":[{"@type":"ReadAction","target":["https:\/\/www.jobcloud.ch\/c\/fr-ch\/conditions-d-utilisation-spotted\/"]}]},{"@type":"WebSite","@id":"https:\/\/www.jobcloud.ch\/c\/fr-ch\/#website","url":"https:\/\/www.jobcloud.ch\/c\/fr-ch\/","name":"JobCloud","description":"JobCloud is the leading job portal for jobseekers in Switzerland","publisher":{"@id":"https:\/\/www.jobcloud.ch\/c\/fr-ch\/#organization"},"potentialAction":[{"@type":"SearchAction","target":{"@type":"EntryPoint","urlTemplate":"https:\/\/www.jobcloud.ch\/c\/fr-ch\/?s={search_term_string}"},"query-input":{"@type":"PropertyValueSpecification","valueRequired":true,"valueName":"search_term_string"}}],"inLanguage":"fr-CH"},{"@type":"Organization","@id":"https:\/\/www.jobcloud.ch\/c\/fr-ch\/#organization","name":"JobCloud","url":"https:\/\/www.jobcloud.ch\/c\/fr-ch\/","logo":{"@type":"ImageObject","inLanguage":"fr-CH","@id":"https:\/\/www.jobcloud.ch\/c\/fr-ch\/#\/schema\/logo\/image\/","url":"https:\/\/www.jobcloud.ch\/wp-content\/uploads\/2020\/02\/jobcloude-logo.svg","contentUrl":"https:\/\/www.jobcloud.ch\/wp-content\/uploads\/2020\/02\/jobcloude-logo.svg","width":160,"height":37,"caption":"JobCloud"},"image":{"@id":"https:\/\/www.jobcloud.ch\/c\/fr-ch\/#\/schema\/logo\/image\/"}}]}},"_links":{"self":[{"href":"https:\/\/www.jobcloud.ch\/c\/fr-ch\/wp-json\/wp\/v2\/pages\/54154","targetHints":{"allow":["GET"]}}],"collection":[{"href":"https:\/\/www.jobcloud.ch\/c\/fr-ch\/wp-json\/wp\/v2\/pages"}],"about":[{"href":"https:\/\/www.jobcloud.ch\/c\/fr-ch\/wp-json\/wp\/v2\/types\/page"}],"author":[{"embeddable":true,"href":"https:\/\/www.jobcloud.ch\/c\/fr-ch\/wp-json\/wp\/v2\/users\/71"}],"replies":[{"embeddable":true,"href":"https:\/\/www.jobcloud.ch\/c\/fr-ch\/wp-json\/wp\/v2\/comments?post=54154"}],"version-history":[{"count":0,"href":"https:\/\/www.jobcloud.ch\/c\/fr-ch\/wp-json\/wp\/v2\/pages\/54154\/revisions"}],"wp:attachment":[{"href":"https:\/\/www.jobcloud.ch\/c\/fr-ch\/wp-json\/wp\/v2\/media?parent=54154"}],"curies":[{"name":"wp","href":"https:\/\/api.w.org\/{rel}","templated":true}]}}