     {"id":48351,"date":"2022-01-18T11:15:48","date_gmt":"2022-01-18T10:15:48","guid":{"rendered":"https:\/\/www.jobcloud.ch\/c\/bienvenue\/"},"modified":"2022-01-18T12:15:52","modified_gmt":"2022-01-18T11:15:52","slug":"bienvenue","status":"publish","type":"page","link":"https:\/\/www.jobcloud.ch\/c\/fr-ch\/bienvenue\/","title":{"rendered":"Bienvenue sur notre Guide de recrutement !"},"content":{"rendered":"<h2>Bienvenue sur notre Guide de recrutement !<\/h2>\n<p>Si vous souhaitez \u00e9largir vos comp\u00e9tences en mati\u00e8re de recrutement, vous \u00eates au bon endroit.<\/p>\n<p>Notre Guide de recrutement vous propose un aper\u00e7u des 3 phases principales du recrutement et vous offre des conseils pour un recrutement des plus rapides et efficaces.<\/p>\n<p>Pour quelle phase du recrutement avez-vous besoin de soutien ?<\/p>\n<p>&nbsp;<\/p>\n<div style=\"background-color:#E5F2F4;padding:25px 30px;border-radius:4px;\">\n<h3><a href=\"https:\/\/www.jobcloud.ch\/c\/fr-ch\/guide-de-recrutement\/comment-trouver-les-bons-collaborateurs\/\"><span style=\"font-weight: 400;\">Phase 1 : Recherche de talents \u2192\u00a0<\/span><\/a><\/h3>\n<p>D\u00e9couvrez comment atteindre les meilleurs talents pour chacun de vos postes de fa\u00e7on simple et rapide.<\/p><\/div>\n<p>&nbsp;<\/p>\n<div style=\"background-color:#E5F2F4;padding:25px 30px;border-radius:4px;\">\n<h3><a href=\"https:\/\/www.jobcloud.ch\/c\/fr-ch\/guide-de-recrutement\/quelles-questions-poser-lors-dun-entretien-dembauche\/\"><span style=\"font-weight: 400;\">Phase 2 : Traitement des candidatures \u2192\u00a0<\/span><\/a><\/h3>\n<p><span style=\"font-weight: 400;\">D\u00e9veloppez les meilleures strat\u00e9gies pour les entretiens d\u2019embauche et le traitement des candidatures.<\/span><\/div>\n<p>&nbsp;<\/p>\n<div style=\"background-color:#E5F2F4;padding:25px 30px;border-radius:4px;\">\n<h3><a href=\"https:\/\/www.jobcloud.ch\/c\/fr-ch\/guide-de-recrutement\/check-list-nouveaux-collaborateurs-quelles-etapes-entre-la-reponse-positive-et-la-periode-dessai\/\"><span style=\"font-weight: 400;\">Phase 3 : Onboarding &#038; fid\u00e9lisation du personnel \u2192\u00a0<\/span><\/a><\/h3>\n<p><span style=\"font-weight: 400;\">D\u00e9couvrez des conseils sur la fid\u00e9lisation des nouveaux collaborateurs et la culture d\u2019entreprise.<\/span><\/div>\n","protected":false},"excerpt":{"rendered":"<p>Bienvenue sur notre Guide de recrutement ! Si vous souhaitez \u00e9largir vos comp\u00e9tences en mati\u00e8re de recrutement, vous \u00eates au bon endroit&#8230;.<\/p>\n","protected":false},"author":56,"featured_media":0,"parent":0,"menu_order":0,"comment_status":"closed","ping_status":"closed","template":"","meta":{"_acf_changed":false,"inline_featured_image":false,"footnotes":""},"class_list":["post-48351","page","type-page","status-publish","hentry"],"acf":[],"yoast_head":"<!-- This site is optimized with the Yoast SEO plugin v27.5 - https:\/\/yoast.com\/product\/yoast-seo-wordpress\/ -->\n<title>Bienvenue sur notre Guide de recrutement ! | JobCloud<\/title>\n<meta name=\"robots\" content=\"noindex, follow\" \/>\n<meta property=\"og:locale\" content=\"fr_FR\" \/>\n<meta property=\"og:type\" content=\"article\" \/>\n<meta property=\"og:title\" content=\"Bienvenue sur notre Guide de recrutement ! | JobCloud\" \/>\n<meta property=\"og:description\" content=\"Bienvenue sur notre Guide de recrutement ! Si vous souhaitez \u00e9largir vos comp\u00e9tences en mati\u00e8re de recrutement, vous \u00eates au bon endroit....\" \/>\n<meta property=\"og:url\" content=\"https:\/\/www.jobcloud.ch\/c\/fr-ch\/bienvenue\/\" \/>\n<meta property=\"og:site_name\" content=\"JobCloud\" \/>\n<meta property=\"article:modified_time\" content=\"2022-01-18T11:15:52+00:00\" \/>\n<meta name=\"twitter:card\" content=\"summary_large_image\" \/>\n<meta name=\"twitter:label1\" content=\"Est. reading time\" \/>\n\t<meta name=\"twitter:data1\" content=\"1 minute\" \/>\n<script type=\"application\/ld+json\" class=\"yoast-schema-graph\">{\"@context\":\"https:\\\/\\\/schema.org\",\"@graph\":[{\"@type\":\"WebPage\",\"@id\":\"https:\\\/\\\/www.jobcloud.ch\\\/c\\\/fr-ch\\\/bienvenue\\\/\",\"url\":\"https:\\\/\\\/www.jobcloud.ch\\\/c\\\/fr-ch\\\/bienvenue\\\/\",\"name\":\"Bienvenue sur notre Guide de recrutement ! | JobCloud\",\"isPartOf\":{\"@id\":\"https:\\\/\\\/www.jobcloud.ch\\\/c\\\/fr-ch\\\/#website\"},\"datePublished\":\"2022-01-18T10:15:48+00:00\",\"dateModified\":\"2022-01-18T11:15:52+00:00\",\"inLanguage\":\"fr-CH\",\"potentialAction\":[{\"@type\":\"ReadAction\",\"target\":[\"https:\\\/\\\/www.jobcloud.ch\\\/c\\\/fr-ch\\\/bienvenue\\\/\"]}]},{\"@type\":\"WebSite\",\"@id\":\"https:\\\/\\\/www.jobcloud.ch\\\/c\\\/fr-ch\\\/#website\",\"url\":\"https:\\\/\\\/www.jobcloud.ch\\\/c\\\/fr-ch\\\/\",\"name\":\"JobCloud\",\"description\":\"JobCloud is the leading job portal for jobseekers in Switzerland\",\"publisher\":{\"@id\":\"https:\\\/\\\/www.jobcloud.ch\\\/c\\\/fr-ch\\\/#organization\"},\"potentialAction\":[{\"@type\":\"SearchAction\",\"target\":{\"@type\":\"EntryPoint\",\"urlTemplate\":\"https:\\\/\\\/www.jobcloud.ch\\\/c\\\/fr-ch\\\/?s={search_term_string}\"},\"query-input\":{\"@type\":\"PropertyValueSpecification\",\"valueRequired\":true,\"valueName\":\"search_term_string\"}}],\"inLanguage\":\"fr-CH\"},{\"@type\":\"Organization\",\"@id\":\"https:\\\/\\\/www.jobcloud.ch\\\/c\\\/fr-ch\\\/#organization\",\"name\":\"JobCloud\",\"url\":\"https:\\\/\\\/www.jobcloud.ch\\\/c\\\/fr-ch\\\/\",\"logo\":{\"@type\":\"ImageObject\",\"inLanguage\":\"fr-CH\",\"@id\":\"https:\\\/\\\/www.jobcloud.ch\\\/c\\\/fr-ch\\\/#\\\/schema\\\/logo\\\/image\\\/\",\"url\":\"https:\\\/\\\/www.jobcloud.ch\\\/wp-content\\\/uploads\\\/2020\\\/02\\\/jobcloude-logo.svg\",\"contentUrl\":\"https:\\\/\\\/www.jobcloud.ch\\\/wp-content\\\/uploads\\\/2020\\\/02\\\/jobcloude-logo.svg\",\"width\":160,\"height\":37,\"caption\":\"JobCloud\"},\"image\":{\"@id\":\"https:\\\/\\\/www.jobcloud.ch\\\/c\\\/fr-ch\\\/#\\\/schema\\\/logo\\\/image\\\/\"}}]}<\/script>\n<!-- \/ Yoast SEO plugin. -->","yoast_head_json":{"title":"Bienvenue sur notre Guide de recrutement ! | JobCloud","robots":{"index":"noindex","follow":"follow"},"og_locale":"fr_FR","og_type":"article","og_title":"Bienvenue sur notre Guide de recrutement ! | JobCloud","og_description":"Bienvenue sur notre Guide de recrutement ! Si vous souhaitez \u00e9largir vos comp\u00e9tences en mati\u00e8re de recrutement, vous \u00eates au bon endroit....","og_url":"https:\/\/www.jobcloud.ch\/c\/fr-ch\/bienvenue\/","og_site_name":"JobCloud","article_modified_time":"2022-01-18T11:15:52+00:00","twitter_card":"summary_large_image","twitter_misc":{"Est. reading time":"1 minute"},"schema":{"@context":"https:\/\/schema.org","@graph":[{"@type":"WebPage","@id":"https:\/\/www.jobcloud.ch\/c\/fr-ch\/bienvenue\/","url":"https:\/\/www.jobcloud.ch\/c\/fr-ch\/bienvenue\/","name":"Bienvenue sur notre Guide de recrutement ! | JobCloud","isPartOf":{"@id":"https:\/\/www.jobcloud.ch\/c\/fr-ch\/#website"},"datePublished":"2022-01-18T10:15:48+00:00","dateModified":"2022-01-18T11:15:52+00:00","inLanguage":"fr-CH","potentialAction":[{"@type":"ReadAction","target":["https:\/\/www.jobcloud.ch\/c\/fr-ch\/bienvenue\/"]}]},{"@type":"WebSite","@id":"https:\/\/www.jobcloud.ch\/c\/fr-ch\/#website","url":"https:\/\/www.jobcloud.ch\/c\/fr-ch\/","name":"JobCloud","description":"JobCloud is the leading job portal for jobseekers in Switzerland","publisher":{"@id":"https:\/\/www.jobcloud.ch\/c\/fr-ch\/#organization"},"potentialAction":[{"@type":"SearchAction","target":{"@type":"EntryPoint","urlTemplate":"https:\/\/www.jobcloud.ch\/c\/fr-ch\/?s={search_term_string}"},"query-input":{"@type":"PropertyValueSpecification","valueRequired":true,"valueName":"search_term_string"}}],"inLanguage":"fr-CH"},{"@type":"Organization","@id":"https:\/\/www.jobcloud.ch\/c\/fr-ch\/#organization","name":"JobCloud","url":"https:\/\/www.jobcloud.ch\/c\/fr-ch\/","logo":{"@type":"ImageObject","inLanguage":"fr-CH","@id":"https:\/\/www.jobcloud.ch\/c\/fr-ch\/#\/schema\/logo\/image\/","url":"https:\/\/www.jobcloud.ch\/wp-content\/uploads\/2020\/02\/jobcloude-logo.svg","contentUrl":"https:\/\/www.jobcloud.ch\/wp-content\/uploads\/2020\/02\/jobcloude-logo.svg","width":160,"height":37,"caption":"JobCloud"},"image":{"@id":"https:\/\/www.jobcloud.ch\/c\/fr-ch\/#\/schema\/logo\/image\/"}}]}},"_links":{"self":[{"href":"https:\/\/www.jobcloud.ch\/c\/fr-ch\/wp-json\/wp\/v2\/pages\/48351","targetHints":{"allow":["GET"]}}],"collection":[{"href":"https:\/\/www.jobcloud.ch\/c\/fr-ch\/wp-json\/wp\/v2\/pages"}],"about":[{"href":"https:\/\/www.jobcloud.ch\/c\/fr-ch\/wp-json\/wp\/v2\/types\/page"}],"author":[{"embeddable":true,"href":"https:\/\/www.jobcloud.ch\/c\/fr-ch\/wp-json\/wp\/v2\/users\/56"}],"replies":[{"embeddable":true,"href":"https:\/\/www.jobcloud.ch\/c\/fr-ch\/wp-json\/wp\/v2\/comments?post=48351"}],"version-history":[{"count":0,"href":"https:\/\/www.jobcloud.ch\/c\/fr-ch\/wp-json\/wp\/v2\/pages\/48351\/revisions"}],"wp:attachment":[{"href":"https:\/\/www.jobcloud.ch\/c\/fr-ch\/wp-json\/wp\/v2\/media?parent=48351"}],"curies":[{"name":"wp","href":"https:\/\/api.w.org\/{rel}","templated":true}]}}