     {"id":35736,"date":"2021-03-17T09:55:14","date_gmt":"2021-03-17T08:55:14","guid":{"rendered":"https:\/\/www.jobcloud.ch\/c\/?page_id=35736"},"modified":"2025-04-15T16:09:06","modified_gmt":"2025-04-15T14:09:06","slug":"mentions-legales","status":"publish","type":"page","link":"https:\/\/www.jobcloud.ch\/c\/fr-ch\/mentions-legales\/","title":{"rendered":"Mentions l\u00e9gales"},"content":{"rendered":"<p><strong>Si\u00e8ge social<\/strong><br \/>\nJobCloud AG<br \/>\nAlbisriederstrasse 253<br \/>\nCH-8047 Z\u00fcrich<\/p>\n<p>Tel: +41 <span>44 254 69 00<br \/>\nEmail: <a href=\"mailto:info@jobcloud.ch\">info@jobcloud.ch<\/a><\/span><\/p>\n<p><strong>Bureau en Suisse Romande<\/strong><br \/>\nJobCloud SA<br \/>\nRue Eug\u00e8ne Marziano 25<br \/>\nCH-1227 Les Acacias<\/p>\n<p>Tel: <span class=\"address__tel\" itemprop=\"tel\">+41 22 707 14 00<br \/>\nEmail: <a href=\"mailto:client@jobcloud.ch\">client@jobcloud.ch<\/a><\/span><\/p>\n<p>JobCloud, entreprise num\u00e9rique leader sur le march\u00e9 suisse de l\u2019emploi, propose de nombreuses solutions de recrutement. Son portefeuille comprend des plateformes d&#8217;emploi de\u00a0renomm\u00e9es telles que <a class=\"external-link\" href=\"http:\/\/jobs.ch\" rel=\"nofollow\">jobs.ch<\/a>, <a class=\"external-link\" href=\"http:\/\/jobup.ch\" rel=\"nofollow\">jobup.ch<\/a> et <a class=\"external-link\" href=\"http:\/\/JobScout24.ch\" rel=\"nofollow\">JobScout24.ch<\/a>, ainsi que les divisions JobCloud HR Tech et JobCloud HR Services. Fond\u00e9e en 2013, JobCloud est affili\u00e9e aux entreprises de prestige Ringier et TX Group. Outre son si\u00e8ge social \u00e0 Zurich, l&#8217;entreprise est pr\u00e9sente sur plusieurs sites et emploie actuellement environ 400 personnes. JobCloud est synonyme d&#8217;efficacit\u00e9, de diversit\u00e9 et de transparence dans le secteur du recrutement et aide les entreprises \u00e0 pourvoir leurs postes vacants de mani\u00e8re optimale et les personnes en recherche d&#8217;emploi \u00e0 trouver un emploi \u00e9panouissant.<\/p>\n","protected":false},"excerpt":{"rendered":"<p>Si\u00e8ge social JobCloud AG Albisriederstrasse 253 CH-8047 Z\u00fcrich Tel: +41 44 254 69 00 Email: info@jobcloud.ch Bureau en Suisse Romande JobCloud SA&#8230;<\/p>\n","protected":false},"author":56,"featured_media":0,"parent":0,"menu_order":0,"comment_status":"closed","ping_status":"closed","template":"","meta":{"_acf_changed":false,"inline_featured_image":false,"footnotes":""},"class_list":["post-35736","page","type-page","status-publish","hentry"],"acf":[],"yoast_head":"<!-- This site is optimized with the Yoast SEO plugin v27.2 - https:\/\/yoast.com\/product\/yoast-seo-wordpress\/ -->\n<title>Mentions l\u00e9gales | JobCloud<\/title>\n<meta name=\"robots\" content=\"index, follow, max-snippet:-1, max-image-preview:large, max-video-preview:-1\" \/>\n<link rel=\"canonical\" href=\"https:\/\/www.jobcloud.ch\/c\/fr-ch\/mentions-legales\/\" \/>\n<meta property=\"og:locale\" content=\"fr_FR\" \/>\n<meta property=\"og:type\" content=\"article\" \/>\n<meta property=\"og:title\" content=\"Mentions l\u00e9gales | JobCloud\" \/>\n<meta property=\"og:description\" content=\"Si\u00e8ge social JobCloud AG Albisriederstrasse 253 CH-8047 Z\u00fcrich Tel: +41 44 254 69 00 Email: info@jobcloud.ch Bureau en Suisse Romande JobCloud SA...\" \/>\n<meta property=\"og:url\" content=\"https:\/\/www.jobcloud.ch\/c\/fr-ch\/mentions-legales\/\" \/>\n<meta property=\"og:site_name\" content=\"JobCloud\" \/>\n<meta property=\"article:modified_time\" content=\"2025-04-15T14:09:06+00:00\" \/>\n<meta name=\"twitter:card\" content=\"summary_large_image\" \/>\n<meta name=\"twitter:label1\" content=\"Est. reading time\" \/>\n\t<meta name=\"twitter:data1\" content=\"1 minute\" \/>\n<script type=\"application\/ld+json\" class=\"yoast-schema-graph\">{\"@context\":\"https:\/\/schema.org\",\"@graph\":[{\"@type\":\"WebPage\",\"@id\":\"https:\/\/www.jobcloud.ch\/c\/fr-ch\/mentions-legales\/\",\"url\":\"https:\/\/www.jobcloud.ch\/c\/fr-ch\/mentions-legales\/\",\"name\":\"Mentions l\u00e9gales | JobCloud\",\"isPartOf\":{\"@id\":\"https:\/\/www.jobcloud.ch\/c\/fr-ch\/#website\"},\"datePublished\":\"2021-03-17T08:55:14+00:00\",\"dateModified\":\"2025-04-15T14:09:06+00:00\",\"inLanguage\":\"fr-CH\",\"potentialAction\":[{\"@type\":\"ReadAction\",\"target\":[\"https:\/\/www.jobcloud.ch\/c\/fr-ch\/mentions-legales\/\"]}]},{\"@type\":\"WebSite\",\"@id\":\"https:\/\/www.jobcloud.ch\/c\/fr-ch\/#website\",\"url\":\"https:\/\/www.jobcloud.ch\/c\/fr-ch\/\",\"name\":\"JobCloud\",\"description\":\"JobCloud is the leading job portal for jobseekers in Switzerland\",\"publisher\":{\"@id\":\"https:\/\/www.jobcloud.ch\/c\/fr-ch\/#organization\"},\"potentialAction\":[{\"@type\":\"SearchAction\",\"target\":{\"@type\":\"EntryPoint\",\"urlTemplate\":\"https:\/\/www.jobcloud.ch\/c\/fr-ch\/?s={search_term_string}\"},\"query-input\":{\"@type\":\"PropertyValueSpecification\",\"valueRequired\":true,\"valueName\":\"search_term_string\"}}],\"inLanguage\":\"fr-CH\"},{\"@type\":\"Organization\",\"@id\":\"https:\/\/www.jobcloud.ch\/c\/fr-ch\/#organization\",\"name\":\"JobCloud\",\"url\":\"https:\/\/www.jobcloud.ch\/c\/fr-ch\/\",\"logo\":{\"@type\":\"ImageObject\",\"inLanguage\":\"fr-CH\",\"@id\":\"https:\/\/www.jobcloud.ch\/c\/fr-ch\/#\/schema\/logo\/image\/\",\"url\":\"https:\/\/www.jobcloud.ch\/wp-content\/uploads\/2020\/02\/jobcloude-logo.svg\",\"contentUrl\":\"https:\/\/www.jobcloud.ch\/wp-content\/uploads\/2020\/02\/jobcloude-logo.svg\",\"width\":160,\"height\":37,\"caption\":\"JobCloud\"},\"image\":{\"@id\":\"https:\/\/www.jobcloud.ch\/c\/fr-ch\/#\/schema\/logo\/image\/\"}}]}<\/script>\n<!-- \/ Yoast SEO plugin. -->","yoast_head_json":{"title":"Mentions l\u00e9gales | JobCloud","robots":{"index":"index","follow":"follow","max-snippet":"max-snippet:-1","max-image-preview":"max-image-preview:large","max-video-preview":"max-video-preview:-1"},"canonical":"https:\/\/www.jobcloud.ch\/c\/fr-ch\/mentions-legales\/","og_locale":"fr_FR","og_type":"article","og_title":"Mentions l\u00e9gales | JobCloud","og_description":"Si\u00e8ge social JobCloud AG Albisriederstrasse 253 CH-8047 Z\u00fcrich Tel: +41 44 254 69 00 Email: info@jobcloud.ch Bureau en Suisse Romande JobCloud SA...","og_url":"https:\/\/www.jobcloud.ch\/c\/fr-ch\/mentions-legales\/","og_site_name":"JobCloud","article_modified_time":"2025-04-15T14:09:06+00:00","twitter_card":"summary_large_image","twitter_misc":{"Est. reading time":"1 minute"},"schema":{"@context":"https:\/\/schema.org","@graph":[{"@type":"WebPage","@id":"https:\/\/www.jobcloud.ch\/c\/fr-ch\/mentions-legales\/","url":"https:\/\/www.jobcloud.ch\/c\/fr-ch\/mentions-legales\/","name":"Mentions l\u00e9gales | JobCloud","isPartOf":{"@id":"https:\/\/www.jobcloud.ch\/c\/fr-ch\/#website"},"datePublished":"2021-03-17T08:55:14+00:00","dateModified":"2025-04-15T14:09:06+00:00","inLanguage":"fr-CH","potentialAction":[{"@type":"ReadAction","target":["https:\/\/www.jobcloud.ch\/c\/fr-ch\/mentions-legales\/"]}]},{"@type":"WebSite","@id":"https:\/\/www.jobcloud.ch\/c\/fr-ch\/#website","url":"https:\/\/www.jobcloud.ch\/c\/fr-ch\/","name":"JobCloud","description":"JobCloud is the leading job portal for jobseekers in Switzerland","publisher":{"@id":"https:\/\/www.jobcloud.ch\/c\/fr-ch\/#organization"},"potentialAction":[{"@type":"SearchAction","target":{"@type":"EntryPoint","urlTemplate":"https:\/\/www.jobcloud.ch\/c\/fr-ch\/?s={search_term_string}"},"query-input":{"@type":"PropertyValueSpecification","valueRequired":true,"valueName":"search_term_string"}}],"inLanguage":"fr-CH"},{"@type":"Organization","@id":"https:\/\/www.jobcloud.ch\/c\/fr-ch\/#organization","name":"JobCloud","url":"https:\/\/www.jobcloud.ch\/c\/fr-ch\/","logo":{"@type":"ImageObject","inLanguage":"fr-CH","@id":"https:\/\/www.jobcloud.ch\/c\/fr-ch\/#\/schema\/logo\/image\/","url":"https:\/\/www.jobcloud.ch\/wp-content\/uploads\/2020\/02\/jobcloude-logo.svg","contentUrl":"https:\/\/www.jobcloud.ch\/wp-content\/uploads\/2020\/02\/jobcloude-logo.svg","width":160,"height":37,"caption":"JobCloud"},"image":{"@id":"https:\/\/www.jobcloud.ch\/c\/fr-ch\/#\/schema\/logo\/image\/"}}]}},"_links":{"self":[{"href":"https:\/\/www.jobcloud.ch\/c\/fr-ch\/wp-json\/wp\/v2\/pages\/35736","targetHints":{"allow":["GET"]}}],"collection":[{"href":"https:\/\/www.jobcloud.ch\/c\/fr-ch\/wp-json\/wp\/v2\/pages"}],"about":[{"href":"https:\/\/www.jobcloud.ch\/c\/fr-ch\/wp-json\/wp\/v2\/types\/page"}],"author":[{"embeddable":true,"href":"https:\/\/www.jobcloud.ch\/c\/fr-ch\/wp-json\/wp\/v2\/users\/56"}],"replies":[{"embeddable":true,"href":"https:\/\/www.jobcloud.ch\/c\/fr-ch\/wp-json\/wp\/v2\/comments?post=35736"}],"version-history":[{"count":0,"href":"https:\/\/www.jobcloud.ch\/c\/fr-ch\/wp-json\/wp\/v2\/pages\/35736\/revisions"}],"wp:attachment":[{"href":"https:\/\/www.jobcloud.ch\/c\/fr-ch\/wp-json\/wp\/v2\/media?parent=35736"}],"curies":[{"name":"wp","href":"https:\/\/api.w.org\/{rel}","templated":true}]}}