     {"id":3302,"date":"2020-04-22T14:34:22","date_gmt":"2020-04-22T12:34:22","guid":{"rendered":"https:\/\/www.jobcloud.ch\/c\/technologies\/joveo\/"},"modified":"2026-04-07T14:14:01","modified_gmt":"2026-04-07T12:14:01","slug":"joveo","status":"publish","type":"page","link":"https:\/\/www.jobcloud.ch\/c\/fr-ch\/technologies\/joveo\/","title":{"rendered":"Joveo"},"content":{"rendered":"<div class=\"wpb-content-wrapper\"><p>[vc_row gap=&#8221;35&#8243; equal_height=&#8221;yes&#8221; content_placement=&#8221;middle&#8221; el_id=&#8221;reverse-row&#8221;][vc_column width=&#8221;1\/2&#8243; el_id=&#8221;reverse-row-order-first&#8221;][vc_custom_heading text=&#8221;Am\u00e9liorez la qualit\u00e9, la vitesse et la pr\u00e9cision de vos recrutements&#8221; font_container=&#8221;tag:h1|text_align:left&#8221; use_theme_fonts=&#8221;yes&#8221; el_class=&#8221;home_h1&#8243;][vc_custom_heading text=&#8221;Convertissez les talents les plus adapt\u00e9s \u00e0 vos besoins en candidats puis en employ\u00e9s gr\u00e2ce \u00e0 Joveo, la solution de distribution programmatique d\u2019offres d\u2019emploi la plus compl\u00e8te du march\u00e9. Pour un recrutement simple sur des centaines de sources.&#8221; font_container=&#8221;tag:p|text_align:left&#8221; use_theme_fonts=&#8221;yes&#8221; el_class=&#8221;opcity-cls-row&#8221;][vc_btn title=&#8221;Demandez une d\u00e9mo personnalis\u00e9e&#8221; style=&#8221;custom&#8221; custom_background=&#8221;#93559e&#8221; custom_text=&#8221;#ffffff&#8221; el_class=&#8221;button-cls-row&#8221; link=&#8221;url:https%3A%2F%2Fwww.jobcloud.ch%2Fc%2Ffr-ch%2Fdemandez-demo-joveo%2F|||&#8221; vc_btn_link=&#8221;joveo_fr_request_demo&#8221;][\/vc_column][vc_column css_animation=&#8221;none&#8221; width=&#8221;1\/2&#8243; css=&#8221;.vc_custom_1619169767844{margin-right: -10px !important;margin-left: -10px !important;background-position: center !important;background-repeat: no-repeat !important;background-size: contain !important;}&#8221; el_id=&#8221;reverse-row-order-second&#8221;][vc_single_image image=&#8221;36937&#8243; img_size=&#8221;full&#8221; alignment=&#8221;center&#8221; el_class=&#8221;image-responsive-row&#8221;][\/vc_column][\/vc_row][vc_row][vc_column][vc_column_text]<\/p>\n<h2 style=\"text-align: center; margin-bottom: 10px;\">Joveo booste votre recrutement<\/h2>\n<p>[\/vc_column_text][vc_column_text el_class=&#8221;grayed-text&#8221; el_id=&#8221;opcity-cls-row&#8221;]<\/p>\n<p style=\"text-align: center;\">Avec Joveo, mettez fin \u00e0 la difficult\u00e9 de g\u00e9rer des centaines de sources de candidats avec des interfaces et mod\u00e8les de rapports tous diff\u00e9rents. L\u2019outil Joveo centralise lui-m\u00eame les informations et vous pr\u00e9sente vos futurs collaborateurs en un minimum de temps. Tout en vous permettant d\u2019optimiser vos d\u00e9penses publicitaires et vos r\u00e9sultats en un seul et m\u00eame endroit.<\/p>\n<p>[\/vc_column_text][\/vc_column][\/vc_row][vc_row el_class=&#8221;row_hiring&#8221;][vc_column][vc_row_inner gap=&#8221;35&#8243;][vc_column_inner el_class=&#8221;vc_col-sm-1_5&#8243; width=&#8221;1\/5&#8243;][vc_single_image image=&#8221;3426&#8243; img_size=&#8221;full&#8221; alignment=&#8221;center&#8221;][vc_column_text css=&#8221;.vc_custom_1587559143500{padding-top: 20px !important;}&#8221;]<\/p>\n<p style=\"text-align: center;\"><strong>Technologie de distribution programmatique novatrice<\/strong><\/p>\n<p>[\/vc_column_text][\/vc_column_inner][vc_column_inner el_class=&#8221;vc_col-sm-1_5&#8243; width=&#8221;1\/5&#8243;][vc_single_image image=&#8221;3423&#8243; img_size=&#8221;full&#8221; alignment=&#8221;center&#8221;][vc_column_text css=&#8221;.vc_custom_1587559147088{padding-top: 20px !important;}&#8221;]<\/p>\n<p style=\"text-align: center;\"><strong>Volume de candidats ad\u00e9quats et taux de conversion plus \u00e9lev\u00e9s<\/strong><\/p>\n<p>[\/vc_column_text][\/vc_column_inner][vc_column_inner el_class=&#8221;vc_col-sm-1_5&#8243; width=&#8221;1\/5&#8243;][vc_single_image image=&#8221;3424&#8243; img_size=&#8221;full&#8221; alignment=&#8221;center&#8221;][vc_column_text css=&#8221;.vc_custom_1587559150773{padding-top: 20px !important;}&#8221;]<\/p>\n<p style=\"text-align: center;\"><strong>Time to Hire plus rapide<\/strong><\/p>\n<p>[\/vc_column_text][\/vc_column_inner][vc_column_inner el_class=&#8221;vc_col-sm-1_5&#8243; width=&#8221;1\/5&#8243;][vc_single_image image=&#8221;3425&#8243; img_size=&#8221;full&#8221; alignment=&#8221;center&#8221;][vc_column_text css=&#8221;.vc_custom_1587559154840{padding-top: 20px !important;}&#8221;]<\/p>\n<p style=\"text-align: center;\"><strong>Retour sur investissement (ROI) de 40% plus \u00e9lev\u00e9 gr\u00e2ce \u00e0 l\u2019efficacit\u00e9, \u00e0 la visibilit\u00e9 et au contr\u00f4le accrus<\/strong><\/p>\n<p>[\/vc_column_text][\/vc_column_inner][vc_column_inner el_class=&#8221;vc_col-sm-1_5&#8243; width=&#8221;1\/5&#8243;][vc_single_image image=&#8221;3417&#8243; img_size=&#8221;full&#8221; alignment=&#8221;center&#8221;][vc_column_text css=&#8221;.vc_custom_1587559159331{padding-top: 20px !important;}&#8221;]<\/p>\n<p style=\"text-align: center;\"><strong>Transparence totale en mati\u00e8re de budget<\/strong><\/p>\n<p>[\/vc_column_text][\/vc_column_inner][\/vc_row_inner][\/vc_column][\/vc_row][vc_row el_class=&#8221;row_build&#8221;][vc_column][vc_column_text el_class=&#8221;home_h2_h4&#8243;]<\/p>\n<h2 style=\"text-align: center;\">Simplicit\u00e9 globalis\u00e9e pour acheter, g\u00e9rer et suivre toutes vos activit\u00e9s<\/h2>\n<p>[\/vc_column_text][\/vc_column][\/vc_row][vc_row gap=&#8221;35&#8243; equal_height=&#8221;yes&#8221; content_placement=&#8221;middle&#8221; el_class=&#8221;row_reach&#8221; el_id=&#8221;reverse-row&#8221;][vc_column width=&#8221;1\/2&#8243; el_id=&#8221;reverse-row-order-first&#8221;][vc_column_text el_class=&#8221;home_h2_h4&#8243;]<\/p>\n<h3>Exploitez tout le potentiel de la technologie de distribution programmatique d\u2019annonces de Joveo<\/h3>\n<p class=\"opcity-cls-row\">La distribution programmatique d\u2019offres d\u2019emploi est une approche automatis\u00e9e et fond\u00e9e sur des r\u00e8gles qui garantissent la diffusion de vos annonces sur les plateformes de distribution les plus pertinentes et efficaces au bon moment et au bon prix. Vous obtenez ainsi un meilleur ROI pour votre recrutement.<\/p>\n<p>[\/vc_column_text][\/vc_column][vc_column width=&#8221;1\/2&#8243; el_id=&#8221;reverse-row-order-second&#8221;][vc_single_image image=&#8221;3290&#8243; img_size=&#8221;full&#8221;][\/vc_column][\/vc_row][vc_row gap=&#8221;35&#8243; equal_height=&#8221;yes&#8221; content_placement=&#8221;middle&#8221; el_class=&#8221;row_target&#8221;][vc_column width=&#8221;1\/2&#8243;][vc_single_image image=&#8221;3294&#8243; img_size=&#8221;full&#8221;][\/vc_column][vc_column width=&#8221;1\/2&#8243;][vc_column_text el_class=&#8221;home_h2_h4&#8243;]<\/p>\n<h3>Acc\u00e9dez \u00e0 la puissance du march\u00e9 de Joveo<\/h3>\n<p class=\"opcity-cls-row\">Joveo met \u00e0 votre disposition une interface unique et simple d\u2019utilisation afin d\u2019acheter, de g\u00e9rer et de suivre vos offres d\u2019emploi sur des centaines de sources avec une bonne visibilit\u00e9 et un syst\u00e8me de ma\u00eetrise des co\u00fbts. Contr\u00f4lez votre s\u00e9lection des m\u00e9dias, suivez les r\u00e9sultats et optimisez vos param\u00e8tres pour obtenir la meilleure performance. Joveo simplifie votre recrutement tout en vous garantissant une diffusion plus large et un meilleur ROI.<\/p>\n<p>[\/vc_column_text][\/vc_column][\/vc_row][vc_row gap=&#8221;35&#8243; equal_height=&#8221;yes&#8221; content_placement=&#8221;middle&#8221; el_class=&#8221;row_attract&#8221; el_id=&#8221;reverse-row&#8221;][vc_column width=&#8221;1\/2&#8243; el_id=&#8221;reverse-row-order-first&#8221;][vc_column_text el_class=&#8221;home_h2_h4&#8243;]<\/p>\n<h3>Boostez vos r\u00e9sultats \u00e0 travers l\u2019optimisation du taux de conversion et le r\u00e9engagement<\/h3>\n<p class=\"opcity-cls-row\">Si vous postez vos offres d\u2019emploi et que vous vous contentez d\u2019esp\u00e9rer des retours (<em>post &amp; pray<\/em>), vous limitez vos r\u00e9sultats. Joveo vous offre la possibilit\u00e9 de devenir un recruteur plus efficace \u00e0 travers l\u2019optimisation du taux de conversion gr\u00e2ce \u00e0 la fonctionnalit\u00e9 \u201cclick to apply\u201d et un r\u00e9-engagement cibl\u00e9. Ainsi, <span>vous vous assurez d\u2019\u00eatre visible aupr\u00e8s<\/span><span> des meilleurs candidats.<\/span><\/p>\n<p>[\/vc_column_text][\/vc_column][vc_column width=&#8221;1\/2&#8243; el_id=&#8221;reverse-row-order-second&#8221;][vc_single_image image=&#8221;3287&#8243; img_size=&#8221;full&#8221;][\/vc_column][\/vc_row][vc_row gap=&#8221;35&#8243; equal_height=&#8221;yes&#8221; content_placement=&#8221;middle&#8221; el_class=&#8221;row_target&#8221;][vc_column width=&#8221;1\/2&#8243;][vc_single_image image=&#8221;2597&#8243; img_size=&#8221;full&#8221;][\/vc_column][vc_column width=&#8221;1\/2&#8243;][vc_column_text el_class=&#8221;row_manage&#8221;]<\/p>\n<h3>Am\u00e9lioration continue gr\u00e2ce \u00e0 la boucle d\u2019apprentissage et de visibilit\u00e9 de Joveo<\/h3>\n<p class=\"opcity-cls-row\">La technologie programmatique Joveo \u00e9tant automatis\u00e9e, les informations et connaissances acquises sont automatiquement utilis\u00e9es pour une am\u00e9lioration <span>en continu des r\u00e9sultats obtenus<\/span>. Par ailleurs, la transparence totale du syst\u00e8me vous permet de consulter \u00e0 tout moment comment vos d\u00e9penses sont utilis\u00e9es et quelles sont leurs performances.<\/p>\n<p>[\/vc_column_text][\/vc_column][\/vc_row][vc_row css=&#8221;.vc_custom_1581692456584{margin-right: -20px !important;margin-left: -20px !important;background: #e5f2f4 url(\/wp-content\/uploads\/2020\/02\/carousel-bg.png?id=207) !important;background-position: center !important;background-repeat: no-repeat !important;background-size: contain !important;border-radius: 10px !important;}&#8221; el_class=&#8221;row_testimonial&#8221;][vc_column css=&#8221;.vc_custom_1581691241144{padding-top: 90px !important;padding-bottom: 90px !important;background-position: 0 0 !important;background-repeat: no-repeat !important;}&#8221; el_class=&#8221;testimonials&#8221;][vc_column_text el_class=&#8221;home_h2_h4&#8243;]<\/p>\n<h2 style=\"text-align: center;\">Am\u00e9liorez votre recrutement avec Joveo, notre partenaire technologique de confiance<\/h2>\n<p>[\/vc_column_text]<div class=\"slider slider--inline-arrows\" data-arrows=\"true\" data-paging=\"true\">\n\t<ul class=\"slides\">\n\t\t<li>\n\t<div class=\"row\">\n\t\t<div class=\"testimonial\">\n\t\t\t<div class=\"testimonial-image col-md-4 col-sm-4 col-xs-12 text-center\">\n\t\t\t\t<img fetchpriority=\"high\" decoding=\"async\" width=\"427\" height=\"640\" src=\"https:\/\/www.jobcloud.ch\/wp-content\/uploads\/2020\/04\/Untitled-design-81.png\" class=\"testimonial__image wp-post-image\" alt=\"\" srcset=\"https:\/\/www.jobcloud.ch\/wp-content\/uploads\/2020\/04\/Untitled-design-81.png 427w, https:\/\/www.jobcloud.ch\/wp-content\/uploads\/2020\/04\/Untitled-design-81-200x300.png 200w\" sizes=\"(max-width: 427px) 100vw, 427px\" \/>\t\t\t<\/div>\n\t\t\t<div class=\"testimonial-text col-md-8 pl-3 col-sm-8 col-xs-12\">\n\t\t\t\t<span class=\"h3\">&ldquo;La qualit\u00e9 des candidats est tr\u00e8s \u00e9lev\u00e9e. Contrairement aux autres plateformes, je trouve des personnes qui recherchent un emploi activement et qui viennent juste de faire leurs premiers pas sur le march\u00e9 du travail. Il s'agit des profils les plus int\u00e9ressants!&rdquo;\n\t\t\t\t<\/span>\n\t\t\t\t<h5>Nikolaus Sch\u00f6necker<\/h5>, <span>Sales Manager chez RM Group<\/span>\t\t\t<\/div>\n\t\t<\/div>\n\t<\/div><!--end of row-->\n<\/li>\t<\/ul>\n<\/div>[\/vc_column][\/vc_row][vc_row el_class=&#8221;row_tech&#8221;][vc_column el_class=&#8221;button-center-cls&#8221;][vc_column_text el_class=&#8221;home_h2_h4&#8243;]<\/p>\n<h2 style=\"text-align: center;\">Commencez \u00e0 utiliser Joveo d\u00e8s maintenant avec JobCloud<\/h2>\n<p>[\/vc_column_text][vc_column_text css=&#8221;.vc_custom_1589360831884{margin-bottom: 35px !important;}&#8221; el_class=&#8221;opcity-cls-row&#8221;]<\/p>\n<p class=\"lead\" style=\"text-align: center; font-size: 20px;\">Contactez notre \u00e9quipe pour discuter de l\u2019impact que pourrait avoir l\u2019int\u00e9gration de Joveo dans votre strat\u00e9gie de recrutement.<\/p>\n<p>[\/vc_column_text][vc_btn title=&#8221;Demandez une d\u00e9mo personnalis\u00e9e&#8221; style=&#8221;custom&#8221; custom_background=&#8221;#93559e&#8221; custom_text=&#8221;#ffffff&#8221; el_class=&#8221;button-cls-row&#8221; link=&#8221;url:https%3A%2F%2Fwww.jobcloud.ch%2Fc%2Ffr-ch%2Fdemandez-demo-joveo%2F|||&#8221; vc_btn_link=&#8221;joveo_fr_getstarted&#8221;][\/vc_column][\/vc_row][vc_row full_width=&#8221;stretch_row&#8221; el_class=&#8221;row_img_placeholder&#8221;][vc_column][\/vc_column][\/vc_row]<\/p>\n<\/div>","protected":false},"excerpt":{"rendered":"<p>[vc_row gap=&#8221;35&#8243; equal_height=&#8221;yes&#8221; content_placement=&#8221;middle&#8221; el_id=&#8221;reverse-row&#8221;][vc_column width=&#8221;1\/2&#8243; el_id=&#8221;reverse-row-order-first&#8221;][vc_custom_heading text=&#8221;Am\u00e9liorez la qualit\u00e9, la vitesse et la pr\u00e9cision de vos recrutements&#8221; font_container=&#8221;tag:h1|text_align:left&#8221; use_theme_fonts=&#8221;yes&#8221; el_class=&#8221;home_h1&#8243;][vc_custom_heading text=&#8221;Convertissez&#8230;<\/p>\n","protected":false},"author":2,"featured_media":0,"parent":2543,"menu_order":0,"comment_status":"open","ping_status":"closed","template":"","meta":{"_acf_changed":false,"inline_featured_image":false,"footnotes":""},"class_list":["post-3302","page","type-page","status-publish","hentry"],"acf":[],"yoast_head":"<!-- This site is optimized with the Yoast SEO plugin v27.2 - https:\/\/yoast.com\/product\/yoast-seo-wordpress\/ -->\n<title>Utilisez Joveo pour les annonces programmatiques | JobCloud<\/title>\n<meta name=\"description\" content=\"Utilisez Joveo, le premier prestataire de technologies de publicit\u00e9 programmatique, qui vous permet de trouver les meilleurs talents pour chaque poste plus rapidement, gr\u00e2ce \u00e0 JobCloud.\" \/>\n<meta name=\"robots\" content=\"index, follow, max-snippet:-1, max-image-preview:large, max-video-preview:-1\" \/>\n<link rel=\"canonical\" href=\"https:\/\/www.jobcloud.ch\/c\/fr-ch\/technologies\/joveo\/\" \/>\n<meta property=\"og:locale\" content=\"fr_FR\" \/>\n<meta property=\"og:type\" content=\"article\" \/>\n<meta property=\"og:title\" content=\"Utilisez Joveo pour les annonces programmatiques | JobCloud\" \/>\n<meta property=\"og:description\" content=\"Utilisez Joveo, le premier prestataire de technologies de publicit\u00e9 programmatique, qui vous permet de trouver les meilleurs talents pour chaque poste plus rapidement, gr\u00e2ce \u00e0 JobCloud.\" \/>\n<meta property=\"og:url\" content=\"https:\/\/www.jobcloud.ch\/c\/fr-ch\/technologies\/joveo\/\" \/>\n<meta property=\"og:site_name\" content=\"JobCloud\" \/>\n<meta property=\"article:modified_time\" content=\"2026-04-07T12:14:01+00:00\" \/>\n<meta name=\"twitter:card\" content=\"summary_large_image\" \/>\n<meta name=\"twitter:label1\" content=\"Est. reading time\" \/>\n\t<meta name=\"twitter:data1\" content=\"3 minutes\" \/>\n<script type=\"application\/ld+json\" class=\"yoast-schema-graph\">{\"@context\":\"https:\/\/schema.org\",\"@graph\":[{\"@type\":\"WebPage\",\"@id\":\"https:\/\/www.jobcloud.ch\/c\/fr-ch\/technologies\/joveo\/\",\"url\":\"https:\/\/www.jobcloud.ch\/c\/fr-ch\/technologies\/joveo\/\",\"name\":\"Utilisez Joveo pour les annonces programmatiques | JobCloud\",\"isPartOf\":{\"@id\":\"https:\/\/www.jobcloud.ch\/c\/fr-ch\/#website\"},\"datePublished\":\"2020-04-22T12:34:22+00:00\",\"dateModified\":\"2026-04-07T12:14:01+00:00\",\"description\":\"Utilisez Joveo, le premier prestataire de technologies de publicit\u00e9 programmatique, qui vous permet de trouver les meilleurs talents pour chaque poste plus rapidement, gr\u00e2ce \u00e0 JobCloud.\",\"breadcrumb\":{\"@id\":\"https:\/\/www.jobcloud.ch\/c\/fr-ch\/technologies\/joveo\/#breadcrumb\"},\"inLanguage\":\"fr-CH\",\"potentialAction\":[{\"@type\":\"ReadAction\",\"target\":[\"https:\/\/www.jobcloud.ch\/c\/fr-ch\/technologies\/joveo\/\"]}]},{\"@type\":\"BreadcrumbList\",\"@id\":\"https:\/\/www.jobcloud.ch\/c\/fr-ch\/technologies\/joveo\/#breadcrumb\",\"itemListElement\":[{\"@type\":\"ListItem\",\"position\":1,\"name\":\"Technologies\",\"item\":\"https:\/\/www.jobcloud.ch\/c\/fr-ch\/technologies\/\"},{\"@type\":\"ListItem\",\"position\":2,\"name\":\"Joveo\"}]},{\"@type\":\"WebSite\",\"@id\":\"https:\/\/www.jobcloud.ch\/c\/fr-ch\/#website\",\"url\":\"https:\/\/www.jobcloud.ch\/c\/fr-ch\/\",\"name\":\"JobCloud\",\"description\":\"JobCloud is the leading job portal for jobseekers in Switzerland\",\"publisher\":{\"@id\":\"https:\/\/www.jobcloud.ch\/c\/fr-ch\/#organization\"},\"potentialAction\":[{\"@type\":\"SearchAction\",\"target\":{\"@type\":\"EntryPoint\",\"urlTemplate\":\"https:\/\/www.jobcloud.ch\/c\/fr-ch\/?s={search_term_string}\"},\"query-input\":{\"@type\":\"PropertyValueSpecification\",\"valueRequired\":true,\"valueName\":\"search_term_string\"}}],\"inLanguage\":\"fr-CH\"},{\"@type\":\"Organization\",\"@id\":\"https:\/\/www.jobcloud.ch\/c\/fr-ch\/#organization\",\"name\":\"JobCloud\",\"url\":\"https:\/\/www.jobcloud.ch\/c\/fr-ch\/\",\"logo\":{\"@type\":\"ImageObject\",\"inLanguage\":\"fr-CH\",\"@id\":\"https:\/\/www.jobcloud.ch\/c\/fr-ch\/#\/schema\/logo\/image\/\",\"url\":\"https:\/\/www.jobcloud.ch\/wp-content\/uploads\/2020\/02\/jobcloude-logo.svg\",\"contentUrl\":\"https:\/\/www.jobcloud.ch\/wp-content\/uploads\/2020\/02\/jobcloude-logo.svg\",\"width\":160,\"height\":37,\"caption\":\"JobCloud\"},\"image\":{\"@id\":\"https:\/\/www.jobcloud.ch\/c\/fr-ch\/#\/schema\/logo\/image\/\"}}]}<\/script>\n<!-- \/ Yoast SEO plugin. -->","yoast_head_json":{"title":"Utilisez Joveo pour les annonces programmatiques | JobCloud","description":"Utilisez Joveo, le premier prestataire de technologies de publicit\u00e9 programmatique, qui vous permet de trouver les meilleurs talents pour chaque poste plus rapidement, gr\u00e2ce \u00e0 JobCloud.","robots":{"index":"index","follow":"follow","max-snippet":"max-snippet:-1","max-image-preview":"max-image-preview:large","max-video-preview":"max-video-preview:-1"},"canonical":"https:\/\/www.jobcloud.ch\/c\/fr-ch\/technologies\/joveo\/","og_locale":"fr_FR","og_type":"article","og_title":"Utilisez Joveo pour les annonces programmatiques | JobCloud","og_description":"Utilisez Joveo, le premier prestataire de technologies de publicit\u00e9 programmatique, qui vous permet de trouver les meilleurs talents pour chaque poste plus rapidement, gr\u00e2ce \u00e0 JobCloud.","og_url":"https:\/\/www.jobcloud.ch\/c\/fr-ch\/technologies\/joveo\/","og_site_name":"JobCloud","article_modified_time":"2026-04-07T12:14:01+00:00","twitter_card":"summary_large_image","twitter_misc":{"Est. reading time":"3 minutes"},"schema":{"@context":"https:\/\/schema.org","@graph":[{"@type":"WebPage","@id":"https:\/\/www.jobcloud.ch\/c\/fr-ch\/technologies\/joveo\/","url":"https:\/\/www.jobcloud.ch\/c\/fr-ch\/technologies\/joveo\/","name":"Utilisez Joveo pour les annonces programmatiques | JobCloud","isPartOf":{"@id":"https:\/\/www.jobcloud.ch\/c\/fr-ch\/#website"},"datePublished":"2020-04-22T12:34:22+00:00","dateModified":"2026-04-07T12:14:01+00:00","description":"Utilisez Joveo, le premier prestataire de technologies de publicit\u00e9 programmatique, qui vous permet de trouver les meilleurs talents pour chaque poste plus rapidement, gr\u00e2ce \u00e0 JobCloud.","breadcrumb":{"@id":"https:\/\/www.jobcloud.ch\/c\/fr-ch\/technologies\/joveo\/#breadcrumb"},"inLanguage":"fr-CH","potentialAction":[{"@type":"ReadAction","target":["https:\/\/www.jobcloud.ch\/c\/fr-ch\/technologies\/joveo\/"]}]},{"@type":"BreadcrumbList","@id":"https:\/\/www.jobcloud.ch\/c\/fr-ch\/technologies\/joveo\/#breadcrumb","itemListElement":[{"@type":"ListItem","position":1,"name":"Technologies","item":"https:\/\/www.jobcloud.ch\/c\/fr-ch\/technologies\/"},{"@type":"ListItem","position":2,"name":"Joveo"}]},{"@type":"WebSite","@id":"https:\/\/www.jobcloud.ch\/c\/fr-ch\/#website","url":"https:\/\/www.jobcloud.ch\/c\/fr-ch\/","name":"JobCloud","description":"JobCloud is the leading job portal for jobseekers in Switzerland","publisher":{"@id":"https:\/\/www.jobcloud.ch\/c\/fr-ch\/#organization"},"potentialAction":[{"@type":"SearchAction","target":{"@type":"EntryPoint","urlTemplate":"https:\/\/www.jobcloud.ch\/c\/fr-ch\/?s={search_term_string}"},"query-input":{"@type":"PropertyValueSpecification","valueRequired":true,"valueName":"search_term_string"}}],"inLanguage":"fr-CH"},{"@type":"Organization","@id":"https:\/\/www.jobcloud.ch\/c\/fr-ch\/#organization","name":"JobCloud","url":"https:\/\/www.jobcloud.ch\/c\/fr-ch\/","logo":{"@type":"ImageObject","inLanguage":"fr-CH","@id":"https:\/\/www.jobcloud.ch\/c\/fr-ch\/#\/schema\/logo\/image\/","url":"https:\/\/www.jobcloud.ch\/wp-content\/uploads\/2020\/02\/jobcloude-logo.svg","contentUrl":"https:\/\/www.jobcloud.ch\/wp-content\/uploads\/2020\/02\/jobcloude-logo.svg","width":160,"height":37,"caption":"JobCloud"},"image":{"@id":"https:\/\/www.jobcloud.ch\/c\/fr-ch\/#\/schema\/logo\/image\/"}}]}},"_links":{"self":[{"href":"https:\/\/www.jobcloud.ch\/c\/fr-ch\/wp-json\/wp\/v2\/pages\/3302","targetHints":{"allow":["GET"]}}],"collection":[{"href":"https:\/\/www.jobcloud.ch\/c\/fr-ch\/wp-json\/wp\/v2\/pages"}],"about":[{"href":"https:\/\/www.jobcloud.ch\/c\/fr-ch\/wp-json\/wp\/v2\/types\/page"}],"author":[{"embeddable":true,"href":"https:\/\/www.jobcloud.ch\/c\/fr-ch\/wp-json\/wp\/v2\/users\/2"}],"replies":[{"embeddable":true,"href":"https:\/\/www.jobcloud.ch\/c\/fr-ch\/wp-json\/wp\/v2\/comments?post=3302"}],"version-history":[{"count":1,"href":"https:\/\/www.jobcloud.ch\/c\/fr-ch\/wp-json\/wp\/v2\/pages\/3302\/revisions"}],"predecessor-version":[{"id":106580,"href":"https:\/\/www.jobcloud.ch\/c\/fr-ch\/wp-json\/wp\/v2\/pages\/3302\/revisions\/106580"}],"up":[{"embeddable":true,"href":"https:\/\/www.jobcloud.ch\/c\/fr-ch\/wp-json\/wp\/v2\/pages\/2543"}],"wp:attachment":[{"href":"https:\/\/www.jobcloud.ch\/c\/fr-ch\/wp-json\/wp\/v2\/media?parent=3302"}],"curies":[{"name":"wp","href":"https:\/\/api.w.org\/{rel}","templated":true}]}}