     {"id":2563,"date":"2020-03-27T10:40:13","date_gmt":"2020-03-27T10:40:13","guid":{"rendered":"https:\/\/www.jobcloud.ch\/produits\/marque-employeur\/"},"modified":"2024-11-15T08:49:17","modified_gmt":"2024-11-15T07:49:17","slug":"marque-employeur","status":"publish","type":"page","link":"https:\/\/www.jobcloud.ch\/c\/fr-ch\/produits\/marque-employeur\/","title":{"rendered":"Marque employeur"},"content":{"rendered":"<div class=\"wpb-content-wrapper\"><p>[vc_row gap=&#8221;35&#8243; equal_height=&#8221;yes&#8221; content_placement=&#8221;middle&#8221; el_id=&#8221;reverse-row&#8221;][vc_column width=&#8221;1\/2&#8243; el_id=&#8221;reverse-row-order-first&#8221;][vc_custom_heading text=&#8221;Inspirez et motivez les meilleurs candidats \u00e0 postuler&#8221; font_container=&#8221;tag:h1|text_align:left&#8221; use_theme_fonts=&#8221;yes&#8221; el_class=&#8221;home_h1&#8243;][vc_custom_heading text=&#8221;Pour vous d\u00e9marquer, pr\u00e9sentez une marque employeur forte au plus grand pool de candidats de Suisse.&#8221; font_container=&#8221;tag:p|text_align:left&#8221; use_theme_fonts=&#8221;yes&#8221; el_class=&#8221;opcity-cls-row&#8221;][vc_btn title=&#8221;Contacter le service des ventes&#8221; style=&#8221;custom&#8221; custom_background=&#8221;#93559e&#8221; custom_text=&#8221;#ffffff&#8221; el_class=&#8221;button-cls-row&#8221; link=&#8221;url:%23pricing|&#8221; vc_btn_link=&#8221;marque-employeur_fr_plan&#8221;][\/vc_column][vc_column css_animation=&#8221;none&#8221; width=&#8221;1\/2&#8243; css=&#8221;.vc_custom_1584959280424{background-position: center !important;background-repeat: no-repeat !important;background-size: contain !important;}&#8221; el_id=&#8221;reverse-row-order-second&#8221;][vc_single_image image=&#8221;2564&#8243; img_size=&#8221;full&#8221; alignment=&#8221;center&#8221; el_class=&#8221;image-responsive-row&#8221;][\/vc_column][\/vc_row][vc_row][vc_column][vc_column_text]<\/p>\n<h2 style=\"text-align: center; margin-bottom: 10px;\">Votre marque employeur avec les outils JobCloud<\/h2>\n<p>[\/vc_column_text][vc_column_text el_class=&#8221;grayed-text&#8221; el_id=&#8221;opcity-cls-row&#8221;]<\/p>\n<p style=\"text-align: center;\">Chaque entreprise a une marque employeur m\u00eame si elle n\u2019en est pas consciente. Construisez <span>proactivement<\/span> une marque qui montre le meilleur de votre entreprise et qui motive les candidats id\u00e9als \u00e0 postuler chez vous.<\/p>\n<p>[\/vc_column_text][\/vc_column][\/vc_row][vc_row gap=&#8221;35&#8243; equal_height=&#8221;yes&#8221; content_placement=&#8221;middle&#8221; el_class=&#8221;row_reach&#8221; el_id=&#8221;reverse-row&#8221;][vc_column width=&#8221;1\/2&#8243; el_id=&#8221;reverse-row-order-first&#8221;][vc_column_text el_class=&#8221;home_h2_h4&#8243;]<\/p>\n<h3>Montrez le visage de votre entreprise<\/h3>\n<p class=\"opcity-cls-row\">Cr\u00e9ez un portrait d\u2019entreprise et renforcez ainsi gratuitement votre marque employeur. Plus de 22\u2019000 autres entreprises suisses l\u2019ont d\u00e9j\u00e0 fait. Gr\u00e2ce \u00e0 des \u00e9valuations r\u00e9alistes coupl\u00e9es \u00e0 des informations d\u00e9taill\u00e9es, vous attirez les candidats ad\u00e9quats \u00e0 travers l\u2019authenticit\u00e9 de votre marque.<\/p>\n<p><a href=\"#pricing\">Choisissez le portrait d\u2019entreprise Limited \u2192<\/a>[\/vc_column_text][\/vc_column][vc_column width=&#8221;1\/2&#8243; el_id=&#8221;reverse-row-order-second&#8221;][vc_single_image image=&#8221;46552&#8243; img_size=&#8221;full&#8221;][\/vc_column][\/vc_row][vc_row gap=&#8221;35&#8243; equal_height=&#8221;yes&#8221; content_placement=&#8221;middle&#8221; el_class=&#8221;row_target&#8221;][vc_column width=&#8221;1\/2&#8243;][vc_single_image image=&#8221;46551&#8243; img_size=&#8221;full&#8221;][\/vc_column][vc_column width=&#8221;1\/2&#8243;][vc_column_text el_class=&#8221;home_h2_h4&#8243;]<\/p>\n<h3>Attirez les bons candidats sur votre portrait d\u2019entreprise<\/h3>\n<p class=\"opcity-cls-row\">Vous obtenez les meilleurs r\u00e9sultats de recrutement lorsque votre portrait d\u2019entreprise et vos offres d\u2019emploi sont visibles par les candidats les plus qualifi\u00e9s. C\u2019est pourquoi nous diffusons votre profil de fa\u00e7on cibl\u00e9e aux candidats <span>correspondant<\/span> \u00e0 vos postes \u00e0 pourvoir.<\/p>\n<p><a href=\"#pricing\">Choisissez le portrait d\u2019entreprise Premium \u2192<\/a>[\/vc_column_text][\/vc_column][\/vc_row][vc_row gap=&#8221;35&#8243; equal_height=&#8221;yes&#8221; content_placement=&#8221;middle&#8221; el_class=&#8221;row_attract&#8221; el_id=&#8221;reverse-row&#8221;][vc_column width=&#8221;1\/2&#8243; el_id=&#8221;reverse-row-order-first&#8221;][vc_column_text el_class=&#8221;home_h2_h4&#8243;]<\/p>\n<h3>Adressez-vous aux chercheurs d\u2019emploi passifs<\/h3>\n<p class=\"opcity-cls-row\">Pour atteindre un nombre encore plus \u00e9lev\u00e9 de candidats qualifi\u00e9s, adressez-vous \u00e9galement aux chercheurs d\u2019emploi passifs. Avec les annonces employeurs diffus\u00e9es via la technologie programmatique, vous publiez vos offres d\u2019emploi sur plus de 1&#8217;000 sites web et atteignez tr\u00e8s rapidement les talents <span>avec un profil qualifi\u00e9<\/span><span>.<\/span><\/p>\n<p><a href=\"#pricing\">Choisissez les annonces employeurs \u2192<\/a>[\/vc_column_text][\/vc_column][vc_column width=&#8221;1\/2&#8243; el_id=&#8221;reverse-row-order-second&#8221;][vc_single_image image=&#8221;46550&#8243; img_size=&#8221;full&#8221;][\/vc_column][\/vc_row][vc_row el_class=&#8221;row_attract&#8221; el_id=&#8221;pricing&#8221;][vc_column css=&#8221;.vc_custom_1582130370268{margin-top: 0px !important;padding-top: 0px !important;}&#8221;][vc_custom_heading text=&#8221;Une marque employeur qui correspond \u00e0 votre budget&#8221; font_container=&#8221;tag:h2|font_size:34|text_align:center|color:%23313751&#8243; use_theme_fonts=&#8221;yes&#8221; css=&#8221;.vc_custom_1582724109404{margin-top: 0px !important;margin-right: 0px !important;margin-bottom: 10px !important;margin-left: 0px !important;padding-top: 0px !important;padding-right: 0px !important;padding-bottom: 0px !important;padding-left: 0px !important;}&#8221;][vc_custom_heading text=&#8221;Commencez avec une solution gratuite, puis passez \u00e0 une solution payante pour plus de visibilit\u00e9.&#8221; font_container=&#8221;tag:p|text_align:center&#8221; use_theme_fonts=&#8221;yes&#8221; el_class=&#8221;home_h2_h4&#8243; el_id=&#8221;opcity-cls-row&#8221;][\/vc_column][vc_column css=&#8221;.vc_custom_1582040600694{margin-top: 0px !important;margin-right: 0px !important;margin-bottom: 0px !important;margin-left: 0px !important;padding-top: 0px !important;padding-right: 0px !important;padding-bottom: 0px !important;padding-left: 0px !important;}&#8221;][vc_row_inner equal_height=&#8221;yes&#8221; gap=&#8221;35&#8243; css=&#8221;.vc_custom_1590564877893{padding-top: 0px !important;padding-right: 0px !important;padding-bottom: 0px !important;padding-left: 0px !important;}&#8221; el_class=&#8221;row_attract&#8221;][vc_column_inner el_class=&#8221;employer-branding-text-row&#8221; width=&#8221;1\/2&#8243; css=&#8221;.vc_custom_1584012487619{padding-top: 0px !important;padding-right: 20px !important;padding-bottom: 10px !important;padding-left: 20px !important;background-color: #f5f6f7 !important;border-radius: 10px !important;}&#8221;][vc_custom_heading text=&#8221;Profil Employeur Freemium&#8221; font_container=&#8221;tag:h2|font_size:24px|text_align:center&#8221; use_theme_fonts=&#8221;yes&#8221; css=&#8221;.vc_custom_1611163516183{padding-top: 30px !important;}&#8221; el_class=&#8221;employer-branding-row-title&#8221;][vc_custom_heading text=&#8221;&#8221; font_container=&#8221;tag:p|font_size:14px|text_align:center|color:%23313751|line_height:16px&#8221; use_theme_fonts=&#8221;yes&#8221; css=&#8221;.vc_custom_1660912856984{margin-top: 0px !important;margin-right: 0px !important;margin-bottom: 0px !important;margin-left: 0px !important;padding-top: 0px !important;padding-right: 0px !important;padding-bottom: 0px !important;padding-left: 0px !important;}&#8221; el_class=&#8221;opcity-cls-row-new&#8221;][vc_custom_heading text=&#8221;Gratuit&#8221; font_container=&#8221;tag:h3|text_align:center&#8221; use_theme_fonts=&#8221;yes&#8221;][vc_column_text el_class=&#8221;opcity-cls-row&#8221; el_id=&#8221;employer-branding-row-text-fr&#8221;]<\/p>\n<ul>\n<li style=\"text-align: left;\">Cr\u00e9ez votre profil employeur sur jobup.ch et jobs.ch<\/li>\n<li style=\"text-align: left;\">Posez les premiers jalons de votre marque employeur<\/li>\n<\/ul>\n<p>[\/vc_column_text][\/vc_column_inner][vc_column_inner el_class=&#8221;employer-branding-text-row&#8221; width=&#8221;1\/2&#8243; css=&#8221;.vc_custom_1584012477643{padding-top: 0px !important;padding-right: 20px !important;padding-bottom: 10px !important;padding-left: 20px !important;background-color: #f5f6f7 !important;border-radius: 10px !important;}&#8221;][vc_custom_heading text=&#8221;Profil Employeur Premium&#8221; font_container=&#8221;tag:h2|font_size:24px|text_align:center&#8221; use_theme_fonts=&#8221;yes&#8221; css=&#8221;.vc_custom_1587489362867{padding-top: 30px !important;}&#8221; el_class=&#8221;employer-branding-row-title&#8221;][vc_custom_heading text=&#8221;d\u00e8s&#8221; font_container=&#8221;tag:p|font_size:14px|text_align:center|color:%23313751|line_height:16px&#8221; use_theme_fonts=&#8221;yes&#8221; css=&#8221;.vc_custom_1587489294398{margin-top: 0px !important;margin-right: 0px !important;margin-bottom: 0px !important;margin-left: 0px !important;padding-top: 0px !important;padding-right: 0px !important;padding-bottom: 0px !important;padding-left: 0px !important;}&#8221; el_class=&#8221;opcity-cls-row-new&#8221;][vc_custom_heading text=&#8221;CHF 900.-\/an&#8221; font_container=&#8221;tag:h3|text_align:center&#8221; use_theme_fonts=&#8221;yes&#8221;][vc_column_text el_class=&#8221;opcity-cls-row&#8221; el_id=&#8221;employer-branding-row-text-fr&#8221;]<\/p>\n<ul>\n<li style=\"text-align: left;\">Faites la promotion de votre marque employeur aupr\u00e8s des candidats les plus pertinents par le biais des Job Mailers &amp; Job Alertes<\/li>\n<li>Donnez de la visibilit\u00e9 \u00e0 votre marque sur les pages d\u2019accueil de jobup.ch et jobs.ch<\/li>\n<li>Mettez en avant vos meilleures \u00e9valuations d\u2019entreprise sur votre profil employeur<\/li>\n<\/ul>\n<p>[\/vc_column_text][\/vc_column_inner][\/vc_row_inner][vc_row_inner][vc_column_inner][vc_btn title=&#8221;Contacter le service des ventes&#8221; style=&#8221;custom&#8221; custom_background=&#8221;#93559e&#8221; custom_text=&#8221;#ffffff&#8221; align=&#8221;center&#8221; el_class=&#8221;button-cls-row&#8221; link=&#8221;url:https%3A%2F%2Fwww.jobcloud.ch%2Fc%2Ffr-ch%2Fdemo-employer-branding%2F&#8221; vc_btn_link=&#8221;marque-employeur_fr_plan&#8221;][\/vc_column_inner][\/vc_row_inner][\/vc_column][\/vc_row][vc_row css=&#8221;.vc_custom_1582120518110{margin-right: -20px !important;margin-left: -20px !important;background: #e5f2f4 url(\/wp-content\/uploads\/2020\/02\/carousel-bg.png?id=207) !important;background-position: center !important;background-repeat: no-repeat !important;background-size: contain !important;border-radius: 10px !important;}&#8221; el_class=&#8221;row_testimonial&#8221;][vc_column el_class=&#8221;testimonials&#8221; css=&#8221;.vc_custom_1582034786435{padding-top: 90px !important;padding-bottom: 90px !important;background-position: 0 0 !important;background-repeat: no-repeat !important;}&#8221;][vc_column_text]<\/p>\n<h2 style=\"text-align: center;\">Les entreprises suisses choisissent JobCloud pour promouvoir leur marque employeur unique<\/h2>\n<p>[\/vc_column_text]<div class=\"slider slider--inline-arrows\" data-arrows=\"true\" data-paging=\"true\">\n\t<ul class=\"slides\">\n\t\t<li>\n\t<div class=\"row\">\n\t\t<div class=\"testimonial\">\n\t\t\t<div class=\"testimonial-image col-md-4 col-sm-4 col-xs-12 text-center\">\n\t\t\t\t<img decoding=\"async\" width=\"170\" height=\"255\" src=\"https:\/\/www.jobcloud.ch\/wp-content\/uploads\/2020\/03\/2.png\" class=\"testimonial__image wp-post-image\" alt=\"\" \/>\t\t\t<\/div>\n\t\t\t<div class=\"testimonial-text col-md-8 pl-3 col-sm-8 col-xs-12\">\n\t\t\t\t<span class=\"h3\">&ldquo;Gr\u00e2ce \u00e0 jobs.ch, une des plateformes leader de JobCloud, nous pouvons atteindre \u00e0 tout moment le groupe cible souhait\u00e9 pour pourvoir nos postes exigeants \u00e0 tous les niveaux - aussi bien au si\u00e8ge que dans les magasins. Nous appr\u00e9cions l'excellente collaboration de longue date avec notre conseill\u00e8re client\u00e8le et la remercions pour ses conseils comp\u00e9tents et sa r\u00e9activit\u00e9 face au traitement de nos demandes.&rdquo;\n\t\t\t\t<\/span>\n\t\t\t\t<h5>Gianna Reccavallo<\/h5>, <span>HR Administration Manager chez Marionnaud<\/span>\t\t\t<\/div>\n\t\t<\/div>\n\t<\/div><!--end of row-->\n<\/li>\t<\/ul>\n<\/div>[\/vc_column][\/vc_row][vc_row][vc_column el_class=&#8221;button-center-cls&#8221;][vc_column_text css=&#8221;.vc_custom_1586875725192{padding-bottom: 35px !important;}&#8221;]<\/p>\n<h2 style=\"text-align: center;\">Commencez \u00e0 cr\u00e9er votre marque employeur avec JobCloud<\/h2>\n<p>[\/vc_column_text][vc_btn title=&#8221;Cr\u00e9er un compte employeur gratuit&#8221; style=&#8221;custom&#8221; custom_background=&#8221;#93559e&#8221; custom_text=&#8221;#ffffff&#8221; el_class=&#8221;position-bottom button-cls-row btn-register-employer&#8221; link=&#8221;url:https%3A%2F%2Fjobcloud.ai%2Fonboarding|title:Cr%C3%A9er%20un%20compte%20employeur%20gratuit|target:_blank|rel:nofollow&#8221; vc_btn_link=&#8221;marque-employeur_fr_getstarted&#8221; el_id=&#8221;ecom_registration&#8221;][\/vc_column][\/vc_row][vc_row full_width=&#8221;stretch_row&#8221; el_class=&#8221;row_img_placeholder&#8221;][vc_column][\/vc_column][\/vc_row]<\/p>\n<\/div>","protected":false},"excerpt":{"rendered":"<p>[vc_row gap=&#8221;35&#8243; equal_height=&#8221;yes&#8221; content_placement=&#8221;middle&#8221; el_id=&#8221;reverse-row&#8221;][vc_column width=&#8221;1\/2&#8243; el_id=&#8221;reverse-row-order-first&#8221;][vc_custom_heading text=&#8221;Inspirez et motivez les meilleurs candidats \u00e0 postuler&#8221; font_container=&#8221;tag:h1|text_align:left&#8221; use_theme_fonts=&#8221;yes&#8221; el_class=&#8221;home_h1&#8243;][vc_custom_heading text=&#8221;Pour vous d\u00e9marquer, pr\u00e9sentez&#8230;<\/p>\n","protected":false},"author":1,"featured_media":0,"parent":2545,"menu_order":0,"comment_status":"open","ping_status":"closed","template":"","meta":{"_acf_changed":false,"inline_featured_image":false,"footnotes":""},"class_list":["post-2563","page","type-page","status-publish","hentry"],"acf":[],"yoast_head":"<!-- This site is optimized with the Yoast SEO plugin v27.2 - https:\/\/yoast.com\/product\/yoast-seo-wordpress\/ -->\n<title>Cr\u00e9ez votre marque employeur en Suisse | JobCloud<\/title>\n<meta name=\"description\" content=\"Utilisez les outils d&#039;Employer Branding pour promouvoir votre marque aupr\u00e8s des candidats ad\u00e9quats et les encourager \u00e0 postuler. Cr\u00e9ez votre profil d&#039;employeur et publiez vos offres d&#039;emploi d\u00e8s maintenant.\" \/>\n<meta name=\"robots\" content=\"index, follow, max-snippet:-1, max-image-preview:large, max-video-preview:-1\" \/>\n<link rel=\"canonical\" href=\"https:\/\/www.jobcloud.ch\/c\/fr-ch\/produits\/marque-employeur\/\" \/>\n<meta property=\"og:locale\" content=\"fr_FR\" \/>\n<meta property=\"og:type\" content=\"article\" \/>\n<meta property=\"og:title\" content=\"Cr\u00e9ez votre marque employeur en Suisse | JobCloud\" \/>\n<meta property=\"og:description\" content=\"Utilisez les outils d&#039;Employer Branding pour promouvoir votre marque aupr\u00e8s des candidats ad\u00e9quats et les encourager \u00e0 postuler. Cr\u00e9ez votre profil d&#039;employeur et publiez vos offres d&#039;emploi d\u00e8s maintenant.\" \/>\n<meta property=\"og:url\" content=\"https:\/\/www.jobcloud.ch\/c\/fr-ch\/produits\/marque-employeur\/\" \/>\n<meta property=\"og:site_name\" content=\"JobCloud\" \/>\n<meta property=\"article:modified_time\" content=\"2024-11-15T07:49:17+00:00\" \/>\n<meta name=\"twitter:card\" content=\"summary_large_image\" \/>\n<meta name=\"twitter:label1\" content=\"Est. reading time\" \/>\n\t<meta name=\"twitter:data1\" content=\"4 minutes\" \/>\n<script type=\"application\/ld+json\" class=\"yoast-schema-graph\">{\"@context\":\"https:\/\/schema.org\",\"@graph\":[{\"@type\":\"WebPage\",\"@id\":\"https:\/\/www.jobcloud.ch\/c\/fr-ch\/produits\/marque-employeur\/\",\"url\":\"https:\/\/www.jobcloud.ch\/c\/fr-ch\/produits\/marque-employeur\/\",\"name\":\"Cr\u00e9ez votre marque employeur en Suisse | JobCloud\",\"isPartOf\":{\"@id\":\"https:\/\/www.jobcloud.ch\/c\/fr-ch\/#website\"},\"datePublished\":\"2020-03-27T10:40:13+00:00\",\"dateModified\":\"2024-11-15T07:49:17+00:00\",\"description\":\"Utilisez les outils d'Employer Branding pour promouvoir votre marque aupr\u00e8s des candidats ad\u00e9quats et les encourager \u00e0 postuler. Cr\u00e9ez votre profil d'employeur et publiez vos offres d'emploi d\u00e8s maintenant.\",\"breadcrumb\":{\"@id\":\"https:\/\/www.jobcloud.ch\/c\/fr-ch\/produits\/marque-employeur\/#breadcrumb\"},\"inLanguage\":\"fr-CH\",\"potentialAction\":[{\"@type\":\"ReadAction\",\"target\":[\"https:\/\/www.jobcloud.ch\/c\/fr-ch\/produits\/marque-employeur\/\"]}]},{\"@type\":\"BreadcrumbList\",\"@id\":\"https:\/\/www.jobcloud.ch\/c\/fr-ch\/produits\/marque-employeur\/#breadcrumb\",\"itemListElement\":[{\"@type\":\"ListItem\",\"position\":1,\"name\":\"Protected: Produits\",\"item\":\"https:\/\/www.jobcloud.ch\/c\/fr-ch\/produits\/\"},{\"@type\":\"ListItem\",\"position\":2,\"name\":\"Marque employeur\"}]},{\"@type\":\"WebSite\",\"@id\":\"https:\/\/www.jobcloud.ch\/c\/fr-ch\/#website\",\"url\":\"https:\/\/www.jobcloud.ch\/c\/fr-ch\/\",\"name\":\"JobCloud\",\"description\":\"JobCloud is the leading job portal for jobseekers in Switzerland\",\"publisher\":{\"@id\":\"https:\/\/www.jobcloud.ch\/c\/fr-ch\/#organization\"},\"potentialAction\":[{\"@type\":\"SearchAction\",\"target\":{\"@type\":\"EntryPoint\",\"urlTemplate\":\"https:\/\/www.jobcloud.ch\/c\/fr-ch\/?s={search_term_string}\"},\"query-input\":{\"@type\":\"PropertyValueSpecification\",\"valueRequired\":true,\"valueName\":\"search_term_string\"}}],\"inLanguage\":\"fr-CH\"},{\"@type\":\"Organization\",\"@id\":\"https:\/\/www.jobcloud.ch\/c\/fr-ch\/#organization\",\"name\":\"JobCloud\",\"url\":\"https:\/\/www.jobcloud.ch\/c\/fr-ch\/\",\"logo\":{\"@type\":\"ImageObject\",\"inLanguage\":\"fr-CH\",\"@id\":\"https:\/\/www.jobcloud.ch\/c\/fr-ch\/#\/schema\/logo\/image\/\",\"url\":\"https:\/\/www.jobcloud.ch\/wp-content\/uploads\/2020\/02\/jobcloude-logo.svg\",\"contentUrl\":\"https:\/\/www.jobcloud.ch\/wp-content\/uploads\/2020\/02\/jobcloude-logo.svg\",\"width\":160,\"height\":37,\"caption\":\"JobCloud\"},\"image\":{\"@id\":\"https:\/\/www.jobcloud.ch\/c\/fr-ch\/#\/schema\/logo\/image\/\"}}]}<\/script>\n<!-- \/ Yoast SEO plugin. -->","yoast_head_json":{"title":"Cr\u00e9ez votre marque employeur en Suisse | JobCloud","description":"Utilisez les outils d'Employer Branding pour promouvoir votre marque aupr\u00e8s des candidats ad\u00e9quats et les encourager \u00e0 postuler. Cr\u00e9ez votre profil d'employeur et publiez vos offres d'emploi d\u00e8s maintenant.","robots":{"index":"index","follow":"follow","max-snippet":"max-snippet:-1","max-image-preview":"max-image-preview:large","max-video-preview":"max-video-preview:-1"},"canonical":"https:\/\/www.jobcloud.ch\/c\/fr-ch\/produits\/marque-employeur\/","og_locale":"fr_FR","og_type":"article","og_title":"Cr\u00e9ez votre marque employeur en Suisse | JobCloud","og_description":"Utilisez les outils d'Employer Branding pour promouvoir votre marque aupr\u00e8s des candidats ad\u00e9quats et les encourager \u00e0 postuler. Cr\u00e9ez votre profil d'employeur et publiez vos offres d'emploi d\u00e8s maintenant.","og_url":"https:\/\/www.jobcloud.ch\/c\/fr-ch\/produits\/marque-employeur\/","og_site_name":"JobCloud","article_modified_time":"2024-11-15T07:49:17+00:00","twitter_card":"summary_large_image","twitter_misc":{"Est. reading time":"4 minutes"},"schema":{"@context":"https:\/\/schema.org","@graph":[{"@type":"WebPage","@id":"https:\/\/www.jobcloud.ch\/c\/fr-ch\/produits\/marque-employeur\/","url":"https:\/\/www.jobcloud.ch\/c\/fr-ch\/produits\/marque-employeur\/","name":"Cr\u00e9ez votre marque employeur en Suisse | JobCloud","isPartOf":{"@id":"https:\/\/www.jobcloud.ch\/c\/fr-ch\/#website"},"datePublished":"2020-03-27T10:40:13+00:00","dateModified":"2024-11-15T07:49:17+00:00","description":"Utilisez les outils d'Employer Branding pour promouvoir votre marque aupr\u00e8s des candidats ad\u00e9quats et les encourager \u00e0 postuler. Cr\u00e9ez votre profil d'employeur et publiez vos offres d'emploi d\u00e8s maintenant.","breadcrumb":{"@id":"https:\/\/www.jobcloud.ch\/c\/fr-ch\/produits\/marque-employeur\/#breadcrumb"},"inLanguage":"fr-CH","potentialAction":[{"@type":"ReadAction","target":["https:\/\/www.jobcloud.ch\/c\/fr-ch\/produits\/marque-employeur\/"]}]},{"@type":"BreadcrumbList","@id":"https:\/\/www.jobcloud.ch\/c\/fr-ch\/produits\/marque-employeur\/#breadcrumb","itemListElement":[{"@type":"ListItem","position":1,"name":"Protected: Produits","item":"https:\/\/www.jobcloud.ch\/c\/fr-ch\/produits\/"},{"@type":"ListItem","position":2,"name":"Marque employeur"}]},{"@type":"WebSite","@id":"https:\/\/www.jobcloud.ch\/c\/fr-ch\/#website","url":"https:\/\/www.jobcloud.ch\/c\/fr-ch\/","name":"JobCloud","description":"JobCloud is the leading job portal for jobseekers in Switzerland","publisher":{"@id":"https:\/\/www.jobcloud.ch\/c\/fr-ch\/#organization"},"potentialAction":[{"@type":"SearchAction","target":{"@type":"EntryPoint","urlTemplate":"https:\/\/www.jobcloud.ch\/c\/fr-ch\/?s={search_term_string}"},"query-input":{"@type":"PropertyValueSpecification","valueRequired":true,"valueName":"search_term_string"}}],"inLanguage":"fr-CH"},{"@type":"Organization","@id":"https:\/\/www.jobcloud.ch\/c\/fr-ch\/#organization","name":"JobCloud","url":"https:\/\/www.jobcloud.ch\/c\/fr-ch\/","logo":{"@type":"ImageObject","inLanguage":"fr-CH","@id":"https:\/\/www.jobcloud.ch\/c\/fr-ch\/#\/schema\/logo\/image\/","url":"https:\/\/www.jobcloud.ch\/wp-content\/uploads\/2020\/02\/jobcloude-logo.svg","contentUrl":"https:\/\/www.jobcloud.ch\/wp-content\/uploads\/2020\/02\/jobcloude-logo.svg","width":160,"height":37,"caption":"JobCloud"},"image":{"@id":"https:\/\/www.jobcloud.ch\/c\/fr-ch\/#\/schema\/logo\/image\/"}}]}},"_links":{"self":[{"href":"https:\/\/www.jobcloud.ch\/c\/fr-ch\/wp-json\/wp\/v2\/pages\/2563","targetHints":{"allow":["GET"]}}],"collection":[{"href":"https:\/\/www.jobcloud.ch\/c\/fr-ch\/wp-json\/wp\/v2\/pages"}],"about":[{"href":"https:\/\/www.jobcloud.ch\/c\/fr-ch\/wp-json\/wp\/v2\/types\/page"}],"author":[{"embeddable":true,"href":"https:\/\/www.jobcloud.ch\/c\/fr-ch\/wp-json\/wp\/v2\/users\/1"}],"replies":[{"embeddable":true,"href":"https:\/\/www.jobcloud.ch\/c\/fr-ch\/wp-json\/wp\/v2\/comments?post=2563"}],"version-history":[{"count":0,"href":"https:\/\/www.jobcloud.ch\/c\/fr-ch\/wp-json\/wp\/v2\/pages\/2563\/revisions"}],"up":[{"embeddable":true,"href":"https:\/\/www.jobcloud.ch\/c\/fr-ch\/wp-json\/wp\/v2\/pages\/2545"}],"wp:attachment":[{"href":"https:\/\/www.jobcloud.ch\/c\/fr-ch\/wp-json\/wp\/v2\/media?parent=2563"}],"curies":[{"name":"wp","href":"https:\/\/api.w.org\/{rel}","templated":true}]}}