     {"id":22832,"date":"2020-03-01T07:50:08","date_gmt":"2020-03-01T05:50:08","guid":{"rendered":"https:\/\/www.jobcloud.ch\/c\/fr-ch\/?page_id=22832"},"modified":"2020-03-01T07:50:08","modified_gmt":"2020-03-01T05:50:08","slug":"conditions-pour-notre-initiative-ensemble-nous-allons-y-arriver","status":"publish","type":"page","link":"https:\/\/www.jobcloud.ch\/c\/fr-ch\/conditions-ensemble-nous-allons-y-arriver\/","title":{"rendered":"Conditions pour notre initiative &#8220;Ensemble, nous allons y arriver !&#8221;"},"content":{"rendered":"<h2>Pour profiter de notre initiative &#8220;Ensemble, nous allons y arriver !&#8221;, les conditions et r\u00e8gles suivants doivent \u00eatre respect\u00e9es<\/h2>\n<ul>\n<li><span data-contrast=\"none\">Veuillez<\/span> <span data-contrast=\"none\">noter<\/span> <span data-contrast=\"none\">que<\/span><span data-contrast=\"none\"> les <\/span><span data-contrast=\"none\">r\u00e8gles<\/span><span data-contrast=\"none\"> &#8220;<\/span><span data-contrast=\"none\">standards<\/span><span data-contrast=\"none\">&#8221; en <\/span><span data-contrast=\"none\">mati\u00e8re<\/span> <span data-contrast=\"none\">d&#8217;annonces<\/span> <span data-contrast=\"none\">sont<\/span> <span data-contrast=\"none\">toujours<\/span> <span data-contrast=\"none\">valables<\/span><span data-contrast=\"none\"> et <\/span><span data-contrast=\"none\">doivent<\/span> <span data-contrast=\"none\">\u00eatre<\/span> <span data-contrast=\"none\">appliqu\u00e9es<\/span><span data-ccp-props=\"{&quot;134233279&quot;:true}\" data-wac-het=\"1\">\u00a0<\/span><\/li>\n<li><span data-contrast=\"none\">Chaque<\/span> <span data-contrast=\"none\">client<\/span><span data-contrast=\"none\"> a le <\/span><span data-contrast=\"none\">droit<\/span><span data-contrast=\"none\"> de <\/span><span data-contrast=\"none\">publier<\/span> <span data-contrast=\"none\">jusqu\u2019\u00e0<\/span><span data-contrast=\"none\"> 10 <\/span><span data-contrast=\"none\">annonces<\/span> <span data-contrast=\"none\">diff\u00e9rentes<\/span><span data-contrast=\"none\">.<\/span><span data-ccp-props=\"{&quot;134233279&quot;:true}\" data-wac-het=\"1\">\u00a0<\/span><\/li>\n<li>Cette offre ne s&#8217;applique pas aux agences de recrutement.<\/li>\n<li><span data-contrast=\"none\">Vous <\/span><span data-contrast=\"none\">ne <\/span><span data-contrast=\"none\">pouvez<\/span> <span data-contrast=\"none\">publier<\/span> <span data-contrast=\"none\">que<\/span><span data-contrast=\"none\"> des <\/span><span data-contrast=\"none\">annonces<\/span> <span data-contrast=\"none\">avec<\/span> <span data-contrast=\"none\">un<\/span> <span data-contrast=\"none\">lieu<\/span><span data-contrast=\"none\"> de <\/span><span data-contrast=\"none\">travail<\/span><span data-contrast=\"none\"> en Suisse<\/span><span data-ccp-props=\"{&quot;134233279&quot;:true}\" data-wac-het=\"1\">\u00a0<\/span><\/li>\n<li><span data-contrast=\"none\">Un<\/span> <span data-contrast=\"none\">lien<\/span> <span data-contrast=\"none\">direct<\/span> <span data-contrast=\"none\">avec<\/span><span data-contrast=\"none\"> le Corona <\/span><span data-contrast=\"none\">doit<\/span> <span data-contrast=\"none\">\u00eatre<\/span> <span data-contrast=\"none\">mentionn\u00e9<\/span> <span data-contrast=\"none\">dans<\/span> <span data-contrast=\"none\">l&#8217;annonce<\/span> <span data-contrast=\"none\">elle-m\u00eame<\/span><span data-ccp-props=\"{&quot;134233279&quot;:true}\" data-wac-het=\"1\">. <\/span><i><span data-contrast=\"none\">Exemple<\/span><\/i><i><span data-contrast=\"none\"> :<\/span><\/i><i><span data-contrast=\"none\"> En <\/span><\/i><i><span data-contrast=\"none\">raison<\/span><\/i><i><span data-contrast=\"none\"> de la <\/span><\/i><i><span data-contrast=\"none\">situation<\/span><\/i> <i><span data-contrast=\"none\">actuelle<\/span><\/i><i><span data-contrast=\"none\"> de la <\/span><\/i><i><span data-contrast=\"none\">sant\u00e9<\/span><\/i><i><span data-contrast=\"none\">, du <\/span><\/i><i><span data-contrast=\"none\">monde<\/span><\/i><i><span data-contrast=\"none\"> et du <\/span><\/i><i><span data-contrast=\"none\">corona<\/span><\/i><i><span data-contrast=\"none\">, <\/span><\/i><i><span data-contrast=\"none\">nous<\/span><\/i> <i><span data-contrast=\"none\">recherchons<\/span><\/i><i><span data-contrast=\"none\"> &#8230;.<\/span><\/i><span data-ccp-props=\"{&quot;335559731&quot;:708}\" data-wac-het=\"1\">\u00a0<\/span><\/li>\n<li><span data-contrast=\"none\">Le poste <\/span><span data-contrast=\"none\">doit<\/span> <span data-contrast=\"none\">\u00eatre<\/span> <span data-contrast=\"none\">issu<\/span><span data-contrast=\"none\"> du <\/span><span data-contrast=\"none\">secteur<\/span><span data-contrast=\"none\"> de la <\/span><span data-contrast=\"none\">sant\u00e9<\/span><span data-contrast=\"none\"> et <\/span><span data-contrast=\"none\">contribuer<\/span> <span data-contrast=\"none\">directement<\/span><span data-contrast=\"none\"> \u00e0 la <\/span><span data-contrast=\"none\">lutte<\/span> <span data-contrast=\"none\">contre<\/span><span data-contrast=\"none\"> le <\/span><span data-contrast=\"none\">virus<\/span> <span data-contrast=\"none\">corona<\/span><span data-contrast=\"none\"> :<\/span><span data-ccp-props=\"{&quot;134233279&quot;:true}\" data-wac-het=\"1\">\u00a0<\/span>\n<ul>\n<li><i><span data-contrast=\"none\">M\u00e9decins<\/span><\/i> <i><span data-contrast=\"none\">sp\u00e9cialistes<\/span><\/i><i><span data-contrast=\"none\">: <\/span><\/i><i><span data-contrast=\"none\">m\u00e9decins<\/span><\/i><i><span data-contrast=\"none\"> de <\/span><\/i><i><span data-contrast=\"none\">soins<\/span><\/i> <i><span data-contrast=\"none\">intensifs<\/span><\/i><i><span data-contrast=\"none\">, <\/span><\/i><i><span data-contrast=\"none\">sp\u00e9cialistes<\/span><\/i><i><span data-contrast=\"none\"> des <\/span><\/i><i><span data-contrast=\"none\">maladies<\/span><\/i> <i><span data-contrast=\"none\">pulmonaires<\/span><\/i><i><span data-contrast=\"none\">, ORL<\/span><\/i><span data-ccp-props=\"{&quot;134233279&quot;:true,&quot;335559685&quot;:1080}\" data-wac-het=\"1\">\u00a0<\/span><\/li>\n<li><i><span data-contrast=\"none\">Infirmi\u00e8res<\/span><\/i><i><span data-contrast=\"none\"> et <\/span><\/i><i><span data-contrast=\"none\">infirmiers<\/span><\/i> <i><span data-contrast=\"none\">qualifi\u00e9s<\/span><\/i> <i><span data-contrast=\"none\">dans<\/span><\/i><i><span data-contrast=\"none\"> les <\/span><\/i><i><span data-contrast=\"none\">services<\/span><\/i><i><span data-contrast=\"none\"> des <\/span><\/i><i><span data-contrast=\"none\">h\u00f4pitaux<\/span><\/i><i><span data-contrast=\"none\"> (en <\/span><\/i><i><span data-contrast=\"none\">particulier<\/span><\/i><i><span data-contrast=\"none\"> les <\/span><\/i><i><span data-contrast=\"none\">infirmiers<\/span><\/i><i><span data-contrast=\"none\">\/<\/span><\/i><i><span data-contrast=\"none\">\u00e8res<\/span><\/i><i><span data-contrast=\"none\"> de <\/span><\/i><i><span data-contrast=\"none\">soins<\/span><\/i> <i><span data-contrast=\"none\">intensifs<\/span><\/i><i><span data-contrast=\"none\">)<\/span><\/i><span data-ccp-props=\"{&quot;134233279&quot;:true,&quot;335559685&quot;:1080}\" data-wac-het=\"1\">\u00a0<\/span><\/li>\n<li><i><span data-contrast=\"none\">M\u00e9decins<\/span><\/i> <i><span data-contrast=\"none\">r\u00e9sidents<\/span><\/i> <i><span data-contrast=\"none\">traitant<\/span><\/i><i><span data-contrast=\"none\"> les <\/span><\/i><i><span data-contrast=\"none\">cas<\/span><\/i><i><span data-contrast=\"none\"> de <\/span><\/i><i><span data-contrast=\"none\">corona<\/span><\/i><i><span data-contrast=\"none\"> (en <\/span><\/i><i><span data-contrast=\"none\">particulier<\/span><\/i><i><span data-contrast=\"none\"> les <\/span><\/i><i><span data-contrast=\"none\">sp\u00e9cialistes<\/span><\/i><i><span data-contrast=\"none\"> des <\/span><\/i><i><span data-contrast=\"none\">maladies<\/span><\/i> <i><span data-contrast=\"none\">pulmonaires<\/span><\/i><i><span data-contrast=\"none\"> et ORL)<\/span><\/i><span data-ccp-props=\"{&quot;134233279&quot;:true,&quot;335559685&quot;:1080}\" data-wac-het=\"1\">\u00a0<\/span><\/li>\n<li><i><span data-contrast=\"none\">Assistants<\/span><\/i> <i><span data-contrast=\"none\">m\u00e9dicaux<\/span><\/i> <i><span data-contrast=\"none\">dans<\/span><\/i><i><span data-contrast=\"none\"> les <\/span><\/i><i><span data-contrast=\"none\">cabinets<\/span><\/i> <i><span data-contrast=\"none\">m\u00e9dicaux<\/span><\/i> <i><span data-contrast=\"none\">qui<\/span><\/i> <i><span data-contrast=\"none\">traitent<\/span><\/i><i><span data-contrast=\"none\"> les <\/span><\/i><i><span data-contrast=\"none\">cas<\/span><\/i><i><span data-contrast=\"none\"> de <\/span><\/i><i><span data-contrast=\"none\">corona<\/span><\/i><i><span data-contrast=\"none\"> (en <\/span><\/i><i><span data-contrast=\"none\">particulier<\/span><\/i><i><span data-contrast=\"none\"> les <\/span><\/i><i><span data-contrast=\"none\">cabinets<\/span><\/i> <i><span data-contrast=\"none\">m\u00e9dicaux<\/span><\/i> <i><span data-contrast=\"none\">pulmonaires<\/span><\/i><i><span data-contrast=\"none\"> et ORL)<\/span><\/i><span data-ccp-props=\"{&quot;134233279&quot;:true,&quot;335559685&quot;:1080}\" data-wac-het=\"1\">\u00a0<\/span><\/li>\n<li><i><span data-contrast=\"none\">Virologues<\/span><\/i><span data-ccp-props=\"{&quot;134233279&quot;:true,&quot;335559685&quot;:1080}\" data-wac-het=\"1\">\u00a0<\/span><\/li>\n<li><i><span data-contrast=\"none\">Du <\/span><\/i><i><span data-contrast=\"none\">personnel<\/span><\/i><i><span data-contrast=\"none\"> de <\/span><\/i><i><span data-contrast=\"none\">laboratoire<\/span><\/i> <i><span data-contrast=\"none\">pour<\/span><\/i> <i><span data-contrast=\"none\">d\u00e9velopper<\/span><\/i><i><span data-contrast=\"none\"> des <\/span><\/i><i><span data-contrast=\"none\">vaccins<\/span><\/i><i><span data-contrast=\"none\"> et des <\/span><\/i><i><span data-contrast=\"none\">tests<\/span><\/i> <i><span data-contrast=\"none\">corona<\/span><\/i><span data-ccp-props=\"{&quot;134233279&quot;:true,&quot;335559685&quot;:1080}\" data-wac-het=\"1\">\u00a0<\/span><\/li>\n<li><i><span data-contrast=\"none\">Volontaires<\/span><\/i><i><span data-contrast=\"none\"> :<\/span><\/i> <i><span data-contrast=\"none\">\u00e9tudiants<\/span><\/i><i><span data-contrast=\"none\"> en <\/span><\/i><i><span data-contrast=\"none\">m\u00e9decine<\/span><\/i><span data-ccp-props=\"{&quot;134233279&quot;:true,&quot;335559685&quot;:1080}\" data-wac-het=\"1\">\u00a0<\/span><\/li>\n<\/ul>\n<\/li>\n<li><span data-contrast=\"none\">Les <\/span><span data-contrast=\"none\">groupes<\/span> <span data-contrast=\"none\">professionnels<\/span><span data-contrast=\"none\"> du <\/span><span data-contrast=\"none\">secteur<\/span><span data-contrast=\"none\"> de la <\/span><span data-contrast=\"none\">sant\u00e9<\/span> <span data-contrast=\"none\">qui<\/span><span data-contrast=\"none\"> ne <\/span><span data-contrast=\"none\">contribuent<\/span> <span data-contrast=\"none\">pas<\/span> <span data-contrast=\"none\">directement<\/span><span data-contrast=\"none\"> \u00e0 la <\/span><span data-contrast=\"none\">lutte<\/span> <span data-contrast=\"none\">contre<\/span><span data-contrast=\"none\"> le <\/span><span data-contrast=\"none\">corona<\/span> <span data-contrast=\"none\">virus<\/span><span data-contrast=\"none\"> ne <\/span><span data-contrast=\"none\">sont<\/span> <span data-contrast=\"none\">pas<\/span> <span data-contrast=\"none\">inclus<\/span><span data-contrast=\"none\">, <\/span><span data-contrast=\"none\">comme<\/span><span data-contrast=\"none\"> par <\/span><span data-contrast=\"none\">exemple<\/span><span data-ccp-props=\"{&quot;134233279&quot;:true}\" data-wac-het=\"1\">\u00a0<\/span><\/li>\n<li style=\"list-style-type: none;\">\n<ul>\n<li><i><span data-contrast=\"none\">Les <\/span><\/i><i><span data-contrast=\"none\">m\u00e9decins<\/span><\/i> <i><span data-contrast=\"none\">d&#8217;autres<\/span><\/i> <i><span data-contrast=\"none\">sp\u00e9cialit\u00e9s<\/span><\/i><i><span data-contrast=\"none\">, par <\/span><\/i><i><span data-contrast=\"none\">exemple<\/span><\/i><i><span data-contrast=\"none\"> les <\/span><\/i><i><span data-contrast=\"none\">dentistes<\/span><\/i><i><span data-contrast=\"none\">, les <\/span><\/i><i><span data-contrast=\"none\">orthop\u00e9distes<\/span><\/i><i><span data-contrast=\"none\">, les <\/span><\/i><i><span data-contrast=\"none\">psychiatres<\/span><\/i><i><span data-contrast=\"none\">, etc.<\/span><\/i><span data-ccp-props=\"{&quot;134233279&quot;:true,&quot;335559685&quot;:1080}\" data-wac-het=\"1\">\u00a0<\/span><\/li>\n<li><i><span data-contrast=\"none\">Le <\/span><\/i><i><span data-contrast=\"none\">personnel<\/span><\/i> <i><span data-contrast=\"none\">infirmier<\/span><\/i><i><span data-contrast=\"none\"> en <\/span><\/i><i><span data-contrast=\"none\">dehors<\/span><\/i><i><span data-contrast=\"none\"> des <\/span><\/i><i><span data-contrast=\"none\">h\u00f4pitaux<\/span><\/i><i><span data-contrast=\"none\"> et des <\/span><\/i><i><span data-contrast=\"none\">cabinets<\/span><\/i> <i><span data-contrast=\"none\">m\u00e9dicaux<\/span><\/i><i><span data-contrast=\"none\">, par <\/span><\/i><i><span data-contrast=\"none\">exemple<\/span><\/i><i><span data-contrast=\"none\"> les <\/span><\/i><i><span data-contrast=\"none\">soins<\/span><\/i> <i><span data-contrast=\"none\">aux<\/span><\/i> <i><span data-contrast=\"none\">personnes<\/span><\/i> <i><span data-contrast=\"none\">\u00e2g\u00e9es<\/span><\/i><i><span data-contrast=\"none\">, les <\/span><\/i><i><span data-contrast=\"none\">services<\/span><\/i><i><span data-contrast=\"none\"> de <\/span><\/i><i><span data-contrast=\"none\">soins<\/span><\/i><i><span data-contrast=\"none\"> \u00e0 <\/span><\/i><i><span data-contrast=\"none\">domicile<\/span><\/i><span data-ccp-props=\"{&quot;134233279&quot;:true,&quot;335559685&quot;:1080}\" data-wac-het=\"1\">\u00a0<\/span><\/li>\n<li><i><span data-contrast=\"none\">Positions<\/span><\/i> <i><span data-contrast=\"none\">pour<\/span><\/i><i><span data-contrast=\"none\"> la <\/span><\/i><i><span data-contrast=\"none\">prise<\/span><\/i><i><span data-contrast=\"none\"> en <\/span><\/i><i><span data-contrast=\"none\">charge<\/span><\/i><i><span data-contrast=\"none\"> de <\/span><\/i><i><span data-contrast=\"none\">maladies<\/span><\/i> <i><span data-contrast=\"none\">qui<\/span><\/i><i><span data-contrast=\"none\"> ne <\/span><\/i><i><span data-contrast=\"none\">sont<\/span><\/i> <i><span data-contrast=\"none\">pas<\/span><\/i> <i><span data-contrast=\"none\">li\u00e9es<\/span><\/i><i><span data-contrast=\"none\"> \u00e0 la <\/span><\/i><i><span data-contrast=\"none\">corona<\/span><\/i><i><span data-contrast=\"none\"> (<\/span><\/i><i><span data-contrast=\"none\">m\u00eame<\/span><\/i><i><span data-contrast=\"none\"> si <\/span><\/i><i><span data-contrast=\"none\">ces<\/span><\/i> <i><span data-contrast=\"none\">maladies<\/span><\/i> <i><span data-contrast=\"none\">appartiennent<\/span><\/i><i><span data-contrast=\"none\"> au <\/span><\/i><i><span data-contrast=\"none\">groupe<\/span><\/i><i><span data-contrast=\"none\"> \u00e0 <\/span><\/i><i><span data-contrast=\"none\">risque<\/span><\/i><i><span data-contrast=\"none\">)<\/span><\/i><span data-ccp-props=\"{&quot;134233279&quot;:true,&quot;335559685&quot;:1080}\" data-wac-het=\"1\">\u00a0<\/span><\/li>\n<li><i><span data-contrast=\"none\">Nettoyeurs<\/span><\/i><i><span data-contrast=\"none\"> et <\/span><\/i><i><span data-contrast=\"none\">administrateurs<\/span><\/i> <i><span data-contrast=\"none\">d&#8217;h\u00f4pitaux<\/span><\/i><span data-ccp-props=\"{&quot;134233279&quot;:true,&quot;335559685&quot;:1080}\" data-wac-het=\"1\"><br \/>\n<\/span><\/li>\n<\/ul>\n<\/li>\n<\/ul>\n<p><span data-contrast=\"none\">Nous <\/span><span data-contrast=\"none\">nous<\/span> <span data-contrast=\"none\">r\u00e9servons<\/span><span data-contrast=\"none\"> le <\/span><span data-contrast=\"none\">droit<\/span><span data-contrast=\"none\"> de <\/span><span data-contrast=\"none\">retirer<\/span><span data-contrast=\"none\"> les <\/span><span data-contrast=\"none\">offres<\/span> <span data-contrast=\"none\">d&#8217;emploi<\/span> <span data-contrast=\"none\">ou<\/span><span data-contrast=\"none\"> de <\/span><span data-contrast=\"none\">refuser<\/span> <span data-contrast=\"none\">leur<\/span> <span data-contrast=\"none\">publication<\/span><span data-contrast=\"none\"> si <\/span><span data-contrast=\"none\">une<\/span> <span data-contrast=\"none\">v\u00e9rification<\/span> <span data-contrast=\"none\">montre<\/span> <span data-contrast=\"none\">que<\/span><span data-contrast=\"none\"> le poste <\/span><span data-contrast=\"none\">d\u00e9sign\u00e9<\/span><span data-contrast=\"none\"> ne <\/span><span data-contrast=\"none\">correspond<\/span> <span data-contrast=\"none\">pas<\/span> <span data-contrast=\"none\">aux<\/span> <span data-contrast=\"none\">restrictions<\/span> <span data-contrast=\"none\">mentionn\u00e9es<\/span><span data-contrast=\"none\"> ci-<\/span><span data-contrast=\"none\">dessus<\/span><span data-contrast=\"none\">.<\/span><span data-ccp-props=\"{}\" data-wac-het=\"1\">\u00a0<\/span><\/p>\n<p><span data-contrast=\"none\">\u202f<\/span><span data-ccp-props=\"{}\" data-wac-het=\"1\">\u00a0<\/span><\/p>\n","protected":false},"excerpt":{"rendered":"<p>Pour profiter de notre initiative &#8220;Ensemble, nous allons y arriver !&#8221;, les conditions et r\u00e8gles suivants doivent \u00eatre respect\u00e9es Veuillez noter que&#8230;<\/p>\n","protected":false},"author":27,"featured_media":0,"parent":0,"menu_order":0,"comment_status":"open","ping_status":"closed","template":"","meta":{"_acf_changed":false,"inline_featured_image":false,"footnotes":""},"class_list":["post-22832","page","type-page","status-publish","hentry"],"acf":[],"yoast_head":"<!-- This site is optimized with the Yoast SEO plugin v27.5 - https:\/\/yoast.com\/product\/yoast-seo-wordpress\/ -->\n<title>Conditions pour notre initiative &quot;Ensemble, nous allons y arriver !&quot; | JobCloud<\/title>\n<meta name=\"robots\" content=\"index, follow, max-snippet:-1, max-image-preview:large, max-video-preview:-1\" \/>\n<link rel=\"canonical\" href=\"https:\/\/www.jobcloud.ch\/c\/fr-ch\/conditions-ensemble-nous-allons-y-arriver\/\" \/>\n<meta property=\"og:locale\" content=\"fr_FR\" \/>\n<meta property=\"og:type\" content=\"article\" \/>\n<meta property=\"og:title\" content=\"Conditions pour notre initiative &quot;Ensemble, nous allons y arriver !&quot; | JobCloud\" \/>\n<meta property=\"og:description\" content=\"Pour profiter de notre initiative &#8220;Ensemble, nous allons y arriver !&#8221;, les conditions et r\u00e8gles suivants doivent \u00eatre respect\u00e9es Veuillez noter que...\" \/>\n<meta property=\"og:url\" content=\"https:\/\/www.jobcloud.ch\/c\/fr-ch\/conditions-ensemble-nous-allons-y-arriver\/\" \/>\n<meta property=\"og:site_name\" content=\"JobCloud\" \/>\n<meta name=\"twitter:card\" content=\"summary_large_image\" \/>\n<meta name=\"twitter:label1\" content=\"Est. reading time\" \/>\n\t<meta name=\"twitter:data1\" content=\"2 minutes\" \/>\n<script type=\"application\/ld+json\" class=\"yoast-schema-graph\">{\"@context\":\"https:\\\/\\\/schema.org\",\"@graph\":[{\"@type\":\"WebPage\",\"@id\":\"https:\\\/\\\/www.jobcloud.ch\\\/c\\\/fr-ch\\\/conditions-ensemble-nous-allons-y-arriver\\\/\",\"url\":\"https:\\\/\\\/www.jobcloud.ch\\\/c\\\/fr-ch\\\/conditions-ensemble-nous-allons-y-arriver\\\/\",\"name\":\"Conditions pour notre initiative \\\"Ensemble, nous allons y arriver !\\\" | JobCloud\",\"isPartOf\":{\"@id\":\"https:\\\/\\\/www.jobcloud.ch\\\/c\\\/fr-ch\\\/#website\"},\"datePublished\":\"2020-03-01T05:50:08+00:00\",\"inLanguage\":\"fr-CH\",\"potentialAction\":[{\"@type\":\"ReadAction\",\"target\":[\"https:\\\/\\\/www.jobcloud.ch\\\/c\\\/fr-ch\\\/conditions-ensemble-nous-allons-y-arriver\\\/\"]}]},{\"@type\":\"WebSite\",\"@id\":\"https:\\\/\\\/www.jobcloud.ch\\\/c\\\/fr-ch\\\/#website\",\"url\":\"https:\\\/\\\/www.jobcloud.ch\\\/c\\\/fr-ch\\\/\",\"name\":\"JobCloud\",\"description\":\"JobCloud is the leading job portal for jobseekers in Switzerland\",\"publisher\":{\"@id\":\"https:\\\/\\\/www.jobcloud.ch\\\/c\\\/fr-ch\\\/#organization\"},\"potentialAction\":[{\"@type\":\"SearchAction\",\"target\":{\"@type\":\"EntryPoint\",\"urlTemplate\":\"https:\\\/\\\/www.jobcloud.ch\\\/c\\\/fr-ch\\\/?s={search_term_string}\"},\"query-input\":{\"@type\":\"PropertyValueSpecification\",\"valueRequired\":true,\"valueName\":\"search_term_string\"}}],\"inLanguage\":\"fr-CH\"},{\"@type\":\"Organization\",\"@id\":\"https:\\\/\\\/www.jobcloud.ch\\\/c\\\/fr-ch\\\/#organization\",\"name\":\"JobCloud\",\"url\":\"https:\\\/\\\/www.jobcloud.ch\\\/c\\\/fr-ch\\\/\",\"logo\":{\"@type\":\"ImageObject\",\"inLanguage\":\"fr-CH\",\"@id\":\"https:\\\/\\\/www.jobcloud.ch\\\/c\\\/fr-ch\\\/#\\\/schema\\\/logo\\\/image\\\/\",\"url\":\"https:\\\/\\\/www.jobcloud.ch\\\/wp-content\\\/uploads\\\/2020\\\/02\\\/jobcloude-logo.svg\",\"contentUrl\":\"https:\\\/\\\/www.jobcloud.ch\\\/wp-content\\\/uploads\\\/2020\\\/02\\\/jobcloude-logo.svg\",\"width\":160,\"height\":37,\"caption\":\"JobCloud\"},\"image\":{\"@id\":\"https:\\\/\\\/www.jobcloud.ch\\\/c\\\/fr-ch\\\/#\\\/schema\\\/logo\\\/image\\\/\"}}]}<\/script>\n<!-- \/ Yoast SEO plugin. -->","yoast_head_json":{"title":"Conditions pour notre initiative \"Ensemble, nous allons y arriver !\" | JobCloud","robots":{"index":"index","follow":"follow","max-snippet":"max-snippet:-1","max-image-preview":"max-image-preview:large","max-video-preview":"max-video-preview:-1"},"canonical":"https:\/\/www.jobcloud.ch\/c\/fr-ch\/conditions-ensemble-nous-allons-y-arriver\/","og_locale":"fr_FR","og_type":"article","og_title":"Conditions pour notre initiative \"Ensemble, nous allons y arriver !\" | JobCloud","og_description":"Pour profiter de notre initiative &#8220;Ensemble, nous allons y arriver !&#8221;, les conditions et r\u00e8gles suivants doivent \u00eatre respect\u00e9es Veuillez noter que...","og_url":"https:\/\/www.jobcloud.ch\/c\/fr-ch\/conditions-ensemble-nous-allons-y-arriver\/","og_site_name":"JobCloud","twitter_card":"summary_large_image","twitter_misc":{"Est. reading time":"2 minutes"},"schema":{"@context":"https:\/\/schema.org","@graph":[{"@type":"WebPage","@id":"https:\/\/www.jobcloud.ch\/c\/fr-ch\/conditions-ensemble-nous-allons-y-arriver\/","url":"https:\/\/www.jobcloud.ch\/c\/fr-ch\/conditions-ensemble-nous-allons-y-arriver\/","name":"Conditions pour notre initiative \"Ensemble, nous allons y arriver !\" | JobCloud","isPartOf":{"@id":"https:\/\/www.jobcloud.ch\/c\/fr-ch\/#website"},"datePublished":"2020-03-01T05:50:08+00:00","inLanguage":"fr-CH","potentialAction":[{"@type":"ReadAction","target":["https:\/\/www.jobcloud.ch\/c\/fr-ch\/conditions-ensemble-nous-allons-y-arriver\/"]}]},{"@type":"WebSite","@id":"https:\/\/www.jobcloud.ch\/c\/fr-ch\/#website","url":"https:\/\/www.jobcloud.ch\/c\/fr-ch\/","name":"JobCloud","description":"JobCloud is the leading job portal for jobseekers in Switzerland","publisher":{"@id":"https:\/\/www.jobcloud.ch\/c\/fr-ch\/#organization"},"potentialAction":[{"@type":"SearchAction","target":{"@type":"EntryPoint","urlTemplate":"https:\/\/www.jobcloud.ch\/c\/fr-ch\/?s={search_term_string}"},"query-input":{"@type":"PropertyValueSpecification","valueRequired":true,"valueName":"search_term_string"}}],"inLanguage":"fr-CH"},{"@type":"Organization","@id":"https:\/\/www.jobcloud.ch\/c\/fr-ch\/#organization","name":"JobCloud","url":"https:\/\/www.jobcloud.ch\/c\/fr-ch\/","logo":{"@type":"ImageObject","inLanguage":"fr-CH","@id":"https:\/\/www.jobcloud.ch\/c\/fr-ch\/#\/schema\/logo\/image\/","url":"https:\/\/www.jobcloud.ch\/wp-content\/uploads\/2020\/02\/jobcloude-logo.svg","contentUrl":"https:\/\/www.jobcloud.ch\/wp-content\/uploads\/2020\/02\/jobcloude-logo.svg","width":160,"height":37,"caption":"JobCloud"},"image":{"@id":"https:\/\/www.jobcloud.ch\/c\/fr-ch\/#\/schema\/logo\/image\/"}}]}},"_links":{"self":[{"href":"https:\/\/www.jobcloud.ch\/c\/fr-ch\/wp-json\/wp\/v2\/pages\/22832","targetHints":{"allow":["GET"]}}],"collection":[{"href":"https:\/\/www.jobcloud.ch\/c\/fr-ch\/wp-json\/wp\/v2\/pages"}],"about":[{"href":"https:\/\/www.jobcloud.ch\/c\/fr-ch\/wp-json\/wp\/v2\/types\/page"}],"author":[{"embeddable":true,"href":"https:\/\/www.jobcloud.ch\/c\/fr-ch\/wp-json\/wp\/v2\/users\/27"}],"replies":[{"embeddable":true,"href":"https:\/\/www.jobcloud.ch\/c\/fr-ch\/wp-json\/wp\/v2\/comments?post=22832"}],"version-history":[{"count":0,"href":"https:\/\/www.jobcloud.ch\/c\/fr-ch\/wp-json\/wp\/v2\/pages\/22832\/revisions"}],"wp:attachment":[{"href":"https:\/\/www.jobcloud.ch\/c\/fr-ch\/wp-json\/wp\/v2\/media?parent=22832"}],"curies":[{"name":"wp","href":"https:\/\/api.w.org\/{rel}","templated":true}]}}