     {"id":106071,"date":"2026-03-09T15:10:14","date_gmt":"2026-03-09T14:10:14","guid":{"rendered":"https:\/\/www.jobcloud.ch\/c\/?page_id=106071"},"modified":"2026-03-27T15:47:19","modified_gmt":"2026-03-27T14:47:19","slug":"active-sourcing-avec-spotted","status":"publish","type":"page","link":"https:\/\/www.jobcloud.ch\/c\/fr-ch\/produits\/active-sourcing-spotted","title":{"rendered":"Active Sourcing avec Spotted"},"content":{"rendered":"<div class=\"wpb-content-wrapper\"><p>[vc_row gap=&#8221;35&#8243; equal_height=&#8221;yes&#8221; content_placement=&#8221;middle&#8221; el_id=&#8221;reverse-row&#8221;][vc_column width=&#8221;1\/2&#8243; el_id=&#8221;reverse-row-order-first&#8221;][vc_custom_heading text=&#8221;Spotted : Simple. Adapt\u00e9. Personnel.&#8221; font_container=&#8221;tag:h1|text_align:left&#8221; use_theme_fonts=&#8221;yes&#8221; css=&#8221;&#8221; el_class=&#8221;home_h1&#8243;][vc_custom_heading text=&#8221;Avec Spotted, vous trouvez les bons talents rapidement et facilement. Nous combinons l&#8217;intelligence artificielle avec l&#8217;expertise de recruteurs exp\u00e9riment\u00e9s; le tout \u00e0 un prix fixe.&#8221; font_container=&#8221;tag:p|text_align:left&#8221; use_theme_fonts=&#8221;yes&#8221; css=&#8221;&#8221; el_class=&#8221;opcity-cls-row&#8221;][vc_btn title=&#8221;Contactez l&#8217;\u00e9quipe Spotted&#8221; style=&#8221;custom&#8221; custom_background=&#8221;#93559e&#8221; custom_text=&#8221;#ffffff&#8221; css=&#8221;&#8221; el_class=&#8221;button-cls-row&#8221; link=&#8221;url:https%3A%2F%2Foutlook.office.com%2Fbookwithme%2Fuser%2F113b4bc57ee541eca4a3e92384985e33%40jobcloud.ch%3Fanonymous%26ep%3Dpcard|title:Demo&#8221; vc_btn_link=&#8221;programmatic_job_ads_en_request_demo&#8221;][vc_column_text css=&#8221;.vc_custom_1774621984049{margin-top: 20px !important;}&#8221;]<\/p>\n<h6 style=\"text-align: left;\"><em><a href=\"https:\/\/www.jobup.ch\/fr\/spotted\/\"><span class=\"a_GcMg font-feature-liga-off font-feature-clig-off font-feature-calt-off text-decoration-none text-strikethrough-none\">Espace talents: rejoignez notre r\u00e9seau<\/span>!<\/a><\/em><\/h6>\n<p>[\/vc_column_text][\/vc_column][vc_column css_animation=&#8221;none&#8221; width=&#8221;1\/2&#8243; css=&#8221;.vc_custom_1584959649390{margin-right: -50px !important;background-position: center !important;background-repeat: no-repeat !important;background-size: contain !important;}&#8221; el_id=&#8221;reverse-row-order-second&#8221;][vc_single_image image=&#8221;97135&#8243; img_size=&#8221;medium&#8221; alignment=&#8221;center&#8221; el_class=&#8221;image-responsive-row&#8221;][\/vc_column][\/vc_row][vc_row el_class=&#8221;row_build&#8221;][vc_column][vc_column_text css=&#8221;&#8221; el_class=&#8221;home_h2_h4&#8243;]<\/p>\n<h2 class=\"font-claude-response-body break-words whitespace-normal leading-[1.7]\" style=\"text-align: center;\"><span class=\"a_GcMg font-feature-liga-off font-feature-clig-off font-feature-calt-off text-decoration-none text-strikethrough-none\">Des postes vacants ? Recrutez avec l&#8217;aide de nos experts<\/span><\/h2>\n<p>[\/vc_column_text][\/vc_column][\/vc_row][vc_row full_width=&#8221;stretch_row&#8221;][vc_column width=&#8221;1\/6&#8243;][\/vc_column][vc_column width=&#8221;1\/6&#8243;][vc_single_image image=&#8221;105743&#8243; img_size=&#8221;full&#8221; add_caption=&#8221;yes&#8221; alignment=&#8221;center&#8221; style=&#8221;vc_box_circle&#8221; css=&#8221;&#8221;][\/vc_column][vc_column width=&#8221;1\/6&#8243;][vc_single_image image=&#8221;105754&#8243; img_size=&#8221;full&#8221; add_caption=&#8221;yes&#8221; alignment=&#8221;center&#8221; style=&#8221;vc_box_circle&#8221; css=&#8221;&#8221;][\/vc_column][vc_column width=&#8221;1\/6&#8243;][vc_single_image image=&#8221;105748&#8243; img_size=&#8221;full&#8221; add_caption=&#8221;yes&#8221; alignment=&#8221;center&#8221; style=&#8221;vc_box_circle&#8221; css=&#8221;&#8221;][\/vc_column][vc_column width=&#8221;1\/6&#8243;][vc_single_image image=&#8221;105757&#8243; img_size=&#8221;full&#8221; add_caption=&#8221;yes&#8221; alignment=&#8221;center&#8221; style=&#8221;vc_box_circle&#8221; css=&#8221;&#8221;][\/vc_column][vc_column width=&#8221;1\/6&#8243;][\/vc_column][\/vc_row][vc_row el_class=&#8221;row_hiring&#8221;][vc_column][vc_column_text css=&#8221;&#8221;]<\/p>\n<h3 class=\"font-claude-response-body break-words whitespace-normal leading-[1.7]\" style=\"text-align: center;\"><span class=\"a_GcMg font-feature-liga-off font-feature-clig-off font-feature-calt-off text-decoration-none text-strikethrough-none\">Un service cl\u00e9 en main pour vos recrutements \u00e0 chaque \u00e9tape<\/span><\/h3>\n<p>[\/vc_column_text][vc_empty_space][vc_single_image image=&#8221;105758&#8243; img_size=&#8221;full&#8221; alignment=&#8221;center&#8221; css=&#8221;&#8221;][vc_empty_space][\/vc_column][vc_column][vc_column_text css=&#8221;&#8221;]<\/p>\n<p style=\"text-align: center;\"><span class=\"a_GcMg font-feature-liga-off font-feature-clig-off font-feature-calt-off text-decoration-none text-strikethrough-none\">Nous publions vos offres, pr\u00e9s\u00e9lectionnons et contactons les meilleurs candidat\u00b7e\u00b7s, puis organisons les mises en relation. Des points hebdomadaires nous permettent d&#8217;ajuster votre strat\u00e9gie de recrutement en temps r\u00e9el. Nous accompagnons chaque candidat\u00b7e jusqu&#8217;\u00e0 son embauche, m\u00eame au-del\u00e0 de la p\u00e9riode initialement convenue.<\/span><\/p>\n<p>[\/vc_column_text][vc_column_text css=&#8221;&#8221;]<\/p>\n<p>&nbsp;<\/p>\n<p>[\/vc_column_text][\/vc_column][vc_column][vc_row_inner content_placement=&#8221;middle&#8221; gap=&#8221;35&#8243;][vc_column_inner][vc_column_text css=&#8221;&#8221;]<\/p>\n<h3 class=\"font-claude-response-body break-words whitespace-normal leading-[1.7]\" style=\"text-align: center;\"><strong>Avantages : Recruteur personnel et sourcing multicanal<\/strong><\/h3>\n<p>[\/vc_column_text][\/vc_column_inner][vc_column_inner el_class=&#8221;vc_col-sm-1_5&#8243; width=&#8221;1\/4&#8243;][vc_single_image image=&#8221;49046&#8243; img_size=&#8221;full&#8221; alignment=&#8221;center&#8221; el_class=&#8221;programmatic-left-row&#8221;][vc_column_text css=&#8221;.vc_custom_1774622261259{padding-top: 20px !important;}&#8221; el_class=&#8221;programmatic-right-row&#8221;]<\/p>\n<p style=\"text-align: center;\"><strong>Recruteur personnel :<\/strong><br \/>\n<span class=\"a_GcMg font-feature-liga-off font-feature-clig-off font-feature-calt-off text-decoration-none text-strikethrough-none\">D\u00e9marrage du projet dans vos locaux ou en distanciel<\/span><\/p>\n<p>[\/vc_column_text][\/vc_column_inner][vc_column_inner width=&#8221;1\/4&#8243;][vc_single_image image=&#8221;49054&#8243; img_size=&#8221;full&#8221; alignment=&#8221;center&#8221; el_class=&#8221;programmatic-left-row&#8221;][vc_column_text css=&#8221;.vc_custom_1773065007662{padding-top: 20px !important;}&#8221; el_class=&#8221;programmatic-right-row&#8221;]<\/p>\n<p style=\"text-align: center;\"><strong><span>Vivier de talents JobCloud :<\/span>\u00a0<\/strong><br \/>\n<span>200 000+ candidats actifs pr\u00eats \u00e0 \u00eatre trouv\u00e9s. D\u00e8s aujourd&#8217;hui.<\/span><\/p>\n<p>[\/vc_column_text][\/vc_column_inner][vc_column_inner width=&#8221;1\/4&#8243;][vc_single_image image=&#8221;49048&#8243; img_size=&#8221;full&#8221; alignment=&#8221;center&#8221; el_class=&#8221;programmatic-left-row&#8221;][vc_column_text css=&#8221;.vc_custom_1774622277126{padding-top: 20px !important;}&#8221; el_class=&#8221;programmatic-right-row&#8221;]<\/p>\n<p style=\"text-align: center;\"><strong><span>Sourcing multicanal :<\/span><\/strong><br \/>\n<span class=\"a_GcMg font-feature-liga-off font-feature-clig-off font-feature-calt-off text-decoration-none text-strikethrough-none\">Annonce Ultimate Plus, LinkedIn et r\u00e9seaux sociaux<\/span><\/p>\n<p>[\/vc_column_text][\/vc_column_inner][vc_column_inner width=&#8221;1\/4&#8243;][vc_single_image image=&#8221;49047&#8243; img_size=&#8221;full&#8221; alignment=&#8221;center&#8221; el_class=&#8221;programmatic-left-row&#8221;][vc_column_text css=&#8221;.vc_custom_1774622740039{padding-top: 20px !important;}&#8221; el_class=&#8221;programmatic-right-row&#8221;]<\/p>\n<p style=\"text-align: center;\"><strong>Activation des <span class=\"a_GcMg font-feature-liga-off font-feature-clig-off font-feature-calt-off text-decoration-none text-strikethrough-none\">candidat\u00b7e\u00b7s <\/span>:<\/strong><br \/>\n<span class=\"a_GcMg font-feature-liga-off font-feature-clig-off font-feature-calt-off text-decoration-none text-strikethrough-none\">Analyse et v\u00e9rification des CV, entretiens, dossier de candidature complet<\/span><\/p>\n<p>[\/vc_column_text][\/vc_column_inner][\/vc_row_inner][\/vc_column][vc_column][\/vc_column][\/vc_row][vc_row css=&#8221;.vc_custom_1772553229119{background-color: #D5DCDC5C !important;}&#8221;][vc_column][vc_column_text css=&#8221;&#8221;]<\/p>\n<h2 class=\"font-claude-response-body break-words whitespace-normal leading-[1.7]\" style=\"text-align: center;\"><span class=\"a_GcMg font-feature-liga-off font-feature-clig-off font-feature-calt-off text-decoration-none text-strikethrough-none\">Pourquoi faire appel \u00e0 notre service de sourcing actif?<\/span><\/h2>\n<p>[\/vc_column_text][vc_column_text css=&#8221;&#8221; el_class=&#8221;grayed-text&#8221; el_id=&#8221;opcity-cls-row&#8221;]<\/p>\n<p style=\"text-align: center;\"><em>Vous cherchez le profil id\u00e9al ? Nos recruteurs contactent directement les talents dans le vivier JobCloud (candidats actifs) et par approche directe professionnelle (candidats passifs). Nous nous r\u00e9jouissons de vous mettre en relation avec les bons talents, en Suisse romande et en Suisse al\u00e9manique.<\/em><\/p>\n<p>[\/vc_column_text][\/vc_column][\/vc_row][vc_row gap=&#8221;35&#8243; equal_height=&#8221;yes&#8221; content_placement=&#8221;middle&#8221; el_class=&#8221;row_reach&#8221; el_id=&#8221;reverse-row&#8221;][vc_column width=&#8221;2\/3&#8243; el_id=&#8221;reverse-row-order-first&#8221;][vc_column_text css=&#8221;&#8221; el_class=&#8221;home_h2_h4&#8243;]<\/p>\n<h3>Notre offre : <span>Placement \u00e0 prix fixe, sans commission d&#8217;embauche<\/span><\/h3>\n<p>Profitez des avantages d&#8217;un recruteur personnel : sourcing actif cibl\u00e9 avec une approche directe. B\u00e9n\u00e9ficiez du tarif forfaitaire de CHF 7&#8217;990,- sans commission d&#8217;embauche.[\/vc_column_text][\/vc_column][vc_column width=&#8221;1\/3&#8243; el_id=&#8221;reverse-row-order-second&#8221;][vc_single_image image=&#8221;106076&#8243; img_size=&#8221;medium&#8221; alignment=&#8221;right&#8221; css=&#8221;&#8221;][\/vc_column][\/vc_row][vc_row gap=&#8221;35&#8243; equal_height=&#8221;yes&#8221; content_placement=&#8221;middle&#8221; el_class=&#8221;row_target&#8221;][vc_column width=&#8221;1\/2&#8243;][vc_btn title=&#8221;Contactez l&#8217;\u00e9quipe Spotted&#8221; style=&#8221;custom&#8221; custom_background=&#8221;#93559e&#8221; custom_text=&#8221;#ffffff&#8221; css=&#8221;&#8221; el_class=&#8221;button-cls-row&#8221; link=&#8221;url:https%3A%2F%2Foutlook.office.com%2Fbookwithme%2Fuser%2F113b4bc57ee541eca4a3e92384985e33%40jobcloud.ch%3Fanonymous%26ep%3Dpcard|title:Demo&#8221; vc_btn_link=&#8221;spotteed_DE_request_demo&#8221;][\/vc_column][vc_column width=&#8221;1\/2&#8243;][vc_column_text css=&#8221;&#8221; el_class=&#8221;home_h2_h4&#8243;]<\/p>\n<p class=\"font-claude-response-body break-words whitespace-normal leading-[1.7]\"><em><span class=\"a_GcMg font-feature-liga-off font-feature-clig-off font-feature-calt-off text-decoration-none text-strikethrough-none\">Envie d&#8217;en savoir plus sur notre vivier de talents et le service de sourcing actif avec nos recruteurs de Spotted ? \u00c9changeons sur vos besoins : nous vous proposerons une analyse personnalis\u00e9e, gratuite et sans engagement de vos postes \u00e0 pourvoir.<\/span><\/em><\/p>\n<p>[\/vc_column_text][\/vc_column][\/vc_row][vc_row el_class=&#8221;row_build&#8221;][vc_column width=&#8221;1\/3&#8243;][vc_column_text el_class=&#8221;home_h2_h4&#8243;][\/vc_column_text][\/vc_column][vc_column width=&#8221;1\/3&#8243;][vc_column_text css=&#8221;&#8221;]<\/p>\n<div data-test-render-count=\"1\">\n<div class=\"group\">\n<div class=\"contents\">\n<div class=\"group relative relative pb-3\" data-is-streaming=\"false\">\n<div class=\"font-claude-response relative leading-[1.65rem] [&amp;_pre&gt;div]:bg-bg-000\/50 [&amp;_pre&gt;div]:border-0.5 [&amp;_pre&gt;div]:border-border-400 [&amp;_.ignore-pre-bg&gt;div]:bg-transparent [&amp;_.standard-markdown_:is(p,blockquote,h1,h2,h3,h4,h5,h6)]:pl-2 [&amp;_.standard-markdown_:is(p,blockquote,ul,ol,h1,h2,h3,h4,h5,h6)]:pr-8 [&amp;_.progressive-markdown_:is(p,blockquote,h1,h2,h3,h4,h5,h6)]:pl-2 [&amp;_.progressive-markdown_:is(p,blockquote,ul,ol,h1,h2,h3,h4,h5,h6)]:pr-8\">\n<div>\n<div class=\"grid grid-rows-[auto_auto] min-w-0\">\n<div class=\"row-start-2 col-start-1 relative grid isolate min-w-0\">\n<div class=\"row-start-1 col-start-1 relative z-[2] min-w-0\">\n<div>\n<p class=\"standard-markdown grid-cols-1 grid [&amp;_&gt;_*]:min-w-0 gap-3 standard-markdown\" style=\"text-align: center;\"><em>JobCloud est membre de Swissstaffing.<\/em><\/p>\n<\/div>\n<p>&nbsp;<\/p>\n<\/div>\n<\/div>\n<\/div>\n<\/div>\n<\/div>\n<\/div>\n<\/div>\n<div class=\"flex justify-start\" role=\"group\" aria-label=\"Message actions\">\n<div class=\"text-text-300\">\n<div class=\"text-text-300 flex items-stretch justify-between\">\n<div class=\"w-fit\" data-state=\"closed\">\n<div class=\"relative text-text-500 group-hover\/btn:text-text-100\">\n<div class=\"absolute top-0 left-0 transition-all opacity-0 scale-50\"><\/div>\n<\/div>\n<\/div>\n<div class=\"w-fit\" data-state=\"closed\">\n<div class=\"text-text-500 group-hover\/btn:text-text-100\"><\/div>\n<\/div>\n<div class=\"w-fit\" data-state=\"closed\">\n<div class=\"text-text-500 group-hover\/btn:text-text-100\"><\/div>\n<\/div>\n<div class=\"flex items-center\">\n<div class=\"w-fit\" data-state=\"closed\">\n<div class=\"text-text-500 group-hover\/btn:text-text-100\"><\/div>\n<\/div>\n<\/div>\n<\/div>\n<\/div>\n<\/div>\n<\/div>\n<\/div>\n<p>[\/vc_column_text][vc_single_image image=&#8221;93718&#8243;][\/vc_column][vc_column width=&#8221;1\/3&#8243;][\/vc_column][\/vc_row]<\/p>\n<\/div>","protected":false},"excerpt":{"rendered":"<p>[vc_row gap=&#8221;35&#8243; equal_height=&#8221;yes&#8221; content_placement=&#8221;middle&#8221; el_id=&#8221;reverse-row&#8221;][vc_column width=&#8221;1\/2&#8243; el_id=&#8221;reverse-row-order-first&#8221;][vc_custom_heading text=&#8221;Spotted : Simple. Adapt\u00e9. Personnel.&#8221; font_container=&#8221;tag:h1|text_align:left&#8221; use_theme_fonts=&#8221;yes&#8221; css=&#8221;&#8221; el_class=&#8221;home_h1&#8243;][vc_custom_heading text=&#8221;Avec Spotted, vous trouvez les bons&#8230;<\/p>\n","protected":false},"author":80,"featured_media":0,"parent":2545,"menu_order":6,"comment_status":"closed","ping_status":"closed","template":"","meta":{"_acf_changed":false,"inline_featured_image":false,"footnotes":""},"class_list":["post-106071","page","type-page","status-publish","hentry"],"acf":[],"yoast_head":"<!-- This site is optimized with the Yoast SEO plugin v27.2 - https:\/\/yoast.com\/product\/yoast-seo-wordpress\/ -->\n<title>Spotted: your recruiting partner for Active Sourcing in Switzerland<\/title>\n<meta name=\"description\" content=\"Social Recruiting and Active Sourcing with professional recruiters to help you spot talents and fill your open positions.\" \/>\n<meta name=\"robots\" content=\"index, follow, max-snippet:-1, max-image-preview:large, max-video-preview:-1\" \/>\n<link rel=\"canonical\" href=\"https:\/\/www.jobcloud.ch\/c\/fr-ch\/produits\/active-sourcing-spotted\/\" \/>\n<meta property=\"og:locale\" content=\"fr_FR\" \/>\n<meta property=\"og:type\" content=\"article\" \/>\n<meta property=\"og:title\" content=\"Spotted: your recruiting partner for Active Sourcing in Switzerland\" \/>\n<meta property=\"og:description\" content=\"Social Recruiting and Active Sourcing with professional recruiters to help you spot talents and fill your open positions.\" \/>\n<meta property=\"og:url\" content=\"https:\/\/www.jobcloud.ch\/c\/fr-ch\/produits\/active-sourcing-spotted\" \/>\n<meta property=\"og:site_name\" content=\"JobCloud\" \/>\n<meta property=\"article:modified_time\" content=\"2026-03-27T14:47:19+00:00\" \/>\n<meta name=\"twitter:card\" content=\"summary_large_image\" \/>\n<meta name=\"twitter:label1\" content=\"Est. reading time\" \/>\n\t<meta name=\"twitter:data1\" content=\"3 minutes\" \/>\n<script type=\"application\/ld+json\" class=\"yoast-schema-graph\">{\"@context\":\"https:\/\/schema.org\",\"@graph\":[{\"@type\":\"WebPage\",\"@id\":\"https:\/\/www.jobcloud.ch\/c\/fr-ch\/produits\/active-sourcing-spotted\",\"url\":\"https:\/\/www.jobcloud.ch\/c\/fr-ch\/produits\/active-sourcing-spotted\",\"name\":\"Spotted: your recruiting partner for Active Sourcing in Switzerland\",\"isPartOf\":{\"@id\":\"https:\/\/www.jobcloud.ch\/c\/fr-ch\/#website\"},\"datePublished\":\"2026-03-09T14:10:14+00:00\",\"dateModified\":\"2026-03-27T14:47:19+00:00\",\"description\":\"Social Recruiting and Active Sourcing with professional recruiters to help you spot talents and fill your open positions.\",\"breadcrumb\":{\"@id\":\"https:\/\/www.jobcloud.ch\/c\/fr-ch\/produits\/active-sourcing-spotted#breadcrumb\"},\"inLanguage\":\"fr-CH\",\"potentialAction\":[{\"@type\":\"ReadAction\",\"target\":[\"https:\/\/www.jobcloud.ch\/c\/fr-ch\/produits\/active-sourcing-spotted\"]}]},{\"@type\":\"BreadcrumbList\",\"@id\":\"https:\/\/www.jobcloud.ch\/c\/fr-ch\/produits\/active-sourcing-spotted#breadcrumb\",\"itemListElement\":[{\"@type\":\"ListItem\",\"position\":1,\"name\":\"Protected: Produits\",\"item\":\"https:\/\/www.jobcloud.ch\/c\/fr-ch\/produits\/\"},{\"@type\":\"ListItem\",\"position\":2,\"name\":\"Active Sourcing avec Spotted\"}]},{\"@type\":\"WebSite\",\"@id\":\"https:\/\/www.jobcloud.ch\/c\/fr-ch\/#website\",\"url\":\"https:\/\/www.jobcloud.ch\/c\/fr-ch\/\",\"name\":\"JobCloud\",\"description\":\"JobCloud is the leading job portal for jobseekers in Switzerland\",\"publisher\":{\"@id\":\"https:\/\/www.jobcloud.ch\/c\/fr-ch\/#organization\"},\"potentialAction\":[{\"@type\":\"SearchAction\",\"target\":{\"@type\":\"EntryPoint\",\"urlTemplate\":\"https:\/\/www.jobcloud.ch\/c\/fr-ch\/?s={search_term_string}\"},\"query-input\":{\"@type\":\"PropertyValueSpecification\",\"valueRequired\":true,\"valueName\":\"search_term_string\"}}],\"inLanguage\":\"fr-CH\"},{\"@type\":\"Organization\",\"@id\":\"https:\/\/www.jobcloud.ch\/c\/fr-ch\/#organization\",\"name\":\"JobCloud\",\"url\":\"https:\/\/www.jobcloud.ch\/c\/fr-ch\/\",\"logo\":{\"@type\":\"ImageObject\",\"inLanguage\":\"fr-CH\",\"@id\":\"https:\/\/www.jobcloud.ch\/c\/fr-ch\/#\/schema\/logo\/image\/\",\"url\":\"https:\/\/www.jobcloud.ch\/wp-content\/uploads\/2020\/02\/jobcloude-logo.svg\",\"contentUrl\":\"https:\/\/www.jobcloud.ch\/wp-content\/uploads\/2020\/02\/jobcloude-logo.svg\",\"width\":160,\"height\":37,\"caption\":\"JobCloud\"},\"image\":{\"@id\":\"https:\/\/www.jobcloud.ch\/c\/fr-ch\/#\/schema\/logo\/image\/\"}}]}<\/script>\n<!-- \/ Yoast SEO plugin. -->","yoast_head_json":{"title":"Spotted: your recruiting partner for Active Sourcing in Switzerland","description":"Social Recruiting and Active Sourcing with professional recruiters to help you spot talents and fill your open positions.","robots":{"index":"index","follow":"follow","max-snippet":"max-snippet:-1","max-image-preview":"max-image-preview:large","max-video-preview":"max-video-preview:-1"},"canonical":"https:\/\/www.jobcloud.ch\/c\/fr-ch\/produits\/active-sourcing-spotted\/","og_locale":"fr_FR","og_type":"article","og_title":"Spotted: your recruiting partner for Active Sourcing in Switzerland","og_description":"Social Recruiting and Active Sourcing with professional recruiters to help you spot talents and fill your open positions.","og_url":"https:\/\/www.jobcloud.ch\/c\/fr-ch\/produits\/active-sourcing-spotted","og_site_name":"JobCloud","article_modified_time":"2026-03-27T14:47:19+00:00","twitter_card":"summary_large_image","twitter_misc":{"Est. reading time":"3 minutes"},"schema":{"@context":"https:\/\/schema.org","@graph":[{"@type":"WebPage","@id":"https:\/\/www.jobcloud.ch\/c\/fr-ch\/produits\/active-sourcing-spotted","url":"https:\/\/www.jobcloud.ch\/c\/fr-ch\/produits\/active-sourcing-spotted","name":"Spotted: your recruiting partner for Active Sourcing in Switzerland","isPartOf":{"@id":"https:\/\/www.jobcloud.ch\/c\/fr-ch\/#website"},"datePublished":"2026-03-09T14:10:14+00:00","dateModified":"2026-03-27T14:47:19+00:00","description":"Social Recruiting and Active Sourcing with professional recruiters to help you spot talents and fill your open positions.","breadcrumb":{"@id":"https:\/\/www.jobcloud.ch\/c\/fr-ch\/produits\/active-sourcing-spotted#breadcrumb"},"inLanguage":"fr-CH","potentialAction":[{"@type":"ReadAction","target":["https:\/\/www.jobcloud.ch\/c\/fr-ch\/produits\/active-sourcing-spotted"]}]},{"@type":"BreadcrumbList","@id":"https:\/\/www.jobcloud.ch\/c\/fr-ch\/produits\/active-sourcing-spotted#breadcrumb","itemListElement":[{"@type":"ListItem","position":1,"name":"Protected: Produits","item":"https:\/\/www.jobcloud.ch\/c\/fr-ch\/produits\/"},{"@type":"ListItem","position":2,"name":"Active Sourcing avec Spotted"}]},{"@type":"WebSite","@id":"https:\/\/www.jobcloud.ch\/c\/fr-ch\/#website","url":"https:\/\/www.jobcloud.ch\/c\/fr-ch\/","name":"JobCloud","description":"JobCloud is the leading job portal for jobseekers in Switzerland","publisher":{"@id":"https:\/\/www.jobcloud.ch\/c\/fr-ch\/#organization"},"potentialAction":[{"@type":"SearchAction","target":{"@type":"EntryPoint","urlTemplate":"https:\/\/www.jobcloud.ch\/c\/fr-ch\/?s={search_term_string}"},"query-input":{"@type":"PropertyValueSpecification","valueRequired":true,"valueName":"search_term_string"}}],"inLanguage":"fr-CH"},{"@type":"Organization","@id":"https:\/\/www.jobcloud.ch\/c\/fr-ch\/#organization","name":"JobCloud","url":"https:\/\/www.jobcloud.ch\/c\/fr-ch\/","logo":{"@type":"ImageObject","inLanguage":"fr-CH","@id":"https:\/\/www.jobcloud.ch\/c\/fr-ch\/#\/schema\/logo\/image\/","url":"https:\/\/www.jobcloud.ch\/wp-content\/uploads\/2020\/02\/jobcloude-logo.svg","contentUrl":"https:\/\/www.jobcloud.ch\/wp-content\/uploads\/2020\/02\/jobcloude-logo.svg","width":160,"height":37,"caption":"JobCloud"},"image":{"@id":"https:\/\/www.jobcloud.ch\/c\/fr-ch\/#\/schema\/logo\/image\/"}}]}},"_links":{"self":[{"href":"https:\/\/www.jobcloud.ch\/c\/fr-ch\/wp-json\/wp\/v2\/pages\/106071","targetHints":{"allow":["GET"]}}],"collection":[{"href":"https:\/\/www.jobcloud.ch\/c\/fr-ch\/wp-json\/wp\/v2\/pages"}],"about":[{"href":"https:\/\/www.jobcloud.ch\/c\/fr-ch\/wp-json\/wp\/v2\/types\/page"}],"author":[{"embeddable":true,"href":"https:\/\/www.jobcloud.ch\/c\/fr-ch\/wp-json\/wp\/v2\/users\/80"}],"replies":[{"embeddable":true,"href":"https:\/\/www.jobcloud.ch\/c\/fr-ch\/wp-json\/wp\/v2\/comments?post=106071"}],"version-history":[{"count":6,"href":"https:\/\/www.jobcloud.ch\/c\/fr-ch\/wp-json\/wp\/v2\/pages\/106071\/revisions"}],"predecessor-version":[{"id":106380,"href":"https:\/\/www.jobcloud.ch\/c\/fr-ch\/wp-json\/wp\/v2\/pages\/106071\/revisions\/106380"}],"up":[{"embeddable":true,"href":"https:\/\/www.jobcloud.ch\/c\/fr-ch\/wp-json\/wp\/v2\/pages\/2545"}],"wp:attachment":[{"href":"https:\/\/www.jobcloud.ch\/c\/fr-ch\/wp-json\/wp\/v2\/media?parent=106071"}],"curies":[{"name":"wp","href":"https:\/\/api.w.org\/{rel}","templated":true}]}}