     {"id":94472,"date":"2025-03-06T08:49:25","date_gmt":"2025-03-06T07:49:25","guid":{"rendered":"https:\/\/www.jobcloud.ch\/c\/?page_id=94472"},"modified":"2026-01-09T12:06:16","modified_gmt":"2026-01-09T11:06:16","slug":"one-se-lme","status":"publish","type":"page","link":"https:\/\/www.jobcloud.ch\/c\/de-ch\/one-se-lme\/","title":{"rendered":"Eine Plattform f\u00fcr all Ihre Rekrutierungsbed\u00fcrfnisse"},"content":{"rendered":"<div class=\"wpb-content-wrapper\"><p>[vc_row gap=&#187;35&#8243; equal_height=&#187;yes&#187; content_placement=&#187;middle&#187; el_id=&#187;reverse-row&#187; el_class=&#187;jc_one_se_top_row&#187;][vc_column width=&#187;1\/2&#8243; el_id=&#187;reverse-row-order-first&#187;][vc_single_image image=&#187;93625&#8243; img_size=&#187;full&#187;][vc_custom_heading text=&#187;Eine Plattform f\u00fcr all Ihre Rekrutierungsbed\u00fcrfnisse&#187; font_container=&#187;tag:h1|font_size:40px|text_align:left&#187; use_theme_fonts=&#187;yes&#187; el_class=&#187;home_h1&#8243; css=&#187;.vc_custom_1740236336633{margin-top: 20px !important;margin-bottom: 20px !important;}&#187;][vc_column_text el_class=&#187;home_h2_h4&#8243;]Seit \u00fcber 20 Jahren bringen wir Schweizer Talente mit Recruitern zusammen.<\/p>\n<p>Erleben Sie JobCloud ONE: eine zentrale Anlaufstelle, die den Rekrutierungsprozess vereinfacht und die Zukunft der Personalbeschaffung gestaltet.<\/p>\n<p><a href=\"#jobcloud_one_se_faq\">Entdecken Sie unsere FAQs \u2192<\/a>[\/vc_column_text][\/vc_column][vc_column css_animation=&#187;none&#187; width=&#187;1\/2&#8243; css=&#187;.vc_custom_1582904969818{margin-right: -50px !important;margin-left: -50px !important;background-position: center !important;background-repeat: no-repeat !important;background-size: contain !important;}&#187; el_id=&#187;reverse-row-order-second&#187;][vc_video link=&#187;https:\/\/vimeo.com\/1087634453\/6412109e6a?share=copy&#187; css=&#187;.vc_custom_1749547134226{margin-left: 20px !important;}&#187;][\/vc_column][\/vc_row][vc_row css=&#187;.vc_custom_1740206811324{margin-bottom: 0px !important;padding-bottom: 0px !important;}&#187;][vc_column][vc_column_text el_class=&#187;text_uppercase fontsizeeighteen&#187;]<\/p>\n<h3 style=\"text-align: center; margin-bottom: 10px;\"><strong>Mehr als 49&#8217;000 Unternehmen in der Schweiz \u2013 von Start-ups bis hin zu Grossunternehmen \u2013 vertrauen auf uns.<\/strong><\/h3>\n<p>[\/vc_column_text][\/vc_column][\/vc_row][vc_row content_placement=&#187;middle&#187; el_class=&#187;home_clients&#187;][vc_column width=&#187;1\/6&#8243;][vc_single_image image=&#187;3591&#8243; img_size=&#187;full&#187; alignment=&#187;center&#187; el_class=&#187;logo-darker-row&#187;][\/vc_column][vc_column width=&#187;1\/6&#8243;][vc_single_image image=&#187;3585&#8243; img_size=&#187;full&#187; alignment=&#187;center&#187; el_class=&#187;logo-darker-row&#187;][\/vc_column][vc_column width=&#187;1\/6&#8243;][vc_single_image image=&#187;3587&#8243; img_size=&#187;full&#187; alignment=&#187;center&#187; el_class=&#187;logo-darker-row&#187;][\/vc_column][vc_column width=&#187;1\/6&#8243;][vc_single_image image=&#187;3561&#8243; img_size=&#187;full&#187; alignment=&#187;center&#187; el_class=&#187;logo-darker-row&#187;][\/vc_column][vc_column width=&#187;1\/6&#8243;][vc_single_image image=&#187;3575&#8243; img_size=&#187;full&#187; alignment=&#187;center&#187; el_class=&#187;logo-darker-row&#187;][\/vc_column][vc_column width=&#187;1\/6&#8243;][vc_single_image image=&#187;3589&#8243; img_size=&#187;full&#187; alignment=&#187;center&#187; el_class=&#187;logo-darker-row&#187;][\/vc_column][\/vc_row][vc_row gap=&#187;35&#8243; equal_height=&#187;yes&#187; content_placement=&#187;middle&#187; el_class=&#187;row_reach&#187; el_id=&#187;reverse-row&#187;][vc_column width=&#187;1\/2&#8243; el_id=&#187;reverse-row-order-first&#187;][vc_column_text el_class=&#187;home_h2_h4&#8243;]<\/p>\n<h3>In Sekundenschnelle offene Stellen ausschreiben<\/h3>\n<p class=\"opcity-cls-row\">Sparen Sie Zeit und gewinnen Sie Top-Talente mit KI-gest\u00fctzten Stellenbeschreibungen.<\/p>\n<p class=\"opcity-cls-row\">Erstellen Sie professionelle, ansprechende Stellenanzeigen in Minutenschnelle und stellen Sie sicher, dass Sie die richtigen Kandidaten erreichen.<\/p>\n<p>[\/vc_column_text][\/vc_column][vc_column width=&#187;1\/2&#8243; el_id=&#187;reverse-row-order-second&#187;][vc_single_image image=&#187;97336&#8243; img_size=&#187;full&#187;][\/vc_column][\/vc_row][vc_row gap=&#187;35&#8243; equal_height=&#187;yes&#187; content_placement=&#187;middle&#187; el_class=&#187;row_target&#187;][vc_column width=&#187;1\/2&#8243;][vc_video link=&#187;https:\/\/youtu.be\/BjmG2_-C0x0&#8243;][\/vc_column][vc_column width=&#187;1\/2&#8243;][vc_column_text el_class=&#187;home_h2_h4&#8243;]<\/p>\n<h3>Optimieren Sie Ihre Kandidatenauswahl<\/h3>\n<p class=\"opcity-cls-row\">Vereinfachen Sie Ihren Einstellungsprozess mit unserem verbesserten Bewerbungsmanagement-Tool.<\/p>\n<p class=\"opcity-cls-row\">Die schnelle und intuitive Benutzeroberfl\u00e4che von JobCloud ONE erm\u00f6glicht es Ihnen, Bewerbungen zu verfolgen, Kandidaten zu verwalten und blitzschnell Entscheidungen zu treffen.<\/p>\n<p>[\/vc_column_text][\/vc_column][\/vc_row][vc_row gap=&#187;35&#8243; equal_height=&#187;yes&#187; content_placement=&#187;middle&#187; el_class=&#187;row_attract&#187; el_id=&#187;reverse-row&#187;][vc_column width=&#187;1\/2&#8243; el_id=&#187;reverse-row-order-first&#187;][vc_column_text el_class=&#187;home_h2_h4&#8243;]<\/p>\n<h3>Rekrutieren Sie jederzeit und \u00fcberall<\/h3>\n<p class=\"opcity-cls-row\">Mit JobCloud ONE bleiben Sie in Verbindung, egal ob Sie Stellen ausschreiben oder Bewerbungen verwalten.<\/p>\n<p class=\"opcity-cls-row\">Dank unseres Mobile-First-Designs k\u00f6nnen Sie den Rekrutierungsprozess jederzeit und \u00fcberall m\u00fchelos steuern.<\/p>\n<p>[\/vc_column_text][\/vc_column][vc_column width=&#187;1\/2&#8243; el_id=&#187;reverse-row-order-second&#187;][vc_single_image image=&#187;96871&#8243; img_size=&#187;full&#187;][\/vc_column][\/vc_row][vc_row gap=&#187;35&#8243; equal_height=&#187;yes&#187; content_placement=&#187;middle&#187; el_class=&#187;row_target&#187;][vc_column width=&#187;1\/2&#8243;][vc_single_image image=&#187;93658&#8243; img_size=&#187;full&#187;][\/vc_column][vc_column width=&#187;1\/2&#8243;][vc_column_text el_class=&#187;home_h2_h4&#8243;]<\/p>\n<h3>ATS-Integrationen<\/h3>\n<p class=\"opcity-cls-row\">Verkn\u00fcpfen Sie Ihre gewohnte Software f\u00fcr die Bewerberverwaltung (ATS) mit JobCloud ONE.<\/p>\n<p class=\"opcity-cls-row\">Dank dieser Verkn\u00fcpfung k\u00f6nnen Stelleninserate und Bewerberdaten zwischen den Systemen ausgetauscht werden.<\/p>\n<p>[\/vc_column_text][\/vc_column][\/vc_row][vc_row el_id=&#187;show_more&#187;][vc_column][vc_btn title=&#187;Mehr lesen&#187; style=&#187;custom&#187; custom_background=&#187;#93559e&#187; custom_text=&#187;#ffffff&#187; size=&#187;lg&#187; align=&#187;center&#187; link=&#187;url:%23lme_section&#187; el_class=&#187;button-cls-row toggle-lme-button&#187;][\/vc_column][\/vc_row][vc_section el_id=&#187;lme_section&#187;][vc_row gap=&#187;35&#8243; content_placement=&#187;middle&#187; el_id=&#187;reverse-row&#187; el_class=&#187;row_reach&#187;][vc_column width=&#187;1\/2&#8243;][vc_column_text]<\/p>\n<h3>Organisieren Sie jeden Aspekt Ihres Recruitings<\/h3>\n<p class=\"opcity-cls-row\">Richten Sie Workspaces ein, um Teams und Stellenanzeigen nach Abteilung, Standort, Marke oder Gesch\u00e4ftseinheit zu strukturieren.<\/p>\n<p class=\"opcity-cls-row\">So stellen Sie sicher, dass Datenzugriff und Datenschutz strikt eingehalten werden.<\/p>\n<p>[\/vc_column_text][\/vc_column][vc_column width=&#187;1\/2&#8243;][vc_single_image image=&#187;97052&#8243; img_size=&#187;full&#187;][\/vc_column][\/vc_row][vc_row gap=&#187;35&#8243; content_placement=&#187;middle&#187; el_class=&#187;row_reach&#187;][vc_column width=&#187;1\/2&#8243;][vc_single_image image=&#187;97059&#8243; img_size=&#187;full&#187;][\/vc_column][vc_column width=&#187;1\/2&#8243;][vc_column_text]<\/p>\n<h3>Flexible Zugriffsverwaltung<\/h3>\n<p data-stringify-type=\"quote\">Erteilen Sie Nutzern Berechtigungen f\u00fcr mehrere Workspaces \u2013 sogar f\u00fcr verschiedene Unternehmen \u2013 mit einer praktischen Workspace-Auswahl f\u00fcr eine nahtlose Navigation.<\/p>\n<p>[\/vc_column_text][\/vc_column][\/vc_row][vc_row gap=&#187;35&#8243; content_placement=&#187;middle&#187; el_id=&#187;reverse-row&#187; el_class=&#187;row_reach&#187;][vc_column width=&#187;1\/2&#8243;][vc_column_text]<\/p>\n<h3>Behalten Sie die volle Kontrolle \u00fcber Ihr Recruiting-Budget<\/h3>\n<p class=\"opcity-cls-row\">Verwalten Sie Budgets und Guthaben effizient, indem Sie sie bestimmten Workspaces zuweisen. So behalten Sie jederzeit den \u00dcberblick und sorgen f\u00fcr eine optimale Abstimmung mit Ihrem Recruiting-Team.<\/p>\n<p>[\/vc_column_text][\/vc_column][vc_column width=&#187;1\/2&#8243;][vc_single_image image=&#187;97063&#8243; img_size=&#187;full&#187;][\/vc_column][\/vc_row][\/vc_section][vc_row el_id=&#187;show_less&#187;][vc_column][vc_btn title=&#187;Weniger anzeigen&#187; style=&#187;custom&#187; custom_background=&#187;#93559e&#187; custom_text=&#187;#ffffff&#187; size=&#187;lg&#187; align=&#187;center&#187; link=&#187;url:%23show_more&#187; el_class=&#187;button-cls-row toggle-lme-button&#187; el_id=&#187;btn_show_less&#187;][\/vc_column][\/vc_row][vc_row el_class=&#187;jc_one_se_top_row&#187;][vc_column width=&#187;1\/6&#8243;][\/vc_column][vc_column width=&#187;2\/3&#8243; el_id=&#187;jobcloud_one_se_faq&#187;][vc_custom_heading text=&#187;FAQ&#187; font_container=&#187;tag:h2|text_align:center&#187; use_theme_fonts=&#187;yes&#187;][vc_toggle title=&#187;Was ist Jobcloud ONE, und wie unterscheidet es sich von den bisherigen Plattformen (jobup, jobcloud oder jobscout24)?&#187; style=&#187;arrow&#187;]Jobcloud ONE bietet die gleichen Funktionen wie die alte Plattform, z. B. das Schalten von Stellenanzeigen und die Verwaltung von Bewerbern. Allerdings bietet es ein modernes Design und zus\u00e4tzliche Funktionen, wie eine KI-unterst\u00fctzte Erstellung von Stellenanzeigen. Dies ist erst der Anfang, denn wir entwickeln die Plattform kontinuierlich weiter, um sie f\u00fcr die Zukunft zu r\u00fcsten.[\/vc_toggle][vc_toggle title=&#187;Warum der Wechsel zu Jobcloud ONE?&#187; style=&#187;arrow&#187;]Wir verbessern unsere Plattform f\u00fcr eine modernere und effizientere L\u00f6sung, um Recruiter mit einem einheitlichen, zukunftsf\u00e4higen Bewerbungsprozess besser zu unterst\u00fctzen.[\/vc_toggle][vc_toggle title=&#187;Muss ich ein neues Konto anlegen?&#187; style=&#187;arrow&#187;]Sie m\u00fcssen kein neues Konto erstellen! Sie erhalten eine E-Mail mit dem Zugang zu unserer neuen Plattform. Geben Sie einfach Ihre E-Mail-Adresse in das vorgesehene Feld ein, um einen sicheren, einmaligen Anmeldelink zu erhalten (10 Minuten lang g\u00fcltig). So bleibt Ihr Konto sicher und privat.<\/p>\n<p>Sie bevorzugen ein Passwort? Sie k\u00f6nnen es nach der Anmeldung einrichten, indem Sie den Link \u201ePasswort \u00e4ndern\u201c unter Ihrem Profil aufrufen.[\/vc_toggle][vc_column_text el_class=&#187;home_h2_h4&#8243;]<\/p>\n<p style=\"text-align: center;\"><a href=\"https:\/\/www.jobcloud.ch\/c\/de-ch\/jobcloud-one-faq\">Entdecken Sie unsere FAQs \u2192<\/a><\/p>\n<p>[\/vc_column_text][\/vc_column][vc_column width=&#187;1\/6&#8243;][\/vc_column][\/vc_row][vc_row css=&#187;.vc_custom_1582034912508{margin-right: -20px !important;margin-left: -20px !important;background: #e5f2f4 url(\/wp-content\/uploads\/2020\/02\/carousel-bg.png?id=207) !important;background-position: center !important;background-repeat: no-repeat !important;background-size: contain !important;border-radius: 10px !important;}&#187; el_class=&#187;row_testimonial&#187;][vc_column el_class=&#187;testimonials&#187; css=&#187;.vc_custom_1582034786435{padding-top: 90px !important;padding-bottom: 90px !important;background-position: 0 0 !important;background-repeat: no-repeat !important;}&#187;][vc_column_text]<\/p>\n<h2 style=\"text-align: center;\">Tausende von Schweizer KMU setzen auf JobCloud f\u00fcr ein einfaches Rekrutieren<\/h2>\n<p>[\/vc_column_text]<div class=\"slider slider--inline-arrows\" data-arrows=\"true\" data-paging=\"true\">\n\t<ul class=\"slides\">\n\t\t<li>\n\t<div class=\"row\">\n\t\t<div class=\"testimonial\">\n\t\t\t<div class=\"testimonial-image col-md-4 col-sm-4 col-xs-12 text-center\">\n\t\t\t\t<img fetchpriority=\"high\" decoding=\"async\" width=\"512\" height=\"768\" src=\"https:\/\/www.jobcloud.ch\/wp-content\/uploads\/2020\/04\/testimonial-emmi-severine-hurni-1.jpg\" class=\"testimonial__image wp-post-image\" alt=\"Severine Hurni\" srcset=\"https:\/\/www.jobcloud.ch\/wp-content\/uploads\/2020\/04\/testimonial-emmi-severine-hurni-1.jpg 512w, https:\/\/www.jobcloud.ch\/wp-content\/uploads\/2020\/04\/testimonial-emmi-severine-hurni-1-200x300.jpg 200w\" sizes=\"(max-width: 512px) 100vw, 512px\" \/>\t\t\t<\/div>\n\t\t\t<div class=\"testimonial-text col-md-8 pl-3 col-sm-8 col-xs-12\">\n\t\t\t\t<span class=\"h3\">&ldquo;JobCloud macht es uns m\u00f6glich passende Kandidatinnen und Kandidaten anzusprechen. Durch das Pay-per-Performance-Produkt von JobCloud haben wir nun die M\u00f6glichkeit, die Wirkung unserer Inserate vom Klick bis zur Bewerbung genau zu messen und dank der gesammelten Daten k\u00f6nnen wir unser Rekrutierungsbudget zielgerichtet und optimiert einsetzen. Wir profitieren vom gegenseitigen Austausch mit JobCloud und dem Know-how des f\u00fchrenden Schweizer Unternehmens auf dem Rekrutierungsmarkt.&rdquo;\n\t\t\t\t<\/span>\n\t\t\t\t<h5>Severine Hurni<\/h5>, <span>Projektleiterin Sourcing bei Emmi Schweiz AG<\/span>\t\t\t<\/div>\n\t\t<\/div>\n\t<\/div><!--end of row-->\n<\/li>\t<\/ul>\n<\/div>[\/vc_column][\/vc_row][vc_row full_width=&#187;stretch_row&#187; el_class=&#187;home_get_started&#187; el_id=&#187;home_get_started1&#8243;][vc_column][vc_custom_heading text=&#187;Eine Plattform f\u00fcr all Ihre Rekrutierungsbed\u00fcrfnisse&#187; font_container=&#187;tag:h2|text_align:center&#187; use_theme_fonts=&#187;yes&#187;][vc_column_text]<\/p>\n<p style=\"text-align: center;\">Seit \u00fcber 20 Jahren bringen wir Schweizer Talente mit Recruitern zusammen.<\/p>\n<p>[\/vc_column_text][\/vc_column][\/vc_row][vc_row full_width=&#187;stretch_row&#187; el_class=&#187;row_img_placeholder&#187;][vc_column][\/vc_column][\/vc_row]<\/p>\n<\/div>","protected":false},"excerpt":{"rendered":"<p>[vc_row gap=&#187;35&#8243; equal_height=&#187;yes&#187; content_placement=&#187;middle&#187; el_id=&#187;reverse-row&#187; el_class=&#187;jc_one_se_top_row&#187;][vc_column width=&#187;1\/2&#8243; el_id=&#187;reverse-row-order-first&#187;][vc_single_image image=&#187;93625&#8243; img_size=&#187;full&#187;][vc_custom_heading text=&#187;Eine Plattform f\u00fcr all Ihre Rekrutierungsbed\u00fcrfnisse&#187; font_container=&#187;tag:h1|font_size:40px|text_align:left&#187; use_theme_fonts=&#187;yes&#187; el_class=&#187;home_h1&#8243; css=&#187;.vc_custom_1740236336633{margin-top: 20px !important;margin-bottom:&#8230;<\/p>\n","protected":false},"author":56,"featured_media":0,"parent":0,"menu_order":0,"comment_status":"closed","ping_status":"closed","template":"","meta":{"_acf_changed":false,"inline_featured_image":false,"footnotes":""},"class_list":["post-94472","page","type-page","status-publish","hentry"],"acf":[],"yoast_head":"<!-- This site is optimized with the Yoast SEO plugin v27.2 - https:\/\/yoast.com\/product\/yoast-seo-wordpress\/ -->\n<title>Eine Plattform f\u00fcr all Ihre Rekrutierungsbed\u00fcrfnisse | JobCloud<\/title>\n<meta name=\"robots\" content=\"index, follow, max-snippet:-1, max-image-preview:large, max-video-preview:-1\" \/>\n<link rel=\"canonical\" href=\"https:\/\/www.jobcloud.ch\/c\/de-ch\/one-se-lme\/\" \/>\n<meta property=\"og:locale\" content=\"de_DE\" \/>\n<meta property=\"og:type\" content=\"article\" \/>\n<meta property=\"og:title\" content=\"Eine Plattform f\u00fcr all Ihre Rekrutierungsbed\u00fcrfnisse | JobCloud\" \/>\n<meta property=\"og:description\" content=\"[vc_row gap=&#187;35&#8243; equal_height=&#187;yes&#187; content_placement=&#187;middle&#187; el_id=&#187;reverse-row&#187; el_class=&#187;jc_one_se_top_row&#187;][vc_column width=&#187;1\/2&#8243; el_id=&#187;reverse-row-order-first&#187;][vc_single_image image=&#187;93625&#8243; img_size=&#187;full&#187;][vc_custom_heading text=&#187;Eine Plattform f\u00fcr all Ihre Rekrutierungsbed\u00fcrfnisse&#187; font_container=&#187;tag:h1|font_size:40px|text_align:left&#187; use_theme_fonts=&#187;yes&#187; el_class=&#187;home_h1&#8243; css=&#187;.vc_custom_1740236336633{margin-top: 20px !important;margin-bottom:...\" \/>\n<meta property=\"og:url\" content=\"https:\/\/www.jobcloud.ch\/c\/de-ch\/one-se-lme\/\" \/>\n<meta property=\"og:site_name\" content=\"JobCloud\" \/>\n<meta property=\"article:modified_time\" content=\"2026-01-09T11:06:16+00:00\" \/>\n<meta name=\"twitter:card\" content=\"summary_large_image\" \/>\n<meta name=\"twitter:label1\" content=\"Gesch\u00e4tzte Lesezeit\" \/>\n\t<meta name=\"twitter:data1\" content=\"6\u00a0Minuten\" \/>\n<script type=\"application\/ld+json\" class=\"yoast-schema-graph\">{\"@context\":\"https:\/\/schema.org\",\"@graph\":[{\"@type\":\"WebPage\",\"@id\":\"https:\/\/www.jobcloud.ch\/c\/de-ch\/one-se-lme\/\",\"url\":\"https:\/\/www.jobcloud.ch\/c\/de-ch\/one-se-lme\/\",\"name\":\"Eine Plattform f\u00fcr all Ihre Rekrutierungsbed\u00fcrfnisse | JobCloud\",\"isPartOf\":{\"@id\":\"https:\/\/www.jobcloud.ch\/c\/de-ch\/#website\"},\"datePublished\":\"2025-03-06T07:49:25+00:00\",\"dateModified\":\"2026-01-09T11:06:16+00:00\",\"inLanguage\":\"de-CH\",\"potentialAction\":[{\"@type\":\"ReadAction\",\"target\":[\"https:\/\/www.jobcloud.ch\/c\/de-ch\/one-se-lme\/\"]}]},{\"@type\":\"WebSite\",\"@id\":\"https:\/\/www.jobcloud.ch\/c\/de-ch\/#website\",\"url\":\"https:\/\/www.jobcloud.ch\/c\/de-ch\/\",\"name\":\"JobCloud\",\"description\":\"JobCloud is the leading job portal for jobseekers in Switzerland\",\"publisher\":{\"@id\":\"https:\/\/www.jobcloud.ch\/c\/de-ch\/#organization\"},\"potentialAction\":[{\"@type\":\"SearchAction\",\"target\":{\"@type\":\"EntryPoint\",\"urlTemplate\":\"https:\/\/www.jobcloud.ch\/c\/de-ch\/?s={search_term_string}\"},\"query-input\":{\"@type\":\"PropertyValueSpecification\",\"valueRequired\":true,\"valueName\":\"search_term_string\"}}],\"inLanguage\":\"de-CH\"},{\"@type\":\"Organization\",\"@id\":\"https:\/\/www.jobcloud.ch\/c\/de-ch\/#organization\",\"name\":\"JobCloud\",\"url\":\"https:\/\/www.jobcloud.ch\/c\/de-ch\/\",\"logo\":{\"@type\":\"ImageObject\",\"inLanguage\":\"de-CH\",\"@id\":\"https:\/\/www.jobcloud.ch\/c\/de-ch\/#\/schema\/logo\/image\/\",\"url\":\"https:\/\/www.jobcloud.ch\/wp-content\/uploads\/2020\/02\/jobcloude-logo.svg\",\"contentUrl\":\"https:\/\/www.jobcloud.ch\/wp-content\/uploads\/2020\/02\/jobcloude-logo.svg\",\"width\":160,\"height\":37,\"caption\":\"JobCloud\"},\"image\":{\"@id\":\"https:\/\/www.jobcloud.ch\/c\/de-ch\/#\/schema\/logo\/image\/\"}}]}<\/script>\n<!-- \/ Yoast SEO plugin. -->","yoast_head_json":{"title":"Eine Plattform f\u00fcr all Ihre Rekrutierungsbed\u00fcrfnisse | JobCloud","robots":{"index":"index","follow":"follow","max-snippet":"max-snippet:-1","max-image-preview":"max-image-preview:large","max-video-preview":"max-video-preview:-1"},"canonical":"https:\/\/www.jobcloud.ch\/c\/de-ch\/one-se-lme\/","og_locale":"de_DE","og_type":"article","og_title":"Eine Plattform f\u00fcr all Ihre Rekrutierungsbed\u00fcrfnisse | JobCloud","og_description":"[vc_row gap=&#187;35&#8243; equal_height=&#187;yes&#187; content_placement=&#187;middle&#187; el_id=&#187;reverse-row&#187; el_class=&#187;jc_one_se_top_row&#187;][vc_column width=&#187;1\/2&#8243; el_id=&#187;reverse-row-order-first&#187;][vc_single_image image=&#187;93625&#8243; img_size=&#187;full&#187;][vc_custom_heading text=&#187;Eine Plattform f\u00fcr all Ihre Rekrutierungsbed\u00fcrfnisse&#187; font_container=&#187;tag:h1|font_size:40px|text_align:left&#187; use_theme_fonts=&#187;yes&#187; el_class=&#187;home_h1&#8243; css=&#187;.vc_custom_1740236336633{margin-top: 20px !important;margin-bottom:...","og_url":"https:\/\/www.jobcloud.ch\/c\/de-ch\/one-se-lme\/","og_site_name":"JobCloud","article_modified_time":"2026-01-09T11:06:16+00:00","twitter_card":"summary_large_image","twitter_misc":{"Gesch\u00e4tzte Lesezeit":"6\u00a0Minuten"},"schema":{"@context":"https:\/\/schema.org","@graph":[{"@type":"WebPage","@id":"https:\/\/www.jobcloud.ch\/c\/de-ch\/one-se-lme\/","url":"https:\/\/www.jobcloud.ch\/c\/de-ch\/one-se-lme\/","name":"Eine Plattform f\u00fcr all Ihre Rekrutierungsbed\u00fcrfnisse | JobCloud","isPartOf":{"@id":"https:\/\/www.jobcloud.ch\/c\/de-ch\/#website"},"datePublished":"2025-03-06T07:49:25+00:00","dateModified":"2026-01-09T11:06:16+00:00","inLanguage":"de-CH","potentialAction":[{"@type":"ReadAction","target":["https:\/\/www.jobcloud.ch\/c\/de-ch\/one-se-lme\/"]}]},{"@type":"WebSite","@id":"https:\/\/www.jobcloud.ch\/c\/de-ch\/#website","url":"https:\/\/www.jobcloud.ch\/c\/de-ch\/","name":"JobCloud","description":"JobCloud is the leading job portal for jobseekers in Switzerland","publisher":{"@id":"https:\/\/www.jobcloud.ch\/c\/de-ch\/#organization"},"potentialAction":[{"@type":"SearchAction","target":{"@type":"EntryPoint","urlTemplate":"https:\/\/www.jobcloud.ch\/c\/de-ch\/?s={search_term_string}"},"query-input":{"@type":"PropertyValueSpecification","valueRequired":true,"valueName":"search_term_string"}}],"inLanguage":"de-CH"},{"@type":"Organization","@id":"https:\/\/www.jobcloud.ch\/c\/de-ch\/#organization","name":"JobCloud","url":"https:\/\/www.jobcloud.ch\/c\/de-ch\/","logo":{"@type":"ImageObject","inLanguage":"de-CH","@id":"https:\/\/www.jobcloud.ch\/c\/de-ch\/#\/schema\/logo\/image\/","url":"https:\/\/www.jobcloud.ch\/wp-content\/uploads\/2020\/02\/jobcloude-logo.svg","contentUrl":"https:\/\/www.jobcloud.ch\/wp-content\/uploads\/2020\/02\/jobcloude-logo.svg","width":160,"height":37,"caption":"JobCloud"},"image":{"@id":"https:\/\/www.jobcloud.ch\/c\/de-ch\/#\/schema\/logo\/image\/"}}]}},"_links":{"self":[{"href":"https:\/\/www.jobcloud.ch\/c\/de-ch\/wp-json\/wp\/v2\/pages\/94472","targetHints":{"allow":["GET"]}}],"collection":[{"href":"https:\/\/www.jobcloud.ch\/c\/de-ch\/wp-json\/wp\/v2\/pages"}],"about":[{"href":"https:\/\/www.jobcloud.ch\/c\/de-ch\/wp-json\/wp\/v2\/types\/page"}],"author":[{"embeddable":true,"href":"https:\/\/www.jobcloud.ch\/c\/de-ch\/wp-json\/wp\/v2\/users\/56"}],"replies":[{"embeddable":true,"href":"https:\/\/www.jobcloud.ch\/c\/de-ch\/wp-json\/wp\/v2\/comments?post=94472"}],"version-history":[{"count":0,"href":"https:\/\/www.jobcloud.ch\/c\/de-ch\/wp-json\/wp\/v2\/pages\/94472\/revisions"}],"wp:attachment":[{"href":"https:\/\/www.jobcloud.ch\/c\/de-ch\/wp-json\/wp\/v2\/media?parent=94472"}],"curies":[{"name":"wp","href":"https:\/\/api.w.org\/{rel}","templated":true}]}}