     {"id":89053,"date":"2024-05-24T11:54:43","date_gmt":"2024-05-24T09:54:43","guid":{"rendered":"https:\/\/www.jobcloud.ch\/c\/?page_id=89053"},"modified":"2025-06-23T17:18:29","modified_gmt":"2025-06-23T15:18:29","slug":"internationale-rekrutierung-new","status":"publish","type":"page","link":"https:\/\/www.jobcloud.ch\/c\/de-ch\/produkte\/internationale-rekrutierung\/","title":{"rendered":"Internationale Rekrutierung NEW"},"content":{"rendered":"<div class=\"wpb-content-wrapper\"><p>[vc_row gap=&#187;35&#8243; equal_height=&#187;yes&#187; content_placement=&#187;middle&#187; css=&#187;.vc_custom_1727955802312{margin-top: 0px !important;margin-bottom: 0px !important;}&#187;][vc_column el_id=&#187;reverse-row-order-first&#187;][vc_custom_heading text=&#187;Wir finden f\u00fcr Sie die richtigen Talente&#187; font_container=&#187;tag:h1|text_align:center&#187; use_theme_fonts=&#187;yes&#187; el_class=&#187;home_h1 home_h1_ir40&#8243;][vc_column_text el_class=&#187;opcity-cls-row&#187;]<\/p>\n<p style=\"text-align: center;\">Leiden Sie unter Fachkr\u00e4ftemangel? Bieten Sie Remote Jobs an?<br \/>\nHat Ihr Unternehmen Tochtergesellschaften im Ausland?<\/p>\n<p>[\/vc_column_text][\/vc_column][\/vc_row][vc_row equal_height=&#187;yes&#187; el_id=&#187;reverse-row&#187; el_class=&#187;row_reach&#187;][vc_column width=&#187;1\/2&#8243;][vc_column_text el_class=&#187;home_h2_h4&#8243;]<\/p>\n<h3>JobCloud ist Ihr Partner, um die besten internationalen Talente zu finden und einzustellen<\/h3>\n<p class=\"opcity-cls-row\">Mit unserer 20-j\u00e4hrigen Erfahrung und internationalen Partnerschaften in mehr als 140 L\u00e4ndern &#8211; darunter rund 60 Partner &#8211; unterst\u00fctzen und begleiten wir Sie gerne bei der Entwicklung Ihrer Rekrutierungsstrategie.<\/p>\n<p>[\/vc_column_text][\/vc_column][vc_column width=&#187;1\/2&#8243;][vc_single_image image=&#187;89534&#8243; img_size=&#187;full&#187; alignment=&#187;center&#187;][\/vc_column][\/vc_row][vc_row gap=&#187;35&#8243; equal_height=&#187;yes&#187; content_placement=&#187;middle&#187; css=&#187;.vc_custom_1727955802312{margin-top: 0px !important;margin-bottom: 0px !important;}&#187;][vc_column][vc_custom_heading text=&#187;Wachsender Bedarf an ausl\u00e4ndischen<br \/>\nTalenten in der Schweiz&#187; font_container=&#187;tag:h1|text_align:center&#187; use_theme_fonts=&#187;yes&#187; el_class=&#187;home_h1&#8243;][\/vc_column][\/vc_row][vc_row equal_height=&#187;yes&#187; el_class=&#187;row_reach&#187;][vc_column width=&#187;1\/2&#8243;][vc_column_text el_class=&#187;home_h2_h4&#8243;]<\/p>\n<h4 style=\"text-align: center;\"><strong>Anteil ausl\u00e4ndischer Arbeitskr\u00e4fte in der Schweiz<\/strong><\/h4>\n<p>[\/vc_column_text][vc_single_image image=&#187;89958&#8243; img_size=&#187;medium&#187; alignment=&#187;center&#187;][vc_column_text el_class=&#187;grayed-text&#187;]<\/p>\n<p style=\"text-align: center;\">Quelle: BFS \u2013 Arbeitskr\u00e4ftestatistik, 2024<\/p>\n<p>[\/vc_column_text][\/vc_column][vc_column width=&#187;1\/2&#8243;][vc_column_text el_class=&#187;grayed-text&#187;]Der Schweizer Arbeitsmarkt ist kompetitiver denn je, und die alternde Arbeitskraft f\u00fchrt zu einer kritischen Talentknappheit. Gleichzeitig ver\u00e4ndert die zunehmende Pr\u00e4senz internationaler Fachkr\u00e4fte die Arbeitslandschaft.<\/p>\n<p>Gewinnen Sie wertvolle Einblicke in die neuesten Mobilit\u00e4tstrends mit unserem eBook \u201eGlobal Talent Survey 2024\u201c.[\/vc_column_text][vc_btn title=&#187;Holen Sie sich Ihr kostenloses eBook&#187; style=&#187;custom&#187; custom_background=&#187;#93559e&#187; custom_text=&#187;#ffffff&#187; size=&#187;sm&#187; link=&#187;url:https%3A%2F%2Fwww.jobcloud.ch%2Fc%2Fde-ch%2Falle-ressourcen%2Febook-internationale-rekrutierungsstrategien%3Futm_source%3Dnewsletter%26utm_medium%3Demail%26utm_campaign%3Dwb%3Ajobcloud.ch%257Ctg%3Ab2b%257Ccn%3Ach%257Clg%3Ade|title:Holen%20Sie%20sich%20Ihr%20kostenloses%20eBook|target:_blank&#187; el_class=&#187;button-cls-row&#187;][\/vc_column][\/vc_row][vc_row equal_height=&#187;yes&#187; el_id=&#187;reverse-row&#187; el_class=&#187;row_reach&#187;][vc_column width=&#187;1\/2&#8243;][vc_column_text el_class=&#187;grayed-text&#187;]<\/p>\n<h3>Greifen Sie auf die besten Jobb\u00f6rsen \u00fcber den internationalen Rekrutierungsservice von JobCloud zu<\/h3>\n<p class=\"opcity-cls-row\">JobCloud geh\u00f6rt zu einer Allianz, die die f\u00fchrenden Jobb\u00f6rsen der Welt vereint. Zu den wichtigsten Partnern geh\u00f6ren Cadremploi \/ Figaro Emploi in Frankreich, StepStone in Deutschland und \u00d6sterreich sowie TotalJobs in Gro\u00dfbritannien<\/p>\n<p>[\/vc_column_text][\/vc_column][vc_column width=&#187;1\/2&#8243;][vc_single_image image=&#187;49063&#8243; img_size=&#187;full&#187; alignment=&#187;center&#187;][\/vc_column][\/vc_row][vc_row content_placement=&#187;middle&#187;][vc_column width=&#187;1\/4&#8243;][vc_single_image image=&#187;89059&#8243; img_size=&#187;full&#187;][\/vc_column][vc_column width=&#187;1\/4&#8243;][vc_single_image image=&#187;89460&#8243; img_size=&#187;full&#187;][\/vc_column][vc_column width=&#187;1\/4&#8243;][vc_single_image image=&#187;89062&#8243; img_size=&#187;full&#187;][\/vc_column][vc_column width=&#187;1\/4&#8243;][vc_single_image image=&#187;89434&#8243; img_size=&#187;full&#187;][\/vc_column][\/vc_row][vc_row equal_height=&#187;yes&#187; el_class=&#187;row_reach&#187;][vc_column][vc_btn title=&#187;Buchen Sie einen Termin mit unserem Experten&#187; style=&#187;custom&#187; custom_background=&#187;#93559e&#187; custom_text=&#187;#ffffff&#187; size=&#187;sm&#187; align=&#187;center&#187; link=&#187;url:mailto%3Ainternational%40jobcloud.ch|title:Buchen%20Sie%20einen%20Termin%20mit%20unserem%20Experten|target:_blank&#187; el_class=&#187;button-cls-row&#187;][\/vc_column][\/vc_row][vc_row gap=&#187;35&#8243; equal_height=&#187;yes&#187; content_placement=&#187;middle&#187; el_class=&#187;row_target&#187;][vc_column width=&#187;1\/2&#8243;][vc_single_image image=&#187;49062&#8243; img_size=&#187;full&#187;][\/vc_column][vc_column width=&#187;1\/2&#8243;][vc_column_text el_class=&#187;home_h2_h4&#8243;]<\/p>\n<h3>Profitieren Sie von unseren Services<\/h3>\n<p class=\"opcity-cls-row\">Entdecken Sie eine Vielzahl von Dienstleistungen, die auf Ihre Bed\u00fcrfnisse zugeschnitten sind! W\u00e4hlen Sie aus Jobangeboten, Employer-Branding-L\u00f6sungen und CV-Datenbanken. Entscheiden Sie sich f\u00fcr unsere Global Flex Packs, um mehrere L\u00e4nder anzusprechen, oder f\u00fcr Mix and Match, um dieselbe Stelle in mindestens drei verschiedenen L\u00e4ndern auszuschreiben.<\/p>\n<p>[\/vc_column_text][\/vc_column][\/vc_row][vc_row gap=&#187;35&#8243; equal_height=&#187;yes&#187; content_placement=&#187;middle&#187; el_class=&#187;row_attract&#187; el_id=&#187;reverse-row&#187;][vc_column width=&#187;1\/2&#8243; el_id=&#187;reverse-row-order-first&#187;][vc_column_text el_class=&#187;home_h2_h4&#8243;]<\/p>\n<h3>Ein zentraler Ansprechpartner f\u00fcr Ihren internationalen Rekrutierungsbedarf<\/h3>\n<p class=\"opcity-cls-row\">Im Rahmen unseres internationalen Rekrutierungsservices stellen wir Ihnen eine lokale Kontaktperson zur Verf\u00fcgung, die Ihre Sprache spricht und in Ihrer Zeitzone arbeitet. Dar\u00fcber hinaus werden eine W\u00e4hrung (CHF) und eine Rechnung sowie ein Publishing-Tool f\u00fcr alle Ihre internationalen Rekrutierungsanforderungen verwendet.<\/p>\n<p>[\/vc_column_text][\/vc_column][vc_column width=&#187;1\/2&#8243; el_id=&#187;reverse-row-order-second&#187;][vc_single_image image=&#187;49061&#8243; img_size=&#187;full&#187; alignment=&#187;center&#187;][\/vc_column][\/vc_row][vc_row gap=&#187;35&#8243; equal_height=&#187;yes&#187; content_placement=&#187;middle&#187; css=&#187;.vc_custom_1727958903335{margin-top: 50px !important;margin-right: 0px !important;margin-bottom: 0px !important;margin-left: 0px !important;padding-top: 0px !important;padding-right: 0px !important;padding-bottom: 0px !important;padding-left: 0px !important;background-color: #00829a !important;border-radius: 25px !important;}&#187; el_class=&#187;zero_padding&#187;][vc_column width=&#187;1\/3&#8243; el_class=&#187;zero_padding p-0 background_top_center&#187; css=&#187;.vc_custom_1727959007255{margin-top: 0px !important;margin-right: 0px !important;margin-bottom: 0px !important;margin-left: 0px !important;padding-top: 0px !important;padding-right: 0px !important;padding-bottom: 0px !important;padding-left: 0px !important;background-image: url(https:\/\/www.jobcloud.ch\/wp-content\/uploads\/2024\/06\/lisagervais.jpg?id=89455) !important;border-radius: 25px !important;}&#187;][vc_empty_space height=&#187;250px&#187;][\/vc_column][vc_column width=&#187;2\/3&#8243;][vc_column_text]<\/p>\n<p class=\"color--white\" style=\"text-align: center;\"><em>\u00abThe international recruitment service of JobCloud helps us successfully recruit our teacher and school principal profiles. As a school with international reach, we are looking for talents from all over the world, and we need the best visibility of our job advertisements at the international level. We highly recommend this service from JobCloud because it is simple, fast, user-friendly, and enables us to receive relevant applications from every country we publish our job postings in.\u00bb<\/em><\/p>\n<p class=\"color--white\" style=\"text-align: center;\"><em>Lisa Gervais, People &amp; Culture Partner &#8211; Recruitment Coordinator at the International School of Geneva<\/em><\/p>\n<p>[\/vc_column_text][\/vc_column][\/vc_row][vc_row el_class=&#187;home_get_started&#187; el_id=&#187;home_get_started1&#8243;][vc_column][vc_custom_heading text=&#187;Los geht\u2019s&#187; font_container=&#187;tag:h2|text_align:center&#187; use_theme_fonts=&#187;yes&#187;]<div class=\" process-2\"><div class=\"col-sm-3\"><div class=\" process__item\"><p><img decoding=\"async\" class=\"aligncenter wp-image-71 size-full\" src=\"https:\/\/www.jobcloud.ch\/wp-content\/uploads\/2020\/02\/profile.svg\" alt=\"\" width=\"149\" height=\"135\" \/><\/p>\n<h4 style=\"text-align: center;\">Kontaktieren Sie uns<\/h4>\n<p>\n<\/div><\/div><div class=\"col-sm-3\"><div class=\" process__item\"><p><img decoding=\"async\" class=\"aligncenter wp-image-72 size-full\" src=\"https:\/\/www.jobcloud.ch\/wp-content\/uploads\/2020\/02\/post-ads.svg\" alt=\"\" width=\"211\" height=\"158\" \/><\/p>\n<h4 style=\"text-align: center;\">Erhalten Sie unser Angebot<\/h4>\n<p>\n<\/div><\/div><div class=\"col-sm-3\"><div class=\" process__item\"><p><img decoding=\"async\" class=\"aligncenter wp-image-74 size-full\" src=\"https:\/\/www.jobcloud.ch\/wp-content\/uploads\/2020\/02\/candidates.svg\" alt=\"\" width=\"155\" height=\"134\" \/><\/p>\n<h4 style=\"text-align: center;\">Internationale Rekrutierung<br \/>\nbeginnen<\/h4>\n<p>\n<\/div><\/div><\/div>[vc_row_inner][vc_column_inner el_class=&#187;button-center-cls&#187;][vc_btn title=&#187;Buchen Sie einen Termin mit unserem Experten&#187; style=&#187;custom&#187; custom_background=&#187;#93559e&#187; custom_text=&#187;#ffffff&#187; align=&#187;center&#187; el_class=&#187;button-cls-row&#187; link=&#187;url:mailto%3Ainternational%40jobcloud.ch|title:Buchen%20Sie%20einen%20Termin%20mit%20unserem%20Experten|target:_blank&#187; vc_btn_link=&#187;ir_de_getstarted&#187;][vc_column_text el_class=&#187;contact_us_links&#187;]<a href=\"tel:+41442546906\">+41 44 254 69 06<\/a><br \/>\n<a href=\"mailto:international@jobcloud.ch\">international@jobcloud.ch<\/a>[\/vc_column_text][\/vc_column_inner][\/vc_row_inner][\/vc_column][\/vc_row][vc_row full_width=&#187;stretch_row&#187; el_class=&#187;row_img_placeholder&#187;][vc_column el_class=&#187;button-center-cls&#187;][\/vc_column][\/vc_row]<\/p>\n<\/div>","protected":false},"excerpt":{"rendered":"<p>[vc_row gap=&#187;35&#8243; equal_height=&#187;yes&#187; content_placement=&#187;middle&#187; css=&#187;.vc_custom_1727955802312{margin-top: 0px !important;margin-bottom: 0px !important;}&#187;][vc_column el_id=&#187;reverse-row-order-first&#187;][vc_custom_heading text=&#187;Wir finden f\u00fcr Sie die richtigen Talente&#187; font_container=&#187;tag:h1|text_align:center&#187; use_theme_fonts=&#187;yes&#187; el_class=&#187;home_h1 home_h1_ir40&#8243;][vc_column_text el_class=&#187;opcity-cls-row&#187;]&#8230;<\/p>\n","protected":false},"author":56,"featured_media":0,"parent":2460,"menu_order":0,"comment_status":"closed","ping_status":"closed","template":"","meta":{"_acf_changed":false,"inline_featured_image":false,"footnotes":""},"class_list":["post-89053","page","type-page","status-publish","hentry"],"acf":[],"yoast_head":"<!-- This site is optimized with the Yoast SEO plugin v27.2 - https:\/\/yoast.com\/product\/yoast-seo-wordpress\/ -->\n<title>Kandidaten f\u00fcr internationale Rekrutierungen finden | JobCloud<\/title>\n<meta name=\"description\" content=\"Rekrutieren Sie mit JobCloud internationale Kandidaten. Finden Sie dank unseres breiten Angebots an Jobportalen und unseres globalen Netzwerks schnell die besten Talente in mehr als 130 L\u00e4ndern.\" \/>\n<meta name=\"robots\" content=\"index, follow, max-snippet:-1, max-image-preview:large, max-video-preview:-1\" \/>\n<link rel=\"canonical\" href=\"https:\/\/www.jobcloud.ch\/c\/de-ch\/produkte\/internationale-rekrutierung\/\" \/>\n<meta property=\"og:locale\" content=\"de_DE\" \/>\n<meta property=\"og:type\" content=\"article\" \/>\n<meta property=\"og:title\" content=\"Kandidaten f\u00fcr internationale Rekrutierungen finden | JobCloud\" \/>\n<meta property=\"og:description\" content=\"Rekrutieren Sie mit JobCloud internationale Kandidaten. Finden Sie dank unseres breiten Angebots an Jobportalen und unseres globalen Netzwerks schnell die besten Talente in mehr als 130 L\u00e4ndern.\" \/>\n<meta property=\"og:url\" content=\"https:\/\/www.jobcloud.ch\/c\/de-ch\/produkte\/internationale-rekrutierung\/\" \/>\n<meta property=\"og:site_name\" content=\"JobCloud\" \/>\n<meta property=\"article:modified_time\" content=\"2025-06-23T15:18:29+00:00\" \/>\n<meta property=\"og:image\" content=\"https:\/\/www.jobcloud.ch\/wp-content\/uploads\/2020\/02\/profile.svg\" \/>\n<meta name=\"twitter:card\" content=\"summary_large_image\" \/>\n<meta name=\"twitter:label1\" content=\"Gesch\u00e4tzte Lesezeit\" \/>\n\t<meta name=\"twitter:data1\" content=\"5\u00a0Minuten\" \/>\n<script type=\"application\/ld+json\" class=\"yoast-schema-graph\">{\"@context\":\"https:\/\/schema.org\",\"@graph\":[{\"@type\":\"WebPage\",\"@id\":\"https:\/\/www.jobcloud.ch\/c\/de-ch\/produkte\/internationale-rekrutierung\/\",\"url\":\"https:\/\/www.jobcloud.ch\/c\/de-ch\/produkte\/internationale-rekrutierung\/\",\"name\":\"Kandidaten f\u00fcr internationale Rekrutierungen finden | JobCloud\",\"isPartOf\":{\"@id\":\"https:\/\/www.jobcloud.ch\/c\/de-ch\/#website\"},\"primaryImageOfPage\":{\"@id\":\"https:\/\/www.jobcloud.ch\/c\/de-ch\/produkte\/internationale-rekrutierung\/#primaryimage\"},\"image\":{\"@id\":\"https:\/\/www.jobcloud.ch\/c\/de-ch\/produkte\/internationale-rekrutierung\/#primaryimage\"},\"thumbnailUrl\":\"https:\/\/www.jobcloud.ch\/wp-content\/uploads\/2020\/02\/profile.svg\",\"datePublished\":\"2024-05-24T09:54:43+00:00\",\"dateModified\":\"2025-06-23T15:18:29+00:00\",\"description\":\"Rekrutieren Sie mit JobCloud internationale Kandidaten. Finden Sie dank unseres breiten Angebots an Jobportalen und unseres globalen Netzwerks schnell die besten Talente in mehr als 130 L\u00e4ndern.\",\"breadcrumb\":{\"@id\":\"https:\/\/www.jobcloud.ch\/c\/de-ch\/produkte\/internationale-rekrutierung\/#breadcrumb\"},\"inLanguage\":\"de-CH\",\"potentialAction\":[{\"@type\":\"ReadAction\",\"target\":[\"https:\/\/www.jobcloud.ch\/c\/de-ch\/produkte\/internationale-rekrutierung\/\"]}]},{\"@type\":\"ImageObject\",\"inLanguage\":\"de-CH\",\"@id\":\"https:\/\/www.jobcloud.ch\/c\/de-ch\/produkte\/internationale-rekrutierung\/#primaryimage\",\"url\":\"https:\/\/www.jobcloud.ch\/wp-content\/uploads\/2020\/02\/profile.svg\",\"contentUrl\":\"https:\/\/www.jobcloud.ch\/wp-content\/uploads\/2020\/02\/profile.svg\"},{\"@type\":\"BreadcrumbList\",\"@id\":\"https:\/\/www.jobcloud.ch\/c\/de-ch\/produkte\/internationale-rekrutierung\/#breadcrumb\",\"itemListElement\":[{\"@type\":\"ListItem\",\"position\":1,\"name\":\"Gesch\u00fctzt: Produkte\",\"item\":\"https:\/\/www.jobcloud.ch\/c\/de-ch\/produkte\/\"},{\"@type\":\"ListItem\",\"position\":2,\"name\":\"Internationale Rekrutierung NEW\"}]},{\"@type\":\"WebSite\",\"@id\":\"https:\/\/www.jobcloud.ch\/c\/de-ch\/#website\",\"url\":\"https:\/\/www.jobcloud.ch\/c\/de-ch\/\",\"name\":\"JobCloud\",\"description\":\"JobCloud is the leading job portal for jobseekers in Switzerland\",\"publisher\":{\"@id\":\"https:\/\/www.jobcloud.ch\/c\/de-ch\/#organization\"},\"potentialAction\":[{\"@type\":\"SearchAction\",\"target\":{\"@type\":\"EntryPoint\",\"urlTemplate\":\"https:\/\/www.jobcloud.ch\/c\/de-ch\/?s={search_term_string}\"},\"query-input\":{\"@type\":\"PropertyValueSpecification\",\"valueRequired\":true,\"valueName\":\"search_term_string\"}}],\"inLanguage\":\"de-CH\"},{\"@type\":\"Organization\",\"@id\":\"https:\/\/www.jobcloud.ch\/c\/de-ch\/#organization\",\"name\":\"JobCloud\",\"url\":\"https:\/\/www.jobcloud.ch\/c\/de-ch\/\",\"logo\":{\"@type\":\"ImageObject\",\"inLanguage\":\"de-CH\",\"@id\":\"https:\/\/www.jobcloud.ch\/c\/de-ch\/#\/schema\/logo\/image\/\",\"url\":\"https:\/\/www.jobcloud.ch\/wp-content\/uploads\/2020\/02\/jobcloude-logo.svg\",\"contentUrl\":\"https:\/\/www.jobcloud.ch\/wp-content\/uploads\/2020\/02\/jobcloude-logo.svg\",\"width\":160,\"height\":37,\"caption\":\"JobCloud\"},\"image\":{\"@id\":\"https:\/\/www.jobcloud.ch\/c\/de-ch\/#\/schema\/logo\/image\/\"}}]}<\/script>\n<!-- \/ Yoast SEO plugin. -->","yoast_head_json":{"title":"Kandidaten f\u00fcr internationale Rekrutierungen finden | JobCloud","description":"Rekrutieren Sie mit JobCloud internationale Kandidaten. Finden Sie dank unseres breiten Angebots an Jobportalen und unseres globalen Netzwerks schnell die besten Talente in mehr als 130 L\u00e4ndern.","robots":{"index":"index","follow":"follow","max-snippet":"max-snippet:-1","max-image-preview":"max-image-preview:large","max-video-preview":"max-video-preview:-1"},"canonical":"https:\/\/www.jobcloud.ch\/c\/de-ch\/produkte\/internationale-rekrutierung\/","og_locale":"de_DE","og_type":"article","og_title":"Kandidaten f\u00fcr internationale Rekrutierungen finden | JobCloud","og_description":"Rekrutieren Sie mit JobCloud internationale Kandidaten. Finden Sie dank unseres breiten Angebots an Jobportalen und unseres globalen Netzwerks schnell die besten Talente in mehr als 130 L\u00e4ndern.","og_url":"https:\/\/www.jobcloud.ch\/c\/de-ch\/produkte\/internationale-rekrutierung\/","og_site_name":"JobCloud","article_modified_time":"2025-06-23T15:18:29+00:00","og_image":[{"url":"https:\/\/www.jobcloud.ch\/wp-content\/uploads\/2020\/02\/profile.svg","type":"","width":"","height":""}],"twitter_card":"summary_large_image","twitter_misc":{"Gesch\u00e4tzte Lesezeit":"5\u00a0Minuten"},"schema":{"@context":"https:\/\/schema.org","@graph":[{"@type":"WebPage","@id":"https:\/\/www.jobcloud.ch\/c\/de-ch\/produkte\/internationale-rekrutierung\/","url":"https:\/\/www.jobcloud.ch\/c\/de-ch\/produkte\/internationale-rekrutierung\/","name":"Kandidaten f\u00fcr internationale Rekrutierungen finden | JobCloud","isPartOf":{"@id":"https:\/\/www.jobcloud.ch\/c\/de-ch\/#website"},"primaryImageOfPage":{"@id":"https:\/\/www.jobcloud.ch\/c\/de-ch\/produkte\/internationale-rekrutierung\/#primaryimage"},"image":{"@id":"https:\/\/www.jobcloud.ch\/c\/de-ch\/produkte\/internationale-rekrutierung\/#primaryimage"},"thumbnailUrl":"https:\/\/www.jobcloud.ch\/wp-content\/uploads\/2020\/02\/profile.svg","datePublished":"2024-05-24T09:54:43+00:00","dateModified":"2025-06-23T15:18:29+00:00","description":"Rekrutieren Sie mit JobCloud internationale Kandidaten. Finden Sie dank unseres breiten Angebots an Jobportalen und unseres globalen Netzwerks schnell die besten Talente in mehr als 130 L\u00e4ndern.","breadcrumb":{"@id":"https:\/\/www.jobcloud.ch\/c\/de-ch\/produkte\/internationale-rekrutierung\/#breadcrumb"},"inLanguage":"de-CH","potentialAction":[{"@type":"ReadAction","target":["https:\/\/www.jobcloud.ch\/c\/de-ch\/produkte\/internationale-rekrutierung\/"]}]},{"@type":"ImageObject","inLanguage":"de-CH","@id":"https:\/\/www.jobcloud.ch\/c\/de-ch\/produkte\/internationale-rekrutierung\/#primaryimage","url":"https:\/\/www.jobcloud.ch\/wp-content\/uploads\/2020\/02\/profile.svg","contentUrl":"https:\/\/www.jobcloud.ch\/wp-content\/uploads\/2020\/02\/profile.svg"},{"@type":"BreadcrumbList","@id":"https:\/\/www.jobcloud.ch\/c\/de-ch\/produkte\/internationale-rekrutierung\/#breadcrumb","itemListElement":[{"@type":"ListItem","position":1,"name":"Gesch\u00fctzt: Produkte","item":"https:\/\/www.jobcloud.ch\/c\/de-ch\/produkte\/"},{"@type":"ListItem","position":2,"name":"Internationale Rekrutierung NEW"}]},{"@type":"WebSite","@id":"https:\/\/www.jobcloud.ch\/c\/de-ch\/#website","url":"https:\/\/www.jobcloud.ch\/c\/de-ch\/","name":"JobCloud","description":"JobCloud is the leading job portal for jobseekers in Switzerland","publisher":{"@id":"https:\/\/www.jobcloud.ch\/c\/de-ch\/#organization"},"potentialAction":[{"@type":"SearchAction","target":{"@type":"EntryPoint","urlTemplate":"https:\/\/www.jobcloud.ch\/c\/de-ch\/?s={search_term_string}"},"query-input":{"@type":"PropertyValueSpecification","valueRequired":true,"valueName":"search_term_string"}}],"inLanguage":"de-CH"},{"@type":"Organization","@id":"https:\/\/www.jobcloud.ch\/c\/de-ch\/#organization","name":"JobCloud","url":"https:\/\/www.jobcloud.ch\/c\/de-ch\/","logo":{"@type":"ImageObject","inLanguage":"de-CH","@id":"https:\/\/www.jobcloud.ch\/c\/de-ch\/#\/schema\/logo\/image\/","url":"https:\/\/www.jobcloud.ch\/wp-content\/uploads\/2020\/02\/jobcloude-logo.svg","contentUrl":"https:\/\/www.jobcloud.ch\/wp-content\/uploads\/2020\/02\/jobcloude-logo.svg","width":160,"height":37,"caption":"JobCloud"},"image":{"@id":"https:\/\/www.jobcloud.ch\/c\/de-ch\/#\/schema\/logo\/image\/"}}]}},"_links":{"self":[{"href":"https:\/\/www.jobcloud.ch\/c\/de-ch\/wp-json\/wp\/v2\/pages\/89053","targetHints":{"allow":["GET"]}}],"collection":[{"href":"https:\/\/www.jobcloud.ch\/c\/de-ch\/wp-json\/wp\/v2\/pages"}],"about":[{"href":"https:\/\/www.jobcloud.ch\/c\/de-ch\/wp-json\/wp\/v2\/types\/page"}],"author":[{"embeddable":true,"href":"https:\/\/www.jobcloud.ch\/c\/de-ch\/wp-json\/wp\/v2\/users\/56"}],"replies":[{"embeddable":true,"href":"https:\/\/www.jobcloud.ch\/c\/de-ch\/wp-json\/wp\/v2\/comments?post=89053"}],"version-history":[{"count":0,"href":"https:\/\/www.jobcloud.ch\/c\/de-ch\/wp-json\/wp\/v2\/pages\/89053\/revisions"}],"up":[{"embeddable":true,"href":"https:\/\/www.jobcloud.ch\/c\/de-ch\/wp-json\/wp\/v2\/pages\/2460"}],"wp:attachment":[{"href":"https:\/\/www.jobcloud.ch\/c\/de-ch\/wp-json\/wp\/v2\/media?parent=89053"}],"curies":[{"name":"wp","href":"https:\/\/api.w.org\/{rel}","templated":true}]}}