     {"id":54152,"date":"2023-08-23T14:52:25","date_gmt":"2023-08-23T12:52:25","guid":{"rendered":"https:\/\/www.jobcloud.ch\/c\/?page_id=54152"},"modified":"2024-05-31T11:42:23","modified_gmt":"2024-05-31T09:42:23","slug":"allgemeine-geschaeftsbedingungen-spotted-agb","status":"publish","type":"page","link":"https:\/\/www.jobcloud.ch\/c\/de-ch\/nutzungsbedingungen-spotted\/","title":{"rendered":"Nutzungsbedingungen f\u00fcr JobCloud Digital Recruiting (\u201cSpotted\u201d) f\u00fcr Stellensuchende"},"content":{"rendered":"<p><strong><span>1. Anwendungsbereich<\/span><\/strong><\/p>\n<p><span>1.1 Diese Nutzungsbedingungen (nachfolgend \u00abNutzungsbedingungen\u00bb) regeln die Beziehung zwischen Ihnen (nachfolgend \u201eNutzer:in\u00bb oder \u00abSie\u00bb) und der JobCloud AG (Albisriederstrasse 253, 8052 Z\u00fcrich, Schweiz; nachfolgend \u00abJobCloud\u00bb oder \u00abwir\u00bb) im Zusammenhang mit der JobCloud-gest\u00fctzten Rekrutierungsl\u00f6sung Spotted (nachfolgend \u00abSpotted\u00bb) und den damit verbundenen Dienstleistungen, wie sie in Abschnitt 2 dieser Nutzungsbedingungen beschrieben sind (nachfolgend \u00abDienstleistungen\u00bb).<\/span><\/p>\n<p><strong><span>2. Dienstleistungen<\/span><\/strong><\/p>\n<p><span>2.1 Nutzer:innen wird die M\u00f6glichkeit geboten, ihren Lebenslauf zusammen mit ihrer Bewerbung auf den Jobplattformen von JobCloud einzureichen. Sie k\u00f6nnen sich auf Stellenanzeigen bewerben, die von JobCloud im Namen potenzieller Arbeitgeber auf JobCloud-Plattformen, externen Jobportalen und Social-Media-Plattformen ver\u00f6ffentlicht werden, oder ihren Lebenslauf per E-Mail oder Social-Media-Plattform (z. B. LinkedIn) an Spotted \u00fcbermitteln oder ihren Lebenslauf auf der Spotted-Website hochladen. Mit \u00abpotenziellen Arbeitgebern\u00bb sind Personen\/Unternehmen gemeint, von denen JobCloud annimmt, dass sie jemanden mit dem Profil des:der Nutzers:in suchen. Je nach dem ist JobCloud von diesen beauftragt oder auch nicht, nach einem:r Stellensuchenden wie dem:r Nutzer:in zu suchen. Durch die \u00dcbermittlung von Bewerbungen und Lebensl\u00e4ufen werden diese Bewerbungsdaten Teil der Datenbanken von JobCloud.<\/span><\/p>\n<p><span>2.2 Nutzer:innen k\u00f6nnen zudem direkt \u00fcber die Plattformen von JobCloud ihre Profildaten und ihren Lebenslauf f\u00fcr eine Rekrutierung mit Spotted freigeben. Im Nutzer:innen-Profil kann die Einwilligung zu der Verwendung der Soptted Dienstleistungen angew\u00e4hlt werden. <\/span><\/p>\n<p><span>2.3 Wir erleichtern den Kontakt zwischen dem:r Nutzer:in und dem potenziellen Arbeitgeber (einschlie\u00dflich der \u00dcbermittlung von Bewerbungen und Anlagen an den potenziellen Arbeitgeber, mit oder ohne den Auftrag des potenziellen Arbeitgebers dies zu tun) und k\u00f6nnen Unterst\u00fctzung im Zusammenhang mit dem Rekrutierungsprozess des potenziellen Arbeitgebers leisten.<\/span><\/p>\n<p><span>2.4 F\u00fcr den Abgleich der pers\u00f6nlichen Daten der Nutzer:innen nutzt JobCloud die bei JobCloud entwickelte Matching-Technologie. Wir extrahieren Daten aus den Bewerbungsunterlagen der Nutzer:innen und\/oder, falls der Zugriff durch die Nutzer:innen im JobCloud Profil freigegeben wurde, aus dem Profil und aus dem Lebenslauf. Diese Daten werden in pseudonymisierter Form entsprechend den Anforderungen eines potenziellen Arbeitgebers mit Hilfe von K\u00fcnstlicher Intelligenz (KI) abgeglichen, um eine erste Aussage \u00fcber die potentielle \u00dcbereinstimmung zu erm\u00f6glichen. Dar\u00fcber hinaus pr\u00fcft das JobCloud-Rekrutierungsteam den Abgleich sorgf\u00e4ltig.<\/span><\/p>\n<p><span>2.5 Wenn eine \u00dcbereinstimmung festgestellt und best\u00e4tigt wurde, k\u00f6nnen wir entweder zuerst den:die Nutzer:in oder den potenziellen Arbeitgeber (per E-Mail, Telefon usw.) kontaktieren, um zu \u00fcberpr\u00fcfen, ob er:sie an dem:der Nutzer:in bzw. dem potenziellen Arbeitgeber interessiert ist. Wenn wir uns zuerst an den:die Nutzer:in wenden, bitten wir ihn:sie, sein:ihr Interesse an dem potenziellen Arbeitgeber zu best\u00e4tigen, und teilen dem potenziellen Arbeitgeber mit dem Einverst\u00e4ndnis des:r Nutzers:in alle seine:ihre Daten einschlie\u00dflich Angaben die sie:ihn klar identifizieren mit. Wenn der potenzielle Arbeitgeber interessiert ist, stellen wir Kontakt zwischen den Parteien her.<\/span><\/p>\n<p><span>2.6 Wenn der potenzielle Arbeitgeber zuerst kontaktiert wird, stellen wir dem potenziellen Arbeitgeber nur die Daten des:der Nutzer:in zu, bei welchen wir Angaben, die den:die Nutzer:in klar identifizieren, entfernt haben. Best\u00e4tigt der potenzielle Arbeitgeber sein Interesse an dem:r Nutzer:in, wendet sich JobCloud an den:die Nutzer:in, in der Regel ebenfalls ohne den potenziellen Arbeitgeber zu identifizieren, und bittet den:die Nutzer:in um sein:ihr Einverst\u00e4ndnis, alle Daten des:der Nutzers:in einschlie\u00dflich der Angaben, die ihn:sie klar identifizieren, mit dem potenziellen Arbeitgeber zu teilen. Ist der potenzielle Arbeitgeber interessiert, stellen wir den Kontakt zwischen den Parteien her.<\/span><\/p>\n<p><span>2.7 Der:Die Nutzer:in erkl\u00e4rt sich damit einverstanden und verpflichtet sich, den von JobCloud mitgeteilten potenziellen Arbeitgeber nicht selbst zu kontaktieren und akzeptiert, dass ausschlie\u00dflich JobCloud den Kontakt zu den von JobCloud identifizierten potenziellen Arbeitgebern erm\u00f6glicht.<\/span><\/p>\n<p><span>2.8 In einigen F\u00e4llen beauftragen potenzielle Arbeitgeber JobCloud, sie w\u00e4hrend des Rekrutierungsprozesses zu unterst\u00fctzen. In diesen F\u00e4llen unterst\u00fctzt JobCloud sie bis zum Abschluss eines Vertrags.<\/span><\/p>\n<p><span>2.9 Der:Die Nutzer:in ist allein verantwortlich f\u00fcr alle Informationen, die er:sie mit Spotted teilt in Zusammenhang mit der Dienstleistung.<\/span><\/p>\n<p><span>2.10 Bei der Nutzung der Dienstleistung gilt die Netiquette.<\/span><\/p>\n<p><span>2.11 Die Dienstleistung darf nicht missbr\u00e4uchlich genutzt werden. Insbesondere ist es nicht erlaubt, Material hochzuladen\/zu teilen, das sich nicht auf die Bewerbung des:r Nutzers:in bezieht, wie z. B. pornografisches Material, Werbematerial, Viren oder Malware jeglicher Art.<\/span><\/p>\n<p><strong><span>3. Marketing<\/span><\/strong><\/p>\n<p><span>3.1 Wir k\u00f6nnen die Kontaktdaten des:r Nutzers:in verwenden, um ihm:ihr Informationen \u00fcber die Dienstleistungen oder Stellenangebote von JobCloud mittels unserem Newsletter oder auf andere Weise zukommen zu lassen, z.B. per E-Mail, Post, Telefon oder SMS. Sie k\u00f6nnen sich jederzeit abmelden, z. B. im Falle von E-Mails, indem Sie auf den in jeder Marketing-E-Mail enthaltenen Link \u00abAbmelden\u00bb klicken.<\/span><\/p>\n<p><span>3.2 JobCloud bittet Nutzer:innen gelegentlich um die Teilnahme an einer Marktforschung. Die Rechtsgrundlage f\u00fcr die Datenverarbeitung im Rahmen der Marktforschung ist Ihre Einwilligung. Zus\u00e4tzliche personenbezogene Daten, die Sie im Rahmen dieser Marktforschung zur Verf\u00fcgung stellen, werden ebenfalls nur mit der weiteren Zustimmung der Nutzer:innen verwendet.<\/span><\/p>\n<p><span>3.3 Der:Die Nutzer:in kann der Verarbeitung gem\u00e4\u00df Ziffer 3.1. jederzeit schriftlich, telefonisch, per E-Mail oder auf andere Weise ganz oder teilweise widersprechen. Sie k\u00f6nnen Ihre Einwilligung zur Marktforschung und\/oder zur weiteren Verwendung Ihrer Daten gem\u00e4\u00df Ziffer 3.2. jederzeit mit allen Mitteln widerrufen.<\/span><\/p>\n<p><strong><span>4. Vertraulichkeit<\/span><\/strong><\/p>\n<p><span>4.1 Der:Die Nutzer:in erkl\u00e4rt sich damit einverstanden und verpflichtet sich, alle Informationen, die er:sie im Rahmen des Einstellungs-\/Bewerbungsverfahrens vom und \u00fcber den potenziellen Arbeitgeber erh\u00e4lt, streng vertraulich zu behandeln. Dies schlie\u00dft die Verpflichtung des Arbeitssuchenden ein, niemandem die Identit\u00e4t des potenziellen Arbeitgebers mitzuteilen, solange noch kein Arbeitsvertrag geschlossen wurde.<\/span><\/p>\n<p><strong><span>5. Verf\u00fcgbarkeit<\/span><\/strong><\/p>\n<p><span>5.1 JobCloud \u00fcbernimmt keine Gew\u00e4hr f\u00fcr eine ununterbrochene Dienstleistung, die Dienstleistung zu einem bestimmten Zeitpunkt, die Dienstleistung Dritter oder die Vollst\u00e4ndigkeit, Authentizit\u00e4t und Integrit\u00e4t der im Zusammenhang mit der Dienstleistung gespeicherten oder \u00fcbermittelten Daten, insbesondere \u00fcber die Systeme oder das Internet.<\/span><\/p>\n<p><strong><span>6. Kommunikation<\/span><\/strong><\/p>\n<p><span>6.1 JobCloud ist berechtigt, per Post, Telefon sowie \u00fcber elektronische Kan\u00e4le (z.B. E-Mail, SMS, mobile Anwendungen und andere elektronische Kan\u00e4le) an die vom:von der Nutzer:in verwendeten oder ausdr\u00fccklich angegebenen Adressen (z.B. E-Mail-Adresse oder Mobiltelefonnummer) zu kommunizieren.<\/span><\/p>\n<p><strong><span>7. Eigentum und Rechte an geistigem Eigentum<\/span><\/strong><\/p>\n<p><span>7.1 Alle Eigentums- und geistigen Eigentumsrechte an der Spotted-Website, der Datenbank und der Software, insbesondere Urheberrechte und Rechte an Marken, Designs und Know-how, verbleiben im alleinigen Eigentum von JobCloud.<\/span><\/p>\n<p><strong>8. Keine Garantien und Haftungsbeschr\u00e4nkungen<\/strong><\/p>\n<p><span>8.1 JobCloud gibt keine Garantien in Bezug auf Spotted oder der Dienstleistung. JobCloud garantiert insbesondere nicht<\/span><\/p>\n<ul>\n<li><span>die Aktualit\u00e4t, Genauigkeit, Zuverl\u00e4ssigkeit, Vollst\u00e4ndigkeit oder Eignung von Inhalten oder der Dienstleistung. f\u00fcr einen bestimmten Zweck;<\/span><\/li>\n<li><span>dass die Nutzung der Dienstleistung., einschlie\u00dflich des Hochladens eines Lebenslaufs oder jeglicher Unterst\u00fctzung durch das Spotted-Team, zu einer \u00dcbereinstimmung oder einer erfolgreichen Arbeitsvermittlung f\u00fchren wird; und<\/span><\/li>\n<li><span>die ununterbrochene oder st\u00f6rungsfreie Verf\u00fcgbarkeit der Dienstleistung.<\/span><\/li>\n<\/ul>\n<p><span>8.2 Die Haftung von JobCloud, ihren Gesellschaftern im Sinne von Art. 101 OR und von JobCloud eingeschalteten Dritten (einschliesslich Auftragsbearbeitern) im Zusammenhang mit der Dienstleistung ist im gesetzlich zul\u00e4ssigen Umfang ausgeschlossen. Insbesondere werden direkte und indirekte Sch\u00e4den, Folgesch\u00e4den sowie entgangener Gewinn oder Datenverluste ausdr\u00fccklich ausgeschlossen, soweit dies m\u00f6glich ist.<\/span><\/p>\n<p><span>8.3 JobCloud haftet ferner nicht f\u00fcr Sch\u00e4den, die sich aus der rechts- oder vertragswidrigen Nutzung ihrer Dienstleistung oder von Dienstleistungen Dritter ergeben, sowie f\u00fcr St\u00f6rungen technischer Art, die insbesondere durch fehlende Internetverbindung, rechtswidrige Eingriffe in Telekommunikationseinrichtungen und -netze, \u00dcberlastung des Netzes, mutwillige Sperrung des elektronischen Zugangs durch Dritte oder sonstige Unterbrechungen verursacht werden.<\/span><\/p>\n<p><strong><span>9. Laufzeit und Beendigung<\/span><\/strong><\/p>\n<p><span>9.1 Wenn Nutzer:innen ihren Lebenslauf zusammen mit ihrer Bewerbung auf den Jobplattformen von JobCloud einreichen oder sich auf Stellenanzeigen bewerben, die von Spotted im Namen potenzieller Arbeitgeber auf JobCloud-Plattformen, externen Jobportalen und Social-Media-Plattformen ver\u00f6ffentlicht werden, oder ihren Lebenslauf per E-Mail oder Social-Media-Plattform (z. B. LinkedIn) an Spotted \u00fcbermitteln oder ihren Lebenslauf auf der Spotted-Website hochladen, gilt der Vertrag zwischen dem:der Nutzer:in und JobCloud f\u00fcr sechs (6) Monate ab Annahme dieser Nutzungsbedingungen durch den:die Nutzer:in und endet automatisch nach Ablauf der sechs (6)-monatigen Frist.<\/span><\/p>\n<p><span>9.2 Wenn Nutzer:innen direkt \u00fcber die Plattformen von JobCloud ihre Profildaten und ihren Lebenslauf f\u00fcr eine Rekrutierung mit Spotted freigeben, gilt der Vertrag zwischen dem:der Nutzer:in und JobCloud bis zum Widerruf der Einwilligung f\u00fcr die Nutzung der Daten gespeichert (vorbehaltlich eines laufenden Bewerbungsprozesses).<\/span><\/p>\n<p><span>9.3 W\u00e4hrend der Laufzeit dieses Vertrages haben sowohl der:die Nutzer:in als auch JobCloud das Recht, den Vertrag zu k\u00fcndigen, ebenfalls per E-Mail. Der:Die Nutzer:in kann die E-Mail an info@jobcloud.ch senden.<\/span><\/p>\n<p><span>9.4 Der:Die Nutzer:in erkl\u00e4rt sich damit einverstanden, dass JobCloud die Daten des:der Nutzers:in erst nach Ablauf der 6-Monats-Frist l\u00f6scht, wenn der:die Nutzer:in den Vertrag k\u00fcndigt. Der:Die Nutzer:in kann ein L\u00f6schungsrecht aus\u00fcben, wie in der Datenschutzerkl\u00e4rung f\u00fcr Spotted dargelegt.<\/span><\/p>\n<p><span>9.5 Alle Klauseln, die ihrer Natur nach dazu bestimmt sind, \u00fcber das Ende dieser Nutzungsbedingungen hinaus zu gelten, \u00fcberdauern die Beendigung dieser Nutzungsbedingungen (z.B. Vertraulichkeit).<\/span><\/p>\n<p><strong><span>10. Schutz der Daten<\/span><\/strong><\/p>\n<p><span>10.1 JobCloud und der:die Nutzer:in beachten bei der Erhebung und Bearbeitung von Personendaten die geltenden Rechtsvorschriften, insbesondere das Datenschutzrecht. Weitere Informationen finden Sie in der Datenschutzerkl\u00e4rung von Spotted.<\/span><\/p>\n<p><strong><span>11. \u00c4nderungen der Nutzungsbedingungen oder der Dienstleistung<\/span><\/strong><\/p>\n<p><span>11.1 JobCloud beh\u00e4lt sich das Recht vor, die Nutzungsbedingungen zu \u00e4ndern und \u00c4nderungen an der Dienstleistung vorzunehmen oder die Dienstleistung jederzeit nach eigenem Ermessen einzustellen.<\/span><\/p>\n<p><strong><span>12. Anwendbares Recht und Gerichtsstand<\/span><\/strong><\/p>\n<p><span>12.1 Die vorliegenden Nutzungsbedingungen unterstehen ausschliesslich schweizerischem Recht, unter Ausschluss der Bestimmungen des Bundesgesetzes \u00fcber das Internationale Privatrecht (IPRG).<\/span><\/p>\n<p><span>12.2 Ausschliesslicher Gerichtsstand sind die Gerichte der Stadt Z\u00fcrich.<\/span><\/p>\n<p><span>\u00a0<\/span><\/p>\n<p><span>Z\u00fcrich, Mai 2024<\/span><\/p>\n","protected":false},"excerpt":{"rendered":"<p>1. Anwendungsbereich 1.1 Diese Nutzungsbedingungen (nachfolgend \u00abNutzungsbedingungen\u00bb) regeln die Beziehung zwischen Ihnen (nachfolgend \u201eNutzer:in\u00bb oder \u00abSie\u00bb) und der JobCloud AG (Albisriederstrasse 253,&#8230;<\/p>\n","protected":false},"author":71,"featured_media":0,"parent":0,"menu_order":0,"comment_status":"closed","ping_status":"closed","template":"","meta":{"_acf_changed":false,"inline_featured_image":false,"footnotes":""},"class_list":["post-54152","page","type-page","status-publish","hentry"],"acf":[],"yoast_head":"<!-- This site is optimized with the Yoast SEO plugin v27.2 - https:\/\/yoast.com\/product\/yoast-seo-wordpress\/ -->\n<title>Nutzungsbedingungen f\u00fcr JobCloud Digital Recruiting (\u201cSpotted\u201d) f\u00fcr Stellensuchende | JobCloud<\/title>\n<meta name=\"robots\" content=\"index, follow, max-snippet:-1, max-image-preview:large, max-video-preview:-1\" \/>\n<link rel=\"canonical\" href=\"https:\/\/www.jobcloud.ch\/c\/de-ch\/nutzungsbedingungen-spotted\/\" \/>\n<meta property=\"og:locale\" content=\"de_DE\" \/>\n<meta property=\"og:type\" content=\"article\" \/>\n<meta property=\"og:title\" content=\"Nutzungsbedingungen f\u00fcr JobCloud Digital Recruiting (\u201cSpotted\u201d) f\u00fcr Stellensuchende | JobCloud\" \/>\n<meta property=\"og:description\" content=\"1. Anwendungsbereich 1.1 Diese Nutzungsbedingungen (nachfolgend \u00abNutzungsbedingungen\u00bb) regeln die Beziehung zwischen Ihnen (nachfolgend \u201eNutzer:in\u00bb oder \u00abSie\u00bb) und der JobCloud AG (Albisriederstrasse 253,...\" \/>\n<meta property=\"og:url\" content=\"https:\/\/www.jobcloud.ch\/c\/de-ch\/nutzungsbedingungen-spotted\/\" \/>\n<meta property=\"og:site_name\" content=\"JobCloud\" \/>\n<meta property=\"article:modified_time\" content=\"2024-05-31T09:42:23+00:00\" \/>\n<meta name=\"twitter:card\" content=\"summary_large_image\" \/>\n<meta name=\"twitter:label1\" content=\"Gesch\u00e4tzte Lesezeit\" \/>\n\t<meta name=\"twitter:data1\" content=\"9\u00a0Minuten\" \/>\n<script type=\"application\/ld+json\" class=\"yoast-schema-graph\">{\"@context\":\"https:\/\/schema.org\",\"@graph\":[{\"@type\":\"WebPage\",\"@id\":\"https:\/\/www.jobcloud.ch\/c\/de-ch\/nutzungsbedingungen-spotted\/\",\"url\":\"https:\/\/www.jobcloud.ch\/c\/de-ch\/nutzungsbedingungen-spotted\/\",\"name\":\"Nutzungsbedingungen f\u00fcr JobCloud Digital Recruiting (\u201cSpotted\u201d) f\u00fcr Stellensuchende | JobCloud\",\"isPartOf\":{\"@id\":\"https:\/\/www.jobcloud.ch\/c\/de-ch\/#website\"},\"datePublished\":\"2023-08-23T12:52:25+00:00\",\"dateModified\":\"2024-05-31T09:42:23+00:00\",\"inLanguage\":\"de-CH\",\"potentialAction\":[{\"@type\":\"ReadAction\",\"target\":[\"https:\/\/www.jobcloud.ch\/c\/de-ch\/nutzungsbedingungen-spotted\/\"]}]},{\"@type\":\"WebSite\",\"@id\":\"https:\/\/www.jobcloud.ch\/c\/de-ch\/#website\",\"url\":\"https:\/\/www.jobcloud.ch\/c\/de-ch\/\",\"name\":\"JobCloud\",\"description\":\"JobCloud is the leading job portal for jobseekers in Switzerland\",\"publisher\":{\"@id\":\"https:\/\/www.jobcloud.ch\/c\/de-ch\/#organization\"},\"potentialAction\":[{\"@type\":\"SearchAction\",\"target\":{\"@type\":\"EntryPoint\",\"urlTemplate\":\"https:\/\/www.jobcloud.ch\/c\/de-ch\/?s={search_term_string}\"},\"query-input\":{\"@type\":\"PropertyValueSpecification\",\"valueRequired\":true,\"valueName\":\"search_term_string\"}}],\"inLanguage\":\"de-CH\"},{\"@type\":\"Organization\",\"@id\":\"https:\/\/www.jobcloud.ch\/c\/de-ch\/#organization\",\"name\":\"JobCloud\",\"url\":\"https:\/\/www.jobcloud.ch\/c\/de-ch\/\",\"logo\":{\"@type\":\"ImageObject\",\"inLanguage\":\"de-CH\",\"@id\":\"https:\/\/www.jobcloud.ch\/c\/de-ch\/#\/schema\/logo\/image\/\",\"url\":\"https:\/\/www.jobcloud.ch\/wp-content\/uploads\/2020\/02\/jobcloude-logo.svg\",\"contentUrl\":\"https:\/\/www.jobcloud.ch\/wp-content\/uploads\/2020\/02\/jobcloude-logo.svg\",\"width\":160,\"height\":37,\"caption\":\"JobCloud\"},\"image\":{\"@id\":\"https:\/\/www.jobcloud.ch\/c\/de-ch\/#\/schema\/logo\/image\/\"}}]}<\/script>\n<!-- \/ Yoast SEO plugin. -->","yoast_head_json":{"title":"Nutzungsbedingungen f\u00fcr JobCloud Digital Recruiting (\u201cSpotted\u201d) f\u00fcr Stellensuchende | JobCloud","robots":{"index":"index","follow":"follow","max-snippet":"max-snippet:-1","max-image-preview":"max-image-preview:large","max-video-preview":"max-video-preview:-1"},"canonical":"https:\/\/www.jobcloud.ch\/c\/de-ch\/nutzungsbedingungen-spotted\/","og_locale":"de_DE","og_type":"article","og_title":"Nutzungsbedingungen f\u00fcr JobCloud Digital Recruiting (\u201cSpotted\u201d) f\u00fcr Stellensuchende | JobCloud","og_description":"1. Anwendungsbereich 1.1 Diese Nutzungsbedingungen (nachfolgend \u00abNutzungsbedingungen\u00bb) regeln die Beziehung zwischen Ihnen (nachfolgend \u201eNutzer:in\u00bb oder \u00abSie\u00bb) und der JobCloud AG (Albisriederstrasse 253,...","og_url":"https:\/\/www.jobcloud.ch\/c\/de-ch\/nutzungsbedingungen-spotted\/","og_site_name":"JobCloud","article_modified_time":"2024-05-31T09:42:23+00:00","twitter_card":"summary_large_image","twitter_misc":{"Gesch\u00e4tzte Lesezeit":"9\u00a0Minuten"},"schema":{"@context":"https:\/\/schema.org","@graph":[{"@type":"WebPage","@id":"https:\/\/www.jobcloud.ch\/c\/de-ch\/nutzungsbedingungen-spotted\/","url":"https:\/\/www.jobcloud.ch\/c\/de-ch\/nutzungsbedingungen-spotted\/","name":"Nutzungsbedingungen f\u00fcr JobCloud Digital Recruiting (\u201cSpotted\u201d) f\u00fcr Stellensuchende | JobCloud","isPartOf":{"@id":"https:\/\/www.jobcloud.ch\/c\/de-ch\/#website"},"datePublished":"2023-08-23T12:52:25+00:00","dateModified":"2024-05-31T09:42:23+00:00","inLanguage":"de-CH","potentialAction":[{"@type":"ReadAction","target":["https:\/\/www.jobcloud.ch\/c\/de-ch\/nutzungsbedingungen-spotted\/"]}]},{"@type":"WebSite","@id":"https:\/\/www.jobcloud.ch\/c\/de-ch\/#website","url":"https:\/\/www.jobcloud.ch\/c\/de-ch\/","name":"JobCloud","description":"JobCloud is the leading job portal for jobseekers in Switzerland","publisher":{"@id":"https:\/\/www.jobcloud.ch\/c\/de-ch\/#organization"},"potentialAction":[{"@type":"SearchAction","target":{"@type":"EntryPoint","urlTemplate":"https:\/\/www.jobcloud.ch\/c\/de-ch\/?s={search_term_string}"},"query-input":{"@type":"PropertyValueSpecification","valueRequired":true,"valueName":"search_term_string"}}],"inLanguage":"de-CH"},{"@type":"Organization","@id":"https:\/\/www.jobcloud.ch\/c\/de-ch\/#organization","name":"JobCloud","url":"https:\/\/www.jobcloud.ch\/c\/de-ch\/","logo":{"@type":"ImageObject","inLanguage":"de-CH","@id":"https:\/\/www.jobcloud.ch\/c\/de-ch\/#\/schema\/logo\/image\/","url":"https:\/\/www.jobcloud.ch\/wp-content\/uploads\/2020\/02\/jobcloude-logo.svg","contentUrl":"https:\/\/www.jobcloud.ch\/wp-content\/uploads\/2020\/02\/jobcloude-logo.svg","width":160,"height":37,"caption":"JobCloud"},"image":{"@id":"https:\/\/www.jobcloud.ch\/c\/de-ch\/#\/schema\/logo\/image\/"}}]}},"_links":{"self":[{"href":"https:\/\/www.jobcloud.ch\/c\/de-ch\/wp-json\/wp\/v2\/pages\/54152","targetHints":{"allow":["GET"]}}],"collection":[{"href":"https:\/\/www.jobcloud.ch\/c\/de-ch\/wp-json\/wp\/v2\/pages"}],"about":[{"href":"https:\/\/www.jobcloud.ch\/c\/de-ch\/wp-json\/wp\/v2\/types\/page"}],"author":[{"embeddable":true,"href":"https:\/\/www.jobcloud.ch\/c\/de-ch\/wp-json\/wp\/v2\/users\/71"}],"replies":[{"embeddable":true,"href":"https:\/\/www.jobcloud.ch\/c\/de-ch\/wp-json\/wp\/v2\/comments?post=54152"}],"version-history":[{"count":0,"href":"https:\/\/www.jobcloud.ch\/c\/de-ch\/wp-json\/wp\/v2\/pages\/54152\/revisions"}],"wp:attachment":[{"href":"https:\/\/www.jobcloud.ch\/c\/de-ch\/wp-json\/wp\/v2\/media?parent=54152"}],"curies":[{"name":"wp","href":"https:\/\/api.w.org\/{rel}","templated":true}]}}