     {"id":48145,"date":"2021-12-07T09:21:03","date_gmt":"2021-12-07T08:21:03","guid":{"rendered":"https:\/\/www.jobcloud.ch\/c\/?page_id=48145"},"modified":"2025-03-21T09:24:00","modified_gmt":"2025-03-21T08:24:00","slug":"willkommen-auf-unserem-rekrutierungs-guide","status":"publish","type":"page","link":"https:\/\/www.jobcloud.ch\/c\/de-ch\/willkommen-auf-unserem-rekrutierungs-guide\/","title":{"rendered":"Willkommen auf unserem Rekrutierungs-Guide!"},"content":{"rendered":"<h2>Willkommen in unserem Rekrutierungs-Guide!<\/h2>\n<p data-start=\"89\" data-end=\"221\">Wenn Sie Ihr Rekrutierungs-Know-how erweitern m\u00f6chten, sind Sie hier genau richtig.<\/p>\n<p data-start=\"223\" data-end=\"405\">Unser Guide gibt Ihnen einen \u00dcberblick \u00fcber die drei zentralen Phasen im Rekrutierungsprozess \u2013 und zeigt Ihnen, wie Sie besonders effizient und schnell die passenden Talente finden.<\/p>\n<p>F\u00fcr welche Rekrutierungs-Phase ben\u00f6tigen Sie Unterst\u00fctzung?<\/p>\n<p>&nbsp;<\/p>\n<div style=\"background-color: #e5f2f4; padding: 25px 30px; border-radius: 4px;\">\n<h3><a href=\"https:\/\/www.jobcloud.ch\/c\/de-ch\/rekrutierungs-guide\/so-finden-sie-geeignete-mitarbeitende\/\"><span style=\"font-weight: 400;\">Phase 1: Passende Talente finden \u2192\u00a0<\/span><\/a><\/h3>\n<p>Erreichen Sie einfach und schnell die besten und passendsten Kandidat:innen f\u00fcr jede Stelle.<\/p>\n<\/div>\n<p>&nbsp;<\/p>\n<div style=\"background-color: #e5f2f4; padding: 25px 30px; border-radius: 4px;\">\n<h3><a href=\"https:\/\/www.jobcloud.ch\/c\/de-ch\/rekrutierungs-guide\/fragen-im-bewerbungsgesprach\/\"><span style=\"font-weight: 400;\">Phase 2: Bewerbungen managen \u2192\u00a0<\/span><\/a><\/h3>\n<p><span style=\"font-weight: 400;\">Entwickeln Sie die besten Strategien f\u00fcr Jobinterviews und die Verwaltungen von Bewerbenden.<\/span><\/p>\n<\/div>\n<p>&nbsp;<\/p>\n<div style=\"background-color: #e5f2f4; padding: 25px 30px; border-radius: 4px;\">\n<h3><a href=\"https:\/\/www.jobcloud.ch\/c\/de-ch\/rekrutierungs-guide\/10-tipps-zum-aufbau-einer-ansprechenden-unternehmenskultur\/\"><span style=\"font-weight: 400;\">Phase 3: Onboarding &amp; Mitarbeiterbindung \u2192\u00a0<\/span><\/a><\/h3>\n<p><span style=\"font-weight: 400;\">Erhalten Sie Tipps rund um die Einstellung von Mitarbeitenden und f\u00fcr eine gute Unternehmenskultur.<\/span><\/p>\n<\/div>\n","protected":false},"excerpt":{"rendered":"<p>Willkommen in unserem Rekrutierungs-Guide! Wenn Sie Ihr Rekrutierungs-Know-how erweitern m\u00f6chten, sind Sie hier genau richtig. Unser Guide gibt Ihnen einen \u00dcberblick \u00fcber&#8230;<\/p>\n","protected":false},"author":56,"featured_media":0,"parent":0,"menu_order":0,"comment_status":"closed","ping_status":"closed","template":"","meta":{"_acf_changed":false,"inline_featured_image":false,"footnotes":""},"class_list":["post-48145","page","type-page","status-publish","hentry"],"acf":[],"yoast_head":"<!-- This site is optimized with the Yoast SEO plugin v27.5 - https:\/\/yoast.com\/product\/yoast-seo-wordpress\/ -->\n<title>Willkommen auf unserem Rekrutierungs-Guide! | JobCloud<\/title>\n<meta name=\"description\" content=\"Erhalten Sie Tipps und Templates \u00fcber die drei wichtigen Phasen in der Rekrutierung - so rekrutieren Sie effizient und nachhaltig.\" \/>\n<meta name=\"robots\" content=\"noindex, follow\" \/>\n<meta property=\"og:locale\" content=\"de_DE\" \/>\n<meta property=\"og:type\" content=\"article\" \/>\n<meta property=\"og:title\" content=\"Willkommen auf unserem Rekrutierungs-Guide! | JobCloud\" \/>\n<meta property=\"og:description\" content=\"Erhalten Sie Tipps und Templates \u00fcber die drei wichtigen Phasen in der Rekrutierung - so rekrutieren Sie effizient und nachhaltig.\" \/>\n<meta property=\"og:url\" content=\"https:\/\/www.jobcloud.ch\/c\/de-ch\/willkommen-auf-unserem-rekrutierungs-guide\/\" \/>\n<meta property=\"og:site_name\" content=\"JobCloud\" \/>\n<meta property=\"article:modified_time\" content=\"2025-03-21T08:24:00+00:00\" \/>\n<meta name=\"twitter:card\" content=\"summary_large_image\" \/>\n<meta name=\"twitter:label1\" content=\"Gesch\u00e4tzte Lesezeit\" \/>\n\t<meta name=\"twitter:data1\" content=\"1\u00a0Minute\" \/>\n<script type=\"application\/ld+json\" class=\"yoast-schema-graph\">{\"@context\":\"https:\\\/\\\/schema.org\",\"@graph\":[{\"@type\":\"WebPage\",\"@id\":\"https:\\\/\\\/www.jobcloud.ch\\\/c\\\/de-ch\\\/willkommen-auf-unserem-rekrutierungs-guide\\\/\",\"url\":\"https:\\\/\\\/www.jobcloud.ch\\\/c\\\/de-ch\\\/willkommen-auf-unserem-rekrutierungs-guide\\\/\",\"name\":\"Willkommen auf unserem Rekrutierungs-Guide! | JobCloud\",\"isPartOf\":{\"@id\":\"https:\\\/\\\/www.jobcloud.ch\\\/c\\\/de-ch\\\/#website\"},\"datePublished\":\"2021-12-07T08:21:03+00:00\",\"dateModified\":\"2025-03-21T08:24:00+00:00\",\"description\":\"Erhalten Sie Tipps und Templates \u00fcber die drei wichtigen Phasen in der Rekrutierung - so rekrutieren Sie effizient und nachhaltig.\",\"inLanguage\":\"de-CH\",\"potentialAction\":[{\"@type\":\"ReadAction\",\"target\":[\"https:\\\/\\\/www.jobcloud.ch\\\/c\\\/de-ch\\\/willkommen-auf-unserem-rekrutierungs-guide\\\/\"]}]},{\"@type\":\"WebSite\",\"@id\":\"https:\\\/\\\/www.jobcloud.ch\\\/c\\\/de-ch\\\/#website\",\"url\":\"https:\\\/\\\/www.jobcloud.ch\\\/c\\\/de-ch\\\/\",\"name\":\"JobCloud\",\"description\":\"JobCloud is the leading job portal for jobseekers in Switzerland\",\"publisher\":{\"@id\":\"https:\\\/\\\/www.jobcloud.ch\\\/c\\\/de-ch\\\/#organization\"},\"potentialAction\":[{\"@type\":\"SearchAction\",\"target\":{\"@type\":\"EntryPoint\",\"urlTemplate\":\"https:\\\/\\\/www.jobcloud.ch\\\/c\\\/de-ch\\\/?s={search_term_string}\"},\"query-input\":{\"@type\":\"PropertyValueSpecification\",\"valueRequired\":true,\"valueName\":\"search_term_string\"}}],\"inLanguage\":\"de-CH\"},{\"@type\":\"Organization\",\"@id\":\"https:\\\/\\\/www.jobcloud.ch\\\/c\\\/de-ch\\\/#organization\",\"name\":\"JobCloud\",\"url\":\"https:\\\/\\\/www.jobcloud.ch\\\/c\\\/de-ch\\\/\",\"logo\":{\"@type\":\"ImageObject\",\"inLanguage\":\"de-CH\",\"@id\":\"https:\\\/\\\/www.jobcloud.ch\\\/c\\\/de-ch\\\/#\\\/schema\\\/logo\\\/image\\\/\",\"url\":\"https:\\\/\\\/www.jobcloud.ch\\\/wp-content\\\/uploads\\\/2020\\\/02\\\/jobcloude-logo.svg\",\"contentUrl\":\"https:\\\/\\\/www.jobcloud.ch\\\/wp-content\\\/uploads\\\/2020\\\/02\\\/jobcloude-logo.svg\",\"width\":160,\"height\":37,\"caption\":\"JobCloud\"},\"image\":{\"@id\":\"https:\\\/\\\/www.jobcloud.ch\\\/c\\\/de-ch\\\/#\\\/schema\\\/logo\\\/image\\\/\"}}]}<\/script>\n<!-- \/ Yoast SEO plugin. -->","yoast_head_json":{"title":"Willkommen auf unserem Rekrutierungs-Guide! | JobCloud","description":"Erhalten Sie Tipps und Templates \u00fcber die drei wichtigen Phasen in der Rekrutierung - so rekrutieren Sie effizient und nachhaltig.","robots":{"index":"noindex","follow":"follow"},"og_locale":"de_DE","og_type":"article","og_title":"Willkommen auf unserem Rekrutierungs-Guide! | JobCloud","og_description":"Erhalten Sie Tipps und Templates \u00fcber die drei wichtigen Phasen in der Rekrutierung - so rekrutieren Sie effizient und nachhaltig.","og_url":"https:\/\/www.jobcloud.ch\/c\/de-ch\/willkommen-auf-unserem-rekrutierungs-guide\/","og_site_name":"JobCloud","article_modified_time":"2025-03-21T08:24:00+00:00","twitter_card":"summary_large_image","twitter_misc":{"Gesch\u00e4tzte Lesezeit":"1\u00a0Minute"},"schema":{"@context":"https:\/\/schema.org","@graph":[{"@type":"WebPage","@id":"https:\/\/www.jobcloud.ch\/c\/de-ch\/willkommen-auf-unserem-rekrutierungs-guide\/","url":"https:\/\/www.jobcloud.ch\/c\/de-ch\/willkommen-auf-unserem-rekrutierungs-guide\/","name":"Willkommen auf unserem Rekrutierungs-Guide! | JobCloud","isPartOf":{"@id":"https:\/\/www.jobcloud.ch\/c\/de-ch\/#website"},"datePublished":"2021-12-07T08:21:03+00:00","dateModified":"2025-03-21T08:24:00+00:00","description":"Erhalten Sie Tipps und Templates \u00fcber die drei wichtigen Phasen in der Rekrutierung - so rekrutieren Sie effizient und nachhaltig.","inLanguage":"de-CH","potentialAction":[{"@type":"ReadAction","target":["https:\/\/www.jobcloud.ch\/c\/de-ch\/willkommen-auf-unserem-rekrutierungs-guide\/"]}]},{"@type":"WebSite","@id":"https:\/\/www.jobcloud.ch\/c\/de-ch\/#website","url":"https:\/\/www.jobcloud.ch\/c\/de-ch\/","name":"JobCloud","description":"JobCloud is the leading job portal for jobseekers in Switzerland","publisher":{"@id":"https:\/\/www.jobcloud.ch\/c\/de-ch\/#organization"},"potentialAction":[{"@type":"SearchAction","target":{"@type":"EntryPoint","urlTemplate":"https:\/\/www.jobcloud.ch\/c\/de-ch\/?s={search_term_string}"},"query-input":{"@type":"PropertyValueSpecification","valueRequired":true,"valueName":"search_term_string"}}],"inLanguage":"de-CH"},{"@type":"Organization","@id":"https:\/\/www.jobcloud.ch\/c\/de-ch\/#organization","name":"JobCloud","url":"https:\/\/www.jobcloud.ch\/c\/de-ch\/","logo":{"@type":"ImageObject","inLanguage":"de-CH","@id":"https:\/\/www.jobcloud.ch\/c\/de-ch\/#\/schema\/logo\/image\/","url":"https:\/\/www.jobcloud.ch\/wp-content\/uploads\/2020\/02\/jobcloude-logo.svg","contentUrl":"https:\/\/www.jobcloud.ch\/wp-content\/uploads\/2020\/02\/jobcloude-logo.svg","width":160,"height":37,"caption":"JobCloud"},"image":{"@id":"https:\/\/www.jobcloud.ch\/c\/de-ch\/#\/schema\/logo\/image\/"}}]}},"_links":{"self":[{"href":"https:\/\/www.jobcloud.ch\/c\/de-ch\/wp-json\/wp\/v2\/pages\/48145","targetHints":{"allow":["GET"]}}],"collection":[{"href":"https:\/\/www.jobcloud.ch\/c\/de-ch\/wp-json\/wp\/v2\/pages"}],"about":[{"href":"https:\/\/www.jobcloud.ch\/c\/de-ch\/wp-json\/wp\/v2\/types\/page"}],"author":[{"embeddable":true,"href":"https:\/\/www.jobcloud.ch\/c\/de-ch\/wp-json\/wp\/v2\/users\/56"}],"replies":[{"embeddable":true,"href":"https:\/\/www.jobcloud.ch\/c\/de-ch\/wp-json\/wp\/v2\/comments?post=48145"}],"version-history":[{"count":0,"href":"https:\/\/www.jobcloud.ch\/c\/de-ch\/wp-json\/wp\/v2\/pages\/48145\/revisions"}],"wp:attachment":[{"href":"https:\/\/www.jobcloud.ch\/c\/de-ch\/wp-json\/wp\/v2\/media?parent=48145"}],"curies":[{"name":"wp","href":"https:\/\/api.w.org\/{rel}","templated":true}]}}