     {"id":35732,"date":"2021-03-04T19:34:20","date_gmt":"2021-03-04T18:34:20","guid":{"rendered":"https:\/\/www.jobcloud.ch\/c\/?page_id=35732"},"modified":"2025-04-28T15:26:23","modified_gmt":"2025-04-28T13:26:23","slug":"impressum","status":"publish","type":"page","link":"https:\/\/www.jobcloud.ch\/c\/de-ch\/impressum\/","title":{"rendered":"Impressum"},"content":{"rendered":"<p><b>Hauptsitz<br \/>\n<\/b>JobCloud AG<br \/>\nAlbisriederstrasse 253<br \/>\nCH-8047 Z\u00fcrich<\/p>\n<p>Tel: +41 <span>44 254 69 00<br \/>\nEmail: <a href=\"mailto:info@jobcloud.ch\">info@jobcloud.ch<\/a><\/span><\/p>\n<p><b>Sitz in der Romandie<br \/>\n<\/b>JobCloud SA<br \/>\nRue Eug\u00e8ne Marziano 25<br \/>\nCH-1227 Les Acacias<\/p>\n<p>Tel: <span class=\"address__tel\" itemprop=\"tel\">+41 22 707 14 00<br \/>\nEmail: <a href=\"mailto:client@jobcloud.ch\">client@jobcloud.ch<\/a><\/span><\/p>\n<p>JobCloud ist das f\u00fchrende digitale Unternehmen im Schweizer Stellenmarkt und bietet eine Vielzahl an innovativen Rekrutierungsl\u00f6sungen. Das Portfolio umfasst renommierte Jobportale wie <a href=\"https:\/\/www.jobs.ch\/de\/\">jobs.ch<\/a>, <a href=\"https:\/\/www.jobup.ch\/fr\/\">jobup.ch<\/a> und <a href=\"https:\/\/www.jobscout24.ch\/de\">JobScout24.ch\u00a0<\/a>sowie die Bereiche JobCloud HR Tech und JobCloud HR Services. JobCloud wurde im Jahr 2013 gegr\u00fcndet, geh\u00f6rt zu den angesehenen Unternehmen Ringier und TX Group und ist eine f\u00fchrende Gr\u00f6sse in der Branche. Neben dem Hauptsitz in Z\u00fcrich ist das Unternehmen an verschiedenen Standorten pr\u00e4sent und besch\u00e4ftigt aktuell rund 400 Mitarbeitende. JobCloud steht f\u00fcr Effizienz, Diversit\u00e4t und Transparenz in der Rekrutierungsbranche und unterst\u00fctzt Unternehmen bei der optimalen Besetzung ihrer Vakanzen sowie Stellensuchende beim Finden eines erf\u00fcllenden Jobs.<\/p>\n","protected":false},"excerpt":{"rendered":"<p>Hauptsitz JobCloud AG Albisriederstrasse 253 CH-8047 Z\u00fcrich Tel: +41 44 254 69 00 Email: info@jobcloud.ch Sitz in der Romandie JobCloud SA Rue&#8230;<\/p>\n","protected":false},"author":56,"featured_media":0,"parent":0,"menu_order":0,"comment_status":"closed","ping_status":"closed","template":"","meta":{"_acf_changed":false,"inline_featured_image":false,"footnotes":""},"class_list":["post-35732","page","type-page","status-publish","hentry"],"acf":[],"yoast_head":"<!-- This site is optimized with the Yoast SEO plugin v27.2 - https:\/\/yoast.com\/product\/yoast-seo-wordpress\/ -->\n<title>Impressum | JobCloud<\/title>\n<meta name=\"description\" content=\"JobCloud ist das f\u00fchrende digitale Unternehmen im Schweizer Stellenmarkt und bietet verschiedene Rekrutierungsl\u00f6sungen an.\" \/>\n<meta name=\"robots\" content=\"index, follow, max-snippet:-1, max-image-preview:large, max-video-preview:-1\" \/>\n<link rel=\"canonical\" href=\"https:\/\/www.jobcloud.ch\/c\/de-ch\/impressum\/\" \/>\n<meta property=\"og:locale\" content=\"de_DE\" \/>\n<meta property=\"og:type\" content=\"article\" \/>\n<meta property=\"og:title\" content=\"Impressum | JobCloud\" \/>\n<meta property=\"og:description\" content=\"JobCloud ist das f\u00fchrende digitale Unternehmen im Schweizer Stellenmarkt und bietet verschiedene Rekrutierungsl\u00f6sungen an.\" \/>\n<meta property=\"og:url\" content=\"https:\/\/www.jobcloud.ch\/c\/de-ch\/impressum\/\" \/>\n<meta property=\"og:site_name\" content=\"JobCloud\" \/>\n<meta property=\"article:modified_time\" content=\"2025-04-28T13:26:23+00:00\" \/>\n<meta name=\"twitter:card\" content=\"summary_large_image\" \/>\n<meta name=\"twitter:label1\" content=\"Gesch\u00e4tzte Lesezeit\" \/>\n\t<meta name=\"twitter:data1\" content=\"1\u00a0Minute\" \/>\n<script type=\"application\/ld+json\" class=\"yoast-schema-graph\">{\"@context\":\"https:\/\/schema.org\",\"@graph\":[{\"@type\":\"WebPage\",\"@id\":\"https:\/\/www.jobcloud.ch\/c\/de-ch\/impressum\/\",\"url\":\"https:\/\/www.jobcloud.ch\/c\/de-ch\/impressum\/\",\"name\":\"Impressum | JobCloud\",\"isPartOf\":{\"@id\":\"https:\/\/www.jobcloud.ch\/c\/de-ch\/#website\"},\"datePublished\":\"2021-03-04T18:34:20+00:00\",\"dateModified\":\"2025-04-28T13:26:23+00:00\",\"description\":\"JobCloud ist das f\u00fchrende digitale Unternehmen im Schweizer Stellenmarkt und bietet verschiedene Rekrutierungsl\u00f6sungen an.\",\"inLanguage\":\"de-CH\",\"potentialAction\":[{\"@type\":\"ReadAction\",\"target\":[\"https:\/\/www.jobcloud.ch\/c\/de-ch\/impressum\/\"]}]},{\"@type\":\"WebSite\",\"@id\":\"https:\/\/www.jobcloud.ch\/c\/de-ch\/#website\",\"url\":\"https:\/\/www.jobcloud.ch\/c\/de-ch\/\",\"name\":\"JobCloud\",\"description\":\"JobCloud is the leading job portal for jobseekers in Switzerland\",\"publisher\":{\"@id\":\"https:\/\/www.jobcloud.ch\/c\/de-ch\/#organization\"},\"potentialAction\":[{\"@type\":\"SearchAction\",\"target\":{\"@type\":\"EntryPoint\",\"urlTemplate\":\"https:\/\/www.jobcloud.ch\/c\/de-ch\/?s={search_term_string}\"},\"query-input\":{\"@type\":\"PropertyValueSpecification\",\"valueRequired\":true,\"valueName\":\"search_term_string\"}}],\"inLanguage\":\"de-CH\"},{\"@type\":\"Organization\",\"@id\":\"https:\/\/www.jobcloud.ch\/c\/de-ch\/#organization\",\"name\":\"JobCloud\",\"url\":\"https:\/\/www.jobcloud.ch\/c\/de-ch\/\",\"logo\":{\"@type\":\"ImageObject\",\"inLanguage\":\"de-CH\",\"@id\":\"https:\/\/www.jobcloud.ch\/c\/de-ch\/#\/schema\/logo\/image\/\",\"url\":\"https:\/\/www.jobcloud.ch\/wp-content\/uploads\/2020\/02\/jobcloude-logo.svg\",\"contentUrl\":\"https:\/\/www.jobcloud.ch\/wp-content\/uploads\/2020\/02\/jobcloude-logo.svg\",\"width\":160,\"height\":37,\"caption\":\"JobCloud\"},\"image\":{\"@id\":\"https:\/\/www.jobcloud.ch\/c\/de-ch\/#\/schema\/logo\/image\/\"}}]}<\/script>\n<!-- \/ Yoast SEO plugin. -->","yoast_head_json":{"title":"Impressum | JobCloud","description":"JobCloud ist das f\u00fchrende digitale Unternehmen im Schweizer Stellenmarkt und bietet verschiedene Rekrutierungsl\u00f6sungen an.","robots":{"index":"index","follow":"follow","max-snippet":"max-snippet:-1","max-image-preview":"max-image-preview:large","max-video-preview":"max-video-preview:-1"},"canonical":"https:\/\/www.jobcloud.ch\/c\/de-ch\/impressum\/","og_locale":"de_DE","og_type":"article","og_title":"Impressum | JobCloud","og_description":"JobCloud ist das f\u00fchrende digitale Unternehmen im Schweizer Stellenmarkt und bietet verschiedene Rekrutierungsl\u00f6sungen an.","og_url":"https:\/\/www.jobcloud.ch\/c\/de-ch\/impressum\/","og_site_name":"JobCloud","article_modified_time":"2025-04-28T13:26:23+00:00","twitter_card":"summary_large_image","twitter_misc":{"Gesch\u00e4tzte Lesezeit":"1\u00a0Minute"},"schema":{"@context":"https:\/\/schema.org","@graph":[{"@type":"WebPage","@id":"https:\/\/www.jobcloud.ch\/c\/de-ch\/impressum\/","url":"https:\/\/www.jobcloud.ch\/c\/de-ch\/impressum\/","name":"Impressum | JobCloud","isPartOf":{"@id":"https:\/\/www.jobcloud.ch\/c\/de-ch\/#website"},"datePublished":"2021-03-04T18:34:20+00:00","dateModified":"2025-04-28T13:26:23+00:00","description":"JobCloud ist das f\u00fchrende digitale Unternehmen im Schweizer Stellenmarkt und bietet verschiedene Rekrutierungsl\u00f6sungen an.","inLanguage":"de-CH","potentialAction":[{"@type":"ReadAction","target":["https:\/\/www.jobcloud.ch\/c\/de-ch\/impressum\/"]}]},{"@type":"WebSite","@id":"https:\/\/www.jobcloud.ch\/c\/de-ch\/#website","url":"https:\/\/www.jobcloud.ch\/c\/de-ch\/","name":"JobCloud","description":"JobCloud is the leading job portal for jobseekers in Switzerland","publisher":{"@id":"https:\/\/www.jobcloud.ch\/c\/de-ch\/#organization"},"potentialAction":[{"@type":"SearchAction","target":{"@type":"EntryPoint","urlTemplate":"https:\/\/www.jobcloud.ch\/c\/de-ch\/?s={search_term_string}"},"query-input":{"@type":"PropertyValueSpecification","valueRequired":true,"valueName":"search_term_string"}}],"inLanguage":"de-CH"},{"@type":"Organization","@id":"https:\/\/www.jobcloud.ch\/c\/de-ch\/#organization","name":"JobCloud","url":"https:\/\/www.jobcloud.ch\/c\/de-ch\/","logo":{"@type":"ImageObject","inLanguage":"de-CH","@id":"https:\/\/www.jobcloud.ch\/c\/de-ch\/#\/schema\/logo\/image\/","url":"https:\/\/www.jobcloud.ch\/wp-content\/uploads\/2020\/02\/jobcloude-logo.svg","contentUrl":"https:\/\/www.jobcloud.ch\/wp-content\/uploads\/2020\/02\/jobcloude-logo.svg","width":160,"height":37,"caption":"JobCloud"},"image":{"@id":"https:\/\/www.jobcloud.ch\/c\/de-ch\/#\/schema\/logo\/image\/"}}]}},"_links":{"self":[{"href":"https:\/\/www.jobcloud.ch\/c\/de-ch\/wp-json\/wp\/v2\/pages\/35732","targetHints":{"allow":["GET"]}}],"collection":[{"href":"https:\/\/www.jobcloud.ch\/c\/de-ch\/wp-json\/wp\/v2\/pages"}],"about":[{"href":"https:\/\/www.jobcloud.ch\/c\/de-ch\/wp-json\/wp\/v2\/types\/page"}],"author":[{"embeddable":true,"href":"https:\/\/www.jobcloud.ch\/c\/de-ch\/wp-json\/wp\/v2\/users\/56"}],"replies":[{"embeddable":true,"href":"https:\/\/www.jobcloud.ch\/c\/de-ch\/wp-json\/wp\/v2\/comments?post=35732"}],"version-history":[{"count":0,"href":"https:\/\/www.jobcloud.ch\/c\/de-ch\/wp-json\/wp\/v2\/pages\/35732\/revisions"}],"wp:attachment":[{"href":"https:\/\/www.jobcloud.ch\/c\/de-ch\/wp-json\/wp\/v2\/media?parent=35732"}],"curies":[{"name":"wp","href":"https:\/\/api.w.org\/{rel}","templated":true}]}}