     {"id":32600,"date":"2020-11-12T13:45:19","date_gmt":"2020-11-12T12:45:19","guid":{"rendered":"http:\/\/www.jobcloud.ch\/c\/?page_id=32600"},"modified":"2026-01-22T14:41:47","modified_gmt":"2026-01-22T13:41:47","slug":"spotted-social-recruiting","status":"publish","type":"page","link":"https:\/\/www.jobcloud.ch\/c\/de-ch\/produkte\/spotted-social-recruiting","title":{"rendered":"(NEU) Spotted: Social Recruiting"},"content":{"rendered":"<div class=\"wpb-content-wrapper\"><p>[vc_row gap=&#187;35&#8243; equal_height=&#187;yes&#187; content_placement=&#187;middle&#187; el_id=&#187;reverse-row&#187;][vc_column width=&#187;2\/3&#8243; el_id=&#187;reverse-row-order-first&#187;][vc_custom_heading text=&#187;Social Recruiting:<br \/>\nBestes Inserat und<br \/>\nSocial Media&#187; font_container=&#187;tag:h1|text_align:left&#187; use_theme_fonts=&#187;yes&#187; el_class=&#187;home_h1&#8243;][vc_custom_heading text=&#187;Kombiniere unser Inserat mit maximaler Reichweite mit einer f\u00fcr Deine Stelle massgeschneiderten Social Media Kampagne. Wir nennen dies Supreme.<br \/>\nAlles aus einer Hand \u2013 und zum Festpreis.&#187; font_container=&#187;tag:p|text_align:left&#187; use_theme_fonts=&#187;yes&#187; el_class=&#187;opcity-cls-row&#187;][vc_btn title=&#187;Kontaktiere das Spotted Team&#187; style=&#187;custom&#187; custom_background=&#187;#93559e&#187; custom_text=&#187;#ffffff&#187; el_class=&#187;button-cls-row&#187; link=&#187;url:https%3A%2F%2Foutlook.office.com%2Fbookwithme%2Fuser%2F113b4bc57ee541eca4a3e92384985e33%40jobcloud.ch%3Fanonymous%26ep%3Dpcard|title:Demo&#187; vc_btn_link=&#187;spotteed_DE_request_demo&#187;][vc_column_text css=&#187;.vc_custom_1739900359942{margin-top: 20px !important;}&#187;]<\/p>\n<h6 style=\"text-align: left;\"><a href=\"https:\/\/www.jobs.ch\/de\/spotted\/\">Du bist Bewerber?\u00a0 -&gt; Hier entlang!<\/a><\/h6>\n<p>[\/vc_column_text][\/vc_column][vc_column css_animation=&#187;none&#187; width=&#187;1\/3&#8243; css=&#187;.vc_custom_1584959649390{margin-right: -50px !important;background-position: center !important;background-repeat: no-repeat !important;background-size: contain !important;}&#187; el_id=&#187;reverse-row-order-second&#187;][vc_row_inner][vc_column_inner][\/vc_column_inner][\/vc_row_inner][vc_single_image image=&#187;103224&#8243; img_size=&#187;medium&#187; alignment=&#187;center&#187; el_class=&#187;image-responsive-row&#187;][\/vc_column][\/vc_row][vc_row gap=&#187;35&#8243; equal_height=&#187;yes&#187; content_placement=&#187;middle&#187; el_class=&#187;row_reach&#187;][vc_column width=&#187;2\/3&#8243;][vc_column_text el_class=&#187;home_h2_h4&#8243;]<\/p>\n<h3>Stelle unbesetzt?\u00a0 Finde jetzt auch Jimmy!<\/h3>\n<p>[\/vc_column_text][vc_single_image image=&#187;103221&#8243; img_size=&#187;medium&#187;][\/vc_column][vc_column width=&#187;1\/3&#8243;][vc_column_text]<\/p>\n<p style=\"color: grey;\"><em>Jimmy ist seit 7 Jahren gl\u00fccklich bei seinem aktuellen Arbeitgeber.<\/em><\/p>\n<p>&nbsp;<\/p>\n<p style=\"color: grey;\"><em>Manchmal versp\u00fcrt er den Wunsch nach Ver\u00e4nderung, aber er hat noch nicht begonnen, sich aktiv auf eine neue Stelle zu bewerben.<\/em><\/p>\n<p>&nbsp;<\/p>\n<p style=\"color: grey;\"><em>Jimmy scrollt etwa 5- bis 10-mal pro Tag mit seinem Handy auf Social Media.\u00a0<\/em><\/p>\n<p>[\/vc_column_text][\/vc_column][\/vc_row][vc_row el_class=&#187;row_hiring&#187;][vc_column][vc_column_text]<\/p>\n<h2 style=\"text-align: center;\">Vorteile: Mehr Reichweite ohne Mehraufwand<\/h2>\n<h3 style=\"text-align: center;\"><strong>Social Media Story:<\/strong> mit Deinem Branding!<\/h3>\n<p>[\/vc_column_text][vc_row_inner content_placement=&#187;middle&#187; gap=&#187;35&#8243;][vc_column_inner el_class=&#187;vc_col-sm-1_5&#8243; width=&#187;1\/4&#8243;][vc_single_image image=&#187;103243&#8243; img_size=&#187;full&#187; alignment=&#187;center&#187; el_class=&#187;programmatic-left-row&#187;][vc_column_text css=&#187;.vc_custom_1765899923233{padding-top: 20px !important;}&#187; el_class=&#187;programmatic-right-row&#187;]<\/p>\n<p style=\"text-align: center;\"><strong>Passive Seekers:<br \/>\n<\/strong>mehr Reichweite<\/p>\n<p>[\/vc_column_text][\/vc_column_inner][vc_column_inner width=&#187;1\/4&#8243;][vc_single_image image=&#187;362&#8243; img_size=&#187;full&#187; alignment=&#187;center&#187; el_class=&#187;programmatic-left-row&#187;][vc_column_text css=&#187;.vc_custom_1765889758317{padding-top: 20px !important;}&#187; el_class=&#187;programmatic-right-row&#187;]<\/p>\n<p style=\"text-align: center;\"><strong>Effektives Targeting:<\/strong><br \/>\nmit regionalem Fokus<\/p>\n<p>[\/vc_column_text][\/vc_column_inner][vc_column_inner width=&#187;1\/4&#8243;][vc_single_image image=&#187;405&#8243; img_size=&#187;full&#187; alignment=&#187;center&#187; el_class=&#187;programmatic-left-row&#187;][vc_column_text css=&#187;.vc_custom_1765889766720{padding-top: 20px !important;}&#187; el_class=&#187;programmatic-right-row&#187;]<\/p>\n<p style=\"text-align: center;\"><strong>Kandidaten Job Quiz:<br \/>\n<\/strong>angepasst auf Deine Stelle<\/p>\n<p>[\/vc_column_text][\/vc_column_inner][vc_column_inner width=&#187;1\/4&#8243;][vc_single_image image=&#187;37714&#8243; img_size=&#187;full&#187; alignment=&#187;center&#187; el_class=&#187;programmatic-left-row&#187;][vc_column_text css=&#187;.vc_custom_1765899750286{padding-top: 20px !important;}&#187; el_class=&#187;programmatic-right-row&#187;]<\/p>\n<p style=\"text-align: center;\"><strong>Abschliessende Pr\u00fcfung <\/strong><br \/>\njeder Bewerbung<\/p>\n<p>[\/vc_column_text][\/vc_column_inner][\/vc_row_inner][\/vc_column][vc_column][\/vc_column][\/vc_row][vc_row][vc_column][vc_column_text]<\/p>\n<h2 style=\"text-align: center; margin-bottom: 10px;\">Halt!\u00a0 Kann ich so wirklich Zeit sparen?<\/h2>\n<p>[\/vc_column_text][vc_column_text el_class=&#187;grayed-text&#187;]<em>Auf jeden Fall.\u00a0 Hast Du Erinnerungen an lieblos zugestellte Listen mit aufw\u00e4ndig vielen oder gar verschollenen Kandidaten-Leads? Durch die <strong>Kombination aus Job Quiz und erfahrenen Recruitern<\/strong> gelangen nur passende und vorab durch uns telefonisch gepr\u00fcfte Bewerbungen an Dich. So findest Du auch Jimmy!\u00a0<\/em>[\/vc_column_text][\/vc_column][\/vc_row][vc_row gap=&#187;35&#8243; equal_height=&#187;yes&#187; content_placement=&#187;bottom&#187; el_class=&#187;row_reach&#187; el_id=&#187;reverse-row&#187;][vc_column width=&#187;2\/3&#8243; el_id=&#187;reverse-row-order-first&#187;][vc_column_text el_class=&#187;home_h2_h4&#8243;]<\/p>\n<h3>Angebot: Vorqualifizierte Kandidaten<\/h3>\n<p>Entdecke die Kombination aus Inserat mit maximaler Active Seekers-Reichweite und Kampagne mit gezielter Passive Seekers-Reichweite. Profitiere vom Pauschalpreis von CHF 3&#8217;990 inklusive individueller Kampagnenerstellung, gezieltem Targeting und kontinuierlichem Performance Management (ohne zus\u00e4tzlichen Medienkosten oder nachtr\u00e4glichen Hiring Fees).[\/vc_column_text][\/vc_column][vc_column width=&#187;1\/3&#8243; el_id=&#187;reverse-row-order-second&#187;][vc_single_image image=&#187;103229&#8243; img_size=&#187;medium&#187;][\/vc_column][\/vc_row][vc_row gap=&#187;35&#8243; equal_height=&#187;yes&#187; content_placement=&#187;middle&#187; el_class=&#187;row_target&#187;][vc_column width=&#187;1\/2&#8243;][vc_btn title=&#187;Kontaktiere das Spotted Team&#187; style=&#187;custom&#187; custom_background=&#187;#93559e&#187; custom_text=&#187;#ffffff&#187; el_class=&#187;button-cls-row&#187; link=&#187;url:https%3A%2F%2Foutlook.office.com%2Fbookwithme%2Fuser%2F113b4bc57ee541eca4a3e92384985e33%40jobcloud.ch%3Fanonymous%26ep%3Dpcard|title:Demo&#187; vc_btn_link=&#187;spotteed_DE_request_demo&#187;][\/vc_column][vc_column width=&#187;1\/2&#8243;][vc_column_text el_class=&#187;home_h2_h4&#8243;]M\u00f6chtest Du wissen, ob die L\u00f6sung f\u00fcr Dich passt, um die richtigen Talente anzuziehen? Wir freuen uns, Deine Bed\u00fcrfnisse zu besprechen und Dir Beispiele konkreter Kampagnen zu zeigen.[\/vc_column_text][\/vc_column][\/vc_row][vc_row el_class=&#187;row_build&#187;][vc_column width=&#187;1\/3&#8243;][vc_column_text el_class=&#187;home_h2_h4&#8243;][\/vc_column_text][\/vc_column][vc_column width=&#187;1\/3&#8243;][vc_column_text]<\/p>\n<p style=\"text-align: center;\">JobCloud ist Mitglied bei Swissstaffing.<\/p>\n<p>[\/vc_column_text][vc_single_image image=&#187;93718&#8243;][\/vc_column][vc_column width=&#187;1\/3&#8243;][\/vc_column][\/vc_row]<\/p>\n<\/div>","protected":false},"excerpt":{"rendered":"<p>[vc_row gap=&#187;35&#8243; equal_height=&#187;yes&#187; content_placement=&#187;middle&#187; el_id=&#187;reverse-row&#187;][vc_column width=&#187;2\/3&#8243; el_id=&#187;reverse-row-order-first&#187;][vc_custom_heading text=&#187;Social Recruiting: Bestes Inserat und Social Media&#187; font_container=&#187;tag:h1|text_align:left&#187; use_theme_fonts=&#187;yes&#187; el_class=&#187;home_h1&#8243;][vc_custom_heading text=&#187;Kombiniere unser Inserat mit maximaler&#8230;<\/p>\n","protected":false},"author":80,"featured_media":0,"parent":2460,"menu_order":3,"comment_status":"closed","ping_status":"closed","template":"","meta":{"_acf_changed":false,"inline_featured_image":false,"footnotes":""},"class_list":["post-32600","page","type-page","status-publish","hentry"],"acf":[],"yoast_head":"<!-- This site is optimized with the Yoast SEO plugin v27.2 - https:\/\/yoast.com\/product\/yoast-seo-wordpress\/ -->\n<title>Spotted: Dein Social Recruiting-Partner f\u00fcr die passenden Talente<\/title>\n<meta name=\"description\" content=\"Mehr Reichweite mit gezieltem Social Media Sourcing und Vorqualifizierung aller eingehenden Bewerbungen durch Spotted\" \/>\n<meta name=\"robots\" content=\"index, follow, max-snippet:-1, max-image-preview:large, max-video-preview:-1\" \/>\n<link rel=\"canonical\" href=\"https:\/\/www.jobcloud.ch\/c\/de-ch\/produkte\/spotted-social-recruiting\/\" \/>\n<meta property=\"og:locale\" content=\"de_DE\" \/>\n<meta property=\"og:type\" content=\"article\" \/>\n<meta property=\"og:title\" content=\"Spotted: Dein Social Recruiting-Partner f\u00fcr die passenden Talente\" \/>\n<meta property=\"og:description\" content=\"Mehr Reichweite mit gezieltem Social Media Sourcing und Vorqualifizierung aller eingehenden Bewerbungen durch Spotted\" \/>\n<meta property=\"og:url\" content=\"https:\/\/www.jobcloud.ch\/c\/de-ch\/produkte\/spotted-social-recruiting\" \/>\n<meta property=\"og:site_name\" content=\"JobCloud\" \/>\n<meta property=\"article:modified_time\" content=\"2026-01-22T13:41:47+00:00\" \/>\n<meta name=\"twitter:card\" content=\"summary_large_image\" \/>\n<meta name=\"twitter:label1\" content=\"Gesch\u00e4tzte Lesezeit\" \/>\n\t<meta name=\"twitter:data1\" content=\"3\u00a0Minuten\" \/>\n<script type=\"application\/ld+json\" class=\"yoast-schema-graph\">{\"@context\":\"https:\/\/schema.org\",\"@graph\":[{\"@type\":\"WebPage\",\"@id\":\"https:\/\/www.jobcloud.ch\/c\/de-ch\/produkte\/spotted-social-recruiting\",\"url\":\"https:\/\/www.jobcloud.ch\/c\/de-ch\/produkte\/spotted-social-recruiting\",\"name\":\"Spotted: Dein Social Recruiting-Partner f\u00fcr die passenden Talente\",\"isPartOf\":{\"@id\":\"https:\/\/www.jobcloud.ch\/c\/de-ch\/#website\"},\"datePublished\":\"2020-11-12T12:45:19+00:00\",\"dateModified\":\"2026-01-22T13:41:47+00:00\",\"description\":\"Mehr Reichweite mit gezieltem Social Media Sourcing und Vorqualifizierung aller eingehenden Bewerbungen durch Spotted\",\"breadcrumb\":{\"@id\":\"https:\/\/www.jobcloud.ch\/c\/de-ch\/produkte\/spotted-social-recruiting#breadcrumb\"},\"inLanguage\":\"de-CH\",\"potentialAction\":[{\"@type\":\"ReadAction\",\"target\":[\"https:\/\/www.jobcloud.ch\/c\/de-ch\/produkte\/spotted-social-recruiting\"]}]},{\"@type\":\"BreadcrumbList\",\"@id\":\"https:\/\/www.jobcloud.ch\/c\/de-ch\/produkte\/spotted-social-recruiting#breadcrumb\",\"itemListElement\":[{\"@type\":\"ListItem\",\"position\":1,\"name\":\"Gesch\u00fctzt: Produkte\",\"item\":\"https:\/\/www.jobcloud.ch\/c\/de-ch\/produkte\/\"},{\"@type\":\"ListItem\",\"position\":2,\"name\":\"(NEU) Spotted: Social Recruiting\"}]},{\"@type\":\"WebSite\",\"@id\":\"https:\/\/www.jobcloud.ch\/c\/de-ch\/#website\",\"url\":\"https:\/\/www.jobcloud.ch\/c\/de-ch\/\",\"name\":\"JobCloud\",\"description\":\"JobCloud is the leading job portal for jobseekers in Switzerland\",\"publisher\":{\"@id\":\"https:\/\/www.jobcloud.ch\/c\/de-ch\/#organization\"},\"potentialAction\":[{\"@type\":\"SearchAction\",\"target\":{\"@type\":\"EntryPoint\",\"urlTemplate\":\"https:\/\/www.jobcloud.ch\/c\/de-ch\/?s={search_term_string}\"},\"query-input\":{\"@type\":\"PropertyValueSpecification\",\"valueRequired\":true,\"valueName\":\"search_term_string\"}}],\"inLanguage\":\"de-CH\"},{\"@type\":\"Organization\",\"@id\":\"https:\/\/www.jobcloud.ch\/c\/de-ch\/#organization\",\"name\":\"JobCloud\",\"url\":\"https:\/\/www.jobcloud.ch\/c\/de-ch\/\",\"logo\":{\"@type\":\"ImageObject\",\"inLanguage\":\"de-CH\",\"@id\":\"https:\/\/www.jobcloud.ch\/c\/de-ch\/#\/schema\/logo\/image\/\",\"url\":\"https:\/\/www.jobcloud.ch\/wp-content\/uploads\/2020\/02\/jobcloude-logo.svg\",\"contentUrl\":\"https:\/\/www.jobcloud.ch\/wp-content\/uploads\/2020\/02\/jobcloude-logo.svg\",\"width\":160,\"height\":37,\"caption\":\"JobCloud\"},\"image\":{\"@id\":\"https:\/\/www.jobcloud.ch\/c\/de-ch\/#\/schema\/logo\/image\/\"}}]}<\/script>\n<!-- \/ Yoast SEO plugin. -->","yoast_head_json":{"title":"Spotted: Dein Social Recruiting-Partner f\u00fcr die passenden Talente","description":"Mehr Reichweite mit gezieltem Social Media Sourcing und Vorqualifizierung aller eingehenden Bewerbungen durch Spotted","robots":{"index":"index","follow":"follow","max-snippet":"max-snippet:-1","max-image-preview":"max-image-preview:large","max-video-preview":"max-video-preview:-1"},"canonical":"https:\/\/www.jobcloud.ch\/c\/de-ch\/produkte\/spotted-social-recruiting\/","og_locale":"de_DE","og_type":"article","og_title":"Spotted: Dein Social Recruiting-Partner f\u00fcr die passenden Talente","og_description":"Mehr Reichweite mit gezieltem Social Media Sourcing und Vorqualifizierung aller eingehenden Bewerbungen durch Spotted","og_url":"https:\/\/www.jobcloud.ch\/c\/de-ch\/produkte\/spotted-social-recruiting","og_site_name":"JobCloud","article_modified_time":"2026-01-22T13:41:47+00:00","twitter_card":"summary_large_image","twitter_misc":{"Gesch\u00e4tzte Lesezeit":"3\u00a0Minuten"},"schema":{"@context":"https:\/\/schema.org","@graph":[{"@type":"WebPage","@id":"https:\/\/www.jobcloud.ch\/c\/de-ch\/produkte\/spotted-social-recruiting","url":"https:\/\/www.jobcloud.ch\/c\/de-ch\/produkte\/spotted-social-recruiting","name":"Spotted: Dein Social Recruiting-Partner f\u00fcr die passenden Talente","isPartOf":{"@id":"https:\/\/www.jobcloud.ch\/c\/de-ch\/#website"},"datePublished":"2020-11-12T12:45:19+00:00","dateModified":"2026-01-22T13:41:47+00:00","description":"Mehr Reichweite mit gezieltem Social Media Sourcing und Vorqualifizierung aller eingehenden Bewerbungen durch Spotted","breadcrumb":{"@id":"https:\/\/www.jobcloud.ch\/c\/de-ch\/produkte\/spotted-social-recruiting#breadcrumb"},"inLanguage":"de-CH","potentialAction":[{"@type":"ReadAction","target":["https:\/\/www.jobcloud.ch\/c\/de-ch\/produkte\/spotted-social-recruiting"]}]},{"@type":"BreadcrumbList","@id":"https:\/\/www.jobcloud.ch\/c\/de-ch\/produkte\/spotted-social-recruiting#breadcrumb","itemListElement":[{"@type":"ListItem","position":1,"name":"Gesch\u00fctzt: Produkte","item":"https:\/\/www.jobcloud.ch\/c\/de-ch\/produkte\/"},{"@type":"ListItem","position":2,"name":"(NEU) Spotted: Social Recruiting"}]},{"@type":"WebSite","@id":"https:\/\/www.jobcloud.ch\/c\/de-ch\/#website","url":"https:\/\/www.jobcloud.ch\/c\/de-ch\/","name":"JobCloud","description":"JobCloud is the leading job portal for jobseekers in Switzerland","publisher":{"@id":"https:\/\/www.jobcloud.ch\/c\/de-ch\/#organization"},"potentialAction":[{"@type":"SearchAction","target":{"@type":"EntryPoint","urlTemplate":"https:\/\/www.jobcloud.ch\/c\/de-ch\/?s={search_term_string}"},"query-input":{"@type":"PropertyValueSpecification","valueRequired":true,"valueName":"search_term_string"}}],"inLanguage":"de-CH"},{"@type":"Organization","@id":"https:\/\/www.jobcloud.ch\/c\/de-ch\/#organization","name":"JobCloud","url":"https:\/\/www.jobcloud.ch\/c\/de-ch\/","logo":{"@type":"ImageObject","inLanguage":"de-CH","@id":"https:\/\/www.jobcloud.ch\/c\/de-ch\/#\/schema\/logo\/image\/","url":"https:\/\/www.jobcloud.ch\/wp-content\/uploads\/2020\/02\/jobcloude-logo.svg","contentUrl":"https:\/\/www.jobcloud.ch\/wp-content\/uploads\/2020\/02\/jobcloude-logo.svg","width":160,"height":37,"caption":"JobCloud"},"image":{"@id":"https:\/\/www.jobcloud.ch\/c\/de-ch\/#\/schema\/logo\/image\/"}}]}},"_links":{"self":[{"href":"https:\/\/www.jobcloud.ch\/c\/de-ch\/wp-json\/wp\/v2\/pages\/32600","targetHints":{"allow":["GET"]}}],"collection":[{"href":"https:\/\/www.jobcloud.ch\/c\/de-ch\/wp-json\/wp\/v2\/pages"}],"about":[{"href":"https:\/\/www.jobcloud.ch\/c\/de-ch\/wp-json\/wp\/v2\/types\/page"}],"author":[{"embeddable":true,"href":"https:\/\/www.jobcloud.ch\/c\/de-ch\/wp-json\/wp\/v2\/users\/80"}],"replies":[{"embeddable":true,"href":"https:\/\/www.jobcloud.ch\/c\/de-ch\/wp-json\/wp\/v2\/comments?post=32600"}],"version-history":[{"count":1,"href":"https:\/\/www.jobcloud.ch\/c\/de-ch\/wp-json\/wp\/v2\/pages\/32600\/revisions"}],"predecessor-version":[{"id":105860,"href":"https:\/\/www.jobcloud.ch\/c\/de-ch\/wp-json\/wp\/v2\/pages\/32600\/revisions\/105860"}],"up":[{"embeddable":true,"href":"https:\/\/www.jobcloud.ch\/c\/de-ch\/wp-json\/wp\/v2\/pages\/2460"}],"wp:attachment":[{"href":"https:\/\/www.jobcloud.ch\/c\/de-ch\/wp-json\/wp\/v2\/media?parent=32600"}],"curies":[{"name":"wp","href":"https:\/\/api.w.org\/{rel}","templated":true}]}}