     {"id":2671,"date":"2020-03-04T12:16:57","date_gmt":"2020-03-04T12:16:57","guid":{"rendered":"https:\/\/www.jobcloud.ch\/login\/"},"modified":"2026-03-03T07:22:42","modified_gmt":"2026-03-03T06:22:42","slug":"anmelden","status":"publish","type":"page","link":"https:\/\/www.jobcloud.ch\/c\/de-ch\/anmelden\/","title":{"rendered":"Anmelden"},"content":{"rendered":"<div class=\"wpb-content-wrapper\"><p>[vc_row gap=&#187;35&#8243; equal_height=&#187;yes&#187; content_placement=&#187;middle&#187; el_id=&#187;reverse-row&#187;][vc_column width=&#187;1\/2&#8243; el_id=&#187;reverse-row-order-first&#187;][vc_custom_heading text=&#187;W\u00e4hlen Sie Ihre bevorzugte<br \/>\nJobCloud-Plattform&#187; font_container=&#187;tag:h1|font_size:42px|text_align:left|line_height:72px&#187; use_theme_fonts=&#187;yes&#187; el_class=&#187;home_h1&#8243;][vc_custom_heading text=&#187;JobCloud hat eine L\u00f6sung f\u00fcr alle Ihre Personalbeschaffungsbed\u00fcrfnisse. Entdecken Sie unsere verschiedenen Plattformen und L\u00f6sungen.&#187; font_container=&#187;tag:p|font_size:22px|text_align:left|line_height:36px&#187; use_theme_fonts=&#187;yes&#187; el_class=&#187;opcity-cls-row&#187;][\/vc_column][vc_column width=&#187;1\/2&#8243; css=&#187;.vc_custom_1588570293654{margin-right: 60px !important;margin-left: 60px !important;background-position: center !important;background-repeat: no-repeat !important;background-size: contain !important;}&#187; el_id=&#187;reverse-row-order-second&#187;][vc_single_image image=&#187;104746&#8243; img_size=&#187;full&#187; css=&#187;&#187; el_class=&#187;image-responsive-row&#187;][\/vc_column][\/vc_row][vc_row gap=&#187;20&#8243; equal_height=&#187;yes&#187; content_placement=&#187;top&#187;][vc_column width=&#187;1\/3&#8243; offset=&#187;vc_col-xs-12&#8243;][vc_single_image image=&#187;104429&#8243; img_size=&#187;160 x 50&#8243; css=&#187;.vc_custom_1769686956111{margin-bottom: 16px !important;}&#187; el_class=&#187;mobile-center-image&#187;][vc_custom_heading text=&#187;Entdecken Sie jobs.ch,<br \/>\ndie Jobplattform Nummer<br \/>\neins in der Schweiz.&#187; font_container=&#187;tag:p|font_size:22|text_align:left&#187; use_theme_fonts=&#187;yes&#187; el_class=&#187;opcity-cls-row mobile-center-image mb70&#8243;][vc_btn title=&#187;Anmelden&#187; style=&#187;custom&#187; custom_background=&#187;#fa463c&#187; custom_text=&#187;#ffffff&#187; align=&#187;left&#187; css=&#187;&#187; el_class=&#187;button-cls-row mobile-center-image&#187; link=&#187;url:https%3A%2F%2Fwww.jobcloud.ch%2Fde%2Fadmin_te%2F%3Futm_source%3Djobcloud.ch%26utm_medium%3Dreferral%26utm_campaign%3Dwb%253Ajobs%257Ctg%253Ab2b%257Ccn%253Ach%257Clg%253Ade%257Cpd%253An%257Cmg%253Auser-signup%257Ccd%253Arecruiter-login|title:Log%20in|target:_blank|rel:nofollow&#187;][\/vc_column][vc_column width=&#187;1\/3&#8243; offset=&#187;vc_col-xs-12&#8243;][vc_single_image image=&#187;104060&#8243; img_size=&#187;270 x 50&#8243; css=&#187;.vc_custom_1770121622058{margin-bottom: 16px !important;}&#187; el_class=&#187;mobile-center-image&#187;][vc_custom_heading text=&#187;Entdecken Sie unsere neue Plattform, die auf die Bed\u00fcrfnisse von KMU zugeschnitten ist.&#187; font_container=&#187;tag:p|font_size:22|text_align:left&#187; use_theme_fonts=&#187;yes&#187; el_class=&#187;opcity-cls-row mobile-center-image&#187;][vc_btn title=&#187;Anmelden&#187; style=&#187;custom&#187; custom_background=&#187;#00829a&#187; custom_text=&#187;#ffffff&#187; align=&#187;left&#187; css=&#187;.vc_custom_1747140244209{margin-top: 29px !important;}&#187; el_class=&#187;button-cls-row mobile-center-image mobile-mt&#187; link=&#187;url:https%3A%2F%2Fjobcloud.ai%2Flogin%3Ficid%3Dsw%3Ajobcloud.ch%257Ctw%3Ab2b%257Ctg%3Ab2b%257Cmg%3Alogin%257Clg%3Ade%257Cpc%3Aanmelden%257Cct%3AAnmelden|title:Log%20in|target:_blank|rel:nofollow&#187;][\/vc_column][vc_column width=&#187;1\/3&#8243; offset=&#187;vc_col-xs-12&#8243;][vc_single_image image=&#187;104433&#8243; img_size=&#187;190 x 50&#8243; css=&#187;.vc_custom_1769686990728{margin-bottom: 16px !important;}&#187; el_class=&#187;mobile-center-image&#187;][vc_custom_heading text=&#187;Entdecken Sie jobup.ch,<br \/>\ndie Jobplattform Nummer 1 in<br \/>\nder Romandie.&#187; font_container=&#187;tag:p|font_size:22|text_align:left&#187; use_theme_fonts=&#187;yes&#187; el_class=&#187;opcity-cls-row mobile-center-image mb70&#8243;][vc_btn title=&#187;Anmelden&#187; style=&#187;custom&#187; custom_background=&#187;#279e03&#8243; custom_text=&#187;#ffffff&#187; align=&#187;left&#187; css=&#187;&#187; el_class=&#187;button-cls-row mobile-center-image&#187; link=&#187;url:https%3A%2F%2Fwww.jobup.ch%2Fb2b%2Fsignin%2Fde%2F%3Futm_source%3Djobcloud.ch%26utm_medium%3Dreferral%26utm_campaign%3Dwb%253Ajobup%257Ctg%253Ab2b%257Ccn%253Ach%257Clg%253Ade%257Cpd%253An%257Cmg%253Auser-signup%257Ccd%253Arecruiter-login|title:Log%20in|target:_blank|rel:nofollow&#187;][\/vc_column][\/vc_row]<\/p>\n<\/div>","protected":false},"excerpt":{"rendered":"<p>[vc_row gap=&#187;35&#8243; equal_height=&#187;yes&#187; content_placement=&#187;middle&#187; el_id=&#187;reverse-row&#187;][vc_column width=&#187;1\/2&#8243; el_id=&#187;reverse-row-order-first&#187;][vc_custom_heading text=&#187;W\u00e4hlen Sie Ihre bevorzugte JobCloud-Plattform&#187; font_container=&#187;tag:h1|font_size:42px|text_align:left|line_height:72px&#187; use_theme_fonts=&#187;yes&#187; el_class=&#187;home_h1&#8243;][vc_custom_heading text=&#187;JobCloud hat eine L\u00f6sung f\u00fcr alle Ihre&#8230;<\/p>\n","protected":false},"author":1,"featured_media":0,"parent":0,"menu_order":0,"comment_status":"open","ping_status":"closed","template":"","meta":{"_acf_changed":false,"inline_featured_image":false,"footnotes":""},"class_list":["post-2671","page","type-page","status-publish","hentry"],"acf":[],"yoast_head":"<!-- This site is optimized with the Yoast SEO plugin v27.2 - https:\/\/yoast.com\/product\/yoast-seo-wordpress\/ -->\n<title>Anmelden | JobCloud<\/title>\n<meta name=\"robots\" content=\"index, follow, max-snippet:-1, max-image-preview:large, max-video-preview:-1\" \/>\n<link rel=\"canonical\" href=\"https:\/\/www.jobcloud.ch\/c\/de-ch\/anmelden\/\" \/>\n<meta property=\"og:locale\" content=\"de_DE\" \/>\n<meta property=\"og:type\" content=\"article\" \/>\n<meta property=\"og:title\" content=\"Anmelden | JobCloud\" \/>\n<meta property=\"og:description\" content=\"[vc_row gap=&#187;35&#8243; equal_height=&#187;yes&#187; content_placement=&#187;middle&#187; el_id=&#187;reverse-row&#187;][vc_column width=&#187;1\/2&#8243; el_id=&#187;reverse-row-order-first&#187;][vc_custom_heading text=&#187;W\u00e4hlen Sie Ihre bevorzugte JobCloud-Plattform&#187; font_container=&#187;tag:h1|font_size:42px|text_align:left|line_height:72px&#187; use_theme_fonts=&#187;yes&#187; el_class=&#187;home_h1&#8243;][vc_custom_heading text=&#187;JobCloud hat eine L\u00f6sung f\u00fcr alle Ihre...\" \/>\n<meta property=\"og:url\" content=\"https:\/\/www.jobcloud.ch\/c\/de-ch\/anmelden\/\" \/>\n<meta property=\"og:site_name\" content=\"JobCloud\" \/>\n<meta property=\"article:modified_time\" content=\"2026-03-03T06:22:42+00:00\" \/>\n<meta name=\"twitter:card\" content=\"summary_large_image\" \/>\n<meta name=\"twitter:label1\" content=\"Gesch\u00e4tzte Lesezeit\" \/>\n\t<meta name=\"twitter:data1\" content=\"2\u00a0Minuten\" \/>\n<script type=\"application\/ld+json\" class=\"yoast-schema-graph\">{\"@context\":\"https:\/\/schema.org\",\"@graph\":[{\"@type\":\"WebPage\",\"@id\":\"https:\/\/www.jobcloud.ch\/c\/de-ch\/anmelden\/\",\"url\":\"https:\/\/www.jobcloud.ch\/c\/de-ch\/anmelden\/\",\"name\":\"Anmelden | JobCloud\",\"isPartOf\":{\"@id\":\"https:\/\/www.jobcloud.ch\/c\/de-ch\/#website\"},\"datePublished\":\"2020-03-04T12:16:57+00:00\",\"dateModified\":\"2026-03-03T06:22:42+00:00\",\"inLanguage\":\"de-CH\",\"potentialAction\":[{\"@type\":\"ReadAction\",\"target\":[\"https:\/\/www.jobcloud.ch\/c\/de-ch\/anmelden\/\"]}]},{\"@type\":\"WebSite\",\"@id\":\"https:\/\/www.jobcloud.ch\/c\/de-ch\/#website\",\"url\":\"https:\/\/www.jobcloud.ch\/c\/de-ch\/\",\"name\":\"JobCloud\",\"description\":\"JobCloud is the leading job portal for jobseekers in Switzerland\",\"publisher\":{\"@id\":\"https:\/\/www.jobcloud.ch\/c\/de-ch\/#organization\"},\"potentialAction\":[{\"@type\":\"SearchAction\",\"target\":{\"@type\":\"EntryPoint\",\"urlTemplate\":\"https:\/\/www.jobcloud.ch\/c\/de-ch\/?s={search_term_string}\"},\"query-input\":{\"@type\":\"PropertyValueSpecification\",\"valueRequired\":true,\"valueName\":\"search_term_string\"}}],\"inLanguage\":\"de-CH\"},{\"@type\":\"Organization\",\"@id\":\"https:\/\/www.jobcloud.ch\/c\/de-ch\/#organization\",\"name\":\"JobCloud\",\"url\":\"https:\/\/www.jobcloud.ch\/c\/de-ch\/\",\"logo\":{\"@type\":\"ImageObject\",\"inLanguage\":\"de-CH\",\"@id\":\"https:\/\/www.jobcloud.ch\/c\/de-ch\/#\/schema\/logo\/image\/\",\"url\":\"https:\/\/www.jobcloud.ch\/wp-content\/uploads\/2020\/02\/jobcloude-logo.svg\",\"contentUrl\":\"https:\/\/www.jobcloud.ch\/wp-content\/uploads\/2020\/02\/jobcloude-logo.svg\",\"width\":160,\"height\":37,\"caption\":\"JobCloud\"},\"image\":{\"@id\":\"https:\/\/www.jobcloud.ch\/c\/de-ch\/#\/schema\/logo\/image\/\"}}]}<\/script>\n<!-- \/ Yoast SEO plugin. -->","yoast_head_json":{"title":"Anmelden | JobCloud","robots":{"index":"index","follow":"follow","max-snippet":"max-snippet:-1","max-image-preview":"max-image-preview:large","max-video-preview":"max-video-preview:-1"},"canonical":"https:\/\/www.jobcloud.ch\/c\/de-ch\/anmelden\/","og_locale":"de_DE","og_type":"article","og_title":"Anmelden | JobCloud","og_description":"[vc_row gap=&#187;35&#8243; equal_height=&#187;yes&#187; content_placement=&#187;middle&#187; el_id=&#187;reverse-row&#187;][vc_column width=&#187;1\/2&#8243; el_id=&#187;reverse-row-order-first&#187;][vc_custom_heading text=&#187;W\u00e4hlen Sie Ihre bevorzugte JobCloud-Plattform&#187; font_container=&#187;tag:h1|font_size:42px|text_align:left|line_height:72px&#187; use_theme_fonts=&#187;yes&#187; el_class=&#187;home_h1&#8243;][vc_custom_heading text=&#187;JobCloud hat eine L\u00f6sung f\u00fcr alle Ihre...","og_url":"https:\/\/www.jobcloud.ch\/c\/de-ch\/anmelden\/","og_site_name":"JobCloud","article_modified_time":"2026-03-03T06:22:42+00:00","twitter_card":"summary_large_image","twitter_misc":{"Gesch\u00e4tzte Lesezeit":"2\u00a0Minuten"},"schema":{"@context":"https:\/\/schema.org","@graph":[{"@type":"WebPage","@id":"https:\/\/www.jobcloud.ch\/c\/de-ch\/anmelden\/","url":"https:\/\/www.jobcloud.ch\/c\/de-ch\/anmelden\/","name":"Anmelden | JobCloud","isPartOf":{"@id":"https:\/\/www.jobcloud.ch\/c\/de-ch\/#website"},"datePublished":"2020-03-04T12:16:57+00:00","dateModified":"2026-03-03T06:22:42+00:00","inLanguage":"de-CH","potentialAction":[{"@type":"ReadAction","target":["https:\/\/www.jobcloud.ch\/c\/de-ch\/anmelden\/"]}]},{"@type":"WebSite","@id":"https:\/\/www.jobcloud.ch\/c\/de-ch\/#website","url":"https:\/\/www.jobcloud.ch\/c\/de-ch\/","name":"JobCloud","description":"JobCloud is the leading job portal for jobseekers in Switzerland","publisher":{"@id":"https:\/\/www.jobcloud.ch\/c\/de-ch\/#organization"},"potentialAction":[{"@type":"SearchAction","target":{"@type":"EntryPoint","urlTemplate":"https:\/\/www.jobcloud.ch\/c\/de-ch\/?s={search_term_string}"},"query-input":{"@type":"PropertyValueSpecification","valueRequired":true,"valueName":"search_term_string"}}],"inLanguage":"de-CH"},{"@type":"Organization","@id":"https:\/\/www.jobcloud.ch\/c\/de-ch\/#organization","name":"JobCloud","url":"https:\/\/www.jobcloud.ch\/c\/de-ch\/","logo":{"@type":"ImageObject","inLanguage":"de-CH","@id":"https:\/\/www.jobcloud.ch\/c\/de-ch\/#\/schema\/logo\/image\/","url":"https:\/\/www.jobcloud.ch\/wp-content\/uploads\/2020\/02\/jobcloude-logo.svg","contentUrl":"https:\/\/www.jobcloud.ch\/wp-content\/uploads\/2020\/02\/jobcloude-logo.svg","width":160,"height":37,"caption":"JobCloud"},"image":{"@id":"https:\/\/www.jobcloud.ch\/c\/de-ch\/#\/schema\/logo\/image\/"}}]}},"_links":{"self":[{"href":"https:\/\/www.jobcloud.ch\/c\/de-ch\/wp-json\/wp\/v2\/pages\/2671","targetHints":{"allow":["GET"]}}],"collection":[{"href":"https:\/\/www.jobcloud.ch\/c\/de-ch\/wp-json\/wp\/v2\/pages"}],"about":[{"href":"https:\/\/www.jobcloud.ch\/c\/de-ch\/wp-json\/wp\/v2\/types\/page"}],"author":[{"embeddable":true,"href":"https:\/\/www.jobcloud.ch\/c\/de-ch\/wp-json\/wp\/v2\/users\/1"}],"replies":[{"embeddable":true,"href":"https:\/\/www.jobcloud.ch\/c\/de-ch\/wp-json\/wp\/v2\/comments?post=2671"}],"version-history":[{"count":0,"href":"https:\/\/www.jobcloud.ch\/c\/de-ch\/wp-json\/wp\/v2\/pages\/2671\/revisions"}],"wp:attachment":[{"href":"https:\/\/www.jobcloud.ch\/c\/de-ch\/wp-json\/wp\/v2\/media?parent=2671"}],"curies":[{"name":"wp","href":"https:\/\/api.w.org\/{rel}","templated":true}]}}