     {"id":2497,"date":"2020-03-25T16:23:11","date_gmt":"2020-03-25T16:23:11","guid":{"rendered":"https:\/\/www.jobcloud.ch\/produkte\/employer-branding\/"},"modified":"2024-11-15T08:48:46","modified_gmt":"2024-11-15T07:48:46","slug":"employer-branding","status":"publish","type":"page","link":"https:\/\/www.jobcloud.ch\/c\/de-ch\/produkte\/employer-branding\/","title":{"rendered":"Employer Branding"},"content":{"rendered":"<div class=\"wpb-content-wrapper\"><p>[vc_row gap=&#187;35&#8243; equal_height=&#187;yes&#187; content_placement=&#187;middle&#187; el_id=&#187;reverse-row&#187;][vc_column width=&#187;1\/2&#8243; el_id=&#187;reverse-row-order-first&#187;][vc_custom_heading text=&#187;Spornen Sie die richtigen Kandidaten an, sich bei Ihnen zu bewerben&#187; font_container=&#187;tag:h1|text_align:left&#187; use_theme_fonts=&#187;yes&#187; el_class=&#187;home_h1&#8243;][vc_custom_heading text=&#187;Pr\u00e4sentieren Sie sich mit einem starken Employer Brand bei der gr\u00f6ssten Zielgruppe in der Schweiz und machen Sie den Unterschied.&#187; font_container=&#187;tag:p|text_align:left&#187; use_theme_fonts=&#187;yes&#187; el_class=&#187;opcity-cls-row&#187;][vc_btn title=&#187;Kontakt Verkaufsabteilung&#187; style=&#187;custom&#187; custom_background=&#187;#93559e&#187; custom_text=&#187;#ffffff&#187; el_class=&#187;button-cls-row&#187; link=&#187;url:%23pricing|&#187; vc_btn_link=&#187;employer-branding_de_plan&#187;][\/vc_column][vc_column css_animation=&#187;none&#187; width=&#187;1\/2&#8243; css=&#187;.vc_custom_1584959280424{background-position: center !important;background-repeat: no-repeat !important;background-size: contain !important;}&#187; el_id=&#187;reverse-row-order-second&#187;][vc_single_image image=&#187;2498&#8243; img_size=&#187;large&#187; alignment=&#187;center&#187; el_class=&#187;image-responsive-row&#187;][\/vc_column][\/vc_row][vc_row][vc_column][vc_column_text]<\/p>\n<h2 style=\"text-align: center; margin-bottom: 10px;\">Schaffen Sie Ihren Employer Brand mit den Tools von JobCloud<\/h2>\n<p>[\/vc_column_text][vc_column_text el_class=&#187;grayed-text&#187; el_id=&#187;opcity-cls-row&#187;]<\/p>\n<p style=\"text-align: center;\">Jedes Unternehmen hat eine Arbeitgebermarke, auch wenn Sie nichts damit machen. Schaffen Sie bewusst einen Employer Brand, welcher Ihr Unternehmen von der besten Seite zeigt und potenzielle Kandidaten dazu anspornt, sich bei Ihnen zu bewerben.<\/p>\n<p>[\/vc_column_text][\/vc_column][\/vc_row][vc_row gap=&#187;35&#8243; equal_height=&#187;yes&#187; content_placement=&#187;middle&#187; el_class=&#187;row_reach&#187; el_id=&#187;reverse-row&#187;][vc_column width=&#187;1\/2&#8243; el_id=&#187;reverse-row-order-first&#187;][vc_column_text el_class=&#187;home_h2_h4&#8243;]<\/p>\n<h3>Geben Sie Ihrem Unternehmen ein Gesicht<\/h3>\n<p class=\"opcity-cls-row\">Erstellen Sie ein Arbeitgeber-Profil und schaffen Sie so kostenlos Ihren Employer Brand \u2013 so wie 22&#8217;000 andere Unternehmen auch. Mit ehrlichen Bewertungen und gezieltem Branding erreichen Sie die richtigen Kandidaten mit einem authentischen Bild Ihrer Marke.<\/p>\n<p><a href=\"#pricing\">Arbeitgeber-Profil Limited ausw\u00e4hlen \u2192<\/a>[\/vc_column_text][\/vc_column][vc_column width=&#187;1\/2&#8243; el_id=&#187;reverse-row-order-second&#187;][vc_single_image image=&#187;49042&#8243; img_size=&#187;full&#187;][\/vc_column][\/vc_row][vc_row gap=&#187;35&#8243; equal_height=&#187;yes&#187; content_placement=&#187;middle&#187; el_class=&#187;row_target&#187;][vc_column width=&#187;1\/2&#8243;][vc_single_image image=&#187;49041&#8243; img_size=&#187;full&#187;][\/vc_column][vc_column width=&#187;1\/2&#8243;][vc_column_text el_class=&#187;home_h2_h4&#8243;]<\/p>\n<h3>Ziehen Sie die richtigen Talente in Ihrem Arbeitgeber-Profil an<\/h3>\n<p class=\"opcity-cls-row\">Die gr\u00f6ssten Rekrutierungserfolge werden dann erzielt, wenn Ihr Arbeitgeber-Profil und Ihre Jobinserate bei den relevanten Jobsuchenden besonders gut sichtbar sind. Deshalb sprechen wir mit Ihrem Arbeitgeber-Profil die passendsten Kandidaten f\u00fcr jede Stelle an.<\/p>\n<p><a href=\"#pricing\">Arbeitgeber-Profil Premium ausw\u00e4hlen \u2192<\/a>[\/vc_column_text][\/vc_column][\/vc_row][vc_row gap=&#187;35&#8243; equal_height=&#187;yes&#187; content_placement=&#187;middle&#187; el_class=&#187;row_attract&#187; el_id=&#187;reverse-row&#187;][vc_column width=&#187;1\/2&#8243; el_id=&#187;reverse-row-order-first&#187;][vc_column_text el_class=&#187;home_h2_h4&#8243;]<\/p>\n<h3>Erreichen Sie auch potenzielle passive Kandidaten<\/h3>\n<p class=\"opcity-cls-row\">Um eine noch h\u00f6here Anzahl an qualifizierten Bewerbungen zu erhalten, sollten auch passive Kandidaten angesprochen werden. Mit Arbeitgeber-Inseraten, die \u00fcber eine Programmatic-Technologie ausgespielt werden, k\u00f6nnen Sie auf mehr als 1&#8217;000 Websites pr\u00e4sent sein und die passendsten Talente in k\u00fcrzerer Zeit erreichen.<\/p>\n<p><a href=\"#pricing\">Arbeitgeber-Inserate ausw\u00e4hlen \u2192<\/a>[\/vc_column_text][\/vc_column][vc_column width=&#187;1\/2&#8243; el_id=&#187;reverse-row-order-second&#187;][vc_single_image image=&#187;49040&#8243; img_size=&#187;full&#187;][\/vc_column][\/vc_row][vc_row el_class=&#187;row_attract&#187; el_id=&#187;pricing&#187;][vc_column css=&#187;.vc_custom_1582130370268{margin-top: 0px !important;padding-top: 0px !important;}&#187;][vc_custom_heading text=&#187;Employer Branding entsprechend Ihrem Budget&#187; font_container=&#187;tag:h2|font_size:34|text_align:center|color:%23313751&#8243; use_theme_fonts=&#187;yes&#187; css=&#187;.vc_custom_1582724109404{margin-top: 0px !important;margin-right: 0px !important;margin-bottom: 10px !important;margin-left: 0px !important;padding-top: 0px !important;padding-right: 0px !important;padding-bottom: 0px !important;padding-left: 0px !important;}&#187;][vc_custom_heading text=&#187;Beginnen Sie kostenlos und passen Sie Ihre L\u00f6sung dann an, wenn Sie noch mehr erreichen m\u00f6chten.&#187; font_container=&#187;tag:p|text_align:center&#187; use_theme_fonts=&#187;yes&#187; el_class=&#187;home_h2_h4&#8243; el_id=&#187;opcity-cls-row&#187;][\/vc_column][vc_column css=&#187;.vc_custom_1582040600694{margin-top: 0px !important;margin-right: 0px !important;margin-bottom: 0px !important;margin-left: 0px !important;padding-top: 0px !important;padding-right: 0px !important;padding-bottom: 0px !important;padding-left: 0px !important;}&#187;][vc_row_inner equal_height=&#187;yes&#187; gap=&#187;35&#8243; css=&#187;.vc_custom_1590564953949{padding-top: 0px !important;padding-right: 0px !important;padding-bottom: 0px !important;padding-left: 0px !important;}&#187; el_class=&#187;row_attract&#187;][vc_column_inner el_class=&#187;employer-branding-text-row&#187; width=&#187;1\/2&#8243; css=&#187;.vc_custom_1584012487619{padding-top: 0px !important;padding-right: 20px !important;padding-bottom: 10px !important;padding-left: 20px !important;background-color: #f5f6f7 !important;border-radius: 10px !important;}&#187;][vc_custom_heading text=&#187;Arbeitgeber-Profil Freemium&#187; font_container=&#187;tag:h2|font_size:24px|text_align:center&#187; use_theme_fonts=&#187;yes&#187; css=&#187;.vc_custom_1611163369203{padding-top: 30px !important;}&#187; el_class=&#187;employer-branding-row-title&#187;][vc_custom_heading text=&#187;&#187; font_container=&#187;tag:p|font_size:14px|text_align:center|color:%23313751|line_height:16px&#187; use_theme_fonts=&#187;yes&#187; css=&#187;.vc_custom_1660912765216{margin-top: 0px !important;margin-right: 0px !important;margin-bottom: 0px !important;margin-left: 0px !important;padding-top: 0px !important;padding-right: 0px !important;padding-bottom: 0px !important;padding-left: 0px !important;}&#187; el_class=&#187;opcity-cls-row-new&#187;][vc_custom_heading text=&#187;Kostenlos&#187; font_container=&#187;tag:h3|text_align:center&#187; use_theme_fonts=&#187;yes&#187;][vc_column_text el_class=&#187;opcity-cls-row&#187; el_id=&#187;employer-branding-row-text-de&#187;]<\/p>\n<ul>\n<li style=\"text-align: left;\">Erstellen Sie Ihr Arbeitgeber-Profil auf jobs.ch und jobup.ch<\/li>\n<li>Machen Sie die ersten Schritte f\u00fcr Ihren Employer Brand<\/li>\n<\/ul>\n<p>[\/vc_column_text][\/vc_column_inner][vc_column_inner el_class=&#187;employer-branding-text-row&#187; width=&#187;1\/2&#8243; css=&#187;.vc_custom_1584012477643{padding-top: 0px !important;padding-right: 20px !important;padding-bottom: 10px !important;padding-left: 20px !important;background-color: #f5f6f7 !important;border-radius: 10px !important;}&#187;][vc_custom_heading text=&#187;Arbeitgeber-Profil Premium&#187; font_container=&#187;tag:h2|font_size:24px|text_align:center&#187; use_theme_fonts=&#187;yes&#187; css=&#187;.vc_custom_1586878988116{padding-top: 30px !important;}&#187; el_class=&#187;employer-branding-row-title&#187;][vc_custom_heading text=&#187;ab&#187; font_container=&#187;tag:p|font_size:14px|text_align:center|color:%23313751|line_height:16px&#187; use_theme_fonts=&#187;yes&#187; css=&#187;.vc_custom_1587480376077{margin-top: 0px !important;margin-right: 0px !important;margin-bottom: 0px !important;margin-left: 0px !important;padding-top: 0px !important;padding-right: 0px !important;padding-bottom: 0px !important;padding-left: 0px !important;}&#187; el_class=&#187;opcity-cls-row-new&#187;][vc_custom_heading text=&#187;CHF 900.-\/Jahr&#187; font_container=&#187;tag:h3|text_align:center&#187; use_theme_fonts=&#187;yes&#187;][vc_column_text el_class=&#187;opcity-cls-row&#187; el_id=&#187;employer-branding-row-text-de&#187;]<\/p>\n<ul>\n<li style=\"text-align: left;\">Bewerben Sie Ihre Arbeitgebermarke bei den relevantesten Kandidaten durch Job-E-Mails und Job-Alarm-Benachrichtigungen<\/li>\n<li>Zeigen Sie Ihre Marke auf der Homepage von jobs.ch und jobup.ch<\/li>\n<li>Lassen Sie Ihre besten Firmenbewertungen bei Ihrem Arbeitgeber-Profil ganz oben anzeigen<\/li>\n<\/ul>\n<p>[\/vc_column_text][\/vc_column_inner][\/vc_row_inner][vc_row_inner][vc_column_inner][vc_btn title=&#187;Kontakt Verkaufsabteilung&#187; style=&#187;custom&#187; custom_background=&#187;#93559e&#187; custom_text=&#187;#ffffff&#187; align=&#187;center&#187; el_class=&#187;button-cls-row&#187; link=&#187;url:https%3A%2F%2Fwww.jobcloud.ch%2Fc%2Fde-ch%2Fdemo-employer-branding%2F&#187; vc_btn_link=&#187;employer-branding_de_plan&#187;][\/vc_column_inner][\/vc_row_inner][\/vc_column][\/vc_row][vc_row css=&#187;.vc_custom_1582120518110{margin-right: -20px !important;margin-left: -20px !important;background: #e5f2f4 url(\/wp-content\/uploads\/2020\/02\/carousel-bg.png?id=207) !important;background-position: center !important;background-repeat: no-repeat !important;background-size: contain !important;border-radius: 10px !important;}&#187; el_class=&#187;row_testimonial&#187;][vc_column el_class=&#187;testimonials&#187; css=&#187;.vc_custom_1582034786435{padding-top: 90px !important;padding-bottom: 90px !important;background-position: 0 0 !important;background-repeat: no-repeat !important;}&#187;][vc_column_text]<\/p>\n<h2 style=\"text-align: center;\">Schweizer Unternehmen st\u00e4rken Ihren einzigartigen Employer Brand mit JobCloud<\/h2>\n<p>[\/vc_column_text]<div class=\"slider slider--inline-arrows\" data-arrows=\"true\" data-paging=\"true\">\n\t<ul class=\"slides\">\n\t\t<li>\n\t<div class=\"row\">\n\t\t<div class=\"testimonial\">\n\t\t\t<div class=\"testimonial-image col-md-4 col-sm-4 col-xs-12 text-center\">\n\t\t\t\t<img fetchpriority=\"high\" decoding=\"async\" width=\"683\" height=\"1024\" src=\"https:\/\/www.jobcloud.ch\/wp-content\/uploads\/2020\/03\/Testimonial_Marionnaud_GiannaReccavallo-683x1024.jpg\" class=\"testimonial__image wp-post-image\" alt=\"\" srcset=\"https:\/\/www.jobcloud.ch\/wp-content\/uploads\/2020\/03\/Testimonial_Marionnaud_GiannaReccavallo-683x1024.jpg 683w, https:\/\/www.jobcloud.ch\/wp-content\/uploads\/2020\/03\/Testimonial_Marionnaud_GiannaReccavallo-200x300.jpg 200w, https:\/\/www.jobcloud.ch\/wp-content\/uploads\/2020\/03\/Testimonial_Marionnaud_GiannaReccavallo-768x1152.jpg 768w, https:\/\/www.jobcloud.ch\/wp-content\/uploads\/2020\/03\/Testimonial_Marionnaud_GiannaReccavallo-1024x1536.jpg 1024w, https:\/\/www.jobcloud.ch\/wp-content\/uploads\/2020\/03\/Testimonial_Marionnaud_GiannaReccavallo-1365x2048.jpg 1365w, https:\/\/www.jobcloud.ch\/wp-content\/uploads\/2020\/03\/Testimonial_Marionnaud_GiannaReccavallo-scaled.jpg 1707w\" sizes=\"(max-width: 683px) 100vw, 683px\" \/>\t\t\t<\/div>\n\t\t\t<div class=\"testimonial-text col-md-8 pl-3 col-sm-8 col-xs-12\">\n\t\t\t\t<span class=\"h3\">&ldquo;Dank jobs.ch, dem f\u00fchrenden Portal von JobCloud, erreichen wir jederzeit die gew\u00fcnschte Zielgruppe f\u00fcr die Besetzung unserer vielf\u00e4ltigen und anspruchsvollen Funktionen \u2013 beim Hauptsitz sowie auch in den Stores. Wir sch\u00e4tzen die gute und langj\u00e4hrige Zusammenarbeit mit unserer Kundenberaterin und bedanken uns f\u00fcr die allzeit kompetente Beratung und unkomplizierte Abwicklung unserer Anliegen.&rdquo;\n\t\t\t\t<\/span>\n\t\t\t\t<h5>Gianna Reccavallo<\/h5>, <span>HR Administration Manager bei Marionnaud<\/span>\t\t\t<\/div>\n\t\t<\/div>\n\t<\/div><!--end of row-->\n<\/li>\t<\/ul>\n<\/div>[\/vc_column][\/vc_row][vc_row][vc_column el_class=&#187;button-center-cls&#187;][vc_column_text css=&#187;.vc_custom_1589293509953{padding-bottom: 35px !important;}&#187;]<\/p>\n<h2 style=\"text-align: center;\">Jetzt loslegen mit Employer Branding von JobCloud<\/h2>\n<p>[\/vc_column_text][vc_btn title=&#187;Kostenloses Arbeitgeberkonto erstellen&#187; style=&#187;custom&#187; custom_background=&#187;#93559e&#187; custom_text=&#187;#ffffff&#187; el_class=&#187;position-bottom button-cls-row btn-register-employer&#187; link=&#187;url:https%3A%2F%2Fjobcloud.ai%2Fonboarding|target:_blank|rel:nofollow&#187; vc_btn_link=&#187;employer-branding_de_getstarted&#187; el_id=&#187;ecom_registration&#187;][\/vc_column][\/vc_row][vc_row full_width=&#187;stretch_row&#187; el_class=&#187;row_img_placeholder&#187;][vc_column][\/vc_column][\/vc_row]<\/p>\n<\/div>","protected":false},"excerpt":{"rendered":"<p>[vc_row gap=&#187;35&#8243; equal_height=&#187;yes&#187; content_placement=&#187;middle&#187; el_id=&#187;reverse-row&#187;][vc_column width=&#187;1\/2&#8243; el_id=&#187;reverse-row-order-first&#187;][vc_custom_heading text=&#187;Spornen Sie die richtigen Kandidaten an, sich bei Ihnen zu bewerben&#187; font_container=&#187;tag:h1|text_align:left&#187; use_theme_fonts=&#187;yes&#187; el_class=&#187;home_h1&#8243;][vc_custom_heading text=&#187;Pr\u00e4sentieren&#8230;<\/p>\n","protected":false},"author":1,"featured_media":0,"parent":2460,"menu_order":0,"comment_status":"open","ping_status":"closed","template":"","meta":{"_acf_changed":false,"inline_featured_image":false,"footnotes":""},"class_list":["post-2497","page","type-page","status-publish","hentry"],"acf":[],"yoast_head":"<!-- This site is optimized with the Yoast SEO plugin v27.2 - https:\/\/yoast.com\/product\/yoast-seo-wordpress\/ -->\n<title>Schaffen Sie Ihren Employer Brand in der Schweiz | JobCloud<\/title>\n<meta name=\"description\" content=\"Nutzen Sie Employer Branding-Tools, um Ihre Marke bei den richtigen Kandidaten zu bewerben und sie anzusporen, sich bei Ihnen zu bewerben. Erstellen Sie ein Arbeitgeberprofil und ver\u00f6ffentlichen Sie jetzt Ihre Inserate.\" \/>\n<meta name=\"robots\" content=\"index, follow, max-snippet:-1, max-image-preview:large, max-video-preview:-1\" \/>\n<link rel=\"canonical\" href=\"https:\/\/www.jobcloud.ch\/c\/de-ch\/produkte\/employer-branding\/\" \/>\n<meta property=\"og:locale\" content=\"de_DE\" \/>\n<meta property=\"og:type\" content=\"article\" \/>\n<meta property=\"og:title\" content=\"Schaffen Sie Ihren Employer Brand in der Schweiz | JobCloud\" \/>\n<meta property=\"og:description\" content=\"Nutzen Sie Employer Branding-Tools, um Ihre Marke bei den richtigen Kandidaten zu bewerben und sie anzusporen, sich bei Ihnen zu bewerben. Erstellen Sie ein Arbeitgeberprofil und ver\u00f6ffentlichen Sie jetzt Ihre Inserate.\" \/>\n<meta property=\"og:url\" content=\"https:\/\/www.jobcloud.ch\/c\/de-ch\/produkte\/employer-branding\/\" \/>\n<meta property=\"og:site_name\" content=\"JobCloud\" \/>\n<meta property=\"article:modified_time\" content=\"2024-11-15T07:48:46+00:00\" \/>\n<meta name=\"twitter:card\" content=\"summary_large_image\" \/>\n<meta name=\"twitter:label1\" content=\"Gesch\u00e4tzte Lesezeit\" \/>\n\t<meta name=\"twitter:data1\" content=\"4\u00a0Minuten\" \/>\n<script type=\"application\/ld+json\" class=\"yoast-schema-graph\">{\"@context\":\"https:\/\/schema.org\",\"@graph\":[{\"@type\":\"WebPage\",\"@id\":\"https:\/\/www.jobcloud.ch\/c\/de-ch\/produkte\/employer-branding\/\",\"url\":\"https:\/\/www.jobcloud.ch\/c\/de-ch\/produkte\/employer-branding\/\",\"name\":\"Schaffen Sie Ihren Employer Brand in der Schweiz | JobCloud\",\"isPartOf\":{\"@id\":\"https:\/\/www.jobcloud.ch\/c\/de-ch\/#website\"},\"datePublished\":\"2020-03-25T16:23:11+00:00\",\"dateModified\":\"2024-11-15T07:48:46+00:00\",\"description\":\"Nutzen Sie Employer Branding-Tools, um Ihre Marke bei den richtigen Kandidaten zu bewerben und sie anzusporen, sich bei Ihnen zu bewerben. Erstellen Sie ein Arbeitgeberprofil und ver\u00f6ffentlichen Sie jetzt Ihre Inserate.\",\"breadcrumb\":{\"@id\":\"https:\/\/www.jobcloud.ch\/c\/de-ch\/produkte\/employer-branding\/#breadcrumb\"},\"inLanguage\":\"de-CH\",\"potentialAction\":[{\"@type\":\"ReadAction\",\"target\":[\"https:\/\/www.jobcloud.ch\/c\/de-ch\/produkte\/employer-branding\/\"]}]},{\"@type\":\"BreadcrumbList\",\"@id\":\"https:\/\/www.jobcloud.ch\/c\/de-ch\/produkte\/employer-branding\/#breadcrumb\",\"itemListElement\":[{\"@type\":\"ListItem\",\"position\":1,\"name\":\"Gesch\u00fctzt: Produkte\",\"item\":\"https:\/\/www.jobcloud.ch\/c\/de-ch\/produkte\/\"},{\"@type\":\"ListItem\",\"position\":2,\"name\":\"Employer Branding\"}]},{\"@type\":\"WebSite\",\"@id\":\"https:\/\/www.jobcloud.ch\/c\/de-ch\/#website\",\"url\":\"https:\/\/www.jobcloud.ch\/c\/de-ch\/\",\"name\":\"JobCloud\",\"description\":\"JobCloud is the leading job portal for jobseekers in Switzerland\",\"publisher\":{\"@id\":\"https:\/\/www.jobcloud.ch\/c\/de-ch\/#organization\"},\"potentialAction\":[{\"@type\":\"SearchAction\",\"target\":{\"@type\":\"EntryPoint\",\"urlTemplate\":\"https:\/\/www.jobcloud.ch\/c\/de-ch\/?s={search_term_string}\"},\"query-input\":{\"@type\":\"PropertyValueSpecification\",\"valueRequired\":true,\"valueName\":\"search_term_string\"}}],\"inLanguage\":\"de-CH\"},{\"@type\":\"Organization\",\"@id\":\"https:\/\/www.jobcloud.ch\/c\/de-ch\/#organization\",\"name\":\"JobCloud\",\"url\":\"https:\/\/www.jobcloud.ch\/c\/de-ch\/\",\"logo\":{\"@type\":\"ImageObject\",\"inLanguage\":\"de-CH\",\"@id\":\"https:\/\/www.jobcloud.ch\/c\/de-ch\/#\/schema\/logo\/image\/\",\"url\":\"https:\/\/www.jobcloud.ch\/wp-content\/uploads\/2020\/02\/jobcloude-logo.svg\",\"contentUrl\":\"https:\/\/www.jobcloud.ch\/wp-content\/uploads\/2020\/02\/jobcloude-logo.svg\",\"width\":160,\"height\":37,\"caption\":\"JobCloud\"},\"image\":{\"@id\":\"https:\/\/www.jobcloud.ch\/c\/de-ch\/#\/schema\/logo\/image\/\"}}]}<\/script>\n<!-- \/ Yoast SEO plugin. -->","yoast_head_json":{"title":"Schaffen Sie Ihren Employer Brand in der Schweiz | JobCloud","description":"Nutzen Sie Employer Branding-Tools, um Ihre Marke bei den richtigen Kandidaten zu bewerben und sie anzusporen, sich bei Ihnen zu bewerben. Erstellen Sie ein Arbeitgeberprofil und ver\u00f6ffentlichen Sie jetzt Ihre Inserate.","robots":{"index":"index","follow":"follow","max-snippet":"max-snippet:-1","max-image-preview":"max-image-preview:large","max-video-preview":"max-video-preview:-1"},"canonical":"https:\/\/www.jobcloud.ch\/c\/de-ch\/produkte\/employer-branding\/","og_locale":"de_DE","og_type":"article","og_title":"Schaffen Sie Ihren Employer Brand in der Schweiz | JobCloud","og_description":"Nutzen Sie Employer Branding-Tools, um Ihre Marke bei den richtigen Kandidaten zu bewerben und sie anzusporen, sich bei Ihnen zu bewerben. Erstellen Sie ein Arbeitgeberprofil und ver\u00f6ffentlichen Sie jetzt Ihre Inserate.","og_url":"https:\/\/www.jobcloud.ch\/c\/de-ch\/produkte\/employer-branding\/","og_site_name":"JobCloud","article_modified_time":"2024-11-15T07:48:46+00:00","twitter_card":"summary_large_image","twitter_misc":{"Gesch\u00e4tzte Lesezeit":"4\u00a0Minuten"},"schema":{"@context":"https:\/\/schema.org","@graph":[{"@type":"WebPage","@id":"https:\/\/www.jobcloud.ch\/c\/de-ch\/produkte\/employer-branding\/","url":"https:\/\/www.jobcloud.ch\/c\/de-ch\/produkte\/employer-branding\/","name":"Schaffen Sie Ihren Employer Brand in der Schweiz | JobCloud","isPartOf":{"@id":"https:\/\/www.jobcloud.ch\/c\/de-ch\/#website"},"datePublished":"2020-03-25T16:23:11+00:00","dateModified":"2024-11-15T07:48:46+00:00","description":"Nutzen Sie Employer Branding-Tools, um Ihre Marke bei den richtigen Kandidaten zu bewerben und sie anzusporen, sich bei Ihnen zu bewerben. Erstellen Sie ein Arbeitgeberprofil und ver\u00f6ffentlichen Sie jetzt Ihre Inserate.","breadcrumb":{"@id":"https:\/\/www.jobcloud.ch\/c\/de-ch\/produkte\/employer-branding\/#breadcrumb"},"inLanguage":"de-CH","potentialAction":[{"@type":"ReadAction","target":["https:\/\/www.jobcloud.ch\/c\/de-ch\/produkte\/employer-branding\/"]}]},{"@type":"BreadcrumbList","@id":"https:\/\/www.jobcloud.ch\/c\/de-ch\/produkte\/employer-branding\/#breadcrumb","itemListElement":[{"@type":"ListItem","position":1,"name":"Gesch\u00fctzt: Produkte","item":"https:\/\/www.jobcloud.ch\/c\/de-ch\/produkte\/"},{"@type":"ListItem","position":2,"name":"Employer Branding"}]},{"@type":"WebSite","@id":"https:\/\/www.jobcloud.ch\/c\/de-ch\/#website","url":"https:\/\/www.jobcloud.ch\/c\/de-ch\/","name":"JobCloud","description":"JobCloud is the leading job portal for jobseekers in Switzerland","publisher":{"@id":"https:\/\/www.jobcloud.ch\/c\/de-ch\/#organization"},"potentialAction":[{"@type":"SearchAction","target":{"@type":"EntryPoint","urlTemplate":"https:\/\/www.jobcloud.ch\/c\/de-ch\/?s={search_term_string}"},"query-input":{"@type":"PropertyValueSpecification","valueRequired":true,"valueName":"search_term_string"}}],"inLanguage":"de-CH"},{"@type":"Organization","@id":"https:\/\/www.jobcloud.ch\/c\/de-ch\/#organization","name":"JobCloud","url":"https:\/\/www.jobcloud.ch\/c\/de-ch\/","logo":{"@type":"ImageObject","inLanguage":"de-CH","@id":"https:\/\/www.jobcloud.ch\/c\/de-ch\/#\/schema\/logo\/image\/","url":"https:\/\/www.jobcloud.ch\/wp-content\/uploads\/2020\/02\/jobcloude-logo.svg","contentUrl":"https:\/\/www.jobcloud.ch\/wp-content\/uploads\/2020\/02\/jobcloude-logo.svg","width":160,"height":37,"caption":"JobCloud"},"image":{"@id":"https:\/\/www.jobcloud.ch\/c\/de-ch\/#\/schema\/logo\/image\/"}}]}},"_links":{"self":[{"href":"https:\/\/www.jobcloud.ch\/c\/de-ch\/wp-json\/wp\/v2\/pages\/2497","targetHints":{"allow":["GET"]}}],"collection":[{"href":"https:\/\/www.jobcloud.ch\/c\/de-ch\/wp-json\/wp\/v2\/pages"}],"about":[{"href":"https:\/\/www.jobcloud.ch\/c\/de-ch\/wp-json\/wp\/v2\/types\/page"}],"author":[{"embeddable":true,"href":"https:\/\/www.jobcloud.ch\/c\/de-ch\/wp-json\/wp\/v2\/users\/1"}],"replies":[{"embeddable":true,"href":"https:\/\/www.jobcloud.ch\/c\/de-ch\/wp-json\/wp\/v2\/comments?post=2497"}],"version-history":[{"count":0,"href":"https:\/\/www.jobcloud.ch\/c\/de-ch\/wp-json\/wp\/v2\/pages\/2497\/revisions"}],"up":[{"embeddable":true,"href":"https:\/\/www.jobcloud.ch\/c\/de-ch\/wp-json\/wp\/v2\/pages\/2460"}],"wp:attachment":[{"href":"https:\/\/www.jobcloud.ch\/c\/de-ch\/wp-json\/wp\/v2\/media?parent=2497"}],"curies":[{"name":"wp","href":"https:\/\/api.w.org\/{rel}","templated":true}]}}