     {"id":2496,"date":"2020-03-25T16:36:40","date_gmt":"2020-03-25T16:36:40","guid":{"rendered":"https:\/\/www.jobcloud.ch\/produkte\/programmatic-job-ads\/"},"modified":"2024-11-01T11:38:10","modified_gmt":"2024-11-01T10:38:10","slug":"programmatic","status":"publish","type":"page","link":"https:\/\/www.jobcloud.ch\/c\/de-ch\/produkte\/programmatic\/","title":{"rendered":"Programmatic Job Ads"},"content":{"rendered":"<div class=\"wpb-content-wrapper\"><p>[vc_row gap=&#187;35&#8243; equal_height=&#187;yes&#187; content_placement=&#187;middle&#187; el_id=&#187;reverse-row&#187;][vc_column width=&#187;1\/2&#8243; el_id=&#187;reverse-row-order-first&#187;][vc_custom_heading text=&#187;Verbessern Sie Ihren ROI in der Rekrutierung mit Programmatic Job Ads&#187; font_container=&#187;tag:h1|text_align:left&#187; use_theme_fonts=&#187;yes&#187; el_class=&#187;home_h1&#8243;][vc_custom_heading text=&#187;Mit Programmatic Job Advertising optimiert JobCloud f\u00fcr Sie Ihre Performance, je nachdem wie viel Sie pro Stelle investieren m\u00f6chten, um Ihnen bestm\u00f6gliche Ergebnisse in k\u00fcrzerer Zeit zu liefern.&#187; font_container=&#187;tag:p|text_align:left&#187; use_theme_fonts=&#187;yes&#187; el_class=&#187;opcity-cls-row&#187;][vc_btn title=&#187;Kontaktieren Sie uns!&#187; style=&#187;custom&#187; custom_background=&#187;#93559e&#187; custom_text=&#187;#ffffff&#187; el_class=&#187;button-cls-row&#187; link=&#187;url:https%3A%2F%2Fwww.jobcloud.ch%2Fc%2Fde-ch%2Fkontakt%2F|title:Pricing&#187; vc_btn_link=&#187;programmatic_de_request_demo&#187;][\/vc_column][vc_column css_animation=&#187;none&#187; width=&#187;1\/2&#8243; css=&#187;.vc_custom_1584959649390{margin-right: -50px !important;background-position: center !important;background-repeat: no-repeat !important;background-size: contain !important;}&#187; el_id=&#187;reverse-row-order-second&#187;][vc_single_image image=&#187;4232&#8243; img_size=&#187;full&#187; alignment=&#187;center&#187; el_class=&#187;image-responsive-row&#187;][\/vc_column][\/vc_row][vc_row][vc_column][vc_column_text]<\/p>\n<h2 style=\"text-align: center; margin-bottom: 10px;\">Programmatic Job Ads liefern Ihnen in k\u00fcrzester Zeit die idalen Kandidaten<\/h2>\n<p>[\/vc_column_text][vc_column_text el_class=&#187;grayed-text&#187; el_id=&#187;opcity-cls-row&#187;]<\/p>\n<p style=\"text-align: center;\">Durch die Partnerschaft mit dem branchenf\u00fchrenden Anbieter Joveo wird JobCloud noch smarter und bahnt Ihnen den effizientesten Weg zu passenden Kandidaten. Keine Vorabzahlungen, zahlen Sie nur f\u00fcr die erbrachte Leistung. Das bedeutet schnellere und kostenbewusstere Rekrutierungen.<\/p>\n<p>[\/vc_column_text][\/vc_column][\/vc_row][vc_row el_class=&#187;row_hiring&#187;][vc_column][vc_column_text]<\/p>\n<h2 style=\"text-align: center; margin-bottom: 10px;\">Warum Programmatic?<\/h2>\n<p>[\/vc_column_text][\/vc_column][vc_column][vc_row_inner gap=&#187;35&#8243;][vc_column_inner el_class=&#187;vc_col-sm-1_5&#8243; width=&#187;1\/5&#8243;][vc_single_image image=&#187;49054&#8243; img_size=&#187;full&#187; alignment=&#187;center&#187; el_class=&#187;programmatic-left-row&#187;][vc_column_text css=&#187;.vc_custom_1587548343256{padding-top: 20px !important;}&#187; el_class=&#187;programmatic-right-row&#187;]<\/p>\n<p style=\"text-align: center;\"><strong>Vollst\u00e4ndige Budgetkontrolle<\/strong><\/p>\n<p>[\/vc_column_text][\/vc_column_inner][vc_column_inner el_class=&#187;vc_col-sm-1_5&#8243; width=&#187;1\/5&#8243;][vc_single_image image=&#187;49048&#8243; img_size=&#187;full&#187; alignment=&#187;center&#187; el_class=&#187;programmatic-left-row&#187;][vc_column_text css=&#187;.vc_custom_1587548348146{padding-top: 20px !important;}&#187; el_class=&#187;programmatic-right-row&#187;]<\/p>\n<p style=\"text-align: center;\"><strong>Intelligente Investitionen f\u00fcr Inserate mit Top-Performance<\/strong><\/p>\n<p>[\/vc_column_text][\/vc_column_inner][vc_column_inner el_class=&#187;vc_col-sm-1_5&#8243; width=&#187;1\/5&#8243;][vc_single_image image=&#187;49047&#8243; img_size=&#187;full&#187; alignment=&#187;center&#187; el_class=&#187;programmatic-left-row&#187;][vc_column_text css=&#187;.vc_custom_1587548354464{padding-top: 20px !important;}&#187; el_class=&#187;programmatic-right-row&#187;]<\/p>\n<p style=\"text-align: center;\"><strong>Flexibilit\u00e4t, um die besten Rekrutierungsergebnisse zu erzielen<\/strong><\/p>\n<p>[\/vc_column_text][\/vc_column_inner][vc_column_inner el_class=&#187;vc_col-sm-1_5&#8243; width=&#187;1\/5&#8243;][vc_single_image image=&#187;49046&#8243; img_size=&#187;full&#187; alignment=&#187;center&#187; el_class=&#187;programmatic-left-row&#187;][vc_column_text css=&#187;.vc_custom_1587548362488{padding-top: 20px !important;}&#187; el_class=&#187;programmatic-right-row&#187;]<\/p>\n<p style=\"text-align: center;\"><strong>Umfassende Datenanalyse<\/strong><\/p>\n<p>[\/vc_column_text][\/vc_column_inner][vc_column_inner el_class=&#187;vc_col-sm-1_5&#8243; width=&#187;1\/5&#8243;][vc_single_image image=&#187;49045&#8243; img_size=&#187;full&#187; alignment=&#187;center&#187; el_class=&#187;programmatic-left-row&#187;][vc_column_text css=&#187;.vc_custom_1587548368782{padding-top: 20px !important;}&#187; el_class=&#187;programmatic-right-row&#187;]<\/p>\n<p style=\"text-align: center;\"><strong>Gr\u00f6sste Reichweite in der Schweiz<\/strong><\/p>\n<p>[\/vc_column_text][\/vc_column_inner][\/vc_row_inner][\/vc_column][\/vc_row][vc_row el_class=&#187;row_build&#187;][vc_column][vc_column_text el_class=&#187;home_h2_h4&#8243;]<\/p>\n<h2 style=\"text-align: center;\">Wie funktioniert es?<\/h2>\n<p>[\/vc_column_text][\/vc_column][\/vc_row][vc_row gap=&#187;35&#8243; equal_height=&#187;yes&#187; content_placement=&#187;middle&#187; el_class=&#187;row_reach&#187; el_id=&#187;reverse-row&#187;][vc_column width=&#187;1\/2&#8243; el_id=&#187;reverse-row-order-first&#187;][vc_column_text el_class=&#187;home_h2_h4&#8243;]<\/p>\n<h3>1. Importieren Sie Ihre Jobs zu JobCloud<\/h3>\n<p class=\"opcity-cls-row\">Starten Sie einfach, indem Sie alle Ihre Jobs in einem XML-Feed \u00fcbermitteln. Um die Performance Ihrer Kampagne zu tracken, implementieren Sie einfach die Tracking-Codes in Ihrem Bewerbermanagement-Tool (ATS).<\/p>\n<p>[\/vc_column_text][\/vc_column][vc_column width=&#187;1\/2&#8243; el_id=&#187;reverse-row-order-second&#187;][vc_single_image image=&#187;49053&#8243; img_size=&#187;full&#187;][\/vc_column][\/vc_row][vc_row gap=&#187;35&#8243; equal_height=&#187;yes&#187; content_placement=&#187;middle&#187; el_class=&#187;row_target&#187;][vc_column width=&#187;1\/2&#8243;][vc_single_image image=&#187;2532&#8243; img_size=&#187;full&#187;][\/vc_column][vc_column width=&#187;1\/2&#8243;][vc_column_text el_class=&#187;home_h2_h4&#8243;]<\/p>\n<h3>2. Definieren Sie Ihr Budget<\/h3>\n<p class=\"opcity-cls-row\">Alle Ihre Jobinserate werden auch kostenlos auf unseren Verteilungsnetzwerken ver\u00f6ffentlicht \u2013 geeignet bei geringem Budget f\u00fcr leicht zu besetzende Stellen. Investieren Sie Ihr Rekrutierungsbudget intelligent, um die richtige Anzahl qualifizierter Bewerber f\u00fcr alle Ihre offenen Stellen zu erreichen.<\/p>\n<p>[\/vc_column_text][\/vc_column][\/vc_row][vc_row gap=&#187;35&#8243; equal_height=&#187;yes&#187; content_placement=&#187;middle&#187; el_class=&#187;row_attract&#187; el_id=&#187;reverse-row&#187;][vc_column width=&#187;1\/2&#8243; el_id=&#187;reverse-row-order-first&#187;][vc_column_text el_class=&#187;home_h2_h4&#8243;]<\/p>\n<h3>3. Ver\u00f6ffentlichen Sie Ihre Jobinserate automatisch auf Dutzenden relevanten Jobportalen und Suchmaschinen<\/h3>\n<p class=\"opcity-cls-row\">Setzen Sie auf die wirkungsvolle Joveo-Technologie, anstatt manuell auf den verschiedenen Jobportalen zu inserieren. Jedes Stellenangebot wird sofort an die richtigen Plattformen verteilt und erreicht die passenden passiven und aktiven Jobsuchenden dort, wo sie sich befinden.<\/p>\n<p>[\/vc_column_text][\/vc_column][vc_column width=&#187;1\/2&#8243; el_id=&#187;reverse-row-order-second&#187;][vc_single_image image=&#187;49051&#8243; img_size=&#187;full&#187;][\/vc_column][\/vc_row][vc_row gap=&#187;35&#8243; equal_height=&#187;yes&#187; content_placement=&#187;middle&#187; el_class=&#187;row_target&#187;][vc_column width=&#187;1\/2&#8243;][vc_single_image image=&#187;2529&#8243; img_size=&#187;full&#187;][\/vc_column][vc_column width=&#187;1\/2&#8243;][vc_column_text el_class=&#187;row_manage&#187;]<\/p>\n<h3>4. Erhalten Sie Bewerbungen und zahlen Sie entsprechend der Performance<\/h3>\n<p class=\"opcity-cls-row\">Keine Vorabzahlungen. Sie zahlen nur f\u00fcr die erbrachte Performance und k\u00f6nnen Ihr Budget und Ihre Ziele jederzeit anpassen.<\/p>\n<p>[\/vc_column_text][\/vc_column][\/vc_row][vc_row gap=&#187;35&#8243; equal_height=&#187;yes&#187; content_placement=&#187;middle&#187; el_class=&#187;row_target&#187; el_id=&#187;reverse-row&#187;][vc_column width=&#187;1\/2&#8243; el_id=&#187;reverse-row-order-first&#187;][vc_column_text el_class=&#187;row_manage&#187;]<\/p>\n<h3>5. Werden Sie mit jedem Mal effizienter<\/h3>\n<p class=\"opcity-cls-row\">Da unsere Software f\u00fcr Programmatic-Advertising auf k\u00fcnstlicher Intelligenz (KI) basiert, werden bei jeder neuen offenen Stelle die Kandidaten noch gezielter angesprochen. Das bedeutet f\u00fcr Sie eine laufende Optimierung der Ergebnisse ohne zus\u00e4tzlichen Aufwand.<\/p>\n<p>[\/vc_column_text][\/vc_column][vc_column width=&#187;1\/2&#8243; el_id=&#187;reverse-row-order-second&#187;][vc_single_image image=&#187;2530&#8243; img_size=&#187;full&#187;][\/vc_column][\/vc_row][vc_row css=&#187;.vc_custom_1581692456584{margin-right: -20px !important;margin-left: -20px !important;background: #e5f2f4 url(\/wp-content\/uploads\/2020\/02\/carousel-bg.png?id=207) !important;background-position: center !important;background-repeat: no-repeat !important;background-size: contain !important;border-radius: 10px !important;}&#187; el_class=&#187;row_testimonial&#187;][vc_column css=&#187;.vc_custom_1581691241144{padding-top: 90px !important;padding-bottom: 90px !important;background-position: 0 0 !important;background-repeat: no-repeat !important;}&#187; el_class=&#187;testimonials&#187;][vc_column_text el_class=&#187;home_h2_h4&#8243;]<\/p>\n<h2 style=\"text-align: center;\">Rekrutieren Sie erfolgreicher mit den Programmatic-Jobinseraten von JobCloud<\/h2>\n<p>[\/vc_column_text]<div class=\"slider slider--inline-arrows\" data-arrows=\"true\" data-paging=\"true\">\n\t<ul class=\"slides\">\n\t\t<li>\n\t<div class=\"row\">\n\t\t<div class=\"testimonial\">\n\t\t\t<div class=\"testimonial-image col-md-4 col-sm-4 col-xs-12 text-center\">\n\t\t\t\t<img fetchpriority=\"high\" decoding=\"async\" width=\"512\" height=\"768\" src=\"https:\/\/www.jobcloud.ch\/wp-content\/uploads\/2020\/04\/testimonial-emmi-severine-hurni-1.jpg\" class=\"testimonial__image wp-post-image\" alt=\"Severine Hurni\" srcset=\"https:\/\/www.jobcloud.ch\/wp-content\/uploads\/2020\/04\/testimonial-emmi-severine-hurni-1.jpg 512w, https:\/\/www.jobcloud.ch\/wp-content\/uploads\/2020\/04\/testimonial-emmi-severine-hurni-1-200x300.jpg 200w\" sizes=\"(max-width: 512px) 100vw, 512px\" \/>\t\t\t<\/div>\n\t\t\t<div class=\"testimonial-text col-md-8 pl-3 col-sm-8 col-xs-12\">\n\t\t\t\t<span class=\"h3\">&ldquo;JobCloud macht es uns m\u00f6glich passende Kandidatinnen und Kandidaten anzusprechen. Durch das Pay-per-Performance-Produkt von JobCloud haben wir nun die M\u00f6glichkeit, die Wirkung unserer Inserate vom Klick bis zur Bewerbung genau zu messen und dank der gesammelten Daten k\u00f6nnen wir unser Rekrutierungsbudget zielgerichtet und optimiert einsetzen. Wir profitieren vom gegenseitigen Austausch mit JobCloud und dem Know-how des f\u00fchrenden Schweizer Unternehmens auf dem Rekrutierungsmarkt.&rdquo;\n\t\t\t\t<\/span>\n\t\t\t\t<h5>Severine Hurni<\/h5>, <span>Projektleiterin Sourcing bei Emmi Schweiz AG<\/span>\t\t\t<\/div>\n\t\t<\/div>\n\t<\/div><!--end of row-->\n<\/li><li>\n\t<div class=\"row\">\n\t\t<div class=\"testimonial\">\n\t\t\t<div class=\"testimonial-image col-md-4 col-sm-4 col-xs-12 text-center\">\n\t\t\t\t<img decoding=\"async\" width=\"1707\" height=\"2560\" src=\"https:\/\/www.jobcloud.ch\/wp-content\/uploads\/2025\/01\/marco-bertoli-head-of-sales-operations-jobcloud-website-scaled-1.jpg\" class=\"testimonial__image wp-post-image\" alt=\"\" srcset=\"https:\/\/www.jobcloud.ch\/wp-content\/uploads\/2025\/01\/marco-bertoli-head-of-sales-operations-jobcloud-website-scaled-1.jpg 1707w, https:\/\/www.jobcloud.ch\/wp-content\/uploads\/2025\/01\/marco-bertoli-head-of-sales-operations-jobcloud-website-scaled-1-768x1152.jpg 768w, https:\/\/www.jobcloud.ch\/wp-content\/uploads\/2025\/01\/marco-bertoli-head-of-sales-operations-jobcloud-website-scaled-1-1024x1536.jpg 1024w, https:\/\/www.jobcloud.ch\/wp-content\/uploads\/2025\/01\/marco-bertoli-head-of-sales-operations-jobcloud-website-scaled-1-1366x2048.jpg 1366w, https:\/\/www.jobcloud.ch\/wp-content\/uploads\/2025\/01\/marco-bertoli-head-of-sales-operations-jobcloud-website-scaled-1-421x632.jpg 421w, https:\/\/www.jobcloud.ch\/wp-content\/uploads\/2025\/01\/marco-bertoli-head-of-sales-operations-jobcloud-website-scaled-1-113x170.jpg 113w, https:\/\/www.jobcloud.ch\/wp-content\/uploads\/2025\/01\/marco-bertoli-head-of-sales-operations-jobcloud-website-scaled-1-258x387.jpg 258w, https:\/\/www.jobcloud.ch\/wp-content\/uploads\/2025\/01\/marco-bertoli-head-of-sales-operations-jobcloud-website-scaled-1-145x218.jpg 145w, https:\/\/www.jobcloud.ch\/wp-content\/uploads\/2025\/01\/marco-bertoli-head-of-sales-operations-jobcloud-website-scaled-1-351x526.jpg 351w\" sizes=\"(max-width: 1707px) 100vw, 1707px\" \/>\t\t\t<\/div>\n\t\t\t<div class=\"testimonial-text col-md-8 pl-3 col-sm-8 col-xs-12\">\n\t\t\t\t<span class=\"h3\">&ldquo;<span>Mit unserer Programmatic-L\u00f6sung bieten wir seit Jahren Schweizer Kunden die M\u00f6glichkeit, ihr Recruitment-Budget smart zu investieren. Das bedeutet maximale Flexibilit\u00e4t, um die spezifischen Recruiting-Bed\u00fcrfnisse jedes einzelnen Kunden effizient zu erf\u00fcllen. Unser Customer-Success-Team \u00fcbernimmt f\u00fcr Sie die kontinuierliche Optimierung der Kampagnen und stellt sicher, dass Sie f\u00fcr jede einzelne Position das bestm\u00f6gliche Ergebnis erzielen.<\/span>&rdquo;\n\t\t\t\t<\/span>\n\t\t\t\t<h5>Marco Bertoli<\/h5>, <span>CEO von JobCloud<\/span>\t\t\t<\/div>\n\t\t<\/div>\n\t<\/div><!--end of row-->\n<\/li>\t<\/ul>\n<\/div>[\/vc_column][\/vc_row][vc_row el_class=&#187;row_tech&#187;][vc_column el_class=&#187;button-center-cls&#187;][vc_column_text el_class=&#187;home_h2_h4&#8243;]<\/p>\n<h2 style=\"text-align: center;\">Starten Sie jetzt mit Jobinseraten \u00fcber Programmatic-Advertising<\/h2>\n<p>[\/vc_column_text][vc_column_text css=&#187;.vc_custom_1589361165857{margin-bottom: 35px !important;}&#187; el_class=&#187;opcity-cls-row&#187;]<\/p>\n<p class=\"lead\" style=\"text-align: center; font-size: 20px;\">Finden Sie mit unserem Team die beste Programmatic-Rekrutierungsstrategie f\u00fcr Ihr Unternehmen.<\/p>\n<p>[\/vc_column_text][vc_btn title=&#187;Rufen Sie uns an unter +41 44 254 69 00&#8243; style=&#187;custom&#187; custom_background=&#187;#93559e&#187; custom_text=&#187;#ffffff&#187; el_class=&#187;button-cls-row&#187; link=&#187;url:https%3A%2F%2Fwww.jobcloud.ch%2Fc%2Fde-ch%2Fkontakt%2F|title:Pricing&#187; vc_btn_link=&#187;programmatic_de_getstarted&#187;][\/vc_column][\/vc_row][vc_row full_width=&#187;stretch_row&#187; el_class=&#187;row_img_placeholder&#187;][vc_column][\/vc_column][\/vc_row]<\/p>\n<\/div>","protected":false},"excerpt":{"rendered":"<p>[vc_row gap=&#187;35&#8243; equal_height=&#187;yes&#187; content_placement=&#187;middle&#187; el_id=&#187;reverse-row&#187;][vc_column width=&#187;1\/2&#8243; el_id=&#187;reverse-row-order-first&#187;][vc_custom_heading text=&#187;Verbessern Sie Ihren ROI in der Rekrutierung mit Programmatic Job Ads&#187; font_container=&#187;tag:h1|text_align:left&#187; use_theme_fonts=&#187;yes&#187; el_class=&#187;home_h1&#8243;][vc_custom_heading text=&#187;Mit&#8230;<\/p>\n","protected":false},"author":1,"featured_media":0,"parent":2460,"menu_order":0,"comment_status":"open","ping_status":"closed","template":"","meta":{"_acf_changed":false,"inline_featured_image":false,"footnotes":""},"class_list":["post-2496","page","type-page","status-publish","hentry"],"acf":[],"yoast_head":"<!-- This site is optimized with the Yoast SEO plugin v27.2 - https:\/\/yoast.com\/product\/yoast-seo-wordpress\/ -->\n<title>Besseres Rekrutieren mit Programmatic Job Ads | JobCloud<\/title>\n<meta name=\"description\" content=\"Legen Sie los mit Programmatic Job Ads, um schneller die besten Kandidaten zu finden. Dank Performance-Management zahlen Sie nur f\u00fcr Ergebnisse und maximieren diese innerhalb Ihres Budgets.\" \/>\n<meta name=\"robots\" content=\"index, follow, max-snippet:-1, max-image-preview:large, max-video-preview:-1\" \/>\n<link rel=\"canonical\" href=\"https:\/\/www.jobcloud.ch\/c\/de-ch\/produkte\/programmatic\/\" \/>\n<meta property=\"og:locale\" content=\"de_DE\" \/>\n<meta property=\"og:type\" content=\"article\" \/>\n<meta property=\"og:title\" content=\"Besseres Rekrutieren mit Programmatic Job Ads | JobCloud\" \/>\n<meta property=\"og:description\" content=\"Legen Sie los mit Programmatic Job Ads, um schneller die besten Kandidaten zu finden. Dank Performance-Management zahlen Sie nur f\u00fcr Ergebnisse und maximieren diese innerhalb Ihres Budgets.\" \/>\n<meta property=\"og:url\" content=\"https:\/\/www.jobcloud.ch\/c\/de-ch\/produkte\/programmatic\/\" \/>\n<meta property=\"og:site_name\" content=\"JobCloud\" \/>\n<meta property=\"article:modified_time\" content=\"2024-11-01T10:38:10+00:00\" \/>\n<meta name=\"twitter:card\" content=\"summary_large_image\" \/>\n<meta name=\"twitter:label1\" content=\"Gesch\u00e4tzte Lesezeit\" \/>\n\t<meta name=\"twitter:data1\" content=\"6\u00a0Minuten\" \/>\n<script type=\"application\/ld+json\" class=\"yoast-schema-graph\">{\"@context\":\"https:\/\/schema.org\",\"@graph\":[{\"@type\":\"WebPage\",\"@id\":\"https:\/\/www.jobcloud.ch\/c\/de-ch\/produkte\/programmatic\/\",\"url\":\"https:\/\/www.jobcloud.ch\/c\/de-ch\/produkte\/programmatic\/\",\"name\":\"Besseres Rekrutieren mit Programmatic Job Ads | JobCloud\",\"isPartOf\":{\"@id\":\"https:\/\/www.jobcloud.ch\/c\/de-ch\/#website\"},\"datePublished\":\"2020-03-25T16:36:40+00:00\",\"dateModified\":\"2024-11-01T10:38:10+00:00\",\"description\":\"Legen Sie los mit Programmatic Job Ads, um schneller die besten Kandidaten zu finden. Dank Performance-Management zahlen Sie nur f\u00fcr Ergebnisse und maximieren diese innerhalb Ihres Budgets.\",\"breadcrumb\":{\"@id\":\"https:\/\/www.jobcloud.ch\/c\/de-ch\/produkte\/programmatic\/#breadcrumb\"},\"inLanguage\":\"de-CH\",\"potentialAction\":[{\"@type\":\"ReadAction\",\"target\":[\"https:\/\/www.jobcloud.ch\/c\/de-ch\/produkte\/programmatic\/\"]}]},{\"@type\":\"BreadcrumbList\",\"@id\":\"https:\/\/www.jobcloud.ch\/c\/de-ch\/produkte\/programmatic\/#breadcrumb\",\"itemListElement\":[{\"@type\":\"ListItem\",\"position\":1,\"name\":\"Gesch\u00fctzt: Produkte\",\"item\":\"https:\/\/www.jobcloud.ch\/c\/de-ch\/produkte\/\"},{\"@type\":\"ListItem\",\"position\":2,\"name\":\"Programmatic Job Ads\"}]},{\"@type\":\"WebSite\",\"@id\":\"https:\/\/www.jobcloud.ch\/c\/de-ch\/#website\",\"url\":\"https:\/\/www.jobcloud.ch\/c\/de-ch\/\",\"name\":\"JobCloud\",\"description\":\"JobCloud is the leading job portal for jobseekers in Switzerland\",\"publisher\":{\"@id\":\"https:\/\/www.jobcloud.ch\/c\/de-ch\/#organization\"},\"potentialAction\":[{\"@type\":\"SearchAction\",\"target\":{\"@type\":\"EntryPoint\",\"urlTemplate\":\"https:\/\/www.jobcloud.ch\/c\/de-ch\/?s={search_term_string}\"},\"query-input\":{\"@type\":\"PropertyValueSpecification\",\"valueRequired\":true,\"valueName\":\"search_term_string\"}}],\"inLanguage\":\"de-CH\"},{\"@type\":\"Organization\",\"@id\":\"https:\/\/www.jobcloud.ch\/c\/de-ch\/#organization\",\"name\":\"JobCloud\",\"url\":\"https:\/\/www.jobcloud.ch\/c\/de-ch\/\",\"logo\":{\"@type\":\"ImageObject\",\"inLanguage\":\"de-CH\",\"@id\":\"https:\/\/www.jobcloud.ch\/c\/de-ch\/#\/schema\/logo\/image\/\",\"url\":\"https:\/\/www.jobcloud.ch\/wp-content\/uploads\/2020\/02\/jobcloude-logo.svg\",\"contentUrl\":\"https:\/\/www.jobcloud.ch\/wp-content\/uploads\/2020\/02\/jobcloude-logo.svg\",\"width\":160,\"height\":37,\"caption\":\"JobCloud\"},\"image\":{\"@id\":\"https:\/\/www.jobcloud.ch\/c\/de-ch\/#\/schema\/logo\/image\/\"}}]}<\/script>\n<!-- \/ Yoast SEO plugin. -->","yoast_head_json":{"title":"Besseres Rekrutieren mit Programmatic Job Ads | JobCloud","description":"Legen Sie los mit Programmatic Job Ads, um schneller die besten Kandidaten zu finden. Dank Performance-Management zahlen Sie nur f\u00fcr Ergebnisse und maximieren diese innerhalb Ihres Budgets.","robots":{"index":"index","follow":"follow","max-snippet":"max-snippet:-1","max-image-preview":"max-image-preview:large","max-video-preview":"max-video-preview:-1"},"canonical":"https:\/\/www.jobcloud.ch\/c\/de-ch\/produkte\/programmatic\/","og_locale":"de_DE","og_type":"article","og_title":"Besseres Rekrutieren mit Programmatic Job Ads | JobCloud","og_description":"Legen Sie los mit Programmatic Job Ads, um schneller die besten Kandidaten zu finden. Dank Performance-Management zahlen Sie nur f\u00fcr Ergebnisse und maximieren diese innerhalb Ihres Budgets.","og_url":"https:\/\/www.jobcloud.ch\/c\/de-ch\/produkte\/programmatic\/","og_site_name":"JobCloud","article_modified_time":"2024-11-01T10:38:10+00:00","twitter_card":"summary_large_image","twitter_misc":{"Gesch\u00e4tzte Lesezeit":"6\u00a0Minuten"},"schema":{"@context":"https:\/\/schema.org","@graph":[{"@type":"WebPage","@id":"https:\/\/www.jobcloud.ch\/c\/de-ch\/produkte\/programmatic\/","url":"https:\/\/www.jobcloud.ch\/c\/de-ch\/produkte\/programmatic\/","name":"Besseres Rekrutieren mit Programmatic Job Ads | JobCloud","isPartOf":{"@id":"https:\/\/www.jobcloud.ch\/c\/de-ch\/#website"},"datePublished":"2020-03-25T16:36:40+00:00","dateModified":"2024-11-01T10:38:10+00:00","description":"Legen Sie los mit Programmatic Job Ads, um schneller die besten Kandidaten zu finden. Dank Performance-Management zahlen Sie nur f\u00fcr Ergebnisse und maximieren diese innerhalb Ihres Budgets.","breadcrumb":{"@id":"https:\/\/www.jobcloud.ch\/c\/de-ch\/produkte\/programmatic\/#breadcrumb"},"inLanguage":"de-CH","potentialAction":[{"@type":"ReadAction","target":["https:\/\/www.jobcloud.ch\/c\/de-ch\/produkte\/programmatic\/"]}]},{"@type":"BreadcrumbList","@id":"https:\/\/www.jobcloud.ch\/c\/de-ch\/produkte\/programmatic\/#breadcrumb","itemListElement":[{"@type":"ListItem","position":1,"name":"Gesch\u00fctzt: Produkte","item":"https:\/\/www.jobcloud.ch\/c\/de-ch\/produkte\/"},{"@type":"ListItem","position":2,"name":"Programmatic Job Ads"}]},{"@type":"WebSite","@id":"https:\/\/www.jobcloud.ch\/c\/de-ch\/#website","url":"https:\/\/www.jobcloud.ch\/c\/de-ch\/","name":"JobCloud","description":"JobCloud is the leading job portal for jobseekers in Switzerland","publisher":{"@id":"https:\/\/www.jobcloud.ch\/c\/de-ch\/#organization"},"potentialAction":[{"@type":"SearchAction","target":{"@type":"EntryPoint","urlTemplate":"https:\/\/www.jobcloud.ch\/c\/de-ch\/?s={search_term_string}"},"query-input":{"@type":"PropertyValueSpecification","valueRequired":true,"valueName":"search_term_string"}}],"inLanguage":"de-CH"},{"@type":"Organization","@id":"https:\/\/www.jobcloud.ch\/c\/de-ch\/#organization","name":"JobCloud","url":"https:\/\/www.jobcloud.ch\/c\/de-ch\/","logo":{"@type":"ImageObject","inLanguage":"de-CH","@id":"https:\/\/www.jobcloud.ch\/c\/de-ch\/#\/schema\/logo\/image\/","url":"https:\/\/www.jobcloud.ch\/wp-content\/uploads\/2020\/02\/jobcloude-logo.svg","contentUrl":"https:\/\/www.jobcloud.ch\/wp-content\/uploads\/2020\/02\/jobcloude-logo.svg","width":160,"height":37,"caption":"JobCloud"},"image":{"@id":"https:\/\/www.jobcloud.ch\/c\/de-ch\/#\/schema\/logo\/image\/"}}]}},"_links":{"self":[{"href":"https:\/\/www.jobcloud.ch\/c\/de-ch\/wp-json\/wp\/v2\/pages\/2496","targetHints":{"allow":["GET"]}}],"collection":[{"href":"https:\/\/www.jobcloud.ch\/c\/de-ch\/wp-json\/wp\/v2\/pages"}],"about":[{"href":"https:\/\/www.jobcloud.ch\/c\/de-ch\/wp-json\/wp\/v2\/types\/page"}],"author":[{"embeddable":true,"href":"https:\/\/www.jobcloud.ch\/c\/de-ch\/wp-json\/wp\/v2\/users\/1"}],"replies":[{"embeddable":true,"href":"https:\/\/www.jobcloud.ch\/c\/de-ch\/wp-json\/wp\/v2\/comments?post=2496"}],"version-history":[{"count":0,"href":"https:\/\/www.jobcloud.ch\/c\/de-ch\/wp-json\/wp\/v2\/pages\/2496\/revisions"}],"up":[{"embeddable":true,"href":"https:\/\/www.jobcloud.ch\/c\/de-ch\/wp-json\/wp\/v2\/pages\/2460"}],"wp:attachment":[{"href":"https:\/\/www.jobcloud.ch\/c\/de-ch\/wp-json\/wp\/v2\/media?parent=2496"}],"curies":[{"name":"wp","href":"https:\/\/api.w.org\/{rel}","templated":true}]}}