     {"id":103522,"date":"2026-01-26T14:13:09","date_gmt":"2026-01-26T13:13:09","guid":{"rendered":"https:\/\/www.jobcloud.ch\/c\/?page_id=103522"},"modified":"2026-03-18T15:20:10","modified_gmt":"2026-03-18T14:20:10","slug":"hr-tech-solutions","status":"publish","type":"page","link":"https:\/\/www.jobcloud.ch\/c\/de-ch\/produkte\/new-hr-tech-solutions\/","title":{"rendered":"(NEW) HR Tech Solutions"},"content":{"rendered":"<div class=\"wpb-content-wrapper\"><p>[vc_row gap=&#187;35&#8243; content_placement=&#187;top&#187; el_id=&#187;reverse-row&#187; el_class=&#187;row_reach&#187;][vc_column width=&#187;1\/2&#8243;][vc_custom_heading text=&#187;JobCloud HR Tech<br \/>\nSmarte Recruiting-Technologie&#187; font_container=&#187;tag:h1|text_align:left&#187; use_theme_fonts=&#187;yes&#187; el_class=&#187;title_hr_tech&#187;][vc_custom_heading text=&#187;Die JobCloud HR Tech kombiniert Technologie und Erfahrung damit deine Recruitingdaten den maximalen Impact f\u00fcr dein Business schaffen.<\/p>\n<p>Das HR-Tech-Team ist dein Technologie-Partner f\u00fcr modernes Recruiting und bietet spezialisierte HR-Tech-L\u00f6sungen in drei Kernbereichen: Parsing zur intelligenten Extraktion von Bewerbungsdaten, Job-Matching um die geeignetsten Talente f\u00fcr eine offene Stelle zu finden, sowie Jobfeed-Management f\u00fcr die Verwaltung und Optimierung deiner Jobfeeds.&#187; font_container=&#187;tag:p|text_align:left&#187; use_theme_fonts=&#187;yes&#187; el_class=&#187;product_description_hr_tech&#187;][vc_btn title=&#187;Kontaktiere uns&#187; style=&#187;custom&#187; custom_background=&#187;#93559e&#187; custom_text=&#187;#ffffff&#187; size=&#187;lg&#187; link=&#187;url:https%3A%2F%2Fjobcloud-hrtech.com%2Fkontakt%2F&#187; el_class=&#187;position-content button-cls-row&#187;][\/vc_column][vc_column width=&#187;1\/2&#8243;][vc_single_image image=&#187;106258&#8243; img_size=&#187;full&#187; alignment=&#187;center&#187; css=&#187;&#187; el_class=&#187;image-responsive-row&#187;][\/vc_column][\/vc_row][vc_row][vc_column][vc_column_text]<\/p>\n<h2 style=\"text-align: center;\"><span>Recruiting-Prozesse automatisieren<\/span><\/h2>\n<p style=\"text-align: center;\"><span>Unsere HR-Tech L\u00f6sungen helfen dir, deine Prozesse zu automatisieren. So kannst du schneller die passenden Bewerber:innen f\u00fcr deine offenen Stellen identifizieren und hast mehr Zeit f\u00fcr Gespr\u00e4che mit deinen Bewerber:innen.<\/span><span>\u00a0<\/span><\/p>\n<p>[\/vc_column_text][\/vc_column][\/vc_row][vc_row][vc_column][vc_column_text]<\/p>\n<h2 style=\"text-align: center;\"><span>Warum JobCloud HR Tech?<\/span><span>\u00a0<\/span><\/h2>\n<p>[\/vc_column_text][vc_row_inner content_placement=&#187;top&#187;][vc_column_inner width=&#187;1\/4&#8243;][vc_single_image image=&#187;103525&#8243; alignment=&#187;center&#187; css=&#187;.vc_custom_1773820464222{margin-bottom: 15px !important;}&#187; el_class=&#187;hr_tech_p2&#8243;][vc_column_text css=&#187;&#187;]<\/p>\n<p style=\"text-align: center;\"><span>20 Jahre Erfahrung mit digitalem Recruiting<\/span><span><\/span><\/p>\n<p>[\/vc_column_text][\/vc_column_inner][vc_column_inner width=&#187;1\/4&#8243;][vc_single_image image=&#187;103430&#8243; alignment=&#187;center&#187; css=&#187;&#187; el_class=&#187;hr_tech_p3&#8243;][vc_column_text css=&#187;&#187;]<\/p>\n<p style=\"text-align: center;\"><span>J\u00e4hrlich mehr als 100 Mio. Parsings\u00a0<\/span><span><\/span><\/p>\n<p>[\/vc_column_text][\/vc_column_inner][vc_column_inner width=&#187;1\/4&#8243;][vc_single_image image=&#187;103459&#8243; alignment=&#187;center&#187; css=&#187;&#187; el_class=&#187;hr_tech_p4&#8243;][vc_column_text css=&#187;&#187;]<\/p>\n<p style=\"text-align: center;\"><span>Breites Leistungsspektrum<\/span><span><\/span><\/p>\n<p>[\/vc_column_text][\/vc_column_inner][vc_column_inner width=&#187;1\/4&#8243;][vc_single_image image=&#187;106263&#8243; alignment=&#187;center&#187; css=&#187;&#187; el_class=&#187;hr_tech_p5&#8243;][vc_column_text css=&#187;&#187;]<\/p>\n<p style=\"text-align: center;\"><span>Von Rohdaten zu wertvollen Recruiting-Entscheidungen<\/span><span><\/span><\/p>\n<p>[\/vc_column_text][\/vc_column_inner][\/vc_row_inner][\/vc_column][\/vc_row][vc_section css=&#187;.vc_custom_1773820961419{padding-top: 0px !important;padding-bottom: 0px !important;}&#187;][vc_row][vc_column][vc_column_text]<\/p>\n<h2 style=\"text-align: center;\"><span>Leistungs\u00fcberblick<\/span><span>\u00a0<\/span><\/h2>\n<p>[\/vc_column_text][\/vc_column][\/vc_row][vc_row el_class=&#187;row_reach&#187; el_id=&#187;reverse-row&#187;][vc_column width=&#187;1\/2&#8243;][vc_custom_heading text=&#187;CV Parsing&#187; font_container=&#187;tag:h3|text_align:left&#187; use_theme_fonts=&#187;yes&#187;][vc_column_text el_class=&#187;home_h2_h4&#8243;]<span>Unser CVlizer erm\u00f6glicht nicht nur pr\u00e4zises Parsing, sondern auch die <strong>direkte Integration strukturierter Daten<\/strong><\/span><span>\u202f<\/span><span>in deine Systeme. Hierf\u00fcr extrahiert die Software s\u00e4mtliche Daten aus Bewerbungsdokumenten und f\u00fcgt sie <strong>automatisch <\/strong>und <strong>standardisiert <\/strong>deinem Bewerbungsmanagementsystem hinzu. Das spart viel <strong>Zeit und Ressourcen<\/strong><\/span><span>\u202f<\/span><span>und schlie\u00dft gleichzeitig \u00dcbertragungsfehler aus.<\/span><span>\u00a0<\/span>[\/vc_column_text][\/vc_column][vc_column width=&#187;1\/2&#8243;][vc_single_image image=&#187;106248&#8243; img_size=&#187;full&#187; css=&#187;&#187;][\/vc_column][\/vc_row][vc_row el_class=&#187;row_reach&#187;][vc_column width=&#187;1\/2&#8243;][vc_single_image image=&#187;106251&#8243; img_size=&#187;full&#187; css=&#187;&#187;][\/vc_column][vc_column width=&#187;1\/2&#8243;][vc_custom_heading text=&#187;Job Matching&#187; font_container=&#187;tag:h3|text_align:left&#187; use_theme_fonts=&#187;yes&#187;][vc_column_text]<span>Unser Matching-Tool vergleicht die Anforderungen einer zu besetzenden Stelle mit den Daten von Bewerber:innen und liefert <strong>auf Knopfdruck <\/strong>die passendsten Kandidat:innen. So findest du optimale Bewerber:innen in k\u00fcrzester Zeit, <strong>reduzierst die Time-to-Hire<\/strong><\/span><span>\u202f<\/span><span>deutlich und erh\u00f6hst die Zufriedenheit deiner Kund:innen. Das garantiert schnelle Besetzungen ganz ohne Chaos.<\/span><span>\u00a0<\/span>[\/vc_column_text][\/vc_column][\/vc_row][vc_row el_class=&#187;row_reach&#187; el_id=&#187;reverse-row&#187;][vc_column width=&#187;1\/2&#8243;][vc_custom_heading text=&#187;Jobfeed Management&#187; font_container=&#187;tag:h3|text_align:left&#187; use_theme_fonts=&#187;yes&#187;][vc_column_text]<span>Mit der<strong> Jobfeed Management Suite<\/strong> kannst du deine Jobfeeds mit wenigen Klicks verwalten, bearbeiten, optimieren und duplizieren. Du kannst deine Jobfeeds auch in verschiedene Formate wie <strong>XML, TXT<\/strong> und <strong>JSON<\/strong> konvertieren. So hast du immer den passenden Jobfeed f\u00fcr die jeweilige Jobb\u00f6rse.<\/span>[\/vc_column_text][\/vc_column][vc_column width=&#187;1\/2&#8243;][vc_single_image image=&#187;106254&#8243; img_size=&#187;full&#187; css=&#187;&#187;][\/vc_column][\/vc_row][\/vc_section][vc_row disable_element=&#187;yes&#187;][vc_column][vc_column_text]<\/p>\n<h2 style=\"text-align: left;\"><span>Leistungs\u00fcberblick<\/span><span>\u00a0<\/span><\/h2>\n<p>[\/vc_column_text][vc_row_inner][vc_column_inner width=&#187;1\/4&#8243;][vc_column_text]<\/p>\n<h4 style=\"text-align: left;\"><span><strong>CV Parsing<\/strong><\/span><span>\u00a0<\/span><\/h4>\n<p>[\/vc_column_text][\/vc_column_inner][vc_column_inner width=&#187;3\/4&#8243;][vc_column_text]<span>Unser CVlizer erm\u00f6glicht nicht nur pr\u00e4zises Parsing, sondern auch die <strong>direkte Integration strukturierter Daten<\/strong><\/span><span>\u202f<\/span><span>in deine Systeme. Hierf\u00fcr extrahiert die Software s\u00e4mtliche Daten aus Bewerbungsdokumenten und f\u00fcgt sie <strong>automatisch <\/strong>und <strong>standardisiert <\/strong>deinem Bewerbungsmanagementsystem hinzu. Das spart viel <strong>Zeit und Ressourcen<\/strong><\/span><span>\u202f<\/span><span>und schlie\u00dft gleichzeitig \u00dcbertragungsfehler aus.<\/span><span>\u00a0<\/span>[\/vc_column_text][\/vc_column_inner][\/vc_row_inner][vc_row_inner][vc_column_inner width=&#187;1\/4&#8243;][vc_column_text]<\/p>\n<h4><span><strong>Job Matching<\/strong><\/span><\/h4>\n<p>[\/vc_column_text][\/vc_column_inner][vc_column_inner width=&#187;3\/4&#8243;][vc_column_text]<span>Unser Matching-Tool vergleicht die Anforderungen einer zu besetzenden Stelle mit den Daten von Bewerber:innen und liefert <strong>auf Knopfdruck <\/strong>die passendsten Kandidat:innen. So findest du optimale Bewerber:innen in k\u00fcrzester Zeit, <strong>reduzierst die Time-to-Hire<\/strong><\/span><span>\u202f<\/span><span>deutlich und erh\u00f6hst die Zufriedenheit deiner Kund:innen. Das garantiert schnelle Besetzungen ganz ohne Chaos.<\/span><span>\u00a0<\/span>[\/vc_column_text][\/vc_column_inner][\/vc_row_inner][vc_row_inner][vc_column_inner width=&#187;1\/4&#8243;][vc_column_text]<\/p>\n<h4><span><strong>Jobfeed Management<\/strong><\/span><\/h4>\n<p>[\/vc_column_text][\/vc_column_inner][vc_column_inner width=&#187;3\/4&#8243;][vc_column_text]<span>Mit der<strong> Jobfeed Management Suite<\/strong> kannst du deine Jobfeeds mit wenigen Klicks verwalten, bearbeiten, optimieren und duplizieren. Du kannst deine Jobfeeds auch in verschiedene Formate wie <strong>XML, TXT<\/strong> und <strong>JSON<\/strong> konvertieren. So hast du immer den passenden Jobfeed f\u00fcr die jeweilige Jobb\u00f6rse.<\/span>[\/vc_column_text][\/vc_column_inner][\/vc_row_inner][\/vc_column][\/vc_row][vc_section css=&#187;.vc_custom_1773820949492{padding-top: 0px !important;padding-bottom: 0px !important;}&#187;][vc_row][vc_column][vc_custom_heading text=&#187;Jetzt unverbindlich testen!&#187; font_container=&#187;tag:h1|text_align:center&#187; use_theme_fonts=&#187;yes&#187; el_class=&#187;title_hr_tech&#187;][\/vc_column][\/vc_row][vc_row gap=&#187;35&#8243; equal_height=&#187;yes&#187; content_placement=&#187;top&#187;][vc_column width=&#187;1\/2&#8243;][vc_single_image image=&#187;103549&#8243; img_size=&#187;200 x 200&#8243; alignment=&#187;right&#187; style=&#187;vc_box_rounded&#187;][\/vc_column][vc_column width=&#187;1\/2&#8243;][vc_column_text css=&#187;&#187; el_class=&#187;home_h2_h4&#8243;]<\/p>\n<p style=\"text-align: left;\"><strong>Ihr pers\u00f6nlicher Ansprechpartner:<\/strong><span>\u00a0<\/span><\/p>\n<p style=\"text-align: left;\"><span>David Schuller<br \/>\n<\/span><span>E-Mail: <\/span><span><a href=\"mailto:david.schuller@jobcloud-hrtech.com\">david.schuller@jobcloud-hrtech.com<\/a><\/span><span><br \/>\n<\/span><span>Tel.: +43<\/span><span>\u202f<\/span><span>660<\/span><span>\u202f<\/span><span>816 87 17<\/span><span>\u00a0<\/span><\/p>\n<p>[\/vc_column_text][\/vc_column][\/vc_row][\/vc_section]<\/p>\n<\/div>","protected":false},"excerpt":{"rendered":"<p>[vc_row gap=&#187;35&#8243; content_placement=&#187;top&#187; el_id=&#187;reverse-row&#187; el_class=&#187;row_reach&#187;][vc_column width=&#187;1\/2&#8243;][vc_custom_heading text=&#187;JobCloud HR Tech Smarte Recruiting-Technologie&#187; font_container=&#187;tag:h1|text_align:left&#187; use_theme_fonts=&#187;yes&#187; el_class=&#187;title_hr_tech&#187;][vc_custom_heading text=&#187;Die JobCloud HR Tech kombiniert Technologie und Erfahrung&#8230;<\/p>\n","protected":false},"author":95,"featured_media":0,"parent":2460,"menu_order":7,"comment_status":"closed","ping_status":"closed","template":"","meta":{"_acf_changed":false,"inline_featured_image":false,"footnotes":""},"class_list":["post-103522","page","type-page","status-publish","hentry"],"acf":[],"yoast_head":"<!-- This site is optimized with the Yoast SEO plugin v27.2 - https:\/\/yoast.com\/product\/yoast-seo-wordpress\/ -->\n<title>HR Tech Solutions: CV Parsing, Matching &amp; Jobfeed | JobCloud<\/title>\n<meta name=\"description\" content=\"Smarte HR-Tech-L\u00f6sungen f\u00fcr effizientes Recruiting: CV Parsing, Job Matching &amp; Jobfeed Management. 20 Jahre Erfahrung, \u00fcber 100 Mio. Parsings j\u00e4hrlich.\" \/>\n<meta name=\"robots\" content=\"index, follow, max-snippet:-1, max-image-preview:large, max-video-preview:-1\" \/>\n<link rel=\"canonical\" href=\"https:\/\/www.jobcloud.ch\/c\/de-ch\/produkte\/new-hr-tech-solutions\/\" \/>\n<meta property=\"og:locale\" content=\"de_DE\" \/>\n<meta property=\"og:type\" content=\"article\" \/>\n<meta property=\"og:title\" content=\"HR Tech Solutions: CV Parsing, Matching &amp; Jobfeed | JobCloud\" \/>\n<meta property=\"og:description\" content=\"Smarte HR-Tech-L\u00f6sungen f\u00fcr effizientes Recruiting: CV Parsing, Job Matching &amp; Jobfeed Management. 20 Jahre Erfahrung, \u00fcber 100 Mio. Parsings j\u00e4hrlich.\" \/>\n<meta property=\"og:url\" content=\"https:\/\/www.jobcloud.ch\/c\/de-ch\/produkte\/new-hr-tech-solutions\/\" \/>\n<meta property=\"og:site_name\" content=\"JobCloud\" \/>\n<meta property=\"article:modified_time\" content=\"2026-03-18T14:20:10+00:00\" \/>\n<meta name=\"twitter:card\" content=\"summary_large_image\" \/>\n<meta name=\"twitter:label1\" content=\"Gesch\u00e4tzte Lesezeit\" \/>\n\t<meta name=\"twitter:data1\" content=\"4\u00a0Minuten\" \/>\n<script type=\"application\/ld+json\" class=\"yoast-schema-graph\">{\"@context\":\"https:\/\/schema.org\",\"@graph\":[{\"@type\":\"WebPage\",\"@id\":\"https:\/\/www.jobcloud.ch\/c\/de-ch\/produkte\/new-hr-tech-solutions\/\",\"url\":\"https:\/\/www.jobcloud.ch\/c\/de-ch\/produkte\/new-hr-tech-solutions\/\",\"name\":\"HR Tech Solutions: CV Parsing, Matching & Jobfeed | JobCloud\",\"isPartOf\":{\"@id\":\"https:\/\/www.jobcloud.ch\/c\/de-ch\/#website\"},\"datePublished\":\"2026-01-26T13:13:09+00:00\",\"dateModified\":\"2026-03-18T14:20:10+00:00\",\"description\":\"Smarte HR-Tech-L\u00f6sungen f\u00fcr effizientes Recruiting: CV Parsing, Job Matching & Jobfeed Management. 20 Jahre Erfahrung, \u00fcber 100 Mio. Parsings j\u00e4hrlich.\",\"breadcrumb\":{\"@id\":\"https:\/\/www.jobcloud.ch\/c\/de-ch\/produkte\/new-hr-tech-solutions\/#breadcrumb\"},\"inLanguage\":\"de-CH\",\"potentialAction\":[{\"@type\":\"ReadAction\",\"target\":[\"https:\/\/www.jobcloud.ch\/c\/de-ch\/produkte\/new-hr-tech-solutions\/\"]}]},{\"@type\":\"BreadcrumbList\",\"@id\":\"https:\/\/www.jobcloud.ch\/c\/de-ch\/produkte\/new-hr-tech-solutions\/#breadcrumb\",\"itemListElement\":[{\"@type\":\"ListItem\",\"position\":1,\"name\":\"Gesch\u00fctzt: Produkte\",\"item\":\"https:\/\/www.jobcloud.ch\/c\/de-ch\/produkte\/\"},{\"@type\":\"ListItem\",\"position\":2,\"name\":\"(NEW) HR Tech Solutions\"}]},{\"@type\":\"WebSite\",\"@id\":\"https:\/\/www.jobcloud.ch\/c\/de-ch\/#website\",\"url\":\"https:\/\/www.jobcloud.ch\/c\/de-ch\/\",\"name\":\"JobCloud\",\"description\":\"JobCloud is the leading job portal for jobseekers in Switzerland\",\"publisher\":{\"@id\":\"https:\/\/www.jobcloud.ch\/c\/de-ch\/#organization\"},\"potentialAction\":[{\"@type\":\"SearchAction\",\"target\":{\"@type\":\"EntryPoint\",\"urlTemplate\":\"https:\/\/www.jobcloud.ch\/c\/de-ch\/?s={search_term_string}\"},\"query-input\":{\"@type\":\"PropertyValueSpecification\",\"valueRequired\":true,\"valueName\":\"search_term_string\"}}],\"inLanguage\":\"de-CH\"},{\"@type\":\"Organization\",\"@id\":\"https:\/\/www.jobcloud.ch\/c\/de-ch\/#organization\",\"name\":\"JobCloud\",\"url\":\"https:\/\/www.jobcloud.ch\/c\/de-ch\/\",\"logo\":{\"@type\":\"ImageObject\",\"inLanguage\":\"de-CH\",\"@id\":\"https:\/\/www.jobcloud.ch\/c\/de-ch\/#\/schema\/logo\/image\/\",\"url\":\"https:\/\/www.jobcloud.ch\/wp-content\/uploads\/2020\/02\/jobcloude-logo.svg\",\"contentUrl\":\"https:\/\/www.jobcloud.ch\/wp-content\/uploads\/2020\/02\/jobcloude-logo.svg\",\"width\":160,\"height\":37,\"caption\":\"JobCloud\"},\"image\":{\"@id\":\"https:\/\/www.jobcloud.ch\/c\/de-ch\/#\/schema\/logo\/image\/\"}}]}<\/script>\n<!-- \/ Yoast SEO plugin. -->","yoast_head_json":{"title":"HR Tech Solutions: CV Parsing, Matching & Jobfeed | JobCloud","description":"Smarte HR-Tech-L\u00f6sungen f\u00fcr effizientes Recruiting: CV Parsing, Job Matching & Jobfeed Management. 20 Jahre Erfahrung, \u00fcber 100 Mio. Parsings j\u00e4hrlich.","robots":{"index":"index","follow":"follow","max-snippet":"max-snippet:-1","max-image-preview":"max-image-preview:large","max-video-preview":"max-video-preview:-1"},"canonical":"https:\/\/www.jobcloud.ch\/c\/de-ch\/produkte\/new-hr-tech-solutions\/","og_locale":"de_DE","og_type":"article","og_title":"HR Tech Solutions: CV Parsing, Matching & Jobfeed | JobCloud","og_description":"Smarte HR-Tech-L\u00f6sungen f\u00fcr effizientes Recruiting: CV Parsing, Job Matching & Jobfeed Management. 20 Jahre Erfahrung, \u00fcber 100 Mio. Parsings j\u00e4hrlich.","og_url":"https:\/\/www.jobcloud.ch\/c\/de-ch\/produkte\/new-hr-tech-solutions\/","og_site_name":"JobCloud","article_modified_time":"2026-03-18T14:20:10+00:00","twitter_card":"summary_large_image","twitter_misc":{"Gesch\u00e4tzte Lesezeit":"4\u00a0Minuten"},"schema":{"@context":"https:\/\/schema.org","@graph":[{"@type":"WebPage","@id":"https:\/\/www.jobcloud.ch\/c\/de-ch\/produkte\/new-hr-tech-solutions\/","url":"https:\/\/www.jobcloud.ch\/c\/de-ch\/produkte\/new-hr-tech-solutions\/","name":"HR Tech Solutions: CV Parsing, Matching & Jobfeed | JobCloud","isPartOf":{"@id":"https:\/\/www.jobcloud.ch\/c\/de-ch\/#website"},"datePublished":"2026-01-26T13:13:09+00:00","dateModified":"2026-03-18T14:20:10+00:00","description":"Smarte HR-Tech-L\u00f6sungen f\u00fcr effizientes Recruiting: CV Parsing, Job Matching & Jobfeed Management. 20 Jahre Erfahrung, \u00fcber 100 Mio. Parsings j\u00e4hrlich.","breadcrumb":{"@id":"https:\/\/www.jobcloud.ch\/c\/de-ch\/produkte\/new-hr-tech-solutions\/#breadcrumb"},"inLanguage":"de-CH","potentialAction":[{"@type":"ReadAction","target":["https:\/\/www.jobcloud.ch\/c\/de-ch\/produkte\/new-hr-tech-solutions\/"]}]},{"@type":"BreadcrumbList","@id":"https:\/\/www.jobcloud.ch\/c\/de-ch\/produkte\/new-hr-tech-solutions\/#breadcrumb","itemListElement":[{"@type":"ListItem","position":1,"name":"Gesch\u00fctzt: Produkte","item":"https:\/\/www.jobcloud.ch\/c\/de-ch\/produkte\/"},{"@type":"ListItem","position":2,"name":"(NEW) HR Tech Solutions"}]},{"@type":"WebSite","@id":"https:\/\/www.jobcloud.ch\/c\/de-ch\/#website","url":"https:\/\/www.jobcloud.ch\/c\/de-ch\/","name":"JobCloud","description":"JobCloud is the leading job portal for jobseekers in Switzerland","publisher":{"@id":"https:\/\/www.jobcloud.ch\/c\/de-ch\/#organization"},"potentialAction":[{"@type":"SearchAction","target":{"@type":"EntryPoint","urlTemplate":"https:\/\/www.jobcloud.ch\/c\/de-ch\/?s={search_term_string}"},"query-input":{"@type":"PropertyValueSpecification","valueRequired":true,"valueName":"search_term_string"}}],"inLanguage":"de-CH"},{"@type":"Organization","@id":"https:\/\/www.jobcloud.ch\/c\/de-ch\/#organization","name":"JobCloud","url":"https:\/\/www.jobcloud.ch\/c\/de-ch\/","logo":{"@type":"ImageObject","inLanguage":"de-CH","@id":"https:\/\/www.jobcloud.ch\/c\/de-ch\/#\/schema\/logo\/image\/","url":"https:\/\/www.jobcloud.ch\/wp-content\/uploads\/2020\/02\/jobcloude-logo.svg","contentUrl":"https:\/\/www.jobcloud.ch\/wp-content\/uploads\/2020\/02\/jobcloude-logo.svg","width":160,"height":37,"caption":"JobCloud"},"image":{"@id":"https:\/\/www.jobcloud.ch\/c\/de-ch\/#\/schema\/logo\/image\/"}}]}},"_links":{"self":[{"href":"https:\/\/www.jobcloud.ch\/c\/de-ch\/wp-json\/wp\/v2\/pages\/103522","targetHints":{"allow":["GET"]}}],"collection":[{"href":"https:\/\/www.jobcloud.ch\/c\/de-ch\/wp-json\/wp\/v2\/pages"}],"about":[{"href":"https:\/\/www.jobcloud.ch\/c\/de-ch\/wp-json\/wp\/v2\/types\/page"}],"author":[{"embeddable":true,"href":"https:\/\/www.jobcloud.ch\/c\/de-ch\/wp-json\/wp\/v2\/users\/95"}],"replies":[{"embeddable":true,"href":"https:\/\/www.jobcloud.ch\/c\/de-ch\/wp-json\/wp\/v2\/comments?post=103522"}],"version-history":[{"count":5,"href":"https:\/\/www.jobcloud.ch\/c\/de-ch\/wp-json\/wp\/v2\/pages\/103522\/revisions"}],"predecessor-version":[{"id":106330,"href":"https:\/\/www.jobcloud.ch\/c\/de-ch\/wp-json\/wp\/v2\/pages\/103522\/revisions\/106330"}],"up":[{"embeddable":true,"href":"https:\/\/www.jobcloud.ch\/c\/de-ch\/wp-json\/wp\/v2\/pages\/2460"}],"wp:attachment":[{"href":"https:\/\/www.jobcloud.ch\/c\/de-ch\/wp-json\/wp\/v2\/media?parent=103522"}],"curies":[{"name":"wp","href":"https:\/\/api.w.org\/{rel}","templated":true}]}}